{"id":82,"date":"2019-04-03T13:10:17","date_gmt":"2019-04-03T11:10:17","guid":{"rendered":"http:\/\/agroshow.getid.com.pl\/zielone\/?page_id=82"},"modified":"2026-04-08T09:41:02","modified_gmt":"2026-04-08T07:41:02","slug":"program-wydarzen","status":"publish","type":"page","link":"https:\/\/agroshow.pl\/zielone_agroshow\/dla-wystawcow\/program-wydarzen","title":{"rendered":"Program wydarze\u0144 2026"},"content":{"rendered":"\n<h3 class=\"wp-block-heading\">Wystawa otwarta w godz. 9:00 \u2013 17:00, dla wszystkich zwiedzaj\u0105cych WST\u0118P WOLNY<\/h3>\n\n\n\n<p><\/p>\n","protected":false},"excerpt":{"rendered":"<p>Wystawa otwarta w godz. 9:00 \u2013 17:00, dla wszystkich zwiedzaj\u0105cych WST\u0118P WOLNY<\/p>\n","protected":false},"author":2,"featured_media":0,"parent":115,"menu_order":0,"comment_status":"closed","ping_status":"closed","template":"program.php","meta":{"footnotes":""},"class_list":["post-82","page","type-page","status-publish","hentry"],"acf":[],"yoast_head":"<!-- This site is optimized with the Yoast SEO plugin v26.2 - https:\/\/yoast.com\/wordpress\/plugins\/seo\/ -->\n<title>Program wydarze\u0144 2026 - ZIELONE AGRO SHOW<\/title>\n<meta name=\"robots\" content=\"index, follow, max-snippet:-1, max-image-preview:large, max-video-preview:-1\" \/>\n<link rel=\"canonical\" href=\"https:\/\/agroshow.pl\/zielone_agroshow\/dla-wystawcow\/program-wydarzen\" \/>\n<meta property=\"og:locale\" content=\"pl_PL\" \/>\n<meta property=\"og:type\" content=\"article\" \/>\n<meta property=\"og:title\" content=\"Program wydarze\u0144 2026 - ZIELONE AGRO SHOW\" \/>\n<meta property=\"og:description\" content=\"Wystawa otwarta w godz. 9:00 \u2013 17:00, dla wszystkich zwiedzaj\u0105cych WST\u0118P WOLNY\" \/>\n<meta property=\"og:url\" content=\"https:\/\/agroshow.pl\/zielone_agroshow\/dla-wystawcow\/program-wydarzen\" \/>\n<meta property=\"og:site_name\" content=\"ZIELONE AGRO SHOW\" \/>\n<meta property=\"article:modified_time\" content=\"2026-04-08T07:41:02+00:00\" \/>\n<meta name=\"twitter:card\" content=\"summary_large_image\" \/>\n<meta name=\"twitter:label1\" content=\"Szacowany czas czytania\" \/>\n\t<meta name=\"twitter:data1\" content=\"1 minuta\" \/>\n<script type=\"application\/ld+json\" class=\"yoast-schema-graph\">{\"@context\":\"https:\/\/schema.org\",\"@graph\":[{\"@type\":\"WebPage\",\"@id\":\"https:\/\/agroshow.pl\/zielone_agroshow\/dla-wystawcow\/program-wydarzen\",\"url\":\"https:\/\/agroshow.pl\/zielone_agroshow\/dla-wystawcow\/program-wydarzen\",\"name\":\"Program wydarze\u0144 2026 - ZIELONE AGRO SHOW\",\"isPartOf\":{\"@id\":\"https:\/\/agroshow.pl\/zielone_agroshow\/#website\"},\"datePublished\":\"2019-04-03T11:10:17+00:00\",\"dateModified\":\"2026-04-08T07:41:02+00:00\",\"breadcrumb\":{\"@id\":\"https:\/\/agroshow.pl\/zielone_agroshow\/dla-wystawcow\/program-wydarzen#breadcrumb\"},\"inLanguage\":\"pl-PL\",\"potentialAction\":[{\"@type\":\"ReadAction\",\"target\":[\"https:\/\/agroshow.pl\/zielone_agroshow\/dla-wystawcow\/program-wydarzen\"]}]},{\"@type\":\"BreadcrumbList\",\"@id\":\"https:\/\/agroshow.pl\/zielone_agroshow\/dla-wystawcow\/program-wydarzen#breadcrumb\",\"itemListElement\":[{\"@type\":\"ListItem\",\"position\":1,\"name\":\"Strona g\u0142\u00f3wna\",\"item\":\"https:\/\/agroshow.pl\/zielone_agroshow\"},{\"@type\":\"ListItem\",\"position\":2,\"name\":\"Dla wystawc\u00f3w\",\"item\":\"https:\/\/agroshow.pl\/zielone_agroshow\/dla-wystawcow\"},{\"@type\":\"ListItem\",\"position\":3,\"name\":\"Program wydarze\u0144 2026\"}]},{\"@type\":\"WebSite\",\"@id\":\"https:\/\/agroshow.pl\/zielone_agroshow\/#website\",\"url\":\"https:\/\/agroshow.pl\/zielone_agroshow\/\",\"name\":\"ZIELONE AGRO SHOW\",\"description\":\"ZIELONE AGRO SHOW jest pierwsz\u0105 imprez\u0105 w Polsce po\u015bwi\u0119con\u0105 nowoczesnej technice i technologii produkcji wysokiej jako\u015bci pasz zielonych dla byd\u0142a. Poza wystawcami oferuj\u0105cymi nowoczesne maszyny rolnicze odwiedzi\u0107 mo\u017cna tak\u017ce firmy produkuj\u0105ce nasiona, nawozy, pasze i dodatki paszowe, folie rolnicze, elementy wyposa\u017cenia budynk\u00f3w inwentarskich oraz wiele innych.\",\"potentialAction\":[{\"@type\":\"SearchAction\",\"target\":{\"@type\":\"EntryPoint\",\"urlTemplate\":\"https:\/\/agroshow.pl\/zielone_agroshow\/?s={search_term_string}\"},\"query-input\":{\"@type\":\"PropertyValueSpecification\",\"valueRequired\":true,\"valueName\":\"search_term_string\"}}],\"inLanguage\":\"pl-PL\"}]}<\/script>\n<!-- \/ Yoast SEO plugin. -->","yoast_head_json":{"title":"Program wydarze\u0144 2026 - ZIELONE AGRO SHOW","robots":{"index":"index","follow":"follow","max-snippet":"max-snippet:-1","max-image-preview":"max-image-preview:large","max-video-preview":"max-video-preview:-1"},"canonical":"https:\/\/agroshow.pl\/zielone_agroshow\/dla-wystawcow\/program-wydarzen","og_locale":"pl_PL","og_type":"article","og_title":"Program wydarze\u0144 2026 - ZIELONE AGRO SHOW","og_description":"Wystawa otwarta w godz. 9:00 \u2013 17:00, dla wszystkich zwiedzaj\u0105cych WST\u0118P WOLNY","og_url":"https:\/\/agroshow.pl\/zielone_agroshow\/dla-wystawcow\/program-wydarzen","og_site_name":"ZIELONE AGRO SHOW","article_modified_time":"2026-04-08T07:41:02+00:00","twitter_card":"summary_large_image","twitter_misc":{"Szacowany czas czytania":"1 minuta"},"schema":{"@context":"https:\/\/schema.org","@graph":[{"@type":"WebPage","@id":"https:\/\/agroshow.pl\/zielone_agroshow\/dla-wystawcow\/program-wydarzen","url":"https:\/\/agroshow.pl\/zielone_agroshow\/dla-wystawcow\/program-wydarzen","name":"Program wydarze\u0144 2026 - ZIELONE AGRO SHOW","isPartOf":{"@id":"https:\/\/agroshow.pl\/zielone_agroshow\/#website"},"datePublished":"2019-04-03T11:10:17+00:00","dateModified":"2026-04-08T07:41:02+00:00","breadcrumb":{"@id":"https:\/\/agroshow.pl\/zielone_agroshow\/dla-wystawcow\/program-wydarzen#breadcrumb"},"inLanguage":"pl-PL","potentialAction":[{"@type":"ReadAction","target":["https:\/\/agroshow.pl\/zielone_agroshow\/dla-wystawcow\/program-wydarzen"]}]},{"@type":"BreadcrumbList","@id":"https:\/\/agroshow.pl\/zielone_agroshow\/dla-wystawcow\/program-wydarzen#breadcrumb","itemListElement":[{"@type":"ListItem","position":1,"name":"Strona g\u0142\u00f3wna","item":"https:\/\/agroshow.pl\/zielone_agroshow"},{"@type":"ListItem","position":2,"name":"Dla wystawc\u00f3w","item":"https:\/\/agroshow.pl\/zielone_agroshow\/dla-wystawcow"},{"@type":"ListItem","position":3,"name":"Program wydarze\u0144 2026"}]},{"@type":"WebSite","@id":"https:\/\/agroshow.pl\/zielone_agroshow\/#website","url":"https:\/\/agroshow.pl\/zielone_agroshow\/","name":"ZIELONE AGRO SHOW","description":"ZIELONE AGRO SHOW jest pierwsz\u0105 imprez\u0105 w Polsce po\u015bwi\u0119con\u0105 nowoczesnej technice i technologii produkcji wysokiej jako\u015bci pasz zielonych dla byd\u0142a. Poza wystawcami oferuj\u0105cymi nowoczesne maszyny rolnicze odwiedzi\u0107 mo\u017cna tak\u017ce firmy produkuj\u0105ce nasiona, nawozy, pasze i dodatki paszowe, folie rolnicze, elementy wyposa\u017cenia budynk\u00f3w inwentarskich oraz wiele innych.","potentialAction":[{"@type":"SearchAction","target":{"@type":"EntryPoint","urlTemplate":"https:\/\/agroshow.pl\/zielone_agroshow\/?s={search_term_string}"},"query-input":{"@type":"PropertyValueSpecification","valueRequired":true,"valueName":"search_term_string"}}],"inLanguage":"pl-PL"}]}},"_links":{"self":[{"href":"https:\/\/agroshow.pl\/zielone_agroshow\/wp-json\/wp\/v2\/pages\/82","targetHints":{"allow":["GET"]}}],"collection":[{"href":"https:\/\/agroshow.pl\/zielone_agroshow\/wp-json\/wp\/v2\/pages"}],"about":[{"href":"https:\/\/agroshow.pl\/zielone_agroshow\/wp-json\/wp\/v2\/types\/page"}],"author":[{"embeddable":true,"href":"https:\/\/agroshow.pl\/zielone_agroshow\/wp-json\/wp\/v2\/users\/2"}],"replies":[{"embeddable":true,"href":"https:\/\/agroshow.pl\/zielone_agroshow\/wp-json\/wp\/v2\/comments?post=82"}],"version-history":[{"count":15,"href":"https:\/\/agroshow.pl\/zielone_agroshow\/wp-json\/wp\/v2\/pages\/82\/revisions"}],"predecessor-version":[{"id":7705,"href":"https:\/\/agroshow.pl\/zielone_agroshow\/wp-json\/wp\/v2\/pages\/82\/revisions\/7705"}],"up":[{"embeddable":true,"href":"https:\/\/agroshow.pl\/zielone_agroshow\/wp-json\/wp\/v2\/pages\/115"}],"wp:attachment":[{"href":"https:\/\/agroshow.pl\/zielone_agroshow\/wp-json\/wp\/v2\/media?parent=82"}],"curies":[{"name":"wp","href":"https:\/\/api.w.org\/{rel}","templated":true}]}}