{"id":77,"date":"2019-04-03T13:08:46","date_gmt":"2019-04-03T11:08:46","guid":{"rendered":"http:\/\/agroshow.getid.com.pl\/zielone\/?page_id=77"},"modified":"2026-02-05T10:42:43","modified_gmt":"2026-02-05T09:42:43","slug":"formularze-zgloszeniowe","status":"publish","type":"page","link":"https:\/\/agroshow.pl\/zielone_agroshow\/dla-wystawcow\/formularze-zgloszeniowe","title":{"rendered":"Formularze zg\u0142oszeniowe 2026"},"content":{"rendered":"<p>Formularze zg\u0142oszeniowe na wystaw\u0119 ZIELONE AGRO SHOW 2026 dost\u0119pne s\u0105 jedynie w wersji elektronicznej. Uprzejmie prosimy o pobranie, wype\u0142nienie i wydrukowanie edytowalnych plik\u00f3w PDF.<\/p>\n<p><strong>Warunkiem udzia\u0142u w Wystawie ZIELONE AGRO SHOW 2026 jest:<\/strong><br \/>1. Przes\u0142anie Organizatorowi <strong>do dnia 10 kwietnia 2026r<\/strong>. prawid\u0142owo wype\u0142nionych formularzy.<br \/>2. Wniesienie stosownych op\u0142at po otrzymaniu od Organizatora faktury pro forma.<\/p>\n<a target=\"_blank\" href=\"https:\/\/agroshow.pl\/zielone_agroshow\/wp-content\/uploads\/2026\/02\/FORM-A-ZAS-2026-edyt.pdf\" class=\"file\"><span>Formularz A - zam\u00f3wienie podstawowe<\/span><\/a><a target=\"_blank\" href=\"https:\/\/agroshow.pl\/zielone_agroshow\/wp-content\/uploads\/2026\/02\/FORM-B-ZAS-2026-edyt.pdf\" class=\"file\"><span>Formularz B - zam\u00f3wienie dodatkowe<\/span><\/a><a target=\"_blank\" href=\"https:\/\/agroshow.pl\/zielone_agroshow\/wp-content\/uploads\/2026\/02\/FORM-C-ZAS-2026-edyt.pdf\" class=\"file\"><span>Formularz C - zg\u0142oszenie na pokazy polowe<\/span><\/a><a target=\"_blank\" href=\"https:\/\/agroshow.pl\/zielone_agroshow\/wp-content\/uploads\/2026\/02\/FORM-D-ZAS-2026-edyt.pdf\" class=\"file\"><span>Formularz D - roz\u0142adunek - za\u0142adunek<\/span><\/a>\n\n\n<p> <strong>Zg\u0142oszenie udzia\u0142u obejmuje: <\/strong><\/p>\n\n\n\n<h3 class=\"wp-block-heading\"><strong>Formularz A<\/strong> <\/h3>\n\n\n\n<p><strong>Formularz A<\/strong> \u2013  zam\u00f3wienie podstawowe, powierzchnia niezabudowana (stoisko teren trawiasty); <br><strong>Formularz A1<\/strong> \u2013  zg\u0142oszenie Podwystawcy\/Podwystawc\u00f3w;<br><strong>Formularz A2<\/strong> \u2013  obowi\u0105zkowy wpis do katalogu (formularz &#8211; A2);<\/p>\n\n\n\n<p><\/p>\n\n\n\n<h3 class=\"wp-block-heading\"><strong>Formularz B<\/strong> &#8211; zam\u00f3wienie dodatkowe<\/h3>\n\n\n\n<ul class=\"wp-block-list\">\n<li>energia elektryczna,<\/li>\n\n\n\n<li>maszty reklamowe,<\/li>\n\n\n\n<li>wyposa\u017cenie dodatkowe,<\/li>\n\n\n\n<li>indywidualna ochrona stoiska,<\/li>\n\n\n\n<li>dodatkowe zaproszenia na Wystaw\u0119,<\/li>\n\n\n\n<li>reklama w katalogu wystawy;<\/li>\n\n\n\n<li>reklama na banerach przy drogach dojazdowych;<\/li>\n\n\n\n<li>parking niestrze\u017cony TIR; <\/li>\n<\/ul>\n\n\n\n<h3 class=\"wp-block-heading\">Formularz C <\/h3>\n\n\n\n<p>Pokazy maszyn.<\/p>\n\n\n\n<h3 class=\"wp-block-heading\">Formularz D<\/h3>\n\n\n\n<p>Roz\u0142adunek &#8211; za\u0142adunek.<\/p>\n","protected":false},"excerpt":{"rendered":"<p>Formularze zg\u0142oszeniowe na wystaw\u0119 ZIELONE AGRO SHOW 2026 dost\u0119pne s\u0105 jedynie w wersji elektronicznej. Uprzejmie prosimy o pobranie, wype\u0142nienie i wydrukowanie edytowalnych plik\u00f3w PDF. Warunkiem udzia\u0142u w Wystawie ZIELONE AGRO SHOW 2026 jest:1. Przes\u0142anie Organizatorowi do dnia 10 kwietnia 2026r. prawid\u0142owo wype\u0142nionych formularzy.2. Wniesienie stosownych op\u0142at po otrzymaniu od Organizatora faktury pro forma. Zg\u0142oszenie udzia\u0142u [&hellip;]<\/p>\n","protected":false},"author":2,"featured_media":0,"parent":115,"menu_order":0,"comment_status":"closed","ping_status":"closed","template":"","meta":{"footnotes":""},"class_list":["post-77","page","type-page","status-publish","hentry"],"acf":[],"yoast_head":"<!-- This site is optimized with the Yoast SEO plugin v26.2 - https:\/\/yoast.com\/wordpress\/plugins\/seo\/ -->\n<title>Formularze zg\u0142oszeniowe 2026 - ZIELONE AGRO SHOW<\/title>\n<meta name=\"description\" content=\"Warunkiem uczestnictwa w wystawie maszyn roliczych ZIELONE AGRO SHOW jest przes\u0142anie odpowiednich formularzy. Wszystkie pliku udost\u0119pniamy na stronie.\" \/>\n<meta name=\"robots\" content=\"index, follow, max-snippet:-1, max-image-preview:large, max-video-preview:-1\" \/>\n<link rel=\"canonical\" href=\"https:\/\/agroshow.pl\/zielone_agroshow\/dla-wystawcow\/formularze-zgloszeniowe\" \/>\n<meta property=\"og:locale\" content=\"pl_PL\" \/>\n<meta property=\"og:type\" content=\"article\" \/>\n<meta property=\"og:title\" content=\"Formularze zg\u0142oszeniowe 2026 - ZIELONE AGRO SHOW\" \/>\n<meta property=\"og:description\" content=\"Warunkiem uczestnictwa w wystawie maszyn roliczych ZIELONE AGRO SHOW jest przes\u0142anie odpowiednich formularzy. Wszystkie pliku udost\u0119pniamy na stronie.\" \/>\n<meta property=\"og:url\" content=\"https:\/\/agroshow.pl\/zielone_agroshow\/dla-wystawcow\/formularze-zgloszeniowe\" \/>\n<meta property=\"og:site_name\" content=\"ZIELONE AGRO SHOW\" \/>\n<meta property=\"article:modified_time\" content=\"2026-02-05T09:42:43+00:00\" \/>\n<meta name=\"twitter:card\" content=\"summary_large_image\" \/>\n<meta name=\"twitter:label1\" content=\"Szacowany czas czytania\" \/>\n\t<meta name=\"twitter:data1\" content=\"1 minuta\" \/>\n<script type=\"application\/ld+json\" class=\"yoast-schema-graph\">{\"@context\":\"https:\/\/schema.org\",\"@graph\":[{\"@type\":\"WebPage\",\"@id\":\"https:\/\/agroshow.pl\/zielone_agroshow\/dla-wystawcow\/formularze-zgloszeniowe\",\"url\":\"https:\/\/agroshow.pl\/zielone_agroshow\/dla-wystawcow\/formularze-zgloszeniowe\",\"name\":\"Formularze zg\u0142oszeniowe 2026 - ZIELONE AGRO SHOW\",\"isPartOf\":{\"@id\":\"https:\/\/agroshow.pl\/zielone_agroshow\/#website\"},\"datePublished\":\"2019-04-03T11:08:46+00:00\",\"dateModified\":\"2026-02-05T09:42:43+00:00\",\"description\":\"Warunkiem uczestnictwa w wystawie maszyn roliczych ZIELONE AGRO SHOW jest przes\u0142anie odpowiednich formularzy. Wszystkie pliku udost\u0119pniamy na stronie.\",\"breadcrumb\":{\"@id\":\"https:\/\/agroshow.pl\/zielone_agroshow\/dla-wystawcow\/formularze-zgloszeniowe#breadcrumb\"},\"inLanguage\":\"pl-PL\",\"potentialAction\":[{\"@type\":\"ReadAction\",\"target\":[\"https:\/\/agroshow.pl\/zielone_agroshow\/dla-wystawcow\/formularze-zgloszeniowe\"]}]},{\"@type\":\"BreadcrumbList\",\"@id\":\"https:\/\/agroshow.pl\/zielone_agroshow\/dla-wystawcow\/formularze-zgloszeniowe#breadcrumb\",\"itemListElement\":[{\"@type\":\"ListItem\",\"position\":1,\"name\":\"Strona g\u0142\u00f3wna\",\"item\":\"https:\/\/agroshow.pl\/zielone_agroshow\"},{\"@type\":\"ListItem\",\"position\":2,\"name\":\"Dla wystawc\u00f3w\",\"item\":\"https:\/\/agroshow.pl\/zielone_agroshow\/dla-wystawcow\"},{\"@type\":\"ListItem\",\"position\":3,\"name\":\"Formularze zg\u0142oszeniowe 2026\"}]},{\"@type\":\"WebSite\",\"@id\":\"https:\/\/agroshow.pl\/zielone_agroshow\/#website\",\"url\":\"https:\/\/agroshow.pl\/zielone_agroshow\/\",\"name\":\"ZIELONE AGRO SHOW\",\"description\":\"ZIELONE AGRO SHOW jest pierwsz\u0105 imprez\u0105 w Polsce po\u015bwi\u0119con\u0105 nowoczesnej technice i technologii produkcji wysokiej jako\u015bci pasz zielonych dla byd\u0142a. Poza wystawcami oferuj\u0105cymi nowoczesne maszyny rolnicze odwiedzi\u0107 mo\u017cna tak\u017ce firmy produkuj\u0105ce nasiona, nawozy, pasze i dodatki paszowe, folie rolnicze, elementy wyposa\u017cenia budynk\u00f3w inwentarskich oraz wiele innych.\",\"potentialAction\":[{\"@type\":\"SearchAction\",\"target\":{\"@type\":\"EntryPoint\",\"urlTemplate\":\"https:\/\/agroshow.pl\/zielone_agroshow\/?s={search_term_string}\"},\"query-input\":{\"@type\":\"PropertyValueSpecification\",\"valueRequired\":true,\"valueName\":\"search_term_string\"}}],\"inLanguage\":\"pl-PL\"}]}<\/script>\n<!-- \/ Yoast SEO plugin. -->","yoast_head_json":{"title":"Formularze zg\u0142oszeniowe 2026 - ZIELONE AGRO SHOW","description":"Warunkiem uczestnictwa w wystawie maszyn roliczych ZIELONE AGRO SHOW jest przes\u0142anie odpowiednich formularzy. Wszystkie pliku udost\u0119pniamy na stronie.","robots":{"index":"index","follow":"follow","max-snippet":"max-snippet:-1","max-image-preview":"max-image-preview:large","max-video-preview":"max-video-preview:-1"},"canonical":"https:\/\/agroshow.pl\/zielone_agroshow\/dla-wystawcow\/formularze-zgloszeniowe","og_locale":"pl_PL","og_type":"article","og_title":"Formularze zg\u0142oszeniowe 2026 - ZIELONE AGRO SHOW","og_description":"Warunkiem uczestnictwa w wystawie maszyn roliczych ZIELONE AGRO SHOW jest przes\u0142anie odpowiednich formularzy. Wszystkie pliku udost\u0119pniamy na stronie.","og_url":"https:\/\/agroshow.pl\/zielone_agroshow\/dla-wystawcow\/formularze-zgloszeniowe","og_site_name":"ZIELONE AGRO SHOW","article_modified_time":"2026-02-05T09:42:43+00:00","twitter_card":"summary_large_image","twitter_misc":{"Szacowany czas czytania":"1 minuta"},"schema":{"@context":"https:\/\/schema.org","@graph":[{"@type":"WebPage","@id":"https:\/\/agroshow.pl\/zielone_agroshow\/dla-wystawcow\/formularze-zgloszeniowe","url":"https:\/\/agroshow.pl\/zielone_agroshow\/dla-wystawcow\/formularze-zgloszeniowe","name":"Formularze zg\u0142oszeniowe 2026 - ZIELONE AGRO SHOW","isPartOf":{"@id":"https:\/\/agroshow.pl\/zielone_agroshow\/#website"},"datePublished":"2019-04-03T11:08:46+00:00","dateModified":"2026-02-05T09:42:43+00:00","description":"Warunkiem uczestnictwa w wystawie maszyn roliczych ZIELONE AGRO SHOW jest przes\u0142anie odpowiednich formularzy. Wszystkie pliku udost\u0119pniamy na stronie.","breadcrumb":{"@id":"https:\/\/agroshow.pl\/zielone_agroshow\/dla-wystawcow\/formularze-zgloszeniowe#breadcrumb"},"inLanguage":"pl-PL","potentialAction":[{"@type":"ReadAction","target":["https:\/\/agroshow.pl\/zielone_agroshow\/dla-wystawcow\/formularze-zgloszeniowe"]}]},{"@type":"BreadcrumbList","@id":"https:\/\/agroshow.pl\/zielone_agroshow\/dla-wystawcow\/formularze-zgloszeniowe#breadcrumb","itemListElement":[{"@type":"ListItem","position":1,"name":"Strona g\u0142\u00f3wna","item":"https:\/\/agroshow.pl\/zielone_agroshow"},{"@type":"ListItem","position":2,"name":"Dla wystawc\u00f3w","item":"https:\/\/agroshow.pl\/zielone_agroshow\/dla-wystawcow"},{"@type":"ListItem","position":3,"name":"Formularze zg\u0142oszeniowe 2026"}]},{"@type":"WebSite","@id":"https:\/\/agroshow.pl\/zielone_agroshow\/#website","url":"https:\/\/agroshow.pl\/zielone_agroshow\/","name":"ZIELONE AGRO SHOW","description":"ZIELONE AGRO SHOW jest pierwsz\u0105 imprez\u0105 w Polsce po\u015bwi\u0119con\u0105 nowoczesnej technice i technologii produkcji wysokiej jako\u015bci pasz zielonych dla byd\u0142a. Poza wystawcami oferuj\u0105cymi nowoczesne maszyny rolnicze odwiedzi\u0107 mo\u017cna tak\u017ce firmy produkuj\u0105ce nasiona, nawozy, pasze i dodatki paszowe, folie rolnicze, elementy wyposa\u017cenia budynk\u00f3w inwentarskich oraz wiele innych.","potentialAction":[{"@type":"SearchAction","target":{"@type":"EntryPoint","urlTemplate":"https:\/\/agroshow.pl\/zielone_agroshow\/?s={search_term_string}"},"query-input":{"@type":"PropertyValueSpecification","valueRequired":true,"valueName":"search_term_string"}}],"inLanguage":"pl-PL"}]}},"_links":{"self":[{"href":"https:\/\/agroshow.pl\/zielone_agroshow\/wp-json\/wp\/v2\/pages\/77","targetHints":{"allow":["GET"]}}],"collection":[{"href":"https:\/\/agroshow.pl\/zielone_agroshow\/wp-json\/wp\/v2\/pages"}],"about":[{"href":"https:\/\/agroshow.pl\/zielone_agroshow\/wp-json\/wp\/v2\/types\/page"}],"author":[{"embeddable":true,"href":"https:\/\/agroshow.pl\/zielone_agroshow\/wp-json\/wp\/v2\/users\/2"}],"replies":[{"embeddable":true,"href":"https:\/\/agroshow.pl\/zielone_agroshow\/wp-json\/wp\/v2\/comments?post=77"}],"version-history":[{"count":93,"href":"https:\/\/agroshow.pl\/zielone_agroshow\/wp-json\/wp\/v2\/pages\/77\/revisions"}],"predecessor-version":[{"id":7605,"href":"https:\/\/agroshow.pl\/zielone_agroshow\/wp-json\/wp\/v2\/pages\/77\/revisions\/7605"}],"up":[{"embeddable":true,"href":"https:\/\/agroshow.pl\/zielone_agroshow\/wp-json\/wp\/v2\/pages\/115"}],"wp:attachment":[{"href":"https:\/\/agroshow.pl\/zielone_agroshow\/wp-json\/wp\/v2\/media?parent=77"}],"curies":[{"name":"wp","href":"https:\/\/api.w.org\/{rel}","templated":true}]}}