{"id":53,"date":"2019-04-03T11:32:31","date_gmt":"2019-04-03T09:32:31","guid":{"rendered":"http:\/\/agroshow.getid.com.pl\/zielone\/?page_id=53"},"modified":"2025-05-20T15:07:46","modified_gmt":"2025-05-20T13:07:46","slug":"dla-mediow","status":"publish","type":"page","link":"https:\/\/agroshow.pl\/zielone_agroshow\/dla-mediow","title":{"rendered":"Dla medi\u00f3w"},"content":{"rendered":"\n<p>Zako\u0144czy\u0142a si\u0119 akredytacja online na wystaw\u0119 Zielone AGRO SHOW.<\/p>\n\n\n\n<p> Mo\u017cliwa b\u0119dzie jeszcze akredytacja na miejscu w Biurze Wystawy. Ponizej znajd\u0105 Pa\u0144stwo materia\u0142y prasowe zwiazane z tegoroczn\u0105 wystaw\u0105. <\/p>\n\n\n\n<h3 class=\"wp-block-heading\">Materia\u0142y do pobrania <\/h3>\n\n\n\n<a target=\"_blank\" href=\"https:\/\/agroshow.pl\/zielone_agroshow\/wp-content\/uploads\/2025\/05\/logo-ZAS-.jpg\" class=\"file\"><span>logo Zielone AGRO SHOW(.jpg)<\/span><\/a><a target=\"_blank\" href=\"https:\/\/agroshow.pl\/zielone_agroshow\/wp-content\/uploads\/2025\/05\/logo-ZAS-.pdf\" class=\"file\"><span>logo Zielone AGRO SHOW(.pdf)<\/span><\/a><a target=\"_blank\" href=\"https:\/\/agroshow.pl\/zielone_agroshow\/wp-content\/uploads\/2025\/05\/ZAS-2025-zapowiedz-wystawy.pdf\" class=\"file\"><span>Zapowied\u017a wystawy Zielone AGRO SHOW 2025<\/span><\/a>\n\n\n\n<div class=\"gallery\"><a href=\"https:\/\/agroshow.pl\/zielone_agroshow\/wp-content\/uploads\/2025\/05\/444138528_974913501302819_2007018328129723358_n-1024x768.jpg\" class=\"gallery__item\" data-fancybox=\"gallery\"><img decoding=\"async\" src=\"https:\/\/agroshow.pl\/zielone_agroshow\/wp-content\/uploads\/2025\/05\/444138528_974913501302819_2007018328129723358_n-550x340.jpg\" alt=\"444138528_974913501302819_2007018328129723358_n\"><\/a><a href=\"https:\/\/agroshow.pl\/zielone_agroshow\/wp-content\/uploads\/2025\/05\/agroshow_zielone23-69-1024x683.jpg\" class=\"gallery__item\" data-fancybox=\"gallery\"><img decoding=\"async\" src=\"https:\/\/agroshow.pl\/zielone_agroshow\/wp-content\/uploads\/2025\/05\/agroshow_zielone23-69-550x340.jpg\" alt=\"20.05.2023 Motopark U\u0142\u0119\u017a . Zielone Agroshow . Fot. Mikolaj Kuras\"><\/a><a href=\"https:\/\/agroshow.pl\/zielone_agroshow\/wp-content\/uploads\/2025\/05\/agroshow_zielone23-384-1024x683.jpg\" class=\"gallery__item\" data-fancybox=\"gallery\"><img decoding=\"async\" src=\"https:\/\/agroshow.pl\/zielone_agroshow\/wp-content\/uploads\/2025\/05\/agroshow_zielone23-384-550x340.jpg\" alt=\"21.05.2023 Motopark U\u0142\u0119\u017a . Zielone Agroshow . Fot. Mikolaj Kuras\"><\/a><a href=\"https:\/\/agroshow.pl\/zielone_agroshow\/wp-content\/uploads\/2025\/05\/DJI_0879-1024x576.jpg\" class=\"gallery__item\" data-fancybox=\"gallery\"><img decoding=\"async\" src=\"https:\/\/agroshow.pl\/zielone_agroshow\/wp-content\/uploads\/2025\/05\/DJI_0879-550x340.jpg\" alt=\"default\"><\/a><a href=\"https:\/\/agroshow.pl\/zielone_agroshow\/wp-content\/uploads\/2025\/05\/DJI_0913-1024x576.jpg\" class=\"gallery__item\" data-fancybox=\"gallery\"><img decoding=\"async\" src=\"https:\/\/agroshow.pl\/zielone_agroshow\/wp-content\/uploads\/2025\/05\/DJI_0913-550x340.jpg\" alt=\"default\"><\/a><a href=\"https:\/\/agroshow.pl\/zielone_agroshow\/wp-content\/uploads\/2025\/05\/zielone_agroshow_2024_dzien1-23-1024x683.jpg\" class=\"gallery__item\" data-fancybox=\"gallery\"><img decoding=\"async\" src=\"https:\/\/agroshow.pl\/zielone_agroshow\/wp-content\/uploads\/2025\/05\/zielone_agroshow_2024_dzien1-23-550x340.jpg\" alt=\"18.05.2024 Zielone Agro Show Fot. Mikolaj Kuras\"><\/a><a href=\"https:\/\/agroshow.pl\/zielone_agroshow\/wp-content\/uploads\/2025\/05\/zielone_agroshow_2024_dzien1-126-1024x683.jpg\" class=\"gallery__item\" data-fancybox=\"gallery\"><img decoding=\"async\" src=\"https:\/\/agroshow.pl\/zielone_agroshow\/wp-content\/uploads\/2025\/05\/zielone_agroshow_2024_dzien1-126-550x340.jpg\" alt=\"18.05.2024 Zielone Agro Show Fot. Mikolaj Kuras\"><\/a><a href=\"https:\/\/agroshow.pl\/zielone_agroshow\/wp-content\/uploads\/2025\/05\/zielone_agroshow_2024_dzien2-133-1024x683.jpg\" class=\"gallery__item\" data-fancybox=\"gallery\"><img decoding=\"async\" src=\"https:\/\/agroshow.pl\/zielone_agroshow\/wp-content\/uploads\/2025\/05\/zielone_agroshow_2024_dzien2-133-550x340.jpg\" alt=\"19.05.2024 Zielone Agro Show Fot. Mikolaj Kuras\"><\/a><a href=\"https:\/\/agroshow.pl\/zielone_agroshow\/wp-content\/uploads\/2025\/05\/zielone_agroshow_2024_dzien2-200-1024x683.jpg\" class=\"gallery__item\" data-fancybox=\"gallery\"><img decoding=\"async\" src=\"https:\/\/agroshow.pl\/zielone_agroshow\/wp-content\/uploads\/2025\/05\/zielone_agroshow_2024_dzien2-200-550x340.jpg\" alt=\"19.05.2024 Zielone Agro Show Fot. Mikolaj Kuras\"><\/a><a href=\"https:\/\/agroshow.pl\/zielone_agroshow\/wp-content\/uploads\/2025\/05\/zielone_agroshow_2024-12-1024x683.jpg\" class=\"gallery__item\" data-fancybox=\"gallery\"><img decoding=\"async\" src=\"https:\/\/agroshow.pl\/zielone_agroshow\/wp-content\/uploads\/2025\/05\/zielone_agroshow_2024-12-550x340.jpg\" alt=\"18.05.2024 Zielone Agro Show Fot. Mikolaj Kuras\"><\/a><a href=\"https:\/\/agroshow.pl\/zielone_agroshow\/wp-content\/uploads\/2025\/05\/Zrzut-ekranu-2024-05-19-121726-1024x470.jpg\" class=\"gallery__item\" data-fancybox=\"gallery\"><img decoding=\"async\" src=\"https:\/\/agroshow.pl\/zielone_agroshow\/wp-content\/uploads\/2025\/05\/Zrzut-ekranu-2024-05-19-121726-550x340.jpg\" alt=\"Zrzut ekranu 2024-05-19 121726\"><\/a><\/div>\n\n\n","protected":false},"excerpt":{"rendered":"<p>Zako\u0144czy\u0142a si\u0119 akredytacja online na wystaw\u0119 Zielone AGRO SHOW. Mo\u017cliwa b\u0119dzie jeszcze akredytacja na miejscu w Biurze Wystawy. Ponizej znajd\u0105 Pa\u0144stwo materia\u0142y prasowe zwiazane z tegoroczn\u0105 wystaw\u0105. Materia\u0142y do pobrania \u00a0<\/p>\n","protected":false},"author":2,"featured_media":0,"parent":0,"menu_order":0,"comment_status":"closed","ping_status":"closed","template":"","meta":{"footnotes":""},"class_list":["post-53","page","type-page","status-publish","hentry"],"acf":[],"yoast_head":"<!-- This site is optimized with the Yoast SEO plugin v26.2 - https:\/\/yoast.com\/wordpress\/plugins\/seo\/ -->\n<title>Dla medi\u00f3w - ZIELONE AGRO SHOW<\/title>\n<meta name=\"description\" content=\"Dziennikarzy zainteresowanych targami rolnymi z zakresu maszyn do uprawy zielonek zapraszamy do kontaktu i zapoznania si\u0119 z naszymi materia\u0142ami dla medi\u00f3w.\" \/>\n<meta name=\"robots\" content=\"index, follow, max-snippet:-1, max-image-preview:large, max-video-preview:-1\" \/>\n<link rel=\"canonical\" href=\"https:\/\/agroshow.pl\/zielone_agroshow\/dla-mediow\" \/>\n<meta property=\"og:locale\" content=\"pl_PL\" \/>\n<meta property=\"og:type\" content=\"article\" \/>\n<meta property=\"og:title\" content=\"Dla medi\u00f3w - ZIELONE AGRO SHOW\" \/>\n<meta property=\"og:description\" content=\"Dziennikarzy zainteresowanych targami rolnymi z zakresu maszyn do uprawy zielonek zapraszamy do kontaktu i zapoznania si\u0119 z naszymi materia\u0142ami dla medi\u00f3w.\" \/>\n<meta property=\"og:url\" content=\"https:\/\/agroshow.pl\/zielone_agroshow\/dla-mediow\" \/>\n<meta property=\"og:site_name\" content=\"ZIELONE AGRO SHOW\" \/>\n<meta property=\"article:modified_time\" content=\"2025-05-20T13:07:46+00:00\" \/>\n<meta name=\"twitter:card\" content=\"summary_large_image\" \/>\n<meta name=\"twitter:label1\" content=\"Szacowany czas czytania\" \/>\n\t<meta name=\"twitter:data1\" content=\"1 minuta\" \/>\n<script type=\"application\/ld+json\" class=\"yoast-schema-graph\">{\"@context\":\"https:\/\/schema.org\",\"@graph\":[{\"@type\":\"WebPage\",\"@id\":\"https:\/\/agroshow.pl\/zielone_agroshow\/dla-mediow\",\"url\":\"https:\/\/agroshow.pl\/zielone_agroshow\/dla-mediow\",\"name\":\"Dla medi\u00f3w - ZIELONE AGRO SHOW\",\"isPartOf\":{\"@id\":\"https:\/\/agroshow.pl\/zielone_agroshow\/#website\"},\"datePublished\":\"2019-04-03T09:32:31+00:00\",\"dateModified\":\"2025-05-20T13:07:46+00:00\",\"description\":\"Dziennikarzy zainteresowanych targami rolnymi z zakresu maszyn do uprawy zielonek zapraszamy do kontaktu i zapoznania si\u0119 z naszymi materia\u0142ami dla medi\u00f3w.\",\"breadcrumb\":{\"@id\":\"https:\/\/agroshow.pl\/zielone_agroshow\/dla-mediow#breadcrumb\"},\"inLanguage\":\"pl-PL\",\"potentialAction\":[{\"@type\":\"ReadAction\",\"target\":[\"https:\/\/agroshow.pl\/zielone_agroshow\/dla-mediow\"]}]},{\"@type\":\"BreadcrumbList\",\"@id\":\"https:\/\/agroshow.pl\/zielone_agroshow\/dla-mediow#breadcrumb\",\"itemListElement\":[{\"@type\":\"ListItem\",\"position\":1,\"name\":\"Strona g\u0142\u00f3wna\",\"item\":\"https:\/\/agroshow.pl\/zielone_agroshow\"},{\"@type\":\"ListItem\",\"position\":2,\"name\":\"Dla medi\u00f3w\"}]},{\"@type\":\"WebSite\",\"@id\":\"https:\/\/agroshow.pl\/zielone_agroshow\/#website\",\"url\":\"https:\/\/agroshow.pl\/zielone_agroshow\/\",\"name\":\"ZIELONE AGRO SHOW\",\"description\":\"ZIELONE AGRO SHOW jest pierwsz\u0105 imprez\u0105 w Polsce po\u015bwi\u0119con\u0105 nowoczesnej technice i technologii produkcji wysokiej jako\u015bci pasz zielonych dla byd\u0142a. Poza wystawcami oferuj\u0105cymi nowoczesne maszyny rolnicze odwiedzi\u0107 mo\u017cna tak\u017ce firmy produkuj\u0105ce nasiona, nawozy, pasze i dodatki paszowe, folie rolnicze, elementy wyposa\u017cenia budynk\u00f3w inwentarskich oraz wiele innych.\",\"potentialAction\":[{\"@type\":\"SearchAction\",\"target\":{\"@type\":\"EntryPoint\",\"urlTemplate\":\"https:\/\/agroshow.pl\/zielone_agroshow\/?s={search_term_string}\"},\"query-input\":{\"@type\":\"PropertyValueSpecification\",\"valueRequired\":true,\"valueName\":\"search_term_string\"}}],\"inLanguage\":\"pl-PL\"}]}<\/script>\n<!-- \/ Yoast SEO plugin. -->","yoast_head_json":{"title":"Dla medi\u00f3w - ZIELONE AGRO SHOW","description":"Dziennikarzy zainteresowanych targami rolnymi z zakresu maszyn do uprawy zielonek zapraszamy do kontaktu i zapoznania si\u0119 z naszymi materia\u0142ami dla medi\u00f3w.","robots":{"index":"index","follow":"follow","max-snippet":"max-snippet:-1","max-image-preview":"max-image-preview:large","max-video-preview":"max-video-preview:-1"},"canonical":"https:\/\/agroshow.pl\/zielone_agroshow\/dla-mediow","og_locale":"pl_PL","og_type":"article","og_title":"Dla medi\u00f3w - ZIELONE AGRO SHOW","og_description":"Dziennikarzy zainteresowanych targami rolnymi z zakresu maszyn do uprawy zielonek zapraszamy do kontaktu i zapoznania si\u0119 z naszymi materia\u0142ami dla medi\u00f3w.","og_url":"https:\/\/agroshow.pl\/zielone_agroshow\/dla-mediow","og_site_name":"ZIELONE AGRO SHOW","article_modified_time":"2025-05-20T13:07:46+00:00","twitter_card":"summary_large_image","twitter_misc":{"Szacowany czas czytania":"1 minuta"},"schema":{"@context":"https:\/\/schema.org","@graph":[{"@type":"WebPage","@id":"https:\/\/agroshow.pl\/zielone_agroshow\/dla-mediow","url":"https:\/\/agroshow.pl\/zielone_agroshow\/dla-mediow","name":"Dla medi\u00f3w - ZIELONE AGRO SHOW","isPartOf":{"@id":"https:\/\/agroshow.pl\/zielone_agroshow\/#website"},"datePublished":"2019-04-03T09:32:31+00:00","dateModified":"2025-05-20T13:07:46+00:00","description":"Dziennikarzy zainteresowanych targami rolnymi z zakresu maszyn do uprawy zielonek zapraszamy do kontaktu i zapoznania si\u0119 z naszymi materia\u0142ami dla medi\u00f3w.","breadcrumb":{"@id":"https:\/\/agroshow.pl\/zielone_agroshow\/dla-mediow#breadcrumb"},"inLanguage":"pl-PL","potentialAction":[{"@type":"ReadAction","target":["https:\/\/agroshow.pl\/zielone_agroshow\/dla-mediow"]}]},{"@type":"BreadcrumbList","@id":"https:\/\/agroshow.pl\/zielone_agroshow\/dla-mediow#breadcrumb","itemListElement":[{"@type":"ListItem","position":1,"name":"Strona g\u0142\u00f3wna","item":"https:\/\/agroshow.pl\/zielone_agroshow"},{"@type":"ListItem","position":2,"name":"Dla medi\u00f3w"}]},{"@type":"WebSite","@id":"https:\/\/agroshow.pl\/zielone_agroshow\/#website","url":"https:\/\/agroshow.pl\/zielone_agroshow\/","name":"ZIELONE AGRO SHOW","description":"ZIELONE AGRO SHOW jest pierwsz\u0105 imprez\u0105 w Polsce po\u015bwi\u0119con\u0105 nowoczesnej technice i technologii produkcji wysokiej jako\u015bci pasz zielonych dla byd\u0142a. Poza wystawcami oferuj\u0105cymi nowoczesne maszyny rolnicze odwiedzi\u0107 mo\u017cna tak\u017ce firmy produkuj\u0105ce nasiona, nawozy, pasze i dodatki paszowe, folie rolnicze, elementy wyposa\u017cenia budynk\u00f3w inwentarskich oraz wiele innych.","potentialAction":[{"@type":"SearchAction","target":{"@type":"EntryPoint","urlTemplate":"https:\/\/agroshow.pl\/zielone_agroshow\/?s={search_term_string}"},"query-input":{"@type":"PropertyValueSpecification","valueRequired":true,"valueName":"search_term_string"}}],"inLanguage":"pl-PL"}]}},"_links":{"self":[{"href":"https:\/\/agroshow.pl\/zielone_agroshow\/wp-json\/wp\/v2\/pages\/53","targetHints":{"allow":["GET"]}}],"collection":[{"href":"https:\/\/agroshow.pl\/zielone_agroshow\/wp-json\/wp\/v2\/pages"}],"about":[{"href":"https:\/\/agroshow.pl\/zielone_agroshow\/wp-json\/wp\/v2\/types\/page"}],"author":[{"embeddable":true,"href":"https:\/\/agroshow.pl\/zielone_agroshow\/wp-json\/wp\/v2\/users\/2"}],"replies":[{"embeddable":true,"href":"https:\/\/agroshow.pl\/zielone_agroshow\/wp-json\/wp\/v2\/comments?post=53"}],"version-history":[{"count":129,"href":"https:\/\/agroshow.pl\/zielone_agroshow\/wp-json\/wp\/v2\/pages\/53\/revisions"}],"predecessor-version":[{"id":6572,"href":"https:\/\/agroshow.pl\/zielone_agroshow\/wp-json\/wp\/v2\/pages\/53\/revisions\/6572"}],"wp:attachment":[{"href":"https:\/\/agroshow.pl\/zielone_agroshow\/wp-json\/wp\/v2\/media?parent=53"}],"curies":[{"name":"wp","href":"https:\/\/api.w.org\/{rel}","templated":true}]}}