{"id":28,"date":"2019-04-03T11:26:49","date_gmt":"2019-04-03T09:26:49","guid":{"rendered":"http:\/\/agroshow.getid.com.pl\/zielone\/?page_id=28"},"modified":"2022-02-07T11:28:51","modified_gmt":"2022-02-07T10:28:51","slug":"dojazd","status":"publish","type":"page","link":"https:\/\/agroshow.pl\/zielone_agroshow\/dla-wystawcow\/dojazd","title":{"rendered":"Dojazd &#8211; lokalizacja wystawy"},"content":{"rendered":"\n<p>Moto-Park 08-503 Nowodw\u00f3r (by\u0142e lotnisko U\u0142\u0119\u017c).<br>Pozycja GPS 51.62248\u00b0N, 22.0883\u00b0E<\/p>\n\n\n\n<p><\/p>\n","protected":false},"excerpt":{"rendered":"<p>Moto-Park 08-503 Nowodw\u00f3r (by\u0142e lotnisko U\u0142\u0119\u017c).Pozycja GPS 51.62248\u00b0N, 22.0883\u00b0E<\/p>\n","protected":false},"author":2,"featured_media":0,"parent":115,"menu_order":0,"comment_status":"closed","ping_status":"closed","template":"dojazd.php","meta":{"footnotes":""},"class_list":["post-28","page","type-page","status-publish","hentry"],"acf":[],"yoast_head":"<!-- This site is optimized with the Yoast SEO plugin v26.2 - https:\/\/yoast.com\/wordpress\/plugins\/seo\/ -->\n<title>Dojazd - lokalizacja wystawy - ZIELONE AGRO SHOW<\/title>\n<meta name=\"description\" content=\"Sprawd\u017a dojazd na wystawy ZIELONE AGRO SHOW. Organizujemy najwi\u0119ksze targi rolnicze w Polsce skierowane do producent\u00f3w byd\u0142a mlecznego i producent\u00f3w mleka.\" \/>\n<meta name=\"robots\" content=\"index, follow, max-snippet:-1, max-image-preview:large, max-video-preview:-1\" \/>\n<link rel=\"canonical\" href=\"https:\/\/agroshow.pl\/zielone_agroshow\/dla-wystawcow\/dojazd\" \/>\n<meta property=\"og:locale\" content=\"pl_PL\" \/>\n<meta property=\"og:type\" content=\"article\" \/>\n<meta property=\"og:title\" content=\"Dojazd - lokalizacja wystawy - ZIELONE AGRO SHOW\" \/>\n<meta property=\"og:description\" content=\"Sprawd\u017a dojazd na wystawy ZIELONE AGRO SHOW. Organizujemy najwi\u0119ksze targi rolnicze w Polsce skierowane do producent\u00f3w byd\u0142a mlecznego i producent\u00f3w mleka.\" \/>\n<meta property=\"og:url\" content=\"https:\/\/agroshow.pl\/zielone_agroshow\/dla-wystawcow\/dojazd\" \/>\n<meta property=\"og:site_name\" content=\"ZIELONE AGRO SHOW\" \/>\n<meta property=\"article:modified_time\" content=\"2022-02-07T10:28:51+00:00\" \/>\n<meta name=\"twitter:card\" content=\"summary_large_image\" \/>\n<script type=\"application\/ld+json\" class=\"yoast-schema-graph\">{\"@context\":\"https:\/\/schema.org\",\"@graph\":[{\"@type\":\"WebPage\",\"@id\":\"https:\/\/agroshow.pl\/zielone_agroshow\/dla-wystawcow\/dojazd\",\"url\":\"https:\/\/agroshow.pl\/zielone_agroshow\/dla-wystawcow\/dojazd\",\"name\":\"Dojazd - lokalizacja wystawy - ZIELONE AGRO SHOW\",\"isPartOf\":{\"@id\":\"https:\/\/agroshow.pl\/zielone_agroshow\/#website\"},\"datePublished\":\"2019-04-03T09:26:49+00:00\",\"dateModified\":\"2022-02-07T10:28:51+00:00\",\"description\":\"Sprawd\u017a dojazd na wystawy ZIELONE AGRO SHOW. Organizujemy najwi\u0119ksze targi rolnicze w Polsce skierowane do producent\u00f3w byd\u0142a mlecznego i producent\u00f3w mleka.\",\"breadcrumb\":{\"@id\":\"https:\/\/agroshow.pl\/zielone_agroshow\/dla-wystawcow\/dojazd#breadcrumb\"},\"inLanguage\":\"pl-PL\",\"potentialAction\":[{\"@type\":\"ReadAction\",\"target\":[\"https:\/\/agroshow.pl\/zielone_agroshow\/dla-wystawcow\/dojazd\"]}]},{\"@type\":\"BreadcrumbList\",\"@id\":\"https:\/\/agroshow.pl\/zielone_agroshow\/dla-wystawcow\/dojazd#breadcrumb\",\"itemListElement\":[{\"@type\":\"ListItem\",\"position\":1,\"name\":\"Strona g\u0142\u00f3wna\",\"item\":\"https:\/\/agroshow.pl\/zielone_agroshow\"},{\"@type\":\"ListItem\",\"position\":2,\"name\":\"Dla wystawc\u00f3w\",\"item\":\"https:\/\/agroshow.pl\/zielone_agroshow\/dla-wystawcow\"},{\"@type\":\"ListItem\",\"position\":3,\"name\":\"Dojazd &#8211; lokalizacja wystawy\"}]},{\"@type\":\"WebSite\",\"@id\":\"https:\/\/agroshow.pl\/zielone_agroshow\/#website\",\"url\":\"https:\/\/agroshow.pl\/zielone_agroshow\/\",\"name\":\"ZIELONE AGRO SHOW\",\"description\":\"ZIELONE AGRO SHOW jest pierwsz\u0105 imprez\u0105 w Polsce po\u015bwi\u0119con\u0105 nowoczesnej technice i technologii produkcji wysokiej jako\u015bci pasz zielonych dla byd\u0142a. Poza wystawcami oferuj\u0105cymi nowoczesne maszyny rolnicze odwiedzi\u0107 mo\u017cna tak\u017ce firmy produkuj\u0105ce nasiona, nawozy, pasze i dodatki paszowe, folie rolnicze, elementy wyposa\u017cenia budynk\u00f3w inwentarskich oraz wiele innych.\",\"potentialAction\":[{\"@type\":\"SearchAction\",\"target\":{\"@type\":\"EntryPoint\",\"urlTemplate\":\"https:\/\/agroshow.pl\/zielone_agroshow\/?s={search_term_string}\"},\"query-input\":{\"@type\":\"PropertyValueSpecification\",\"valueRequired\":true,\"valueName\":\"search_term_string\"}}],\"inLanguage\":\"pl-PL\"}]}<\/script>\n<!-- \/ Yoast SEO plugin. -->","yoast_head_json":{"title":"Dojazd - lokalizacja wystawy - ZIELONE AGRO SHOW","description":"Sprawd\u017a dojazd na wystawy ZIELONE AGRO SHOW. Organizujemy najwi\u0119ksze targi rolnicze w Polsce skierowane do producent\u00f3w byd\u0142a mlecznego i producent\u00f3w mleka.","robots":{"index":"index","follow":"follow","max-snippet":"max-snippet:-1","max-image-preview":"max-image-preview:large","max-video-preview":"max-video-preview:-1"},"canonical":"https:\/\/agroshow.pl\/zielone_agroshow\/dla-wystawcow\/dojazd","og_locale":"pl_PL","og_type":"article","og_title":"Dojazd - lokalizacja wystawy - ZIELONE AGRO SHOW","og_description":"Sprawd\u017a dojazd na wystawy ZIELONE AGRO SHOW. Organizujemy najwi\u0119ksze targi rolnicze w Polsce skierowane do producent\u00f3w byd\u0142a mlecznego i producent\u00f3w mleka.","og_url":"https:\/\/agroshow.pl\/zielone_agroshow\/dla-wystawcow\/dojazd","og_site_name":"ZIELONE AGRO SHOW","article_modified_time":"2022-02-07T10:28:51+00:00","twitter_card":"summary_large_image","schema":{"@context":"https:\/\/schema.org","@graph":[{"@type":"WebPage","@id":"https:\/\/agroshow.pl\/zielone_agroshow\/dla-wystawcow\/dojazd","url":"https:\/\/agroshow.pl\/zielone_agroshow\/dla-wystawcow\/dojazd","name":"Dojazd - lokalizacja wystawy - ZIELONE AGRO SHOW","isPartOf":{"@id":"https:\/\/agroshow.pl\/zielone_agroshow\/#website"},"datePublished":"2019-04-03T09:26:49+00:00","dateModified":"2022-02-07T10:28:51+00:00","description":"Sprawd\u017a dojazd na wystawy ZIELONE AGRO SHOW. Organizujemy najwi\u0119ksze targi rolnicze w Polsce skierowane do producent\u00f3w byd\u0142a mlecznego i producent\u00f3w mleka.","breadcrumb":{"@id":"https:\/\/agroshow.pl\/zielone_agroshow\/dla-wystawcow\/dojazd#breadcrumb"},"inLanguage":"pl-PL","potentialAction":[{"@type":"ReadAction","target":["https:\/\/agroshow.pl\/zielone_agroshow\/dla-wystawcow\/dojazd"]}]},{"@type":"BreadcrumbList","@id":"https:\/\/agroshow.pl\/zielone_agroshow\/dla-wystawcow\/dojazd#breadcrumb","itemListElement":[{"@type":"ListItem","position":1,"name":"Strona g\u0142\u00f3wna","item":"https:\/\/agroshow.pl\/zielone_agroshow"},{"@type":"ListItem","position":2,"name":"Dla wystawc\u00f3w","item":"https:\/\/agroshow.pl\/zielone_agroshow\/dla-wystawcow"},{"@type":"ListItem","position":3,"name":"Dojazd &#8211; lokalizacja wystawy"}]},{"@type":"WebSite","@id":"https:\/\/agroshow.pl\/zielone_agroshow\/#website","url":"https:\/\/agroshow.pl\/zielone_agroshow\/","name":"ZIELONE AGRO SHOW","description":"ZIELONE AGRO SHOW jest pierwsz\u0105 imprez\u0105 w Polsce po\u015bwi\u0119con\u0105 nowoczesnej technice i technologii produkcji wysokiej jako\u015bci pasz zielonych dla byd\u0142a. Poza wystawcami oferuj\u0105cymi nowoczesne maszyny rolnicze odwiedzi\u0107 mo\u017cna tak\u017ce firmy produkuj\u0105ce nasiona, nawozy, pasze i dodatki paszowe, folie rolnicze, elementy wyposa\u017cenia budynk\u00f3w inwentarskich oraz wiele innych.","potentialAction":[{"@type":"SearchAction","target":{"@type":"EntryPoint","urlTemplate":"https:\/\/agroshow.pl\/zielone_agroshow\/?s={search_term_string}"},"query-input":{"@type":"PropertyValueSpecification","valueRequired":true,"valueName":"search_term_string"}}],"inLanguage":"pl-PL"}]}},"_links":{"self":[{"href":"https:\/\/agroshow.pl\/zielone_agroshow\/wp-json\/wp\/v2\/pages\/28","targetHints":{"allow":["GET"]}}],"collection":[{"href":"https:\/\/agroshow.pl\/zielone_agroshow\/wp-json\/wp\/v2\/pages"}],"about":[{"href":"https:\/\/agroshow.pl\/zielone_agroshow\/wp-json\/wp\/v2\/types\/page"}],"author":[{"embeddable":true,"href":"https:\/\/agroshow.pl\/zielone_agroshow\/wp-json\/wp\/v2\/users\/2"}],"replies":[{"embeddable":true,"href":"https:\/\/agroshow.pl\/zielone_agroshow\/wp-json\/wp\/v2\/comments?post=28"}],"version-history":[{"count":23,"href":"https:\/\/agroshow.pl\/zielone_agroshow\/wp-json\/wp\/v2\/pages\/28\/revisions"}],"predecessor-version":[{"id":3767,"href":"https:\/\/agroshow.pl\/zielone_agroshow\/wp-json\/wp\/v2\/pages\/28\/revisions\/3767"}],"up":[{"embeddable":true,"href":"https:\/\/agroshow.pl\/zielone_agroshow\/wp-json\/wp\/v2\/pages\/115"}],"wp:attachment":[{"href":"https:\/\/agroshow.pl\/zielone_agroshow\/wp-json\/wp\/v2\/media?parent=28"}],"curies":[{"name":"wp","href":"https:\/\/api.w.org\/{rel}","templated":true}]}}