{"id":179,"date":"2019-04-04T09:30:25","date_gmt":"2019-04-04T07:30:25","guid":{"rendered":"http:\/\/agroshow.getid.com.pl\/zielone\/?page_id=179"},"modified":"2025-10-27T15:34:13","modified_gmt":"2025-10-27T14:34:13","slug":"lista-wystawcow","status":"publish","type":"page","link":"https:\/\/agroshow.pl\/zielone_agroshow\/dla-zwiedzajacych\/lista-wystawcow","title":{"rendered":"Lista wystawc\u00f3w 2025"},"content":{"rendered":"\n<a target=\"_blank\" href=\"https:\/\/agroshow.pl\/zielone_agroshow\/wp-content\/uploads\/2025\/05\/Alfabetyczna-lista-wystawcow-stan-na-9.05.2025.pdf\" class=\"file\"><span>Alfabetyczna lista wystawc\u00f3w ZAS 2025 [PDF]<\/span><\/a>\n\n\n\n<p><\/p>\n","protected":false},"excerpt":{"rendered":"","protected":false},"author":2,"featured_media":0,"parent":119,"menu_order":0,"comment_status":"closed","ping_status":"closed","template":"","meta":{"footnotes":""},"class_list":["post-179","page","type-page","status-publish","hentry"],"acf":[],"yoast_head":"<!-- This site is optimized with the Yoast SEO plugin v26.2 - https:\/\/yoast.com\/wordpress\/plugins\/seo\/ -->\n<title>Lista wystawc\u00f3w 2025 - ZIELONE AGRO SHOW<\/title>\n<meta name=\"description\" content=\"Sprawd\u017a numer stoiska oraz przypisany sektor dla wystawc\u00f3w podczas targ\u00f3w rolniczych ZIELONE AGRO SHOW 2019. Pe\u0142na lista wystawc\u00f3w ju\u017c dost\u0119pna.\" \/>\n<meta name=\"robots\" content=\"index, follow, max-snippet:-1, max-image-preview:large, max-video-preview:-1\" \/>\n<link rel=\"canonical\" href=\"https:\/\/agroshow.pl\/zielone_agroshow\/dla-zwiedzajacych\/lista-wystawcow\" \/>\n<meta property=\"og:locale\" content=\"pl_PL\" \/>\n<meta property=\"og:type\" content=\"article\" \/>\n<meta property=\"og:title\" content=\"Lista wystawc\u00f3w 2025 - ZIELONE AGRO SHOW\" \/>\n<meta property=\"og:description\" content=\"Sprawd\u017a numer stoiska oraz przypisany sektor dla wystawc\u00f3w podczas targ\u00f3w rolniczych ZIELONE AGRO SHOW 2019. Pe\u0142na lista wystawc\u00f3w ju\u017c dost\u0119pna.\" \/>\n<meta property=\"og:url\" content=\"https:\/\/agroshow.pl\/zielone_agroshow\/dla-zwiedzajacych\/lista-wystawcow\" \/>\n<meta property=\"og:site_name\" content=\"ZIELONE AGRO SHOW\" \/>\n<meta property=\"article:modified_time\" content=\"2025-10-27T14:34:13+00:00\" \/>\n<meta name=\"twitter:card\" content=\"summary_large_image\" \/>\n<meta name=\"twitter:label1\" content=\"Szacowany czas czytania\" \/>\n\t<meta name=\"twitter:data1\" content=\"1 minuta\" \/>\n<script type=\"application\/ld+json\" class=\"yoast-schema-graph\">{\"@context\":\"https:\/\/schema.org\",\"@graph\":[{\"@type\":\"WebPage\",\"@id\":\"https:\/\/agroshow.pl\/zielone_agroshow\/dla-zwiedzajacych\/lista-wystawcow\",\"url\":\"https:\/\/agroshow.pl\/zielone_agroshow\/dla-zwiedzajacych\/lista-wystawcow\",\"name\":\"Lista wystawc\u00f3w 2025 - ZIELONE AGRO SHOW\",\"isPartOf\":{\"@id\":\"https:\/\/agroshow.pl\/zielone_agroshow\/#website\"},\"datePublished\":\"2019-04-04T07:30:25+00:00\",\"dateModified\":\"2025-10-27T14:34:13+00:00\",\"description\":\"Sprawd\u017a numer stoiska oraz przypisany sektor dla wystawc\u00f3w podczas targ\u00f3w rolniczych ZIELONE AGRO SHOW 2019. Pe\u0142na lista wystawc\u00f3w ju\u017c dost\u0119pna.\",\"breadcrumb\":{\"@id\":\"https:\/\/agroshow.pl\/zielone_agroshow\/dla-zwiedzajacych\/lista-wystawcow#breadcrumb\"},\"inLanguage\":\"pl-PL\",\"potentialAction\":[{\"@type\":\"ReadAction\",\"target\":[\"https:\/\/agroshow.pl\/zielone_agroshow\/dla-zwiedzajacych\/lista-wystawcow\"]}]},{\"@type\":\"BreadcrumbList\",\"@id\":\"https:\/\/agroshow.pl\/zielone_agroshow\/dla-zwiedzajacych\/lista-wystawcow#breadcrumb\",\"itemListElement\":[{\"@type\":\"ListItem\",\"position\":1,\"name\":\"Strona g\u0142\u00f3wna\",\"item\":\"https:\/\/agroshow.pl\/zielone_agroshow\"},{\"@type\":\"ListItem\",\"position\":2,\"name\":\"Dla zwiedzaj\u0105cych\",\"item\":\"https:\/\/agroshow.pl\/zielone_agroshow\/dla-zwiedzajacych\"},{\"@type\":\"ListItem\",\"position\":3,\"name\":\"Lista wystawc\u00f3w 2025\"}]},{\"@type\":\"WebSite\",\"@id\":\"https:\/\/agroshow.pl\/zielone_agroshow\/#website\",\"url\":\"https:\/\/agroshow.pl\/zielone_agroshow\/\",\"name\":\"ZIELONE AGRO SHOW\",\"description\":\"ZIELONE AGRO SHOW jest pierwsz\u0105 imprez\u0105 w Polsce po\u015bwi\u0119con\u0105 nowoczesnej technice i technologii produkcji wysokiej jako\u015bci pasz zielonych dla byd\u0142a. Poza wystawcami oferuj\u0105cymi nowoczesne maszyny rolnicze odwiedzi\u0107 mo\u017cna tak\u017ce firmy produkuj\u0105ce nasiona, nawozy, pasze i dodatki paszowe, folie rolnicze, elementy wyposa\u017cenia budynk\u00f3w inwentarskich oraz wiele innych.\",\"potentialAction\":[{\"@type\":\"SearchAction\",\"target\":{\"@type\":\"EntryPoint\",\"urlTemplate\":\"https:\/\/agroshow.pl\/zielone_agroshow\/?s={search_term_string}\"},\"query-input\":{\"@type\":\"PropertyValueSpecification\",\"valueRequired\":true,\"valueName\":\"search_term_string\"}}],\"inLanguage\":\"pl-PL\"}]}<\/script>\n<!-- \/ Yoast SEO plugin. -->","yoast_head_json":{"title":"Lista wystawc\u00f3w 2025 - ZIELONE AGRO SHOW","description":"Sprawd\u017a numer stoiska oraz przypisany sektor dla wystawc\u00f3w podczas targ\u00f3w rolniczych ZIELONE AGRO SHOW 2019. Pe\u0142na lista wystawc\u00f3w ju\u017c dost\u0119pna.","robots":{"index":"index","follow":"follow","max-snippet":"max-snippet:-1","max-image-preview":"max-image-preview:large","max-video-preview":"max-video-preview:-1"},"canonical":"https:\/\/agroshow.pl\/zielone_agroshow\/dla-zwiedzajacych\/lista-wystawcow","og_locale":"pl_PL","og_type":"article","og_title":"Lista wystawc\u00f3w 2025 - ZIELONE AGRO SHOW","og_description":"Sprawd\u017a numer stoiska oraz przypisany sektor dla wystawc\u00f3w podczas targ\u00f3w rolniczych ZIELONE AGRO SHOW 2019. Pe\u0142na lista wystawc\u00f3w ju\u017c dost\u0119pna.","og_url":"https:\/\/agroshow.pl\/zielone_agroshow\/dla-zwiedzajacych\/lista-wystawcow","og_site_name":"ZIELONE AGRO SHOW","article_modified_time":"2025-10-27T14:34:13+00:00","twitter_card":"summary_large_image","twitter_misc":{"Szacowany czas czytania":"1 minuta"},"schema":{"@context":"https:\/\/schema.org","@graph":[{"@type":"WebPage","@id":"https:\/\/agroshow.pl\/zielone_agroshow\/dla-zwiedzajacych\/lista-wystawcow","url":"https:\/\/agroshow.pl\/zielone_agroshow\/dla-zwiedzajacych\/lista-wystawcow","name":"Lista wystawc\u00f3w 2025 - ZIELONE AGRO SHOW","isPartOf":{"@id":"https:\/\/agroshow.pl\/zielone_agroshow\/#website"},"datePublished":"2019-04-04T07:30:25+00:00","dateModified":"2025-10-27T14:34:13+00:00","description":"Sprawd\u017a numer stoiska oraz przypisany sektor dla wystawc\u00f3w podczas targ\u00f3w rolniczych ZIELONE AGRO SHOW 2019. Pe\u0142na lista wystawc\u00f3w ju\u017c dost\u0119pna.","breadcrumb":{"@id":"https:\/\/agroshow.pl\/zielone_agroshow\/dla-zwiedzajacych\/lista-wystawcow#breadcrumb"},"inLanguage":"pl-PL","potentialAction":[{"@type":"ReadAction","target":["https:\/\/agroshow.pl\/zielone_agroshow\/dla-zwiedzajacych\/lista-wystawcow"]}]},{"@type":"BreadcrumbList","@id":"https:\/\/agroshow.pl\/zielone_agroshow\/dla-zwiedzajacych\/lista-wystawcow#breadcrumb","itemListElement":[{"@type":"ListItem","position":1,"name":"Strona g\u0142\u00f3wna","item":"https:\/\/agroshow.pl\/zielone_agroshow"},{"@type":"ListItem","position":2,"name":"Dla zwiedzaj\u0105cych","item":"https:\/\/agroshow.pl\/zielone_agroshow\/dla-zwiedzajacych"},{"@type":"ListItem","position":3,"name":"Lista wystawc\u00f3w 2025"}]},{"@type":"WebSite","@id":"https:\/\/agroshow.pl\/zielone_agroshow\/#website","url":"https:\/\/agroshow.pl\/zielone_agroshow\/","name":"ZIELONE AGRO SHOW","description":"ZIELONE AGRO SHOW jest pierwsz\u0105 imprez\u0105 w Polsce po\u015bwi\u0119con\u0105 nowoczesnej technice i technologii produkcji wysokiej jako\u015bci pasz zielonych dla byd\u0142a. Poza wystawcami oferuj\u0105cymi nowoczesne maszyny rolnicze odwiedzi\u0107 mo\u017cna tak\u017ce firmy produkuj\u0105ce nasiona, nawozy, pasze i dodatki paszowe, folie rolnicze, elementy wyposa\u017cenia budynk\u00f3w inwentarskich oraz wiele innych.","potentialAction":[{"@type":"SearchAction","target":{"@type":"EntryPoint","urlTemplate":"https:\/\/agroshow.pl\/zielone_agroshow\/?s={search_term_string}"},"query-input":{"@type":"PropertyValueSpecification","valueRequired":true,"valueName":"search_term_string"}}],"inLanguage":"pl-PL"}]}},"_links":{"self":[{"href":"https:\/\/agroshow.pl\/zielone_agroshow\/wp-json\/wp\/v2\/pages\/179","targetHints":{"allow":["GET"]}}],"collection":[{"href":"https:\/\/agroshow.pl\/zielone_agroshow\/wp-json\/wp\/v2\/pages"}],"about":[{"href":"https:\/\/agroshow.pl\/zielone_agroshow\/wp-json\/wp\/v2\/types\/page"}],"author":[{"embeddable":true,"href":"https:\/\/agroshow.pl\/zielone_agroshow\/wp-json\/wp\/v2\/users\/2"}],"replies":[{"embeddable":true,"href":"https:\/\/agroshow.pl\/zielone_agroshow\/wp-json\/wp\/v2\/comments?post=179"}],"version-history":[{"count":32,"href":"https:\/\/agroshow.pl\/zielone_agroshow\/wp-json\/wp\/v2\/pages\/179\/revisions"}],"predecessor-version":[{"id":7558,"href":"https:\/\/agroshow.pl\/zielone_agroshow\/wp-json\/wp\/v2\/pages\/179\/revisions\/7558"}],"up":[{"embeddable":true,"href":"https:\/\/agroshow.pl\/zielone_agroshow\/wp-json\/wp\/v2\/pages\/119"}],"wp:attachment":[{"href":"https:\/\/agroshow.pl\/zielone_agroshow\/wp-json\/wp\/v2\/media?parent=179"}],"curies":[{"name":"wp","href":"https:\/\/api.w.org\/{rel}","templated":true}]}}