{"id":175,"date":"2019-04-04T09:27:57","date_gmt":"2019-04-04T07:27:57","guid":{"rendered":"http:\/\/agroshow.getid.com.pl\/zielone\/?page_id=175"},"modified":"2026-04-08T10:06:38","modified_gmt":"2026-04-08T08:06:38","slug":"program-wydarzen","status":"publish","type":"page","link":"https:\/\/agroshow.pl\/zielone_agroshow\/dla-zwiedzajacych\/program-wydarzen","title":{"rendered":"Program Wydarze\u0144 2026"},"content":{"rendered":"\n<p>W roku 2026 odb\u0119d\u0105 si\u0119 kolejne, niezwykle presti\u017cowe Targi Rolnicze, kt\u00f3re zgromadz\u0105 pasjonat\u00f3w i profesjonalist\u00f3w zwi\u0105zanych z bran\u017c\u0105 rolnicz\u0105. To wyj\u0105tkowe wydarzenie, na kt\u00f3rym b\u0119dzie mo\u017cna pozna\u0107 najnowsze trendy, technologie oraz produkty zwi\u0105zane z rolnictwem. Jednym z g\u0142\u00f3wnych cel\u00f3w <strong>Targ\u00f3w Rolniczych 2026<\/strong> jest prezentacja najnowszych osi\u0105gni\u0119\u0107 naukowych oraz technologicznych w dziedzinie rolnictwa. W trakcie tego wydarzenia b\u0119dzie mo\u017cna zapozna\u0107 si\u0119 z innowacyjnymi rozwi\u0105zaniami, kt\u00f3re maj\u0105 na celu usprawnienie pracy rolnik\u00f3w oraz zwi\u0119kszenie efektywno\u015bci produkcji rolnej. W\u015br\u00f3d nich znajd\u0105 si\u0119 mi\u0119dzy innymi nowoczesne maszyny i <a href=\"https:\/\/www.agroshow.pl\/\">targi sprz\u0119tu rolniczego<\/a>. Udzia\u0142 w Targach Rolniczych 2026 to doskona\u0142a okazja do poznania tych nowinek oraz <strong>zdobycia cennych informacji <\/strong>na temat ich zastosowania.<\/p>\n\n\n\n<h2 class=\"wp-block-heading\">Prezentacja produkt\u00f3w i us\u0142ug<\/h2>\n\n\n\n<p><strong>Targi Rolnicze 2026<\/strong> to tak\u017ce okazja do zaprezentowania swoich produkt\u00f3w i us\u0142ug szerokiej publiczno\u015bci. W trakcie wydarzenia b\u0119dzie mo\u017cna zaprezentowa\u0107 swoje maszyny rolnicze, nawozy, \u015brodki ochrony ro\u015blin, pasze czy inne produkty zwi\u0105zane z rolnictwem. To doskona\u0142e miejsce do nawi\u0105zania kontakt\u00f3w biznesowych oraz promocji swojej firmy w\u015br\u00f3d potencjalnych klient\u00f3w. Nie czekaj, zaplanuj swoje uczestnictwo w wyj\u0105tkowym wydarzeniu dla bran\u017cy rolnej i do\u0142\u0105cz do grona uczestnik\u00f3w AGRO SHOW w 2026 roku! Je\u015bli chcesz by\u0107 na bie\u017c\u0105co z <strong>najnowszymi trendami w bran\u017cy rolniczej<\/strong>, pozna\u0107 innowacyjne rozwi\u0105zania i nawi\u0105za\u0107 warto\u015bciowe kontakty biznesowe i pozna\u0107 najnowocze\u015bniejsze urz\u0105dzenia rolnicze. AGRO SHOW s\u0105 dla Ciebie! Zaplanuj ju\u017c dzi\u015b swoj\u0105 wizyt\u0119 na tym wyj\u0105tkowym wydarzeniu i przekonaj si\u0119 sam, jak wiele korzy\u015bci mo\u017ce przynie\u015b\u0107 uczestnictwo w targach. Serdecznie zapraszamy!<\/p>\n","protected":false},"excerpt":{"rendered":"<p>W roku 2026 odb\u0119d\u0105 si\u0119 kolejne, niezwykle presti\u017cowe Targi Rolnicze, kt\u00f3re zgromadz\u0105 pasjonat\u00f3w i profesjonalist\u00f3w zwi\u0105zanych z bran\u017c\u0105 rolnicz\u0105. To wyj\u0105tkowe wydarzenie, na kt\u00f3rym b\u0119dzie mo\u017cna pozna\u0107 najnowsze trendy, technologie oraz produkty zwi\u0105zane z rolnictwem. Jednym z g\u0142\u00f3wnych cel\u00f3w Targ\u00f3w Rolniczych 2026 jest prezentacja najnowszych osi\u0105gni\u0119\u0107 naukowych oraz technologicznych w dziedzinie rolnictwa. W trakcie tego [&hellip;]<\/p>\n","protected":false},"author":2,"featured_media":0,"parent":119,"menu_order":0,"comment_status":"closed","ping_status":"closed","template":"program.php","meta":{"footnotes":""},"class_list":["post-175","page","type-page","status-publish","hentry"],"acf":[],"yoast_head":"<!-- This site is optimized with the Yoast SEO plugin v26.2 - https:\/\/yoast.com\/wordpress\/plugins\/seo\/ -->\n<title>Najwa\u017cniejsze wydarzenie rolnicze w 2023 r. \u2013 Kalendarz targ\u00f3w<\/title>\n<meta name=\"description\" content=\"Na stronie mo\u017cesz zapozna\u0107 si\u0119 ze szczeg\u00f3\u0142owym kalendarzem wydarze\u0144 rolniczych na 2023 r. Dowiedz si\u0119 wszystkiego na temat organizowanych pokaz\u00f3w i spotka\u0144!\" \/>\n<meta name=\"robots\" content=\"index, follow, max-snippet:-1, max-image-preview:large, max-video-preview:-1\" \/>\n<link rel=\"canonical\" href=\"https:\/\/agroshow.pl\/zielone_agroshow\/dla-zwiedzajacych\/program-wydarzen\" \/>\n<meta property=\"og:locale\" content=\"pl_PL\" \/>\n<meta property=\"og:type\" content=\"article\" \/>\n<meta property=\"og:title\" content=\"Najwa\u017cniejsze wydarzenie rolnicze w 2023 r. \u2013 Kalendarz targ\u00f3w\" \/>\n<meta property=\"og:description\" content=\"Na stronie mo\u017cesz zapozna\u0107 si\u0119 ze szczeg\u00f3\u0142owym kalendarzem wydarze\u0144 rolniczych na 2023 r. Dowiedz si\u0119 wszystkiego na temat organizowanych pokaz\u00f3w i spotka\u0144!\" \/>\n<meta property=\"og:url\" content=\"https:\/\/agroshow.pl\/zielone_agroshow\/dla-zwiedzajacych\/program-wydarzen\" \/>\n<meta property=\"og:site_name\" content=\"ZIELONE AGRO SHOW\" \/>\n<meta property=\"article:modified_time\" content=\"2026-04-08T08:06:38+00:00\" \/>\n<meta name=\"twitter:card\" content=\"summary_large_image\" \/>\n<meta name=\"twitter:label1\" content=\"Szacowany czas czytania\" \/>\n\t<meta name=\"twitter:data1\" content=\"2 minuty\" \/>\n<script type=\"application\/ld+json\" class=\"yoast-schema-graph\">{\"@context\":\"https:\/\/schema.org\",\"@graph\":[{\"@type\":\"WebPage\",\"@id\":\"https:\/\/agroshow.pl\/zielone_agroshow\/dla-zwiedzajacych\/program-wydarzen\",\"url\":\"https:\/\/agroshow.pl\/zielone_agroshow\/dla-zwiedzajacych\/program-wydarzen\",\"name\":\"Najwa\u017cniejsze wydarzenie rolnicze w 2023 r. \u2013 Kalendarz targ\u00f3w\",\"isPartOf\":{\"@id\":\"https:\/\/agroshow.pl\/zielone_agroshow\/#website\"},\"datePublished\":\"2019-04-04T07:27:57+00:00\",\"dateModified\":\"2026-04-08T08:06:38+00:00\",\"description\":\"Na stronie mo\u017cesz zapozna\u0107 si\u0119 ze szczeg\u00f3\u0142owym kalendarzem wydarze\u0144 rolniczych na 2023 r. Dowiedz si\u0119 wszystkiego na temat organizowanych pokaz\u00f3w i spotka\u0144!\",\"breadcrumb\":{\"@id\":\"https:\/\/agroshow.pl\/zielone_agroshow\/dla-zwiedzajacych\/program-wydarzen#breadcrumb\"},\"inLanguage\":\"pl-PL\",\"potentialAction\":[{\"@type\":\"ReadAction\",\"target\":[\"https:\/\/agroshow.pl\/zielone_agroshow\/dla-zwiedzajacych\/program-wydarzen\"]}]},{\"@type\":\"BreadcrumbList\",\"@id\":\"https:\/\/agroshow.pl\/zielone_agroshow\/dla-zwiedzajacych\/program-wydarzen#breadcrumb\",\"itemListElement\":[{\"@type\":\"ListItem\",\"position\":1,\"name\":\"Strona g\u0142\u00f3wna\",\"item\":\"https:\/\/agroshow.pl\/zielone_agroshow\"},{\"@type\":\"ListItem\",\"position\":2,\"name\":\"Dla zwiedzaj\u0105cych\",\"item\":\"https:\/\/agroshow.pl\/zielone_agroshow\/dla-zwiedzajacych\"},{\"@type\":\"ListItem\",\"position\":3,\"name\":\"Program Wydarze\u0144 2026\"}]},{\"@type\":\"WebSite\",\"@id\":\"https:\/\/agroshow.pl\/zielone_agroshow\/#website\",\"url\":\"https:\/\/agroshow.pl\/zielone_agroshow\/\",\"name\":\"ZIELONE AGRO SHOW\",\"description\":\"ZIELONE AGRO SHOW jest pierwsz\u0105 imprez\u0105 w Polsce po\u015bwi\u0119con\u0105 nowoczesnej technice i technologii produkcji wysokiej jako\u015bci pasz zielonych dla byd\u0142a. Poza wystawcami oferuj\u0105cymi nowoczesne maszyny rolnicze odwiedzi\u0107 mo\u017cna tak\u017ce firmy produkuj\u0105ce nasiona, nawozy, pasze i dodatki paszowe, folie rolnicze, elementy wyposa\u017cenia budynk\u00f3w inwentarskich oraz wiele innych.\",\"potentialAction\":[{\"@type\":\"SearchAction\",\"target\":{\"@type\":\"EntryPoint\",\"urlTemplate\":\"https:\/\/agroshow.pl\/zielone_agroshow\/?s={search_term_string}\"},\"query-input\":{\"@type\":\"PropertyValueSpecification\",\"valueRequired\":true,\"valueName\":\"search_term_string\"}}],\"inLanguage\":\"pl-PL\"}]}<\/script>\n<!-- \/ Yoast SEO plugin. -->","yoast_head_json":{"title":"Najwa\u017cniejsze wydarzenie rolnicze w 2023 r. \u2013 Kalendarz targ\u00f3w","description":"Na stronie mo\u017cesz zapozna\u0107 si\u0119 ze szczeg\u00f3\u0142owym kalendarzem wydarze\u0144 rolniczych na 2023 r. Dowiedz si\u0119 wszystkiego na temat organizowanych pokaz\u00f3w i spotka\u0144!","robots":{"index":"index","follow":"follow","max-snippet":"max-snippet:-1","max-image-preview":"max-image-preview:large","max-video-preview":"max-video-preview:-1"},"canonical":"https:\/\/agroshow.pl\/zielone_agroshow\/dla-zwiedzajacych\/program-wydarzen","og_locale":"pl_PL","og_type":"article","og_title":"Najwa\u017cniejsze wydarzenie rolnicze w 2023 r. \u2013 Kalendarz targ\u00f3w","og_description":"Na stronie mo\u017cesz zapozna\u0107 si\u0119 ze szczeg\u00f3\u0142owym kalendarzem wydarze\u0144 rolniczych na 2023 r. Dowiedz si\u0119 wszystkiego na temat organizowanych pokaz\u00f3w i spotka\u0144!","og_url":"https:\/\/agroshow.pl\/zielone_agroshow\/dla-zwiedzajacych\/program-wydarzen","og_site_name":"ZIELONE AGRO SHOW","article_modified_time":"2026-04-08T08:06:38+00:00","twitter_card":"summary_large_image","twitter_misc":{"Szacowany czas czytania":"2 minuty"},"schema":{"@context":"https:\/\/schema.org","@graph":[{"@type":"WebPage","@id":"https:\/\/agroshow.pl\/zielone_agroshow\/dla-zwiedzajacych\/program-wydarzen","url":"https:\/\/agroshow.pl\/zielone_agroshow\/dla-zwiedzajacych\/program-wydarzen","name":"Najwa\u017cniejsze wydarzenie rolnicze w 2023 r. \u2013 Kalendarz targ\u00f3w","isPartOf":{"@id":"https:\/\/agroshow.pl\/zielone_agroshow\/#website"},"datePublished":"2019-04-04T07:27:57+00:00","dateModified":"2026-04-08T08:06:38+00:00","description":"Na stronie mo\u017cesz zapozna\u0107 si\u0119 ze szczeg\u00f3\u0142owym kalendarzem wydarze\u0144 rolniczych na 2023 r. Dowiedz si\u0119 wszystkiego na temat organizowanych pokaz\u00f3w i spotka\u0144!","breadcrumb":{"@id":"https:\/\/agroshow.pl\/zielone_agroshow\/dla-zwiedzajacych\/program-wydarzen#breadcrumb"},"inLanguage":"pl-PL","potentialAction":[{"@type":"ReadAction","target":["https:\/\/agroshow.pl\/zielone_agroshow\/dla-zwiedzajacych\/program-wydarzen"]}]},{"@type":"BreadcrumbList","@id":"https:\/\/agroshow.pl\/zielone_agroshow\/dla-zwiedzajacych\/program-wydarzen#breadcrumb","itemListElement":[{"@type":"ListItem","position":1,"name":"Strona g\u0142\u00f3wna","item":"https:\/\/agroshow.pl\/zielone_agroshow"},{"@type":"ListItem","position":2,"name":"Dla zwiedzaj\u0105cych","item":"https:\/\/agroshow.pl\/zielone_agroshow\/dla-zwiedzajacych"},{"@type":"ListItem","position":3,"name":"Program Wydarze\u0144 2026"}]},{"@type":"WebSite","@id":"https:\/\/agroshow.pl\/zielone_agroshow\/#website","url":"https:\/\/agroshow.pl\/zielone_agroshow\/","name":"ZIELONE AGRO SHOW","description":"ZIELONE AGRO SHOW jest pierwsz\u0105 imprez\u0105 w Polsce po\u015bwi\u0119con\u0105 nowoczesnej technice i technologii produkcji wysokiej jako\u015bci pasz zielonych dla byd\u0142a. Poza wystawcami oferuj\u0105cymi nowoczesne maszyny rolnicze odwiedzi\u0107 mo\u017cna tak\u017ce firmy produkuj\u0105ce nasiona, nawozy, pasze i dodatki paszowe, folie rolnicze, elementy wyposa\u017cenia budynk\u00f3w inwentarskich oraz wiele innych.","potentialAction":[{"@type":"SearchAction","target":{"@type":"EntryPoint","urlTemplate":"https:\/\/agroshow.pl\/zielone_agroshow\/?s={search_term_string}"},"query-input":{"@type":"PropertyValueSpecification","valueRequired":true,"valueName":"search_term_string"}}],"inLanguage":"pl-PL"}]}},"_links":{"self":[{"href":"https:\/\/agroshow.pl\/zielone_agroshow\/wp-json\/wp\/v2\/pages\/175","targetHints":{"allow":["GET"]}}],"collection":[{"href":"https:\/\/agroshow.pl\/zielone_agroshow\/wp-json\/wp\/v2\/pages"}],"about":[{"href":"https:\/\/agroshow.pl\/zielone_agroshow\/wp-json\/wp\/v2\/types\/page"}],"author":[{"embeddable":true,"href":"https:\/\/agroshow.pl\/zielone_agroshow\/wp-json\/wp\/v2\/users\/2"}],"replies":[{"embeddable":true,"href":"https:\/\/agroshow.pl\/zielone_agroshow\/wp-json\/wp\/v2\/comments?post=175"}],"version-history":[{"count":21,"href":"https:\/\/agroshow.pl\/zielone_agroshow\/wp-json\/wp\/v2\/pages\/175\/revisions"}],"predecessor-version":[{"id":7706,"href":"https:\/\/agroshow.pl\/zielone_agroshow\/wp-json\/wp\/v2\/pages\/175\/revisions\/7706"}],"up":[{"embeddable":true,"href":"https:\/\/agroshow.pl\/zielone_agroshow\/wp-json\/wp\/v2\/pages\/119"}],"wp:attachment":[{"href":"https:\/\/agroshow.pl\/zielone_agroshow\/wp-json\/wp\/v2\/media?parent=175"}],"curies":[{"name":"wp","href":"https:\/\/api.w.org\/{rel}","templated":true}]}}