{"id":310,"date":"2019-04-03T13:08:46","date_gmt":"2019-04-03T11:08:46","guid":{"rendered":"http:\/\/agroshow.getid.com.pl\/zielone\/formularze-zgloszeniowe\/"},"modified":"2026-02-05T10:43:52","modified_gmt":"2026-02-05T09:43:52","slug":"application-forms-2022","status":"publish","type":"page","link":"https:\/\/agroshow.pl\/zielone_agroshow\/en\/for-exhibitors\/application-forms-2022","title":{"rendered":"Application Forms 2026"},"content":{"rendered":"<p>Application forms for the GREEN AGRO SHOW 2026 Exhibition are only available in electronic version. Please feel free to download, fill out and print editable PDF files.<\/p>\n<p><strong>Conditions of participation in the Exhibition GREEN AGRO SHOW 2026:\u00a0<\/strong><br \/>1. <span class=\"tlid-translation translation\" lang=\"en\"><span class=\"\" title=\"\"> Sending the Organizer correctly filled out forms by April 10th, 2026.<\/span><\/span><br \/>2 Payment of the applicable fees based on pro forma invoice to the Organizers.<\/p>\n<a target=\"_blank\" href=\"https:\/\/agroshow.pl\/zielone_agroshow\/wp-content\/uploads\/2026\/02\/FORM-A-ZAS-2026-edyt.pdf\" class=\"file\"><span>FORM A - BASIC ORDER<\/span><\/a><a target=\"_blank\" href=\"https:\/\/agroshow.pl\/zielone_agroshow\/wp-content\/uploads\/2026\/02\/FORM-B-ZAS-2026-edyt.pdf\" class=\"file\"><span>FORM B - ADDITIONAL ORDER<\/span><\/a><a target=\"_blank\" href=\"https:\/\/agroshow.pl\/zielone_agroshow\/wp-content\/uploads\/2026\/02\/FORM-C-ZAS-2026-edyt.pdf\" class=\"file\"><span>FORM C - MACHINERY SHOW <\/span><\/a><a target=\"_blank\" href=\"https:\/\/agroshow.pl\/zielone_agroshow\/wp-content\/uploads\/2026\/02\/FORM-D-ZAS-2026-edyt.pdf\" class=\"file\"><span>FORM D - UNLOADING-LOADING<\/span><\/a>\n\n\n<p><strong>Application forms include:<\/strong><\/p>\n\n\n\n<h3 class=\"wp-block-heading\"> <strong>FORM A<\/strong> &#8211; BASIC ORDER <\/h3>\n\n\n\n<p>FORM A &#8211; unbuilt stand area (grassy surface); <br>FORM A1 &#8211; application of sub-exhibitors; <br>FORM A2 &#8211; obligatory entry in the catalogue; <\/p>\n\n\n\n<p><\/p>\n\n\n\n<h3 class=\"wp-block-heading\"><strong>FORM B<\/strong>&nbsp;&#8211; ADDITIONAL ORDER<br><\/h3>\n\n\n\n<ul class=\"wp-block-list\">\n<li> electric power, <\/li>\n\n\n\n<li> advertisement masts, <\/li>\n\n\n\n<li> additional accessories, <\/li>\n\n\n\n<li> individual protection of a stand, <\/li>\n\n\n\n<li> additional invitations to the exhibition, <\/li>\n\n\n\n<li> advertisement in the Exhibition Catalogue, <\/li>\n\n\n\n<li> banners on free standing frames by the driveways, <\/li>\n\n\n\n<li> car park for trucks. <\/li>\n<\/ul>\n\n\n\n<h3 class=\"wp-block-heading\"><strong>FORM&nbsp;C<\/strong>&nbsp;&#8211; MACHINERY SHOW <\/h3>\n\n\n\n<h3 class=\"wp-block-heading\"><strong>FORM D<\/strong> &#8211; UNLOADING-LOADING<\/h3>\n","protected":false},"excerpt":{"rendered":"<p>Application forms for the GREEN AGRO SHOW 2026 Exhibition are only available in electronic version. Please feel free to download, fill out and print editable PDF files. Conditions of participation in the Exhibition GREEN AGRO SHOW 2026:\u00a01. Sending the Organizer correctly filled out forms by April 10th, 2026.2 Payment of the applicable fees based on [&hellip;]<\/p>\n","protected":false},"author":2,"featured_media":0,"parent":1235,"menu_order":0,"comment_status":"closed","ping_status":"closed","template":"","meta":{"footnotes":""},"class_list":["post-310","page","type-page","status-publish","hentry"],"acf":[],"yoast_head":"<!-- This site is optimized with the Yoast SEO plugin v26.2 - https:\/\/yoast.com\/wordpress\/plugins\/seo\/ -->\n<title>Application Forms 2026 - ZIELONE AGRO SHOW<\/title>\n<meta name=\"robots\" content=\"index, follow, max-snippet:-1, max-image-preview:large, max-video-preview:-1\" \/>\n<link rel=\"canonical\" href=\"https:\/\/agroshow.pl\/zielone_agroshow\/en\/for-exhibitors\/application-forms-2022\" \/>\n<meta property=\"og:locale\" content=\"en_US\" \/>\n<meta property=\"og:type\" content=\"article\" \/>\n<meta property=\"og:title\" content=\"Application Forms 2026 - ZIELONE AGRO SHOW\" \/>\n<meta property=\"og:description\" content=\"Application forms for the GREEN AGRO SHOW 2026 Exhibition are only available in electronic version. Please feel free to download, fill out and print editable PDF files. Conditions of participation in the Exhibition GREEN AGRO SHOW 2026:\u00a01. Sending the Organizer correctly filled out forms by April 10th, 2026.2 Payment of the applicable fees based on [&hellip;]\" \/>\n<meta property=\"og:url\" content=\"https:\/\/agroshow.pl\/zielone_agroshow\/en\/for-exhibitors\/application-forms-2022\" \/>\n<meta property=\"og:site_name\" content=\"ZIELONE AGRO SHOW\" \/>\n<meta property=\"article:modified_time\" content=\"2026-02-05T09:43:52+00:00\" \/>\n<meta name=\"twitter:card\" content=\"summary_large_image\" \/>\n<meta name=\"twitter:label1\" content=\"Est. reading time\" \/>\n\t<meta name=\"twitter:data1\" content=\"1 minute\" \/>\n<script type=\"application\/ld+json\" class=\"yoast-schema-graph\">{\"@context\":\"https:\/\/schema.org\",\"@graph\":[{\"@type\":\"WebPage\",\"@id\":\"https:\/\/agroshow.pl\/zielone_agroshow\/en\/for-exhibitors\/application-forms-2022\",\"url\":\"https:\/\/agroshow.pl\/zielone_agroshow\/en\/for-exhibitors\/application-forms-2022\",\"name\":\"Application Forms 2026 - ZIELONE AGRO SHOW\",\"isPartOf\":{\"@id\":\"https:\/\/agroshow.pl\/zielone_agroshow\/en#website\"},\"datePublished\":\"2019-04-03T11:08:46+00:00\",\"dateModified\":\"2026-02-05T09:43:52+00:00\",\"breadcrumb\":{\"@id\":\"https:\/\/agroshow.pl\/zielone_agroshow\/en\/for-exhibitors\/application-forms-2022#breadcrumb\"},\"inLanguage\":\"en-US\",\"potentialAction\":[{\"@type\":\"ReadAction\",\"target\":[\"https:\/\/agroshow.pl\/zielone_agroshow\/en\/for-exhibitors\/application-forms-2022\"]}]},{\"@type\":\"BreadcrumbList\",\"@id\":\"https:\/\/agroshow.pl\/zielone_agroshow\/en\/for-exhibitors\/application-forms-2022#breadcrumb\",\"itemListElement\":[{\"@type\":\"ListItem\",\"position\":1,\"name\":\"Strona g\u0142\u00f3wna\",\"item\":\"https:\/\/agroshow.pl\/zielone_agroshow\/en\"},{\"@type\":\"ListItem\",\"position\":2,\"name\":\"For exhibitors\",\"item\":\"https:\/\/agroshow.pl\/zielone_agroshow\/en\/for-exhibitors\"},{\"@type\":\"ListItem\",\"position\":3,\"name\":\"Application Forms 2026\"}]},{\"@type\":\"WebSite\",\"@id\":\"https:\/\/agroshow.pl\/zielone_agroshow\/en#website\",\"url\":\"https:\/\/agroshow.pl\/zielone_agroshow\/en\",\"name\":\"ZIELONE AGRO SHOW\",\"description\":\"ZIELONE AGRO SHOW jest pierwsz\u0105 imprez\u0105 w Polsce po\u015bwi\u0119con\u0105 nowoczesnej technice i technologii produkcji wysokiej jako\u015bci pasz zielonych dla byd\u0142a. Poza wystawcami oferuj\u0105cymi nowoczesne maszyny rolnicze odwiedzi\u0107 mo\u017cna tak\u017ce firmy produkuj\u0105ce nasiona, nawozy, pasze i dodatki paszowe, folie rolnicze, elementy wyposa\u017cenia budynk\u00f3w inwentarskich oraz wiele innych.\",\"potentialAction\":[{\"@type\":\"SearchAction\",\"target\":{\"@type\":\"EntryPoint\",\"urlTemplate\":\"https:\/\/agroshow.pl\/zielone_agroshow\/en?s={search_term_string}\"},\"query-input\":{\"@type\":\"PropertyValueSpecification\",\"valueRequired\":true,\"valueName\":\"search_term_string\"}}],\"inLanguage\":\"en-US\"}]}<\/script>\n<!-- \/ Yoast SEO plugin. -->","yoast_head_json":{"title":"Application Forms 2026 - ZIELONE AGRO SHOW","robots":{"index":"index","follow":"follow","max-snippet":"max-snippet:-1","max-image-preview":"max-image-preview:large","max-video-preview":"max-video-preview:-1"},"canonical":"https:\/\/agroshow.pl\/zielone_agroshow\/en\/for-exhibitors\/application-forms-2022","og_locale":"en_US","og_type":"article","og_title":"Application Forms 2026 - ZIELONE AGRO SHOW","og_description":"Application forms for the GREEN AGRO SHOW 2026 Exhibition are only available in electronic version. Please feel free to download, fill out and print editable PDF files. Conditions of participation in the Exhibition GREEN AGRO SHOW 2026:\u00a01. Sending the Organizer correctly filled out forms by April 10th, 2026.2 Payment of the applicable fees based on [&hellip;]","og_url":"https:\/\/agroshow.pl\/zielone_agroshow\/en\/for-exhibitors\/application-forms-2022","og_site_name":"ZIELONE AGRO SHOW","article_modified_time":"2026-02-05T09:43:52+00:00","twitter_card":"summary_large_image","twitter_misc":{"Est. reading time":"1 minute"},"schema":{"@context":"https:\/\/schema.org","@graph":[{"@type":"WebPage","@id":"https:\/\/agroshow.pl\/zielone_agroshow\/en\/for-exhibitors\/application-forms-2022","url":"https:\/\/agroshow.pl\/zielone_agroshow\/en\/for-exhibitors\/application-forms-2022","name":"Application Forms 2026 - ZIELONE AGRO SHOW","isPartOf":{"@id":"https:\/\/agroshow.pl\/zielone_agroshow\/en#website"},"datePublished":"2019-04-03T11:08:46+00:00","dateModified":"2026-02-05T09:43:52+00:00","breadcrumb":{"@id":"https:\/\/agroshow.pl\/zielone_agroshow\/en\/for-exhibitors\/application-forms-2022#breadcrumb"},"inLanguage":"en-US","potentialAction":[{"@type":"ReadAction","target":["https:\/\/agroshow.pl\/zielone_agroshow\/en\/for-exhibitors\/application-forms-2022"]}]},{"@type":"BreadcrumbList","@id":"https:\/\/agroshow.pl\/zielone_agroshow\/en\/for-exhibitors\/application-forms-2022#breadcrumb","itemListElement":[{"@type":"ListItem","position":1,"name":"Strona g\u0142\u00f3wna","item":"https:\/\/agroshow.pl\/zielone_agroshow\/en"},{"@type":"ListItem","position":2,"name":"For exhibitors","item":"https:\/\/agroshow.pl\/zielone_agroshow\/en\/for-exhibitors"},{"@type":"ListItem","position":3,"name":"Application Forms 2026"}]},{"@type":"WebSite","@id":"https:\/\/agroshow.pl\/zielone_agroshow\/en#website","url":"https:\/\/agroshow.pl\/zielone_agroshow\/en","name":"ZIELONE AGRO SHOW","description":"ZIELONE AGRO SHOW jest pierwsz\u0105 imprez\u0105 w Polsce po\u015bwi\u0119con\u0105 nowoczesnej technice i technologii produkcji wysokiej jako\u015bci pasz zielonych dla byd\u0142a. Poza wystawcami oferuj\u0105cymi nowoczesne maszyny rolnicze odwiedzi\u0107 mo\u017cna tak\u017ce firmy produkuj\u0105ce nasiona, nawozy, pasze i dodatki paszowe, folie rolnicze, elementy wyposa\u017cenia budynk\u00f3w inwentarskich oraz wiele innych.","potentialAction":[{"@type":"SearchAction","target":{"@type":"EntryPoint","urlTemplate":"https:\/\/agroshow.pl\/zielone_agroshow\/en?s={search_term_string}"},"query-input":{"@type":"PropertyValueSpecification","valueRequired":true,"valueName":"search_term_string"}}],"inLanguage":"en-US"}]}},"_links":{"self":[{"href":"https:\/\/agroshow.pl\/zielone_agroshow\/en\/wp-json\/wp\/v2\/pages\/310","targetHints":{"allow":["GET"]}}],"collection":[{"href":"https:\/\/agroshow.pl\/zielone_agroshow\/en\/wp-json\/wp\/v2\/pages"}],"about":[{"href":"https:\/\/agroshow.pl\/zielone_agroshow\/en\/wp-json\/wp\/v2\/types\/page"}],"author":[{"embeddable":true,"href":"https:\/\/agroshow.pl\/zielone_agroshow\/en\/wp-json\/wp\/v2\/users\/2"}],"replies":[{"embeddable":true,"href":"https:\/\/agroshow.pl\/zielone_agroshow\/en\/wp-json\/wp\/v2\/comments?post=310"}],"version-history":[{"count":34,"href":"https:\/\/agroshow.pl\/zielone_agroshow\/en\/wp-json\/wp\/v2\/pages\/310\/revisions"}],"predecessor-version":[{"id":7606,"href":"https:\/\/agroshow.pl\/zielone_agroshow\/en\/wp-json\/wp\/v2\/pages\/310\/revisions\/7606"}],"up":[{"embeddable":true,"href":"https:\/\/agroshow.pl\/zielone_agroshow\/en\/wp-json\/wp\/v2\/pages\/1235"}],"wp:attachment":[{"href":"https:\/\/agroshow.pl\/zielone_agroshow\/en\/wp-json\/wp\/v2\/media?parent=310"}],"curies":[{"name":"wp","href":"https:\/\/api.w.org\/{rel}","templated":true}]}}