{"id":1534,"date":"2019-04-03T13:26:34","date_gmt":"2019-04-03T11:26:34","guid":{"rendered":"http:\/\/agroshow.getid.com.pl\/zielone\/dla-zwiedzajacych\/dojazd\/"},"modified":"2019-06-21T16:27:31","modified_gmt":"2019-06-21T14:27:31","slug":"travel","status":"publish","type":"page","link":"https:\/\/agroshow.pl\/zielone_agroshow\/en\/for-visitors\/travel","title":{"rendered":"Travel"},"content":{"rendered":"\n<p>Moto-Park<br>08-503 Nowodw\u00f3r (former airport U\u0142\u0119\u017c) <br>GPS 51.62248\u00b0N, 22.0883\u00b0E<\/p>\n","protected":false},"excerpt":{"rendered":"<p>Moto-Park08-503 Nowodw\u00f3r (former airport U\u0142\u0119\u017c) GPS 51.62248\u00b0N, 22.0883\u00b0E<\/p>\n","protected":false},"author":2,"featured_media":0,"parent":1528,"menu_order":0,"comment_status":"closed","ping_status":"closed","template":"dojazd.php","meta":{"footnotes":""},"class_list":["post-1534","page","type-page","status-publish","hentry"],"acf":[],"yoast_head":"<!-- This site is optimized with the Yoast SEO plugin v26.2 - https:\/\/yoast.com\/wordpress\/plugins\/seo\/ -->\n<title>Travel - ZIELONE AGRO SHOW<\/title>\n<meta name=\"robots\" content=\"index, follow, max-snippet:-1, max-image-preview:large, max-video-preview:-1\" \/>\n<link rel=\"canonical\" href=\"https:\/\/agroshow.pl\/zielone_agroshow\/en\/for-visitors\/travel\" \/>\n<meta property=\"og:locale\" content=\"en_US\" \/>\n<meta property=\"og:type\" content=\"article\" \/>\n<meta property=\"og:title\" content=\"Travel - ZIELONE AGRO SHOW\" \/>\n<meta property=\"og:description\" content=\"Moto-Park08-503 Nowodw\u00f3r (former airport U\u0142\u0119\u017c) GPS 51.62248\u00b0N, 22.0883\u00b0E\" \/>\n<meta property=\"og:url\" content=\"https:\/\/agroshow.pl\/zielone_agroshow\/en\/for-visitors\/travel\" \/>\n<meta property=\"og:site_name\" content=\"ZIELONE AGRO SHOW\" \/>\n<meta property=\"article:modified_time\" content=\"2019-06-21T14:27:31+00:00\" \/>\n<meta name=\"twitter:card\" content=\"summary_large_image\" \/>\n<script type=\"application\/ld+json\" class=\"yoast-schema-graph\">{\"@context\":\"https:\/\/schema.org\",\"@graph\":[{\"@type\":\"WebPage\",\"@id\":\"https:\/\/agroshow.pl\/zielone_agroshow\/en\/for-visitors\/travel\",\"url\":\"https:\/\/agroshow.pl\/zielone_agroshow\/en\/for-visitors\/travel\",\"name\":\"Travel - ZIELONE AGRO SHOW\",\"isPartOf\":{\"@id\":\"https:\/\/agroshow.pl\/zielone_agroshow\/en#website\"},\"datePublished\":\"2019-04-03T11:26:34+00:00\",\"dateModified\":\"2019-06-21T14:27:31+00:00\",\"breadcrumb\":{\"@id\":\"https:\/\/agroshow.pl\/zielone_agroshow\/en\/for-visitors\/travel#breadcrumb\"},\"inLanguage\":\"en-US\",\"potentialAction\":[{\"@type\":\"ReadAction\",\"target\":[\"https:\/\/agroshow.pl\/zielone_agroshow\/en\/for-visitors\/travel\"]}]},{\"@type\":\"BreadcrumbList\",\"@id\":\"https:\/\/agroshow.pl\/zielone_agroshow\/en\/for-visitors\/travel#breadcrumb\",\"itemListElement\":[{\"@type\":\"ListItem\",\"position\":1,\"name\":\"Strona g\u0142\u00f3wna\",\"item\":\"https:\/\/agroshow.pl\/zielone_agroshow\/en\"},{\"@type\":\"ListItem\",\"position\":2,\"name\":\"For visitors\",\"item\":\"https:\/\/agroshow.pl\/zielone_agroshow\/en\/for-visitors\"},{\"@type\":\"ListItem\",\"position\":3,\"name\":\"Travel\"}]},{\"@type\":\"WebSite\",\"@id\":\"https:\/\/agroshow.pl\/zielone_agroshow\/en#website\",\"url\":\"https:\/\/agroshow.pl\/zielone_agroshow\/en\",\"name\":\"ZIELONE AGRO SHOW\",\"description\":\"ZIELONE AGRO SHOW jest pierwsz\u0105 imprez\u0105 w Polsce po\u015bwi\u0119con\u0105 nowoczesnej technice i technologii produkcji wysokiej jako\u015bci pasz zielonych dla byd\u0142a. Poza wystawcami oferuj\u0105cymi nowoczesne maszyny rolnicze odwiedzi\u0107 mo\u017cna tak\u017ce firmy produkuj\u0105ce nasiona, nawozy, pasze i dodatki paszowe, folie rolnicze, elementy wyposa\u017cenia budynk\u00f3w inwentarskich oraz wiele innych.\",\"potentialAction\":[{\"@type\":\"SearchAction\",\"target\":{\"@type\":\"EntryPoint\",\"urlTemplate\":\"https:\/\/agroshow.pl\/zielone_agroshow\/en?s={search_term_string}\"},\"query-input\":{\"@type\":\"PropertyValueSpecification\",\"valueRequired\":true,\"valueName\":\"search_term_string\"}}],\"inLanguage\":\"en-US\"}]}<\/script>\n<!-- \/ Yoast SEO plugin. -->","yoast_head_json":{"title":"Travel - ZIELONE AGRO SHOW","robots":{"index":"index","follow":"follow","max-snippet":"max-snippet:-1","max-image-preview":"max-image-preview:large","max-video-preview":"max-video-preview:-1"},"canonical":"https:\/\/agroshow.pl\/zielone_agroshow\/en\/for-visitors\/travel","og_locale":"en_US","og_type":"article","og_title":"Travel - ZIELONE AGRO SHOW","og_description":"Moto-Park08-503 Nowodw\u00f3r (former airport U\u0142\u0119\u017c) GPS 51.62248\u00b0N, 22.0883\u00b0E","og_url":"https:\/\/agroshow.pl\/zielone_agroshow\/en\/for-visitors\/travel","og_site_name":"ZIELONE AGRO SHOW","article_modified_time":"2019-06-21T14:27:31+00:00","twitter_card":"summary_large_image","schema":{"@context":"https:\/\/schema.org","@graph":[{"@type":"WebPage","@id":"https:\/\/agroshow.pl\/zielone_agroshow\/en\/for-visitors\/travel","url":"https:\/\/agroshow.pl\/zielone_agroshow\/en\/for-visitors\/travel","name":"Travel - ZIELONE AGRO SHOW","isPartOf":{"@id":"https:\/\/agroshow.pl\/zielone_agroshow\/en#website"},"datePublished":"2019-04-03T11:26:34+00:00","dateModified":"2019-06-21T14:27:31+00:00","breadcrumb":{"@id":"https:\/\/agroshow.pl\/zielone_agroshow\/en\/for-visitors\/travel#breadcrumb"},"inLanguage":"en-US","potentialAction":[{"@type":"ReadAction","target":["https:\/\/agroshow.pl\/zielone_agroshow\/en\/for-visitors\/travel"]}]},{"@type":"BreadcrumbList","@id":"https:\/\/agroshow.pl\/zielone_agroshow\/en\/for-visitors\/travel#breadcrumb","itemListElement":[{"@type":"ListItem","position":1,"name":"Strona g\u0142\u00f3wna","item":"https:\/\/agroshow.pl\/zielone_agroshow\/en"},{"@type":"ListItem","position":2,"name":"For visitors","item":"https:\/\/agroshow.pl\/zielone_agroshow\/en\/for-visitors"},{"@type":"ListItem","position":3,"name":"Travel"}]},{"@type":"WebSite","@id":"https:\/\/agroshow.pl\/zielone_agroshow\/en#website","url":"https:\/\/agroshow.pl\/zielone_agroshow\/en","name":"ZIELONE AGRO SHOW","description":"ZIELONE AGRO SHOW jest pierwsz\u0105 imprez\u0105 w Polsce po\u015bwi\u0119con\u0105 nowoczesnej technice i technologii produkcji wysokiej jako\u015bci pasz zielonych dla byd\u0142a. Poza wystawcami oferuj\u0105cymi nowoczesne maszyny rolnicze odwiedzi\u0107 mo\u017cna tak\u017ce firmy produkuj\u0105ce nasiona, nawozy, pasze i dodatki paszowe, folie rolnicze, elementy wyposa\u017cenia budynk\u00f3w inwentarskich oraz wiele innych.","potentialAction":[{"@type":"SearchAction","target":{"@type":"EntryPoint","urlTemplate":"https:\/\/agroshow.pl\/zielone_agroshow\/en?s={search_term_string}"},"query-input":{"@type":"PropertyValueSpecification","valueRequired":true,"valueName":"search_term_string"}}],"inLanguage":"en-US"}]}},"_links":{"self":[{"href":"https:\/\/agroshow.pl\/zielone_agroshow\/en\/wp-json\/wp\/v2\/pages\/1534","targetHints":{"allow":["GET"]}}],"collection":[{"href":"https:\/\/agroshow.pl\/zielone_agroshow\/en\/wp-json\/wp\/v2\/pages"}],"about":[{"href":"https:\/\/agroshow.pl\/zielone_agroshow\/en\/wp-json\/wp\/v2\/types\/page"}],"author":[{"embeddable":true,"href":"https:\/\/agroshow.pl\/zielone_agroshow\/en\/wp-json\/wp\/v2\/users\/2"}],"replies":[{"embeddable":true,"href":"https:\/\/agroshow.pl\/zielone_agroshow\/en\/wp-json\/wp\/v2\/comments?post=1534"}],"version-history":[{"count":10,"href":"https:\/\/agroshow.pl\/zielone_agroshow\/en\/wp-json\/wp\/v2\/pages\/1534\/revisions"}],"predecessor-version":[{"id":3235,"href":"https:\/\/agroshow.pl\/zielone_agroshow\/en\/wp-json\/wp\/v2\/pages\/1534\/revisions\/3235"}],"up":[{"embeddable":true,"href":"https:\/\/agroshow.pl\/zielone_agroshow\/en\/wp-json\/wp\/v2\/pages\/1528"}],"wp:attachment":[{"href":"https:\/\/agroshow.pl\/zielone_agroshow\/en\/wp-json\/wp\/v2\/media?parent=1534"}],"curies":[{"name":"wp","href":"https:\/\/api.w.org\/{rel}","templated":true}]}}