{"id":1505,"date":"2019-04-03T13:10:17","date_gmt":"2019-04-03T11:10:17","guid":{"rendered":"http:\/\/agroshow.getid.com.pl\/zielone\/dla-wystawcow\/program-wydarzen\/"},"modified":"2024-05-07T10:01:39","modified_gmt":"2024-05-07T08:01:39","slug":"program-of-events-2019","status":"publish","type":"page","link":"https:\/\/agroshow.pl\/zielone_agroshow\/en\/for-exhibitors\/program-of-events-2019","title":{"rendered":"Program of events"},"content":{"rendered":"\r\n<h3 class=\"wp-block-heading\">Program wydarze\u0144 XXI mi\u0119dzynarodowej wystawy rolniczej AGRO SHOW 2019<\/h3>\r\n","protected":false},"excerpt":{"rendered":"<p>Program wydarze\u0144 XXI mi\u0119dzynarodowej wystawy rolniczej AGRO SHOW 2019<\/p>\n","protected":false},"author":2,"featured_media":0,"parent":1235,"menu_order":0,"comment_status":"closed","ping_status":"closed","template":"program.php","meta":{"footnotes":""},"class_list":["post-1505","page","type-page","status-publish","hentry"],"acf":[],"yoast_head":"<!-- This site is optimized with the Yoast SEO plugin v26.2 - https:\/\/yoast.com\/wordpress\/plugins\/seo\/ -->\n<title>Program of events - ZIELONE AGRO SHOW<\/title>\n<meta name=\"robots\" content=\"index, follow, max-snippet:-1, max-image-preview:large, max-video-preview:-1\" \/>\n<link rel=\"canonical\" href=\"https:\/\/agroshow.pl\/zielone_agroshow\/en\/for-exhibitors\/program-of-events-2019\" \/>\n<meta property=\"og:locale\" content=\"en_US\" \/>\n<meta property=\"og:type\" content=\"article\" \/>\n<meta property=\"og:title\" content=\"Program of events - ZIELONE AGRO SHOW\" \/>\n<meta property=\"og:description\" content=\"Program wydarze\u0144 XXI mi\u0119dzynarodowej wystawy rolniczej AGRO SHOW 2019\" \/>\n<meta property=\"og:url\" content=\"https:\/\/agroshow.pl\/zielone_agroshow\/en\/for-exhibitors\/program-of-events-2019\" \/>\n<meta property=\"og:site_name\" content=\"ZIELONE AGRO SHOW\" \/>\n<meta property=\"article:modified_time\" content=\"2024-05-07T08:01:39+00:00\" \/>\n<meta name=\"twitter:card\" content=\"summary_large_image\" \/>\n<script type=\"application\/ld+json\" class=\"yoast-schema-graph\">{\"@context\":\"https:\/\/schema.org\",\"@graph\":[{\"@type\":\"WebPage\",\"@id\":\"https:\/\/agroshow.pl\/zielone_agroshow\/en\/for-exhibitors\/program-of-events-2019\",\"url\":\"https:\/\/agroshow.pl\/zielone_agroshow\/en\/for-exhibitors\/program-of-events-2019\",\"name\":\"Program of events - ZIELONE AGRO SHOW\",\"isPartOf\":{\"@id\":\"https:\/\/agroshow.pl\/zielone_agroshow\/en#website\"},\"datePublished\":\"2019-04-03T11:10:17+00:00\",\"dateModified\":\"2024-05-07T08:01:39+00:00\",\"breadcrumb\":{\"@id\":\"https:\/\/agroshow.pl\/zielone_agroshow\/en\/for-exhibitors\/program-of-events-2019#breadcrumb\"},\"inLanguage\":\"en-US\",\"potentialAction\":[{\"@type\":\"ReadAction\",\"target\":[\"https:\/\/agroshow.pl\/zielone_agroshow\/en\/for-exhibitors\/program-of-events-2019\"]}]},{\"@type\":\"BreadcrumbList\",\"@id\":\"https:\/\/agroshow.pl\/zielone_agroshow\/en\/for-exhibitors\/program-of-events-2019#breadcrumb\",\"itemListElement\":[{\"@type\":\"ListItem\",\"position\":1,\"name\":\"Strona g\u0142\u00f3wna\",\"item\":\"https:\/\/agroshow.pl\/zielone_agroshow\/en\"},{\"@type\":\"ListItem\",\"position\":2,\"name\":\"For exhibitors\",\"item\":\"https:\/\/agroshow.pl\/zielone_agroshow\/en\/for-exhibitors\"},{\"@type\":\"ListItem\",\"position\":3,\"name\":\"Program of events\"}]},{\"@type\":\"WebSite\",\"@id\":\"https:\/\/agroshow.pl\/zielone_agroshow\/en#website\",\"url\":\"https:\/\/agroshow.pl\/zielone_agroshow\/en\",\"name\":\"ZIELONE AGRO SHOW\",\"description\":\"ZIELONE AGRO SHOW jest pierwsz\u0105 imprez\u0105 w Polsce po\u015bwi\u0119con\u0105 nowoczesnej technice i technologii produkcji wysokiej jako\u015bci pasz zielonych dla byd\u0142a. Poza wystawcami oferuj\u0105cymi nowoczesne maszyny rolnicze odwiedzi\u0107 mo\u017cna tak\u017ce firmy produkuj\u0105ce nasiona, nawozy, pasze i dodatki paszowe, folie rolnicze, elementy wyposa\u017cenia budynk\u00f3w inwentarskich oraz wiele innych.\",\"potentialAction\":[{\"@type\":\"SearchAction\",\"target\":{\"@type\":\"EntryPoint\",\"urlTemplate\":\"https:\/\/agroshow.pl\/zielone_agroshow\/en?s={search_term_string}\"},\"query-input\":{\"@type\":\"PropertyValueSpecification\",\"valueRequired\":true,\"valueName\":\"search_term_string\"}}],\"inLanguage\":\"en-US\"}]}<\/script>\n<!-- \/ Yoast SEO plugin. -->","yoast_head_json":{"title":"Program of events - ZIELONE AGRO SHOW","robots":{"index":"index","follow":"follow","max-snippet":"max-snippet:-1","max-image-preview":"max-image-preview:large","max-video-preview":"max-video-preview:-1"},"canonical":"https:\/\/agroshow.pl\/zielone_agroshow\/en\/for-exhibitors\/program-of-events-2019","og_locale":"en_US","og_type":"article","og_title":"Program of events - ZIELONE AGRO SHOW","og_description":"Program wydarze\u0144 XXI mi\u0119dzynarodowej wystawy rolniczej AGRO SHOW 2019","og_url":"https:\/\/agroshow.pl\/zielone_agroshow\/en\/for-exhibitors\/program-of-events-2019","og_site_name":"ZIELONE AGRO SHOW","article_modified_time":"2024-05-07T08:01:39+00:00","twitter_card":"summary_large_image","schema":{"@context":"https:\/\/schema.org","@graph":[{"@type":"WebPage","@id":"https:\/\/agroshow.pl\/zielone_agroshow\/en\/for-exhibitors\/program-of-events-2019","url":"https:\/\/agroshow.pl\/zielone_agroshow\/en\/for-exhibitors\/program-of-events-2019","name":"Program of events - ZIELONE AGRO SHOW","isPartOf":{"@id":"https:\/\/agroshow.pl\/zielone_agroshow\/en#website"},"datePublished":"2019-04-03T11:10:17+00:00","dateModified":"2024-05-07T08:01:39+00:00","breadcrumb":{"@id":"https:\/\/agroshow.pl\/zielone_agroshow\/en\/for-exhibitors\/program-of-events-2019#breadcrumb"},"inLanguage":"en-US","potentialAction":[{"@type":"ReadAction","target":["https:\/\/agroshow.pl\/zielone_agroshow\/en\/for-exhibitors\/program-of-events-2019"]}]},{"@type":"BreadcrumbList","@id":"https:\/\/agroshow.pl\/zielone_agroshow\/en\/for-exhibitors\/program-of-events-2019#breadcrumb","itemListElement":[{"@type":"ListItem","position":1,"name":"Strona g\u0142\u00f3wna","item":"https:\/\/agroshow.pl\/zielone_agroshow\/en"},{"@type":"ListItem","position":2,"name":"For exhibitors","item":"https:\/\/agroshow.pl\/zielone_agroshow\/en\/for-exhibitors"},{"@type":"ListItem","position":3,"name":"Program of events"}]},{"@type":"WebSite","@id":"https:\/\/agroshow.pl\/zielone_agroshow\/en#website","url":"https:\/\/agroshow.pl\/zielone_agroshow\/en","name":"ZIELONE AGRO SHOW","description":"ZIELONE AGRO SHOW jest pierwsz\u0105 imprez\u0105 w Polsce po\u015bwi\u0119con\u0105 nowoczesnej technice i technologii produkcji wysokiej jako\u015bci pasz zielonych dla byd\u0142a. Poza wystawcami oferuj\u0105cymi nowoczesne maszyny rolnicze odwiedzi\u0107 mo\u017cna tak\u017ce firmy produkuj\u0105ce nasiona, nawozy, pasze i dodatki paszowe, folie rolnicze, elementy wyposa\u017cenia budynk\u00f3w inwentarskich oraz wiele innych.","potentialAction":[{"@type":"SearchAction","target":{"@type":"EntryPoint","urlTemplate":"https:\/\/agroshow.pl\/zielone_agroshow\/en?s={search_term_string}"},"query-input":{"@type":"PropertyValueSpecification","valueRequired":true,"valueName":"search_term_string"}}],"inLanguage":"en-US"}]}},"_links":{"self":[{"href":"https:\/\/agroshow.pl\/zielone_agroshow\/en\/wp-json\/wp\/v2\/pages\/1505","targetHints":{"allow":["GET"]}}],"collection":[{"href":"https:\/\/agroshow.pl\/zielone_agroshow\/en\/wp-json\/wp\/v2\/pages"}],"about":[{"href":"https:\/\/agroshow.pl\/zielone_agroshow\/en\/wp-json\/wp\/v2\/types\/page"}],"author":[{"embeddable":true,"href":"https:\/\/agroshow.pl\/zielone_agroshow\/en\/wp-json\/wp\/v2\/users\/2"}],"replies":[{"embeddable":true,"href":"https:\/\/agroshow.pl\/zielone_agroshow\/en\/wp-json\/wp\/v2\/comments?post=1505"}],"version-history":[{"count":4,"href":"https:\/\/agroshow.pl\/zielone_agroshow\/en\/wp-json\/wp\/v2\/pages\/1505\/revisions"}],"predecessor-version":[{"id":5760,"href":"https:\/\/agroshow.pl\/zielone_agroshow\/en\/wp-json\/wp\/v2\/pages\/1505\/revisions\/5760"}],"up":[{"embeddable":true,"href":"https:\/\/agroshow.pl\/zielone_agroshow\/en\/wp-json\/wp\/v2\/pages\/1235"}],"wp:attachment":[{"href":"https:\/\/agroshow.pl\/zielone_agroshow\/en\/wp-json\/wp\/v2\/media?parent=1505"}],"curies":[{"name":"wp","href":"https:\/\/api.w.org\/{rel}","templated":true}]}}