{"id":9098,"date":"2022-08-02T11:17:24","date_gmt":"2022-08-02T09:17:24","guid":{"rendered":"https:\/\/agroshow.pl\/agroshow\/?page_id=9098"},"modified":"2026-02-19T12:03:55","modified_gmt":"2026-02-19T11:03:55","slug":"bilety-na-wystawe","status":"publish","type":"page","link":"https:\/\/agroshow.pl\/agroshow\/dla-zwiedzajacych\/bilety-na-wystawe","title":{"rendered":"Bilety na wystaw\u0119 2026"},"content":{"rendered":"\n<p>Wst\u0119p na wystaw\u0119 AGRO SHOW b\u0119dzie p\u0142atny. Zakup bilet\u00f3w online b\u0119dzie mo\u017cliwy ju\u017c wkr\u00f3tce. <br><\/p>\n\n\n\n<p>Bilety b\u0119d\u0105 dost\u0119pne r\u00f3wnie\u017c bezpo\u015brednio przed wystaw\u0105 w kasach przy wej\u015bciach na wystaw\u0119.<\/p>\n\n\n\n<p><\/p>\n\n\n\n\n\n\n\n\n<p><\/p>\n","protected":false},"excerpt":{"rendered":"<p>Wst\u0119p na wystaw\u0119 AGRO SHOW b\u0119dzie p\u0142atny. Zakup bilet\u00f3w online b\u0119dzie mo\u017cliwy ju\u017c wkr\u00f3tce. Bilety b\u0119d\u0105 dost\u0119pne r\u00f3wnie\u017c bezpo\u015brednio przed wystaw\u0105 w kasach przy wej\u015bciach na wystaw\u0119.<\/p>\n","protected":false},"author":5,"featured_media":0,"parent":119,"menu_order":0,"comment_status":"closed","ping_status":"closed","template":"","meta":{"inline_featured_image":false,"footnotes":""},"class_list":["post-9098","page","type-page","status-publish","hentry"],"acf":[],"yoast_head":"<!-- This site is optimized with the Yoast SEO plugin v26.2 - https:\/\/yoast.com\/wordpress\/plugins\/seo\/ -->\n<title>Bilety na wystaw\u0119 2026 - AGRO SHOW<\/title>\n<meta name=\"robots\" content=\"index, follow, max-snippet:-1, max-image-preview:large, max-video-preview:-1\" \/>\n<link rel=\"canonical\" href=\"https:\/\/agroshow.pl\/agroshow\/dla-zwiedzajacych\/bilety-na-wystawe\" \/>\n<meta property=\"og:locale\" content=\"pl_PL\" \/>\n<meta property=\"og:type\" content=\"article\" \/>\n<meta property=\"og:title\" content=\"Bilety na wystaw\u0119 2026 - AGRO SHOW\" \/>\n<meta property=\"og:description\" content=\"Wst\u0119p na wystaw\u0119 AGRO SHOW b\u0119dzie p\u0142atny. Zakup bilet\u00f3w online b\u0119dzie mo\u017cliwy ju\u017c wkr\u00f3tce. Bilety b\u0119d\u0105 dost\u0119pne r\u00f3wnie\u017c bezpo\u015brednio przed wystaw\u0105 w kasach przy wej\u015bciach na wystaw\u0119.\" \/>\n<meta property=\"og:url\" content=\"https:\/\/agroshow.pl\/agroshow\/dla-zwiedzajacych\/bilety-na-wystawe\" \/>\n<meta property=\"og:site_name\" content=\"AGRO SHOW\" \/>\n<meta property=\"article:modified_time\" content=\"2026-02-19T11:03:55+00:00\" \/>\n<meta name=\"twitter:card\" content=\"summary_large_image\" \/>\n<meta name=\"twitter:label1\" content=\"Szacowany czas czytania\" \/>\n\t<meta name=\"twitter:data1\" content=\"1 minuta\" \/>\n<script type=\"application\/ld+json\" class=\"yoast-schema-graph\">{\"@context\":\"https:\/\/schema.org\",\"@graph\":[{\"@type\":\"WebPage\",\"@id\":\"https:\/\/agroshow.pl\/agroshow\/dla-zwiedzajacych\/bilety-na-wystawe\",\"url\":\"https:\/\/agroshow.pl\/agroshow\/dla-zwiedzajacych\/bilety-na-wystawe\",\"name\":\"Bilety na wystaw\u0119 2026 - AGRO SHOW\",\"isPartOf\":{\"@id\":\"http:\/\/agroshow.pl\/agroshow\/#website\"},\"datePublished\":\"2022-08-02T09:17:24+00:00\",\"dateModified\":\"2026-02-19T11:03:55+00:00\",\"breadcrumb\":{\"@id\":\"https:\/\/agroshow.pl\/agroshow\/dla-zwiedzajacych\/bilety-na-wystawe#breadcrumb\"},\"inLanguage\":\"pl-PL\",\"potentialAction\":[{\"@type\":\"ReadAction\",\"target\":[\"https:\/\/agroshow.pl\/agroshow\/dla-zwiedzajacych\/bilety-na-wystawe\"]}]},{\"@type\":\"BreadcrumbList\",\"@id\":\"https:\/\/agroshow.pl\/agroshow\/dla-zwiedzajacych\/bilety-na-wystawe#breadcrumb\",\"itemListElement\":[{\"@type\":\"ListItem\",\"position\":1,\"name\":\"Strona g\u0142\u00f3wna\",\"item\":\"http:\/\/agroshow.pl\/agroshow\"},{\"@type\":\"ListItem\",\"position\":2,\"name\":\"Dla zwiedzaj\u0105cych\",\"item\":\"https:\/\/agroshow.pl\/agroshow\/dla-zwiedzajacych\"},{\"@type\":\"ListItem\",\"position\":3,\"name\":\"Bilety na wystaw\u0119 2026\"}]},{\"@type\":\"WebSite\",\"@id\":\"http:\/\/agroshow.pl\/agroshow\/#website\",\"url\":\"http:\/\/agroshow.pl\/agroshow\/\",\"name\":\"AGRO SHOW\",\"description\":\"Mi\u0119dzynarodowa Wystawa Rolnicza AGRO SHOW organizowana jest przez Polsk\u0105 Izb\u0119 Gospodarcz\u0105 Maszyn i Urz\u0105dze\u0144 Rolniczych od 1999 roku. AGRO SHOW od lat postrzegane jest jako doskona\u0142e miejsce prezentacji najnowszych i najnowocze\u015bniejszych maszyn i urz\u0105dze\u0144 rolniczych.\",\"potentialAction\":[{\"@type\":\"SearchAction\",\"target\":{\"@type\":\"EntryPoint\",\"urlTemplate\":\"http:\/\/agroshow.pl\/agroshow\/?s={search_term_string}\"},\"query-input\":{\"@type\":\"PropertyValueSpecification\",\"valueRequired\":true,\"valueName\":\"search_term_string\"}}],\"inLanguage\":\"pl-PL\"}]}<\/script>\n<!-- \/ Yoast SEO plugin. -->","yoast_head_json":{"title":"Bilety na wystaw\u0119 2026 - AGRO SHOW","robots":{"index":"index","follow":"follow","max-snippet":"max-snippet:-1","max-image-preview":"max-image-preview:large","max-video-preview":"max-video-preview:-1"},"canonical":"https:\/\/agroshow.pl\/agroshow\/dla-zwiedzajacych\/bilety-na-wystawe","og_locale":"pl_PL","og_type":"article","og_title":"Bilety na wystaw\u0119 2026 - AGRO SHOW","og_description":"Wst\u0119p na wystaw\u0119 AGRO SHOW b\u0119dzie p\u0142atny. Zakup bilet\u00f3w online b\u0119dzie mo\u017cliwy ju\u017c wkr\u00f3tce. Bilety b\u0119d\u0105 dost\u0119pne r\u00f3wnie\u017c bezpo\u015brednio przed wystaw\u0105 w kasach przy wej\u015bciach na wystaw\u0119.","og_url":"https:\/\/agroshow.pl\/agroshow\/dla-zwiedzajacych\/bilety-na-wystawe","og_site_name":"AGRO SHOW","article_modified_time":"2026-02-19T11:03:55+00:00","twitter_card":"summary_large_image","twitter_misc":{"Szacowany czas czytania":"1 minuta"},"schema":{"@context":"https:\/\/schema.org","@graph":[{"@type":"WebPage","@id":"https:\/\/agroshow.pl\/agroshow\/dla-zwiedzajacych\/bilety-na-wystawe","url":"https:\/\/agroshow.pl\/agroshow\/dla-zwiedzajacych\/bilety-na-wystawe","name":"Bilety na wystaw\u0119 2026 - AGRO SHOW","isPartOf":{"@id":"http:\/\/agroshow.pl\/agroshow\/#website"},"datePublished":"2022-08-02T09:17:24+00:00","dateModified":"2026-02-19T11:03:55+00:00","breadcrumb":{"@id":"https:\/\/agroshow.pl\/agroshow\/dla-zwiedzajacych\/bilety-na-wystawe#breadcrumb"},"inLanguage":"pl-PL","potentialAction":[{"@type":"ReadAction","target":["https:\/\/agroshow.pl\/agroshow\/dla-zwiedzajacych\/bilety-na-wystawe"]}]},{"@type":"BreadcrumbList","@id":"https:\/\/agroshow.pl\/agroshow\/dla-zwiedzajacych\/bilety-na-wystawe#breadcrumb","itemListElement":[{"@type":"ListItem","position":1,"name":"Strona g\u0142\u00f3wna","item":"http:\/\/agroshow.pl\/agroshow"},{"@type":"ListItem","position":2,"name":"Dla zwiedzaj\u0105cych","item":"https:\/\/agroshow.pl\/agroshow\/dla-zwiedzajacych"},{"@type":"ListItem","position":3,"name":"Bilety na wystaw\u0119 2026"}]},{"@type":"WebSite","@id":"http:\/\/agroshow.pl\/agroshow\/#website","url":"http:\/\/agroshow.pl\/agroshow\/","name":"AGRO SHOW","description":"Mi\u0119dzynarodowa Wystawa Rolnicza AGRO SHOW organizowana jest przez Polsk\u0105 Izb\u0119 Gospodarcz\u0105 Maszyn i Urz\u0105dze\u0144 Rolniczych od 1999 roku. AGRO SHOW od lat postrzegane jest jako doskona\u0142e miejsce prezentacji najnowszych i najnowocze\u015bniejszych maszyn i urz\u0105dze\u0144 rolniczych.","potentialAction":[{"@type":"SearchAction","target":{"@type":"EntryPoint","urlTemplate":"http:\/\/agroshow.pl\/agroshow\/?s={search_term_string}"},"query-input":{"@type":"PropertyValueSpecification","valueRequired":true,"valueName":"search_term_string"}}],"inLanguage":"pl-PL"}]}},"_links":{"self":[{"href":"https:\/\/agroshow.pl\/agroshow\/wp-json\/wp\/v2\/pages\/9098","targetHints":{"allow":["GET"]}}],"collection":[{"href":"https:\/\/agroshow.pl\/agroshow\/wp-json\/wp\/v2\/pages"}],"about":[{"href":"https:\/\/agroshow.pl\/agroshow\/wp-json\/wp\/v2\/types\/page"}],"author":[{"embeddable":true,"href":"https:\/\/agroshow.pl\/agroshow\/wp-json\/wp\/v2\/users\/5"}],"replies":[{"embeddable":true,"href":"https:\/\/agroshow.pl\/agroshow\/wp-json\/wp\/v2\/comments?post=9098"}],"version-history":[{"count":37,"href":"https:\/\/agroshow.pl\/agroshow\/wp-json\/wp\/v2\/pages\/9098\/revisions"}],"predecessor-version":[{"id":16013,"href":"https:\/\/agroshow.pl\/agroshow\/wp-json\/wp\/v2\/pages\/9098\/revisions\/16013"}],"up":[{"embeddable":true,"href":"https:\/\/agroshow.pl\/agroshow\/wp-json\/wp\/v2\/pages\/119"}],"wp:attachment":[{"href":"https:\/\/agroshow.pl\/agroshow\/wp-json\/wp\/v2\/media?parent=9098"}],"curies":[{"name":"wp","href":"https:\/\/api.w.org\/{rel}","templated":true}]}}