{"id":87,"date":"2019-04-03T13:11:40","date_gmt":"2019-04-03T11:11:40","guid":{"rendered":"http:\/\/agroshow.getid.com.pl\/?page_id=87"},"modified":"2026-03-12T09:13:15","modified_gmt":"2026-03-12T08:13:15","slug":"dofinansowanie-dla-grup","status":"publish","type":"page","link":"https:\/\/agroshow.pl\/agroshow\/dla-zwiedzajacych\/dofinansowanie-dla-grup","title":{"rendered":"Dofinansowanie dla grup-dost\u0119pne wkr\u00f3tce"},"content":{"rendered":"\n<h3 class=\"wp-block-heading\">Dofinansowanie przyjazdu zorganizowanej grupy rolnik\u00f3w. <\/h3>\n\n\n\n<p>Organizatorem przyjazdu mo\u017ce by\u0107 ka\u017cdy podmiot. <\/p>\n\n\n\n<p>Polska Izba Gospodarcza Maszyn i Urz\u0105dze\u0144 Rolniczych jak co roku przyznaje dofinansowanie do przyjazdu zorganizowanej grupy os\u00f3b na wystaw\u0119 AGRO SHOW.  <\/p>\n\n\n\n<p>Dop\u0142ata nast\u0119puje do ka\u017cdego  zg\u0142oszonego autokaru. O jej wysoko\u015bci decyduje miejsce wyjazdu \u2013 wg  tabeli za\u0142\u0105czonej poni\u017cej. Za miejsce wyjazdu grupy uznawana jest  siedziba organizatora (powiat). <\/p>\n\n\n\n<p><strong>UWAGA!!! &#8211; dofinansowanie dla szk\u00f3\u0142 mo\u017cliwe jest wy\u0142\u0105cznie w pi\u0105tek <\/strong><\/p>\n\n\n\n<p>Zg\u0142oszenie grupy mo\u017cliwe b\u0119dzie po przyje\u017adzie na wystaw\u0119 w Biurze Wystawy.<\/p>\n\n\n\n<p>Przyje\u017cd\u017caj\u0105c na wystaw\u0119 prosz\u0119 zabra\u0107: kart\u0119 zg\u0142oszenia, listy uczestnik\u00f3w. Dokumenty dost\u0119pne s\u0105 poni\u017cej, prosz\u0119 je wydrukowa\u0107 i uzupe\u0142ni\u0107.<br>Na parkingu otrzymaj\u0105 Pa\u0144stwo kwit od parkingowego. Ze wszystkimi dokumentami nale\u017cy uda\u0107 si\u0119 do Biura Wystawy.<\/p>\n\n\n\n<p><\/p>\n\n\n\n<p class=\"has-text-align-center\"><\/p>\n\n\n\n<p><strong>UWAGA!!! Wst\u0119p na wystaw\u0119 jest p\u0142atny. Aby nie sta\u0107 w kolejce przed wej\u015bciem na wystaw\u0119, prosimy zadba\u0107 o to, by uczestnicy wyjazdu kupili wcze\u015bniej bilety przez internet. <\/strong>Bilety ulgowe przys\u0142uguj\u0105 m\u0142odzie\u017cy ucz\u0105cej si\u0119 w wieku do 26 lat. Dzieci i m\u0142odzie\u017c w wieku do 15 lat wst\u0119p na wystaw\u0119 maj\u0105 bezp\u0142atny. W przypadku os\u00f3b z biletami ulgowymi i wej\u015bciami za darmo konieczne jest okazanie legitymacji szkolnej lub studenckiej. <\/p>\n\n\n\n<p><\/p>\n\n\n\n<p>FORMULARZE DOST\u0118PNE WKR\u00d3TCE<\/p>\n\n\n\n<p><\/p>\n\n\n\n<hr class=\"wp-block-separator has-css-opacity\"\/>\n\n\n\n<p class=\"has-text-align-center\"><\/p>\n\n\n\n<p><\/p>\n\n\n\n<p><\/p>\n","protected":false},"excerpt":{"rendered":"<p>Dofinansowanie przyjazdu zorganizowanej grupy rolnik\u00f3w. Organizatorem przyjazdu mo\u017ce by\u0107 ka\u017cdy podmiot. Polska Izba Gospodarcza Maszyn i Urz\u0105dze\u0144 Rolniczych jak co roku przyznaje dofinansowanie do przyjazdu zorganizowanej grupy os\u00f3b na wystaw\u0119 AGRO SHOW. Dop\u0142ata nast\u0119puje do ka\u017cdego zg\u0142oszonego autokaru. O jej wysoko\u015bci decyduje miejsce wyjazdu \u2013 wg tabeli za\u0142\u0105czonej poni\u017cej. Za miejsce wyjazdu grupy uznawana jest [&hellip;]<\/p>\n","protected":false},"author":2,"featured_media":0,"parent":119,"menu_order":0,"comment_status":"closed","ping_status":"closed","template":"","meta":{"inline_featured_image":false,"footnotes":""},"class_list":["post-87","page","type-page","status-publish","hentry"],"acf":[],"yoast_head":"<!-- This site is optimized with the Yoast SEO plugin v26.2 - https:\/\/yoast.com\/wordpress\/plugins\/seo\/ -->\n<title>Dofinansowanie dla grup-dost\u0119pne wkr\u00f3tce - AGRO SHOW<\/title>\n<meta name=\"description\" content=\"Polska Izba Gospodarcza Maszyn i Urz\u0105dze\u0144 Rolniczych organizuje dofinansowanie dla grup zwiedzaj\u0105cych, chc\u0105cych pojawi\u0107 si\u0119 na AGRO SHOW.\" \/>\n<meta name=\"robots\" content=\"index, follow, max-snippet:-1, max-image-preview:large, max-video-preview:-1\" \/>\n<link rel=\"canonical\" href=\"https:\/\/agroshow.pl\/agroshow\/dla-zwiedzajacych\/dofinansowanie-dla-grup\" \/>\n<meta property=\"og:locale\" content=\"pl_PL\" \/>\n<meta property=\"og:type\" content=\"article\" \/>\n<meta property=\"og:title\" content=\"Dofinansowanie dla grup-dost\u0119pne wkr\u00f3tce - AGRO SHOW\" \/>\n<meta property=\"og:description\" content=\"Polska Izba Gospodarcza Maszyn i Urz\u0105dze\u0144 Rolniczych organizuje dofinansowanie dla grup zwiedzaj\u0105cych, chc\u0105cych pojawi\u0107 si\u0119 na AGRO SHOW.\" \/>\n<meta property=\"og:url\" content=\"https:\/\/agroshow.pl\/agroshow\/dla-zwiedzajacych\/dofinansowanie-dla-grup\" \/>\n<meta property=\"og:site_name\" content=\"AGRO SHOW\" \/>\n<meta property=\"article:modified_time\" content=\"2026-03-12T08:13:15+00:00\" \/>\n<meta name=\"twitter:card\" content=\"summary_large_image\" \/>\n<meta name=\"twitter:label1\" content=\"Szacowany czas czytania\" \/>\n\t<meta name=\"twitter:data1\" content=\"2 minuty\" \/>\n<script type=\"application\/ld+json\" class=\"yoast-schema-graph\">{\"@context\":\"https:\/\/schema.org\",\"@graph\":[{\"@type\":\"WebPage\",\"@id\":\"https:\/\/agroshow.pl\/agroshow\/dla-zwiedzajacych\/dofinansowanie-dla-grup\",\"url\":\"https:\/\/agroshow.pl\/agroshow\/dla-zwiedzajacych\/dofinansowanie-dla-grup\",\"name\":\"Dofinansowanie dla grup-dost\u0119pne wkr\u00f3tce - AGRO SHOW\",\"isPartOf\":{\"@id\":\"http:\/\/agroshow.pl\/agroshow\/#website\"},\"datePublished\":\"2019-04-03T11:11:40+00:00\",\"dateModified\":\"2026-03-12T08:13:15+00:00\",\"description\":\"Polska Izba Gospodarcza Maszyn i Urz\u0105dze\u0144 Rolniczych organizuje dofinansowanie dla grup zwiedzaj\u0105cych, chc\u0105cych pojawi\u0107 si\u0119 na AGRO SHOW.\",\"breadcrumb\":{\"@id\":\"https:\/\/agroshow.pl\/agroshow\/dla-zwiedzajacych\/dofinansowanie-dla-grup#breadcrumb\"},\"inLanguage\":\"pl-PL\",\"potentialAction\":[{\"@type\":\"ReadAction\",\"target\":[\"https:\/\/agroshow.pl\/agroshow\/dla-zwiedzajacych\/dofinansowanie-dla-grup\"]}]},{\"@type\":\"BreadcrumbList\",\"@id\":\"https:\/\/agroshow.pl\/agroshow\/dla-zwiedzajacych\/dofinansowanie-dla-grup#breadcrumb\",\"itemListElement\":[{\"@type\":\"ListItem\",\"position\":1,\"name\":\"Strona g\u0142\u00f3wna\",\"item\":\"http:\/\/agroshow.pl\/agroshow\"},{\"@type\":\"ListItem\",\"position\":2,\"name\":\"Dla zwiedzaj\u0105cych\",\"item\":\"https:\/\/agroshow.pl\/agroshow\/dla-zwiedzajacych\"},{\"@type\":\"ListItem\",\"position\":3,\"name\":\"Dofinansowanie dla grup-dost\u0119pne wkr\u00f3tce\"}]},{\"@type\":\"WebSite\",\"@id\":\"http:\/\/agroshow.pl\/agroshow\/#website\",\"url\":\"http:\/\/agroshow.pl\/agroshow\/\",\"name\":\"AGRO SHOW\",\"description\":\"Mi\u0119dzynarodowa Wystawa Rolnicza AGRO SHOW organizowana jest przez Polsk\u0105 Izb\u0119 Gospodarcz\u0105 Maszyn i Urz\u0105dze\u0144 Rolniczych od 1999 roku. AGRO SHOW od lat postrzegane jest jako doskona\u0142e miejsce prezentacji najnowszych i najnowocze\u015bniejszych maszyn i urz\u0105dze\u0144 rolniczych.\",\"potentialAction\":[{\"@type\":\"SearchAction\",\"target\":{\"@type\":\"EntryPoint\",\"urlTemplate\":\"http:\/\/agroshow.pl\/agroshow\/?s={search_term_string}\"},\"query-input\":{\"@type\":\"PropertyValueSpecification\",\"valueRequired\":true,\"valueName\":\"search_term_string\"}}],\"inLanguage\":\"pl-PL\"}]}<\/script>\n<!-- \/ Yoast SEO plugin. -->","yoast_head_json":{"title":"Dofinansowanie dla grup-dost\u0119pne wkr\u00f3tce - AGRO SHOW","description":"Polska Izba Gospodarcza Maszyn i Urz\u0105dze\u0144 Rolniczych organizuje dofinansowanie dla grup zwiedzaj\u0105cych, chc\u0105cych pojawi\u0107 si\u0119 na AGRO SHOW.","robots":{"index":"index","follow":"follow","max-snippet":"max-snippet:-1","max-image-preview":"max-image-preview:large","max-video-preview":"max-video-preview:-1"},"canonical":"https:\/\/agroshow.pl\/agroshow\/dla-zwiedzajacych\/dofinansowanie-dla-grup","og_locale":"pl_PL","og_type":"article","og_title":"Dofinansowanie dla grup-dost\u0119pne wkr\u00f3tce - AGRO SHOW","og_description":"Polska Izba Gospodarcza Maszyn i Urz\u0105dze\u0144 Rolniczych organizuje dofinansowanie dla grup zwiedzaj\u0105cych, chc\u0105cych pojawi\u0107 si\u0119 na AGRO SHOW.","og_url":"https:\/\/agroshow.pl\/agroshow\/dla-zwiedzajacych\/dofinansowanie-dla-grup","og_site_name":"AGRO SHOW","article_modified_time":"2026-03-12T08:13:15+00:00","twitter_card":"summary_large_image","twitter_misc":{"Szacowany czas czytania":"2 minuty"},"schema":{"@context":"https:\/\/schema.org","@graph":[{"@type":"WebPage","@id":"https:\/\/agroshow.pl\/agroshow\/dla-zwiedzajacych\/dofinansowanie-dla-grup","url":"https:\/\/agroshow.pl\/agroshow\/dla-zwiedzajacych\/dofinansowanie-dla-grup","name":"Dofinansowanie dla grup-dost\u0119pne wkr\u00f3tce - AGRO SHOW","isPartOf":{"@id":"http:\/\/agroshow.pl\/agroshow\/#website"},"datePublished":"2019-04-03T11:11:40+00:00","dateModified":"2026-03-12T08:13:15+00:00","description":"Polska Izba Gospodarcza Maszyn i Urz\u0105dze\u0144 Rolniczych organizuje dofinansowanie dla grup zwiedzaj\u0105cych, chc\u0105cych pojawi\u0107 si\u0119 na AGRO SHOW.","breadcrumb":{"@id":"https:\/\/agroshow.pl\/agroshow\/dla-zwiedzajacych\/dofinansowanie-dla-grup#breadcrumb"},"inLanguage":"pl-PL","potentialAction":[{"@type":"ReadAction","target":["https:\/\/agroshow.pl\/agroshow\/dla-zwiedzajacych\/dofinansowanie-dla-grup"]}]},{"@type":"BreadcrumbList","@id":"https:\/\/agroshow.pl\/agroshow\/dla-zwiedzajacych\/dofinansowanie-dla-grup#breadcrumb","itemListElement":[{"@type":"ListItem","position":1,"name":"Strona g\u0142\u00f3wna","item":"http:\/\/agroshow.pl\/agroshow"},{"@type":"ListItem","position":2,"name":"Dla zwiedzaj\u0105cych","item":"https:\/\/agroshow.pl\/agroshow\/dla-zwiedzajacych"},{"@type":"ListItem","position":3,"name":"Dofinansowanie dla grup-dost\u0119pne wkr\u00f3tce"}]},{"@type":"WebSite","@id":"http:\/\/agroshow.pl\/agroshow\/#website","url":"http:\/\/agroshow.pl\/agroshow\/","name":"AGRO SHOW","description":"Mi\u0119dzynarodowa Wystawa Rolnicza AGRO SHOW organizowana jest przez Polsk\u0105 Izb\u0119 Gospodarcz\u0105 Maszyn i Urz\u0105dze\u0144 Rolniczych od 1999 roku. AGRO SHOW od lat postrzegane jest jako doskona\u0142e miejsce prezentacji najnowszych i najnowocze\u015bniejszych maszyn i urz\u0105dze\u0144 rolniczych.","potentialAction":[{"@type":"SearchAction","target":{"@type":"EntryPoint","urlTemplate":"http:\/\/agroshow.pl\/agroshow\/?s={search_term_string}"},"query-input":{"@type":"PropertyValueSpecification","valueRequired":true,"valueName":"search_term_string"}}],"inLanguage":"pl-PL"}]}},"_links":{"self":[{"href":"https:\/\/agroshow.pl\/agroshow\/wp-json\/wp\/v2\/pages\/87","targetHints":{"allow":["GET"]}}],"collection":[{"href":"https:\/\/agroshow.pl\/agroshow\/wp-json\/wp\/v2\/pages"}],"about":[{"href":"https:\/\/agroshow.pl\/agroshow\/wp-json\/wp\/v2\/types\/page"}],"author":[{"embeddable":true,"href":"https:\/\/agroshow.pl\/agroshow\/wp-json\/wp\/v2\/users\/2"}],"replies":[{"embeddable":true,"href":"https:\/\/agroshow.pl\/agroshow\/wp-json\/wp\/v2\/comments?post=87"}],"version-history":[{"count":142,"href":"https:\/\/agroshow.pl\/agroshow\/wp-json\/wp\/v2\/pages\/87\/revisions"}],"predecessor-version":[{"id":16063,"href":"https:\/\/agroshow.pl\/agroshow\/wp-json\/wp\/v2\/pages\/87\/revisions\/16063"}],"up":[{"embeddable":true,"href":"https:\/\/agroshow.pl\/agroshow\/wp-json\/wp\/v2\/pages\/119"}],"wp:attachment":[{"href":"https:\/\/agroshow.pl\/agroshow\/wp-json\/wp\/v2\/media?parent=87"}],"curies":[{"name":"wp","href":"https:\/\/api.w.org\/{rel}","templated":true}]}}