{"id":77,"date":"2019-04-03T13:08:46","date_gmt":"2019-04-03T11:08:46","guid":{"rendered":"http:\/\/agroshow.getid.com.pl\/?page_id=77"},"modified":"2026-03-02T12:41:59","modified_gmt":"2026-03-02T11:41:59","slug":"formularze-zgloszeniowe","status":"publish","type":"page","link":"https:\/\/agroshow.pl\/agroshow\/dla-wystawcow\/formularze-zgloszeniowe","title":{"rendered":"Formularze zg\u0142oszeniowe 2026"},"content":{"rendered":"<p>Formularze zg\u0142oszeniowe na wystaw\u0119 AGRO SHOW dost\u0119pne s\u0105 jedynie w wersji elektronicznej.\u00a0Uprzejmie prosimy o\u00a0pobranie, wype\u0142nienie i wydrukowanie edytowalnych w programie Adobe Reader plik\u00f3w PDF.\u00a0<\/p>\n<p><strong>Termin przysy\u0142ania zg\u0142osze\u0144 z rabatem -24 kwietnia 2026r.<\/strong><\/p>\n<p><strong>Warunkiem udzia\u0142u w Wystawie AGRO SHOW 2026 jest:<\/strong><br \/>1. Przes\u0142anie Organizatorowi prawid\u0142owo wype\u0142nionych formularzy <strong>do dnia 29 maja 2026r<\/strong>.<br \/>2. Wniesienie stosownych op\u0142at po otrzymaniu od Organizatora faktury pro-forma.<\/p>\n<p><strong>Ka\u017cdy wystawca musi przes\u0142a\u0107 wype\u0142nione formularze: A str. 1 i 2, A2 str. 1 i 2, formularz z powierzchni\u0105 stoiska (A3 lub A4 lub A5) oraz SPECYFIKACJ\u0118 OFEROWANYCH PRODUKT\u00d3W (za\u0142\u0105cznik znajduje si\u0119 poni\u017cej w drugim wierszu pod Formularzem A)<br \/><\/strong><\/p>\n<a target=\"_blank\" href=\"https:\/\/agroshow.pl\/agroshow\/wp-content\/uploads\/2026\/02\/AGRO-SHOW-2026-FORM-A-edyt.pdf\" class=\"file\"><span>Formularz A - zg\u0142oszenie podstawowe<\/span><\/a><a target=\"_blank\" href=\"https:\/\/agroshow.pl\/agroshow\/wp-content\/uploads\/2023\/06\/SPECYFIKACJA-OFEROWANYCH-PRODUKTOW.pdf\" class=\"file\"><span>SPECYFIKACJA OFEROWANYCH PRODUKT\u00d3W - za\u0142\u0105cznik do formularza A2 <\/span><\/a><a target=\"_blank\" href=\"https:\/\/agroshow.pl\/agroshow\/wp-content\/uploads\/2026\/02\/AGRO-SHOW-2026-FORM-B-edyt.pdf\" class=\"file\"><span>Formularz B - zg\u0142oszenie dodatkowe<\/span><\/a><a target=\"_blank\" href=\"https:\/\/agroshow.pl\/agroshow\/wp-content\/uploads\/2026\/02\/AGRO-SHOW-2026-FORM-C-edyt.pdf\" class=\"file\"><span>Formularz C1 - zg\u0142oszenie udzia\u0142u w ekspozycji maszyn na pasie startowym<\/span><\/a><a target=\"_blank\" href=\"\" class=\"file\"><span>Formularz C2 - Formularz dotycz\u0105cy zg\u0142oszenia udzia\u0142u w pokazach maszyn dost\u0119pny wkr\u00f3tce<\/span><\/a><a target=\"_blank\" href=\"https:\/\/agroshow.pl\/agroshow\/wp-content\/uploads\/2026\/02\/AGRO-SHOW-2026-FORM-D-edyt.pdf\" class=\"file\"><span>Formularz D - zam\u00f3wienie us\u0142ug spedycyjnych; zezwolenie na wjazd d\u017awigu<\/span><\/a><a target=\"_blank\" href=\"https:\/\/agroshow.pl\/agroshow\/wp-content\/uploads\/2026\/02\/AGRO-SHOW-2026-FORM-E-edyt.pdf\" class=\"file\"><span>Formularz E - Zg\u0142oszenie wcze\u015bniejszego monta\u017cu<\/span><\/a><a target=\"_blank\" href=\"\" class=\"file\"><span>Formularz Wirtualny Spacer- dost\u0119pny wkr\u00f3tce<\/span><\/a><a target=\"_blank\" href=\"\" class=\"file\"><span>Formularz dotycz\u0105cy zam\u00f3wie\u0144 kabin sanitarnych b\u0119dzie dost\u0119pny wkr\u00f3tce<\/span><\/a>\n\n\n<p> <strong>Zg\u0142oszenie udzia\u0142u obejmuje: <\/strong><\/p>\n\n\n\n<h3 class=\"wp-block-heading\"><strong>Formularz A<\/strong> <\/h3>\n\n\n\n<p><strong>Formularz A<\/strong> \u2013 dane Wystawcy;<br><strong>Formularz A1<\/strong> \u2013 zg\u0142oszenie Podwystawcy;<br><strong>Formularz A2<\/strong> \u2013 obowi\u0105zkowy wpis do Katalogu Wystawy w wersji elektronicznej; wykaz dealer\u00f3w obecnych na stoisku<br><strong>Formularz A3<\/strong> \u2013 zam\u00f3wienie stoiska niezabudowanego przy pasie startowym;<br><strong>Formularz A4<\/strong> \u2013 zam\u00f3wienie stoiska niezabudowanego poza pasem startowym;<br><strong>Formularz A5<\/strong>  &#8211; zam\u00f3wienie powierzchni zabudowanej w hali namiotowej.<br><strong>Formularz A6<\/strong>  &#8211; zg\u0142oszenie wykonawcy stoiska. <\/p>\n\n\n\n<p><\/p>\n\n\n\n<h3 class=\"wp-block-heading\"><strong>Formularz B<\/strong> <br><\/h3>\n\n\n\n<ul class=\"wp-block-list\">\n<li>zam\u00f3wienie energii elektrycznej,<\/li>\n\n\n\n<li>logo wystawcy na planach wystawy w wersji elektronicznej,<\/li>\n\n\n\n<li>Internet na stoisku,<\/li>\n\n\n\n<li>sprz\u0105tanie stoiska,<\/li>\n\n\n\n<li>reklama przy drogach dojazdowych,<\/li>\n\n\n\n<li>reklama w Katalogu Wystawy w wersji elektronicznej,<\/li>\n\n\n\n<li>bilet wst\u0119pu na bankiet,<\/li>\n\n\n\n<li>maszty reklamowe,<\/li>\n\n\n\n<li>dystrybutory wody pitnej, butle z wod\u0105 pitn\u0105, kubki jednorazowe,<\/li>\n\n\n\n<li>parking strze\u017cony,<\/li>\n\n\n\n<li>parking dla samochod\u00f3w ci\u0119\u017carowych,<\/li>\n\n\n\n<li>indywidualna ochrona stoiska,<\/li>\n\n\n\n<li>najem wyposa\u017cenia dodatkowego<\/li>\n\n\n\n<li>kolporta\u017c opasek. <\/li>\n<\/ul>\n\n\n\n<h2 class=\"wp-block-heading\">Formularz C 1<\/h2>\n\n\n\n<p>Prezentacja maszyn na pasie startowym.<\/p>\n\n\n\n<h2 class=\"wp-block-heading has-very-dark-gray-color has-text-color\">Formularz C 2 <\/h2>\n\n\n\n<p>Zg\u0142oszenie udzia\u0142u w pokazach maszyn- dost\u0119pny wkr\u00f3tce<\/p>\n\n\n\n<h2 class=\"wp-block-heading\">Formularz D<\/h2>\n\n\n\n<ul class=\"wp-block-list\">\n<li>zam\u00f3wienie us\u0142ug spedycyjnych<\/li>\n\n\n\n<li>zezwolenie na wjazd d\u017awigu<\/li>\n<\/ul>\n\n\n\n<h2 class=\"wp-block-heading\">Formularz E<\/h2>\n\n\n\n<p>Zg\u0142oszenie wcze\u015bniejszego monta\u017cu.<\/p>\n\n\n\n<h2 class=\"wp-block-heading\">Zam\u00f3wienie kabiny sanitarnej WC Tron<\/h2>\n\n\n\n<h2 class=\"wp-block-heading\">Formularz Wirtualny Spacer <\/h2>\n\n\n\n<p><\/p>\n","protected":false},"excerpt":{"rendered":"<p>Formularze zg\u0142oszeniowe na wystaw\u0119 AGRO SHOW dost\u0119pne s\u0105 jedynie w wersji elektronicznej.\u00a0Uprzejmie prosimy o\u00a0pobranie, wype\u0142nienie i wydrukowanie edytowalnych w programie Adobe Reader plik\u00f3w PDF.\u00a0 Termin przysy\u0142ania zg\u0142osze\u0144 z rabatem -24 kwietnia 2026r. Warunkiem udzia\u0142u w Wystawie AGRO SHOW 2026 jest:1. Przes\u0142anie Organizatorowi prawid\u0142owo wype\u0142nionych formularzy do dnia 29 maja 2026r.2. Wniesienie stosownych op\u0142at po otrzymaniu [&hellip;]<\/p>\n","protected":false},"author":2,"featured_media":0,"parent":115,"menu_order":0,"comment_status":"closed","ping_status":"closed","template":"","meta":{"inline_featured_image":false,"footnotes":""},"class_list":["post-77","page","type-page","status-publish","hentry"],"acf":[],"yoast_head":"<!-- This site is optimized with the Yoast SEO plugin v26.2 - https:\/\/yoast.com\/wordpress\/plugins\/seo\/ -->\n<title>Formularze zg\u0142oszeniowe 2026 - AGRO SHOW<\/title>\n<meta name=\"description\" content=\"Planujesz uczestnictwo w najwi\u0119kszej wystawie maszyn i urz\u0105dze\u0144 rolnicych w Polsce? Wype\u0142nij formularze zg\u0142oszeniowe AGRO SHOW 2020 ju\u017c dzi\u015b!\" \/>\n<meta name=\"robots\" content=\"index, follow, max-snippet:-1, max-image-preview:large, max-video-preview:-1\" \/>\n<link rel=\"canonical\" href=\"https:\/\/agroshow.pl\/agroshow\/dla-wystawcow\/formularze-zgloszeniowe\" \/>\n<meta property=\"og:locale\" content=\"pl_PL\" \/>\n<meta property=\"og:type\" content=\"article\" \/>\n<meta property=\"og:title\" content=\"Formularze zg\u0142oszeniowe 2026 - AGRO SHOW\" \/>\n<meta property=\"og:description\" content=\"Planujesz uczestnictwo w najwi\u0119kszej wystawie maszyn i urz\u0105dze\u0144 rolnicych w Polsce? Wype\u0142nij formularze zg\u0142oszeniowe AGRO SHOW 2020 ju\u017c dzi\u015b!\" \/>\n<meta property=\"og:url\" content=\"https:\/\/agroshow.pl\/agroshow\/dla-wystawcow\/formularze-zgloszeniowe\" \/>\n<meta property=\"og:site_name\" content=\"AGRO SHOW\" \/>\n<meta property=\"article:modified_time\" content=\"2026-03-02T11:41:59+00:00\" \/>\n<meta name=\"twitter:card\" content=\"summary_large_image\" \/>\n<meta name=\"twitter:label1\" content=\"Szacowany czas czytania\" \/>\n\t<meta name=\"twitter:data1\" content=\"2 minuty\" \/>\n<script type=\"application\/ld+json\" class=\"yoast-schema-graph\">{\"@context\":\"https:\/\/schema.org\",\"@graph\":[{\"@type\":\"WebPage\",\"@id\":\"https:\/\/agroshow.pl\/agroshow\/dla-wystawcow\/formularze-zgloszeniowe\",\"url\":\"https:\/\/agroshow.pl\/agroshow\/dla-wystawcow\/formularze-zgloszeniowe\",\"name\":\"Formularze zg\u0142oszeniowe 2026 - AGRO SHOW\",\"isPartOf\":{\"@id\":\"http:\/\/agroshow.pl\/agroshow\/#website\"},\"datePublished\":\"2019-04-03T11:08:46+00:00\",\"dateModified\":\"2026-03-02T11:41:59+00:00\",\"description\":\"Planujesz uczestnictwo w najwi\u0119kszej wystawie maszyn i urz\u0105dze\u0144 rolnicych w Polsce? Wype\u0142nij formularze zg\u0142oszeniowe AGRO SHOW 2020 ju\u017c dzi\u015b!\",\"breadcrumb\":{\"@id\":\"https:\/\/agroshow.pl\/agroshow\/dla-wystawcow\/formularze-zgloszeniowe#breadcrumb\"},\"inLanguage\":\"pl-PL\",\"potentialAction\":[{\"@type\":\"ReadAction\",\"target\":[\"https:\/\/agroshow.pl\/agroshow\/dla-wystawcow\/formularze-zgloszeniowe\"]}]},{\"@type\":\"BreadcrumbList\",\"@id\":\"https:\/\/agroshow.pl\/agroshow\/dla-wystawcow\/formularze-zgloszeniowe#breadcrumb\",\"itemListElement\":[{\"@type\":\"ListItem\",\"position\":1,\"name\":\"Strona g\u0142\u00f3wna\",\"item\":\"http:\/\/agroshow.pl\/agroshow\"},{\"@type\":\"ListItem\",\"position\":2,\"name\":\"Dla wystawc\u00f3w\",\"item\":\"https:\/\/agroshow.pl\/agroshow\/dla-wystawcow\"},{\"@type\":\"ListItem\",\"position\":3,\"name\":\"Formularze zg\u0142oszeniowe 2026\"}]},{\"@type\":\"WebSite\",\"@id\":\"http:\/\/agroshow.pl\/agroshow\/#website\",\"url\":\"http:\/\/agroshow.pl\/agroshow\/\",\"name\":\"AGRO SHOW\",\"description\":\"Mi\u0119dzynarodowa Wystawa Rolnicza AGRO SHOW organizowana jest przez Polsk\u0105 Izb\u0119 Gospodarcz\u0105 Maszyn i Urz\u0105dze\u0144 Rolniczych od 1999 roku. AGRO SHOW od lat postrzegane jest jako doskona\u0142e miejsce prezentacji najnowszych i najnowocze\u015bniejszych maszyn i urz\u0105dze\u0144 rolniczych.\",\"potentialAction\":[{\"@type\":\"SearchAction\",\"target\":{\"@type\":\"EntryPoint\",\"urlTemplate\":\"http:\/\/agroshow.pl\/agroshow\/?s={search_term_string}\"},\"query-input\":{\"@type\":\"PropertyValueSpecification\",\"valueRequired\":true,\"valueName\":\"search_term_string\"}}],\"inLanguage\":\"pl-PL\"}]}<\/script>\n<!-- \/ Yoast SEO plugin. -->","yoast_head_json":{"title":"Formularze zg\u0142oszeniowe 2026 - AGRO SHOW","description":"Planujesz uczestnictwo w najwi\u0119kszej wystawie maszyn i urz\u0105dze\u0144 rolnicych w Polsce? Wype\u0142nij formularze zg\u0142oszeniowe AGRO SHOW 2020 ju\u017c dzi\u015b!","robots":{"index":"index","follow":"follow","max-snippet":"max-snippet:-1","max-image-preview":"max-image-preview:large","max-video-preview":"max-video-preview:-1"},"canonical":"https:\/\/agroshow.pl\/agroshow\/dla-wystawcow\/formularze-zgloszeniowe","og_locale":"pl_PL","og_type":"article","og_title":"Formularze zg\u0142oszeniowe 2026 - AGRO SHOW","og_description":"Planujesz uczestnictwo w najwi\u0119kszej wystawie maszyn i urz\u0105dze\u0144 rolnicych w Polsce? Wype\u0142nij formularze zg\u0142oszeniowe AGRO SHOW 2020 ju\u017c dzi\u015b!","og_url":"https:\/\/agroshow.pl\/agroshow\/dla-wystawcow\/formularze-zgloszeniowe","og_site_name":"AGRO SHOW","article_modified_time":"2026-03-02T11:41:59+00:00","twitter_card":"summary_large_image","twitter_misc":{"Szacowany czas czytania":"2 minuty"},"schema":{"@context":"https:\/\/schema.org","@graph":[{"@type":"WebPage","@id":"https:\/\/agroshow.pl\/agroshow\/dla-wystawcow\/formularze-zgloszeniowe","url":"https:\/\/agroshow.pl\/agroshow\/dla-wystawcow\/formularze-zgloszeniowe","name":"Formularze zg\u0142oszeniowe 2026 - AGRO SHOW","isPartOf":{"@id":"http:\/\/agroshow.pl\/agroshow\/#website"},"datePublished":"2019-04-03T11:08:46+00:00","dateModified":"2026-03-02T11:41:59+00:00","description":"Planujesz uczestnictwo w najwi\u0119kszej wystawie maszyn i urz\u0105dze\u0144 rolnicych w Polsce? Wype\u0142nij formularze zg\u0142oszeniowe AGRO SHOW 2020 ju\u017c dzi\u015b!","breadcrumb":{"@id":"https:\/\/agroshow.pl\/agroshow\/dla-wystawcow\/formularze-zgloszeniowe#breadcrumb"},"inLanguage":"pl-PL","potentialAction":[{"@type":"ReadAction","target":["https:\/\/agroshow.pl\/agroshow\/dla-wystawcow\/formularze-zgloszeniowe"]}]},{"@type":"BreadcrumbList","@id":"https:\/\/agroshow.pl\/agroshow\/dla-wystawcow\/formularze-zgloszeniowe#breadcrumb","itemListElement":[{"@type":"ListItem","position":1,"name":"Strona g\u0142\u00f3wna","item":"http:\/\/agroshow.pl\/agroshow"},{"@type":"ListItem","position":2,"name":"Dla wystawc\u00f3w","item":"https:\/\/agroshow.pl\/agroshow\/dla-wystawcow"},{"@type":"ListItem","position":3,"name":"Formularze zg\u0142oszeniowe 2026"}]},{"@type":"WebSite","@id":"http:\/\/agroshow.pl\/agroshow\/#website","url":"http:\/\/agroshow.pl\/agroshow\/","name":"AGRO SHOW","description":"Mi\u0119dzynarodowa Wystawa Rolnicza AGRO SHOW organizowana jest przez Polsk\u0105 Izb\u0119 Gospodarcz\u0105 Maszyn i Urz\u0105dze\u0144 Rolniczych od 1999 roku. AGRO SHOW od lat postrzegane jest jako doskona\u0142e miejsce prezentacji najnowszych i najnowocze\u015bniejszych maszyn i urz\u0105dze\u0144 rolniczych.","potentialAction":[{"@type":"SearchAction","target":{"@type":"EntryPoint","urlTemplate":"http:\/\/agroshow.pl\/agroshow\/?s={search_term_string}"},"query-input":{"@type":"PropertyValueSpecification","valueRequired":true,"valueName":"search_term_string"}}],"inLanguage":"pl-PL"}]}},"_links":{"self":[{"href":"https:\/\/agroshow.pl\/agroshow\/wp-json\/wp\/v2\/pages\/77","targetHints":{"allow":["GET"]}}],"collection":[{"href":"https:\/\/agroshow.pl\/agroshow\/wp-json\/wp\/v2\/pages"}],"about":[{"href":"https:\/\/agroshow.pl\/agroshow\/wp-json\/wp\/v2\/types\/page"}],"author":[{"embeddable":true,"href":"https:\/\/agroshow.pl\/agroshow\/wp-json\/wp\/v2\/users\/2"}],"replies":[{"embeddable":true,"href":"https:\/\/agroshow.pl\/agroshow\/wp-json\/wp\/v2\/comments?post=77"}],"version-history":[{"count":186,"href":"https:\/\/agroshow.pl\/agroshow\/wp-json\/wp\/v2\/pages\/77\/revisions"}],"predecessor-version":[{"id":16054,"href":"https:\/\/agroshow.pl\/agroshow\/wp-json\/wp\/v2\/pages\/77\/revisions\/16054"}],"up":[{"embeddable":true,"href":"https:\/\/agroshow.pl\/agroshow\/wp-json\/wp\/v2\/pages\/115"}],"wp:attachment":[{"href":"https:\/\/agroshow.pl\/agroshow\/wp-json\/wp\/v2\/media?parent=77"}],"curies":[{"name":"wp","href":"https:\/\/api.w.org\/{rel}","templated":true}]}}