{"id":71,"date":"2019-04-03T13:07:44","date_gmt":"2019-04-03T11:07:44","guid":{"rendered":"http:\/\/agroshow.getid.com.pl\/?page_id=71"},"modified":"2025-08-13T12:21:24","modified_gmt":"2025-08-13T10:21:24","slug":"plan-wystawy","status":"publish","type":"page","link":"https:\/\/agroshow.pl\/agroshow\/dla-wystawcow\/plan-wystawy","title":{"rendered":"Plan wystawy 2025"},"content":{"rendered":"\n<a target=\"_blank\" href=\"https:\/\/agroshow.pl\/agroshow\/wp-content\/uploads\/2025\/08\/Plan-hali-wystawowej-2025.pdf\" class=\"file\"><span>Plan hali wystawowej 2025<\/span><\/a><a target=\"_blank\" href=\"https:\/\/agroshow.pl\/agroshow\/wp-content\/uploads\/2025\/08\/Plan-AGRO-SHOW-2025-stan-na-12.08.2025.pdf\" class=\"file\"><span>Plan wystawy AGRO SHOW 2025<\/span><\/a>\n\n\n\n<p><\/p>\n","protected":false},"excerpt":{"rendered":"","protected":false},"author":2,"featured_media":0,"parent":115,"menu_order":0,"comment_status":"closed","ping_status":"closed","template":"","meta":{"inline_featured_image":false,"footnotes":""},"class_list":["post-71","page","type-page","status-publish","hentry"],"acf":[],"yoast_head":"<!-- This site is optimized with the Yoast SEO plugin v26.2 - https:\/\/yoast.com\/wordpress\/plugins\/seo\/ -->\n<title>Plan wystawy 2025 - AGRO SHOW<\/title>\n<meta name=\"description\" content=\"Powszechnie znane targi rolnicze AGRO SHOW przygotowujemy z najwy\u017csz\u0105 dba\u0142o\u015bci\u0105 o szczeg\u00f3\u0142y. Zobacz plan wystawy maszyn rolniczych 2019!\" \/>\n<meta name=\"robots\" content=\"index, follow, max-snippet:-1, max-image-preview:large, max-video-preview:-1\" \/>\n<link rel=\"canonical\" href=\"https:\/\/agroshow.pl\/agroshow\/dla-wystawcow\/plan-wystawy\" \/>\n<meta property=\"og:locale\" content=\"pl_PL\" \/>\n<meta property=\"og:type\" content=\"article\" \/>\n<meta property=\"og:title\" content=\"Plan wystawy 2025 - AGRO SHOW\" \/>\n<meta property=\"og:description\" content=\"Powszechnie znane targi rolnicze AGRO SHOW przygotowujemy z najwy\u017csz\u0105 dba\u0142o\u015bci\u0105 o szczeg\u00f3\u0142y. Zobacz plan wystawy maszyn rolniczych 2019!\" \/>\n<meta property=\"og:url\" content=\"https:\/\/agroshow.pl\/agroshow\/dla-wystawcow\/plan-wystawy\" \/>\n<meta property=\"og:site_name\" content=\"AGRO SHOW\" \/>\n<meta property=\"article:modified_time\" content=\"2025-08-13T10:21:24+00:00\" \/>\n<meta name=\"twitter:card\" content=\"summary_large_image\" \/>\n<meta name=\"twitter:label1\" content=\"Szacowany czas czytania\" \/>\n\t<meta name=\"twitter:data1\" content=\"1 minuta\" \/>\n<script type=\"application\/ld+json\" class=\"yoast-schema-graph\">{\"@context\":\"https:\/\/schema.org\",\"@graph\":[{\"@type\":\"WebPage\",\"@id\":\"https:\/\/agroshow.pl\/agroshow\/dla-wystawcow\/plan-wystawy\",\"url\":\"https:\/\/agroshow.pl\/agroshow\/dla-wystawcow\/plan-wystawy\",\"name\":\"Plan wystawy 2025 - AGRO SHOW\",\"isPartOf\":{\"@id\":\"http:\/\/agroshow.pl\/agroshow\/#website\"},\"datePublished\":\"2019-04-03T11:07:44+00:00\",\"dateModified\":\"2025-08-13T10:21:24+00:00\",\"description\":\"Powszechnie znane targi rolnicze AGRO SHOW przygotowujemy z najwy\u017csz\u0105 dba\u0142o\u015bci\u0105 o szczeg\u00f3\u0142y. Zobacz plan wystawy maszyn rolniczych 2019!\",\"breadcrumb\":{\"@id\":\"https:\/\/agroshow.pl\/agroshow\/dla-wystawcow\/plan-wystawy#breadcrumb\"},\"inLanguage\":\"pl-PL\",\"potentialAction\":[{\"@type\":\"ReadAction\",\"target\":[\"https:\/\/agroshow.pl\/agroshow\/dla-wystawcow\/plan-wystawy\"]}]},{\"@type\":\"BreadcrumbList\",\"@id\":\"https:\/\/agroshow.pl\/agroshow\/dla-wystawcow\/plan-wystawy#breadcrumb\",\"itemListElement\":[{\"@type\":\"ListItem\",\"position\":1,\"name\":\"Strona g\u0142\u00f3wna\",\"item\":\"http:\/\/agroshow.pl\/agroshow\"},{\"@type\":\"ListItem\",\"position\":2,\"name\":\"Dla wystawc\u00f3w\",\"item\":\"https:\/\/agroshow.pl\/agroshow\/dla-wystawcow\"},{\"@type\":\"ListItem\",\"position\":3,\"name\":\"Plan wystawy 2025\"}]},{\"@type\":\"WebSite\",\"@id\":\"http:\/\/agroshow.pl\/agroshow\/#website\",\"url\":\"http:\/\/agroshow.pl\/agroshow\/\",\"name\":\"AGRO SHOW\",\"description\":\"Mi\u0119dzynarodowa Wystawa Rolnicza AGRO SHOW organizowana jest przez Polsk\u0105 Izb\u0119 Gospodarcz\u0105 Maszyn i Urz\u0105dze\u0144 Rolniczych od 1999 roku. AGRO SHOW od lat postrzegane jest jako doskona\u0142e miejsce prezentacji najnowszych i najnowocze\u015bniejszych maszyn i urz\u0105dze\u0144 rolniczych.\",\"potentialAction\":[{\"@type\":\"SearchAction\",\"target\":{\"@type\":\"EntryPoint\",\"urlTemplate\":\"http:\/\/agroshow.pl\/agroshow\/?s={search_term_string}\"},\"query-input\":{\"@type\":\"PropertyValueSpecification\",\"valueRequired\":true,\"valueName\":\"search_term_string\"}}],\"inLanguage\":\"pl-PL\"}]}<\/script>\n<!-- \/ Yoast SEO plugin. -->","yoast_head_json":{"title":"Plan wystawy 2025 - AGRO SHOW","description":"Powszechnie znane targi rolnicze AGRO SHOW przygotowujemy z najwy\u017csz\u0105 dba\u0142o\u015bci\u0105 o szczeg\u00f3\u0142y. Zobacz plan wystawy maszyn rolniczych 2019!","robots":{"index":"index","follow":"follow","max-snippet":"max-snippet:-1","max-image-preview":"max-image-preview:large","max-video-preview":"max-video-preview:-1"},"canonical":"https:\/\/agroshow.pl\/agroshow\/dla-wystawcow\/plan-wystawy","og_locale":"pl_PL","og_type":"article","og_title":"Plan wystawy 2025 - AGRO SHOW","og_description":"Powszechnie znane targi rolnicze AGRO SHOW przygotowujemy z najwy\u017csz\u0105 dba\u0142o\u015bci\u0105 o szczeg\u00f3\u0142y. Zobacz plan wystawy maszyn rolniczych 2019!","og_url":"https:\/\/agroshow.pl\/agroshow\/dla-wystawcow\/plan-wystawy","og_site_name":"AGRO SHOW","article_modified_time":"2025-08-13T10:21:24+00:00","twitter_card":"summary_large_image","twitter_misc":{"Szacowany czas czytania":"1 minuta"},"schema":{"@context":"https:\/\/schema.org","@graph":[{"@type":"WebPage","@id":"https:\/\/agroshow.pl\/agroshow\/dla-wystawcow\/plan-wystawy","url":"https:\/\/agroshow.pl\/agroshow\/dla-wystawcow\/plan-wystawy","name":"Plan wystawy 2025 - AGRO SHOW","isPartOf":{"@id":"http:\/\/agroshow.pl\/agroshow\/#website"},"datePublished":"2019-04-03T11:07:44+00:00","dateModified":"2025-08-13T10:21:24+00:00","description":"Powszechnie znane targi rolnicze AGRO SHOW przygotowujemy z najwy\u017csz\u0105 dba\u0142o\u015bci\u0105 o szczeg\u00f3\u0142y. Zobacz plan wystawy maszyn rolniczych 2019!","breadcrumb":{"@id":"https:\/\/agroshow.pl\/agroshow\/dla-wystawcow\/plan-wystawy#breadcrumb"},"inLanguage":"pl-PL","potentialAction":[{"@type":"ReadAction","target":["https:\/\/agroshow.pl\/agroshow\/dla-wystawcow\/plan-wystawy"]}]},{"@type":"BreadcrumbList","@id":"https:\/\/agroshow.pl\/agroshow\/dla-wystawcow\/plan-wystawy#breadcrumb","itemListElement":[{"@type":"ListItem","position":1,"name":"Strona g\u0142\u00f3wna","item":"http:\/\/agroshow.pl\/agroshow"},{"@type":"ListItem","position":2,"name":"Dla wystawc\u00f3w","item":"https:\/\/agroshow.pl\/agroshow\/dla-wystawcow"},{"@type":"ListItem","position":3,"name":"Plan wystawy 2025"}]},{"@type":"WebSite","@id":"http:\/\/agroshow.pl\/agroshow\/#website","url":"http:\/\/agroshow.pl\/agroshow\/","name":"AGRO SHOW","description":"Mi\u0119dzynarodowa Wystawa Rolnicza AGRO SHOW organizowana jest przez Polsk\u0105 Izb\u0119 Gospodarcz\u0105 Maszyn i Urz\u0105dze\u0144 Rolniczych od 1999 roku. AGRO SHOW od lat postrzegane jest jako doskona\u0142e miejsce prezentacji najnowszych i najnowocze\u015bniejszych maszyn i urz\u0105dze\u0144 rolniczych.","potentialAction":[{"@type":"SearchAction","target":{"@type":"EntryPoint","urlTemplate":"http:\/\/agroshow.pl\/agroshow\/?s={search_term_string}"},"query-input":{"@type":"PropertyValueSpecification","valueRequired":true,"valueName":"search_term_string"}}],"inLanguage":"pl-PL"}]}},"_links":{"self":[{"href":"https:\/\/agroshow.pl\/agroshow\/wp-json\/wp\/v2\/pages\/71","targetHints":{"allow":["GET"]}}],"collection":[{"href":"https:\/\/agroshow.pl\/agroshow\/wp-json\/wp\/v2\/pages"}],"about":[{"href":"https:\/\/agroshow.pl\/agroshow\/wp-json\/wp\/v2\/types\/page"}],"author":[{"embeddable":true,"href":"https:\/\/agroshow.pl\/agroshow\/wp-json\/wp\/v2\/users\/2"}],"replies":[{"embeddable":true,"href":"https:\/\/agroshow.pl\/agroshow\/wp-json\/wp\/v2\/comments?post=71"}],"version-history":[{"count":41,"href":"https:\/\/agroshow.pl\/agroshow\/wp-json\/wp\/v2\/pages\/71\/revisions"}],"predecessor-version":[{"id":13625,"href":"https:\/\/agroshow.pl\/agroshow\/wp-json\/wp\/v2\/pages\/71\/revisions\/13625"}],"up":[{"embeddable":true,"href":"https:\/\/agroshow.pl\/agroshow\/wp-json\/wp\/v2\/pages\/115"}],"wp:attachment":[{"href":"https:\/\/agroshow.pl\/agroshow\/wp-json\/wp\/v2\/media?parent=71"}],"curies":[{"name":"wp","href":"https:\/\/api.w.org\/{rel}","templated":true}]}}