{"id":53,"date":"2019-04-03T11:32:31","date_gmt":"2019-04-03T09:32:31","guid":{"rendered":"http:\/\/agroshow.getid.com.pl\/?page_id=53"},"modified":"2025-09-17T18:45:13","modified_gmt":"2025-09-17T16:45:13","slug":"dla-mediow","status":"publish","type":"page","link":"https:\/\/agroshow.pl\/agroshow\/dla-mediow","title":{"rendered":"Dla medi\u00f3w"},"content":{"rendered":"\n<p>Zach\u0119camy do udzia\u0142u w tegorocznej 26 edycji wystawy AGRO SHOW.  Akredytacja mo\u017cliwa jest na terenie wystawy w Biurze Prasowym.  <\/p>\n\n\n\n<p>Po wej\u015bciu na teren wystawy prosimy o udanie si\u0119 do Biura Prasowego, gdzie otrzymacie Pa\u0144stwo identyfikator umo\u017cliwiaj\u0105cy darmowe wej\u015bcie na wystaw\u0119 w kolejnych dniach.<\/p>\n\n\n\n<p>Do zobaczenia ju\u017c wkr\u00f3tce na wystawie AGRO SHOW.<\/p>\n\n\n\n<h2 class=\"wp-block-heading\"><\/h2>\n\n\n\n<p><\/p>\n\n\n\n<p>&#8212;&#8212;&#8212;&#8212;&#8212;&#8212;&#8212;&#8212;&#8212;&#8212;&#8212;&#8212;&#8212;&#8212;&#8212;&#8212;&#8212;&#8212;&#8212;&#8212;&#8212;&#8212;&#8212;&#8212;&#8212;&#8212;&#8212;&#8212;&#8212;&#8212;&#8212;&#8212;&#8212;&#8212;&#8212;&#8212;&#8212;&#8212;&#8211;<\/p>\n\n\n\n<h3 class=\"wp-block-heading\">Materia\u0142y graficzne do pobrania <\/h3>\n\n\n\n<a target=\"_blank\" href=\"https:\/\/agroshow.pl\/agroshow\/wp-content\/uploads\/2019\/04\/Logo_AGRO_SHOW_ogolne.jpg\" class=\"file\" rel=\"noopener noreferrer\"><span>Logo AGRO SHOW og\u00f3lne [JPG]<\/span><\/a>\n\n\n\n<h3 class=\"wp-block-heading\">Informacje prasowe<\/h3>\n\n\n\n<a target=\"_blank\" href=\"https:\/\/agroshow.pl\/agroshow\/wp-content\/uploads\/2024\/09\/AGRO-SHOW-2024-podsumowanie-wystawy.doc\" class=\"file\"><span>Posumowanie wystawy AGRO SHOW 2024<\/span><\/a><a target=\"_blank\" href=\"https:\/\/agroshow.pl\/agroshow\/wp-content\/uploads\/2025\/09\/AGRO-SHOW-press-release-english.pdf\" class=\"file\"><span>AGRO SHOW 2025-english version<\/span><\/a><a target=\"_blank\" href=\"https:\/\/agroshow.pl\/agroshow\/wp-content\/uploads\/2025\/09\/informacja-prasowa-AGRO-SHOW-2025.pdf\" class=\"file\"><span>AGRO SHOW 2025-informacja prasowa <\/span><\/a><a target=\"_blank\" href=\"https:\/\/agroshow.pl\/agroshow\/wp-content\/uploads\/2025\/08\/DSC_4404.jpg\" class=\"file\"><span>Zdj\u0119cie kangurk\u00f3w AGRO SHOW<\/span><\/a><a target=\"_blank\" href=\"https:\/\/agroshow.pl\/agroshow\/wp-content\/uploads\/2025\/09\/DJI_0489-scaled.jpg\" class=\"file\"><span>Zdj\u0119cie AGOR SHOW z lotu ptaka <\/span><\/a><a target=\"_blank\" href=\"https:\/\/agroshow.pl\/agroshow\/wp-content\/uploads\/2025\/09\/DSC_5098.jpg\" class=\"file\"><span>Zwiedzaj\u0105cy AGRO SHOW<\/span><\/a>\n\n\n\n<h2 class=\"wp-block-heading\">Nowo\u015bci na AGRO SHOW 2025<\/h2>\n\n\n\n<p>Zapraszamy do zapoznania si\u0119 z gam\u0105 nowo\u015bci, kt\u00f3re b\u0119d\u0105 prezentowane przez wystawc\u00f3w podczas AGRO SHOW 2025. Pliki mo\u017cna pobra\u0107 <a href=\"https:\/\/agroshow.pl\/agroshow\/dla-zwiedzajacych\/nowosci-agro-show-2025\">TUTAJ. <\/a><\/p>\n\n\n","protected":false},"excerpt":{"rendered":"<p>Zach\u0119camy do udzia\u0142u w tegorocznej 26 edycji wystawy AGRO SHOW. Akredytacja mo\u017cliwa jest na terenie wystawy w Biurze Prasowym. Po wej\u015bciu na teren wystawy prosimy o udanie si\u0119 do Biura Prasowego, gdzie otrzymacie Pa\u0144stwo identyfikator umo\u017cliwiaj\u0105cy darmowe wej\u015bcie na wystaw\u0119 w kolejnych dniach. Do zobaczenia ju\u017c wkr\u00f3tce na wystawie AGRO SHOW. &#8212;&#8212;&#8212;&#8212;&#8212;&#8212;&#8212;&#8212;&#8212;&#8212;&#8212;&#8212;&#8212;&#8212;&#8212;&#8212;&#8212;&#8212;&#8212;&#8212;&#8212;&#8212;&#8212;&#8212;&#8212;&#8212;&#8212;&#8212;&#8212;&#8212;&#8212;&#8212;&#8212;&#8212;&#8212;&#8212;&#8212;&#8212;&#8211; Materia\u0142y graficzne do [&hellip;]<\/p>\n","protected":false},"author":2,"featured_media":0,"parent":0,"menu_order":0,"comment_status":"closed","ping_status":"closed","template":"","meta":{"inline_featured_image":false,"footnotes":""},"class_list":["post-53","page","type-page","status-publish","hentry"],"acf":[],"yoast_head":"<!-- This site is optimized with the Yoast SEO plugin v26.2 - https:\/\/yoast.com\/wordpress\/plugins\/seo\/ -->\n<title>AGRO SHOW - Informacje dla medi\u00f3w - Listaw wystawc\u00f3w<\/title>\n<meta name=\"description\" content=\"Aktualne informacje dla medi\u00f3w, lista wystawc\u00f3w, plan wystawy AGRO SHOW\" \/>\n<meta name=\"robots\" content=\"index, follow, max-snippet:-1, max-image-preview:large, max-video-preview:-1\" \/>\n<link rel=\"canonical\" href=\"https:\/\/agroshow.pl\/agroshow\/dla-mediow\" \/>\n<meta property=\"og:locale\" content=\"pl_PL\" \/>\n<meta property=\"og:type\" content=\"article\" \/>\n<meta property=\"og:title\" content=\"AGRO SHOW - Informacje dla medi\u00f3w - Listaw wystawc\u00f3w\" \/>\n<meta property=\"og:description\" content=\"Aktualne informacje dla medi\u00f3w, lista wystawc\u00f3w, plan wystawy AGRO SHOW\" \/>\n<meta property=\"og:url\" content=\"https:\/\/agroshow.pl\/agroshow\/dla-mediow\" \/>\n<meta property=\"og:site_name\" content=\"AGRO SHOW\" \/>\n<meta property=\"article:modified_time\" content=\"2025-09-17T16:45:13+00:00\" \/>\n<meta name=\"twitter:card\" content=\"summary_large_image\" \/>\n<meta name=\"twitter:label1\" content=\"Szacowany czas czytania\" \/>\n\t<meta name=\"twitter:data1\" content=\"1 minuta\" \/>\n<script type=\"application\/ld+json\" class=\"yoast-schema-graph\">{\"@context\":\"https:\/\/schema.org\",\"@graph\":[{\"@type\":\"WebPage\",\"@id\":\"https:\/\/agroshow.pl\/agroshow\/dla-mediow\",\"url\":\"https:\/\/agroshow.pl\/agroshow\/dla-mediow\",\"name\":\"AGRO SHOW - Informacje dla medi\u00f3w - Listaw wystawc\u00f3w\",\"isPartOf\":{\"@id\":\"http:\/\/agroshow.pl\/agroshow\/#website\"},\"datePublished\":\"2019-04-03T09:32:31+00:00\",\"dateModified\":\"2025-09-17T16:45:13+00:00\",\"description\":\"Aktualne informacje dla medi\u00f3w, lista wystawc\u00f3w, plan wystawy AGRO SHOW\",\"breadcrumb\":{\"@id\":\"https:\/\/agroshow.pl\/agroshow\/dla-mediow#breadcrumb\"},\"inLanguage\":\"pl-PL\",\"potentialAction\":[{\"@type\":\"ReadAction\",\"target\":[\"https:\/\/agroshow.pl\/agroshow\/dla-mediow\"]}]},{\"@type\":\"BreadcrumbList\",\"@id\":\"https:\/\/agroshow.pl\/agroshow\/dla-mediow#breadcrumb\",\"itemListElement\":[{\"@type\":\"ListItem\",\"position\":1,\"name\":\"Strona g\u0142\u00f3wna\",\"item\":\"http:\/\/agroshow.pl\/agroshow\"},{\"@type\":\"ListItem\",\"position\":2,\"name\":\"Dla medi\u00f3w\"}]},{\"@type\":\"WebSite\",\"@id\":\"http:\/\/agroshow.pl\/agroshow\/#website\",\"url\":\"http:\/\/agroshow.pl\/agroshow\/\",\"name\":\"AGRO SHOW\",\"description\":\"Mi\u0119dzynarodowa Wystawa Rolnicza AGRO SHOW organizowana jest przez Polsk\u0105 Izb\u0119 Gospodarcz\u0105 Maszyn i Urz\u0105dze\u0144 Rolniczych od 1999 roku. AGRO SHOW od lat postrzegane jest jako doskona\u0142e miejsce prezentacji najnowszych i najnowocze\u015bniejszych maszyn i urz\u0105dze\u0144 rolniczych.\",\"potentialAction\":[{\"@type\":\"SearchAction\",\"target\":{\"@type\":\"EntryPoint\",\"urlTemplate\":\"http:\/\/agroshow.pl\/agroshow\/?s={search_term_string}\"},\"query-input\":{\"@type\":\"PropertyValueSpecification\",\"valueRequired\":true,\"valueName\":\"search_term_string\"}}],\"inLanguage\":\"pl-PL\"}]}<\/script>\n<!-- \/ Yoast SEO plugin. -->","yoast_head_json":{"title":"AGRO SHOW - Informacje dla medi\u00f3w - Listaw wystawc\u00f3w","description":"Aktualne informacje dla medi\u00f3w, lista wystawc\u00f3w, plan wystawy AGRO SHOW","robots":{"index":"index","follow":"follow","max-snippet":"max-snippet:-1","max-image-preview":"max-image-preview:large","max-video-preview":"max-video-preview:-1"},"canonical":"https:\/\/agroshow.pl\/agroshow\/dla-mediow","og_locale":"pl_PL","og_type":"article","og_title":"AGRO SHOW - Informacje dla medi\u00f3w - Listaw wystawc\u00f3w","og_description":"Aktualne informacje dla medi\u00f3w, lista wystawc\u00f3w, plan wystawy AGRO SHOW","og_url":"https:\/\/agroshow.pl\/agroshow\/dla-mediow","og_site_name":"AGRO SHOW","article_modified_time":"2025-09-17T16:45:13+00:00","twitter_card":"summary_large_image","twitter_misc":{"Szacowany czas czytania":"1 minuta"},"schema":{"@context":"https:\/\/schema.org","@graph":[{"@type":"WebPage","@id":"https:\/\/agroshow.pl\/agroshow\/dla-mediow","url":"https:\/\/agroshow.pl\/agroshow\/dla-mediow","name":"AGRO SHOW - Informacje dla medi\u00f3w - Listaw wystawc\u00f3w","isPartOf":{"@id":"http:\/\/agroshow.pl\/agroshow\/#website"},"datePublished":"2019-04-03T09:32:31+00:00","dateModified":"2025-09-17T16:45:13+00:00","description":"Aktualne informacje dla medi\u00f3w, lista wystawc\u00f3w, plan wystawy AGRO SHOW","breadcrumb":{"@id":"https:\/\/agroshow.pl\/agroshow\/dla-mediow#breadcrumb"},"inLanguage":"pl-PL","potentialAction":[{"@type":"ReadAction","target":["https:\/\/agroshow.pl\/agroshow\/dla-mediow"]}]},{"@type":"BreadcrumbList","@id":"https:\/\/agroshow.pl\/agroshow\/dla-mediow#breadcrumb","itemListElement":[{"@type":"ListItem","position":1,"name":"Strona g\u0142\u00f3wna","item":"http:\/\/agroshow.pl\/agroshow"},{"@type":"ListItem","position":2,"name":"Dla medi\u00f3w"}]},{"@type":"WebSite","@id":"http:\/\/agroshow.pl\/agroshow\/#website","url":"http:\/\/agroshow.pl\/agroshow\/","name":"AGRO SHOW","description":"Mi\u0119dzynarodowa Wystawa Rolnicza AGRO SHOW organizowana jest przez Polsk\u0105 Izb\u0119 Gospodarcz\u0105 Maszyn i Urz\u0105dze\u0144 Rolniczych od 1999 roku. AGRO SHOW od lat postrzegane jest jako doskona\u0142e miejsce prezentacji najnowszych i najnowocze\u015bniejszych maszyn i urz\u0105dze\u0144 rolniczych.","potentialAction":[{"@type":"SearchAction","target":{"@type":"EntryPoint","urlTemplate":"http:\/\/agroshow.pl\/agroshow\/?s={search_term_string}"},"query-input":{"@type":"PropertyValueSpecification","valueRequired":true,"valueName":"search_term_string"}}],"inLanguage":"pl-PL"}]}},"_links":{"self":[{"href":"https:\/\/agroshow.pl\/agroshow\/wp-json\/wp\/v2\/pages\/53","targetHints":{"allow":["GET"]}}],"collection":[{"href":"https:\/\/agroshow.pl\/agroshow\/wp-json\/wp\/v2\/pages"}],"about":[{"href":"https:\/\/agroshow.pl\/agroshow\/wp-json\/wp\/v2\/types\/page"}],"author":[{"embeddable":true,"href":"https:\/\/agroshow.pl\/agroshow\/wp-json\/wp\/v2\/users\/2"}],"replies":[{"embeddable":true,"href":"https:\/\/agroshow.pl\/agroshow\/wp-json\/wp\/v2\/comments?post=53"}],"version-history":[{"count":249,"href":"https:\/\/agroshow.pl\/agroshow\/wp-json\/wp\/v2\/pages\/53\/revisions"}],"predecessor-version":[{"id":15770,"href":"https:\/\/agroshow.pl\/agroshow\/wp-json\/wp\/v2\/pages\/53\/revisions\/15770"}],"wp:attachment":[{"href":"https:\/\/agroshow.pl\/agroshow\/wp-json\/wp\/v2\/media?parent=53"}],"curies":[{"name":"wp","href":"https:\/\/api.w.org\/{rel}","templated":true}]}}