{"id":30,"date":"2019-04-03T11:27:03","date_gmt":"2019-04-03T09:27:03","guid":{"rendered":"http:\/\/agroshow.getid.com.pl\/?page_id=30"},"modified":"2025-10-27T15:25:59","modified_gmt":"2025-10-27T14:25:59","slug":"katalog-wystawy","status":"publish","type":"page","link":"https:\/\/agroshow.pl\/agroshow\/dla-zwiedzajacych\/katalog-wystawy","title":{"rendered":"Katalog wystawy 2025"},"content":{"rendered":"\n<p>Katalog wystawy AGRO SHOW 2025. <\/p>\n\n\n<a target=\"_blank\" href=\"https:\/\/agroshow.pl\/agroshow\/wp-content\/uploads\/2025\/10\/Kalalog-Agro-Show-wrzesien-2025-interaktywny-do-internetu-09-2025.pdf\" class=\"file\"><span>KATALOG WYSTAWY AGRO SHOW 2025<\/span><\/a><a target=\"_blank\" href=\"\" class=\"file\"><span><\/span><\/a>\n","protected":false},"excerpt":{"rendered":"<p>Katalog wystawy AGRO SHOW 2025.<\/p>\n","protected":false},"author":2,"featured_media":0,"parent":119,"menu_order":0,"comment_status":"closed","ping_status":"closed","template":"","meta":{"inline_featured_image":false,"footnotes":""},"class_list":["post-30","page","type-page","status-publish","hentry"],"acf":[],"yoast_head":"<!-- This site is optimized with the Yoast SEO plugin v26.2 - https:\/\/yoast.com\/wordpress\/plugins\/seo\/ -->\n<title>Katalog wystawy 2025 - AGRO SHOW<\/title>\n<meta name=\"description\" content=\"Targi rolnicze AGRO SHOW to pokazy wystawc\u00f3w prezentuj\u0105cych nowoczesne maszyny rolnicze. Sprawd\u017a katalog wystawy z informacjami na temat wydarzenia.\" \/>\n<meta name=\"robots\" content=\"index, follow, max-snippet:-1, max-image-preview:large, max-video-preview:-1\" \/>\n<link rel=\"canonical\" href=\"https:\/\/agroshow.pl\/agroshow\/dla-zwiedzajacych\/katalog-wystawy\" \/>\n<meta property=\"og:locale\" content=\"pl_PL\" \/>\n<meta property=\"og:type\" content=\"article\" \/>\n<meta property=\"og:title\" content=\"Katalog wystawy 2025 - AGRO SHOW\" \/>\n<meta property=\"og:description\" content=\"Targi rolnicze AGRO SHOW to pokazy wystawc\u00f3w prezentuj\u0105cych nowoczesne maszyny rolnicze. Sprawd\u017a katalog wystawy z informacjami na temat wydarzenia.\" \/>\n<meta property=\"og:url\" content=\"https:\/\/agroshow.pl\/agroshow\/dla-zwiedzajacych\/katalog-wystawy\" \/>\n<meta property=\"og:site_name\" content=\"AGRO SHOW\" \/>\n<meta property=\"article:modified_time\" content=\"2025-10-27T14:25:59+00:00\" \/>\n<meta name=\"twitter:card\" content=\"summary_large_image\" \/>\n<meta name=\"twitter:label1\" content=\"Szacowany czas czytania\" \/>\n\t<meta name=\"twitter:data1\" content=\"1 minuta\" \/>\n<script type=\"application\/ld+json\" class=\"yoast-schema-graph\">{\"@context\":\"https:\/\/schema.org\",\"@graph\":[{\"@type\":\"WebPage\",\"@id\":\"https:\/\/agroshow.pl\/agroshow\/dla-zwiedzajacych\/katalog-wystawy\",\"url\":\"https:\/\/agroshow.pl\/agroshow\/dla-zwiedzajacych\/katalog-wystawy\",\"name\":\"Katalog wystawy 2025 - AGRO SHOW\",\"isPartOf\":{\"@id\":\"http:\/\/agroshow.pl\/agroshow\/#website\"},\"datePublished\":\"2019-04-03T09:27:03+00:00\",\"dateModified\":\"2025-10-27T14:25:59+00:00\",\"description\":\"Targi rolnicze AGRO SHOW to pokazy wystawc\u00f3w prezentuj\u0105cych nowoczesne maszyny rolnicze. Sprawd\u017a katalog wystawy z informacjami na temat wydarzenia.\",\"breadcrumb\":{\"@id\":\"https:\/\/agroshow.pl\/agroshow\/dla-zwiedzajacych\/katalog-wystawy#breadcrumb\"},\"inLanguage\":\"pl-PL\",\"potentialAction\":[{\"@type\":\"ReadAction\",\"target\":[\"https:\/\/agroshow.pl\/agroshow\/dla-zwiedzajacych\/katalog-wystawy\"]}]},{\"@type\":\"BreadcrumbList\",\"@id\":\"https:\/\/agroshow.pl\/agroshow\/dla-zwiedzajacych\/katalog-wystawy#breadcrumb\",\"itemListElement\":[{\"@type\":\"ListItem\",\"position\":1,\"name\":\"Strona g\u0142\u00f3wna\",\"item\":\"http:\/\/agroshow.pl\/agroshow\"},{\"@type\":\"ListItem\",\"position\":2,\"name\":\"Dla zwiedzaj\u0105cych\",\"item\":\"https:\/\/agroshow.pl\/agroshow\/dla-zwiedzajacych\"},{\"@type\":\"ListItem\",\"position\":3,\"name\":\"Katalog wystawy 2025\"}]},{\"@type\":\"WebSite\",\"@id\":\"http:\/\/agroshow.pl\/agroshow\/#website\",\"url\":\"http:\/\/agroshow.pl\/agroshow\/\",\"name\":\"AGRO SHOW\",\"description\":\"Mi\u0119dzynarodowa Wystawa Rolnicza AGRO SHOW organizowana jest przez Polsk\u0105 Izb\u0119 Gospodarcz\u0105 Maszyn i Urz\u0105dze\u0144 Rolniczych od 1999 roku. AGRO SHOW od lat postrzegane jest jako doskona\u0142e miejsce prezentacji najnowszych i najnowocze\u015bniejszych maszyn i urz\u0105dze\u0144 rolniczych.\",\"potentialAction\":[{\"@type\":\"SearchAction\",\"target\":{\"@type\":\"EntryPoint\",\"urlTemplate\":\"http:\/\/agroshow.pl\/agroshow\/?s={search_term_string}\"},\"query-input\":{\"@type\":\"PropertyValueSpecification\",\"valueRequired\":true,\"valueName\":\"search_term_string\"}}],\"inLanguage\":\"pl-PL\"}]}<\/script>\n<!-- \/ Yoast SEO plugin. -->","yoast_head_json":{"title":"Katalog wystawy 2025 - AGRO SHOW","description":"Targi rolnicze AGRO SHOW to pokazy wystawc\u00f3w prezentuj\u0105cych nowoczesne maszyny rolnicze. Sprawd\u017a katalog wystawy z informacjami na temat wydarzenia.","robots":{"index":"index","follow":"follow","max-snippet":"max-snippet:-1","max-image-preview":"max-image-preview:large","max-video-preview":"max-video-preview:-1"},"canonical":"https:\/\/agroshow.pl\/agroshow\/dla-zwiedzajacych\/katalog-wystawy","og_locale":"pl_PL","og_type":"article","og_title":"Katalog wystawy 2025 - AGRO SHOW","og_description":"Targi rolnicze AGRO SHOW to pokazy wystawc\u00f3w prezentuj\u0105cych nowoczesne maszyny rolnicze. Sprawd\u017a katalog wystawy z informacjami na temat wydarzenia.","og_url":"https:\/\/agroshow.pl\/agroshow\/dla-zwiedzajacych\/katalog-wystawy","og_site_name":"AGRO SHOW","article_modified_time":"2025-10-27T14:25:59+00:00","twitter_card":"summary_large_image","twitter_misc":{"Szacowany czas czytania":"1 minuta"},"schema":{"@context":"https:\/\/schema.org","@graph":[{"@type":"WebPage","@id":"https:\/\/agroshow.pl\/agroshow\/dla-zwiedzajacych\/katalog-wystawy","url":"https:\/\/agroshow.pl\/agroshow\/dla-zwiedzajacych\/katalog-wystawy","name":"Katalog wystawy 2025 - AGRO SHOW","isPartOf":{"@id":"http:\/\/agroshow.pl\/agroshow\/#website"},"datePublished":"2019-04-03T09:27:03+00:00","dateModified":"2025-10-27T14:25:59+00:00","description":"Targi rolnicze AGRO SHOW to pokazy wystawc\u00f3w prezentuj\u0105cych nowoczesne maszyny rolnicze. Sprawd\u017a katalog wystawy z informacjami na temat wydarzenia.","breadcrumb":{"@id":"https:\/\/agroshow.pl\/agroshow\/dla-zwiedzajacych\/katalog-wystawy#breadcrumb"},"inLanguage":"pl-PL","potentialAction":[{"@type":"ReadAction","target":["https:\/\/agroshow.pl\/agroshow\/dla-zwiedzajacych\/katalog-wystawy"]}]},{"@type":"BreadcrumbList","@id":"https:\/\/agroshow.pl\/agroshow\/dla-zwiedzajacych\/katalog-wystawy#breadcrumb","itemListElement":[{"@type":"ListItem","position":1,"name":"Strona g\u0142\u00f3wna","item":"http:\/\/agroshow.pl\/agroshow"},{"@type":"ListItem","position":2,"name":"Dla zwiedzaj\u0105cych","item":"https:\/\/agroshow.pl\/agroshow\/dla-zwiedzajacych"},{"@type":"ListItem","position":3,"name":"Katalog wystawy 2025"}]},{"@type":"WebSite","@id":"http:\/\/agroshow.pl\/agroshow\/#website","url":"http:\/\/agroshow.pl\/agroshow\/","name":"AGRO SHOW","description":"Mi\u0119dzynarodowa Wystawa Rolnicza AGRO SHOW organizowana jest przez Polsk\u0105 Izb\u0119 Gospodarcz\u0105 Maszyn i Urz\u0105dze\u0144 Rolniczych od 1999 roku. AGRO SHOW od lat postrzegane jest jako doskona\u0142e miejsce prezentacji najnowszych i najnowocze\u015bniejszych maszyn i urz\u0105dze\u0144 rolniczych.","potentialAction":[{"@type":"SearchAction","target":{"@type":"EntryPoint","urlTemplate":"http:\/\/agroshow.pl\/agroshow\/?s={search_term_string}"},"query-input":{"@type":"PropertyValueSpecification","valueRequired":true,"valueName":"search_term_string"}}],"inLanguage":"pl-PL"}]}},"_links":{"self":[{"href":"https:\/\/agroshow.pl\/agroshow\/wp-json\/wp\/v2\/pages\/30","targetHints":{"allow":["GET"]}}],"collection":[{"href":"https:\/\/agroshow.pl\/agroshow\/wp-json\/wp\/v2\/pages"}],"about":[{"href":"https:\/\/agroshow.pl\/agroshow\/wp-json\/wp\/v2\/types\/page"}],"author":[{"embeddable":true,"href":"https:\/\/agroshow.pl\/agroshow\/wp-json\/wp\/v2\/users\/2"}],"replies":[{"embeddable":true,"href":"https:\/\/agroshow.pl\/agroshow\/wp-json\/wp\/v2\/comments?post=30"}],"version-history":[{"count":38,"href":"https:\/\/agroshow.pl\/agroshow\/wp-json\/wp\/v2\/pages\/30\/revisions"}],"predecessor-version":[{"id":15847,"href":"https:\/\/agroshow.pl\/agroshow\/wp-json\/wp\/v2\/pages\/30\/revisions\/15847"}],"up":[{"embeddable":true,"href":"https:\/\/agroshow.pl\/agroshow\/wp-json\/wp\/v2\/pages\/119"}],"wp:attachment":[{"href":"https:\/\/agroshow.pl\/agroshow\/wp-json\/wp\/v2\/media?parent=30"}],"curies":[{"name":"wp","href":"https:\/\/api.w.org\/{rel}","templated":true}]}}