{"id":28,"date":"2019-04-03T11:26:49","date_gmt":"2019-04-03T09:26:49","guid":{"rendered":"http:\/\/agroshow.getid.com.pl\/?page_id=28"},"modified":"2023-09-22T09:35:13","modified_gmt":"2023-09-22T07:35:13","slug":"dojazd","status":"publish","type":"page","link":"https:\/\/agroshow.pl\/agroshow\/dla-wystawcow\/dojazd","title":{"rendered":"Dojazd &#8211; lokalizacja wystawy"},"content":{"rendered":"\n<p>Teren lotniska w Bednarach, 62-010 Pobiedziska<br>Pozycja GPS: 52.52826, 17.21712<\/p>\n\n\n\n<p><\/p>\n","protected":false},"excerpt":{"rendered":"<p>Teren lotniska w Bednarach, 62-010 PobiedziskaPozycja GPS: 52.52826, 17.21712<\/p>\n","protected":false},"author":2,"featured_media":0,"parent":115,"menu_order":0,"comment_status":"closed","ping_status":"closed","template":"dojazd.php","meta":{"inline_featured_image":false,"footnotes":""},"class_list":["post-28","page","type-page","status-publish","hentry"],"acf":[],"yoast_head":"<!-- This site is optimized with the Yoast SEO plugin v26.2 - https:\/\/yoast.com\/wordpress\/plugins\/seo\/ -->\n<title>Dojazd - lokalizacja wystawy - AGRO SHOW<\/title>\n<meta name=\"description\" content=\"Sprawd\u017a lokalizacj\u0119 wystawy AGRO SHOW - najwi\u0119kszych targ\u00f3w rolniczych organizowanych w Polsce. \u0141atwy dojazd sprawdzisz dzi\u0119ki wsp\u00f3\u0142rz\u0119dnym GPS.\" \/>\n<meta name=\"robots\" content=\"index, follow, max-snippet:-1, max-image-preview:large, max-video-preview:-1\" \/>\n<link rel=\"canonical\" href=\"https:\/\/agroshow.pl\/agroshow\/dla-wystawcow\/dojazd\" \/>\n<meta property=\"og:locale\" content=\"pl_PL\" \/>\n<meta property=\"og:type\" content=\"article\" \/>\n<meta property=\"og:title\" content=\"Dojazd - lokalizacja wystawy - AGRO SHOW\" \/>\n<meta property=\"og:description\" content=\"Sprawd\u017a lokalizacj\u0119 wystawy AGRO SHOW - najwi\u0119kszych targ\u00f3w rolniczych organizowanych w Polsce. \u0141atwy dojazd sprawdzisz dzi\u0119ki wsp\u00f3\u0142rz\u0119dnym GPS.\" \/>\n<meta property=\"og:url\" content=\"https:\/\/agroshow.pl\/agroshow\/dla-wystawcow\/dojazd\" \/>\n<meta property=\"og:site_name\" content=\"AGRO SHOW\" \/>\n<meta property=\"article:modified_time\" content=\"2023-09-22T07:35:13+00:00\" \/>\n<meta name=\"twitter:card\" content=\"summary_large_image\" \/>\n<meta name=\"twitter:label1\" content=\"Szacowany czas czytania\" \/>\n\t<meta name=\"twitter:data1\" content=\"1 minuta\" \/>\n<script type=\"application\/ld+json\" class=\"yoast-schema-graph\">{\"@context\":\"https:\/\/schema.org\",\"@graph\":[{\"@type\":\"WebPage\",\"@id\":\"https:\/\/agroshow.pl\/agroshow\/dla-wystawcow\/dojazd\",\"url\":\"https:\/\/agroshow.pl\/agroshow\/dla-wystawcow\/dojazd\",\"name\":\"Dojazd - lokalizacja wystawy - AGRO SHOW\",\"isPartOf\":{\"@id\":\"http:\/\/agroshow.pl\/agroshow\/#website\"},\"datePublished\":\"2019-04-03T09:26:49+00:00\",\"dateModified\":\"2023-09-22T07:35:13+00:00\",\"description\":\"Sprawd\u017a lokalizacj\u0119 wystawy AGRO SHOW - najwi\u0119kszych targ\u00f3w rolniczych organizowanych w Polsce. \u0141atwy dojazd sprawdzisz dzi\u0119ki wsp\u00f3\u0142rz\u0119dnym GPS.\",\"breadcrumb\":{\"@id\":\"https:\/\/agroshow.pl\/agroshow\/dla-wystawcow\/dojazd#breadcrumb\"},\"inLanguage\":\"pl-PL\",\"potentialAction\":[{\"@type\":\"ReadAction\",\"target\":[\"https:\/\/agroshow.pl\/agroshow\/dla-wystawcow\/dojazd\"]}]},{\"@type\":\"BreadcrumbList\",\"@id\":\"https:\/\/agroshow.pl\/agroshow\/dla-wystawcow\/dojazd#breadcrumb\",\"itemListElement\":[{\"@type\":\"ListItem\",\"position\":1,\"name\":\"Strona g\u0142\u00f3wna\",\"item\":\"http:\/\/agroshow.pl\/agroshow\"},{\"@type\":\"ListItem\",\"position\":2,\"name\":\"Dla wystawc\u00f3w\",\"item\":\"https:\/\/agroshow.pl\/agroshow\/dla-wystawcow\"},{\"@type\":\"ListItem\",\"position\":3,\"name\":\"Dojazd &#8211; lokalizacja wystawy\"}]},{\"@type\":\"WebSite\",\"@id\":\"http:\/\/agroshow.pl\/agroshow\/#website\",\"url\":\"http:\/\/agroshow.pl\/agroshow\/\",\"name\":\"AGRO SHOW\",\"description\":\"Mi\u0119dzynarodowa Wystawa Rolnicza AGRO SHOW organizowana jest przez Polsk\u0105 Izb\u0119 Gospodarcz\u0105 Maszyn i Urz\u0105dze\u0144 Rolniczych od 1999 roku. AGRO SHOW od lat postrzegane jest jako doskona\u0142e miejsce prezentacji najnowszych i najnowocze\u015bniejszych maszyn i urz\u0105dze\u0144 rolniczych.\",\"potentialAction\":[{\"@type\":\"SearchAction\",\"target\":{\"@type\":\"EntryPoint\",\"urlTemplate\":\"http:\/\/agroshow.pl\/agroshow\/?s={search_term_string}\"},\"query-input\":{\"@type\":\"PropertyValueSpecification\",\"valueRequired\":true,\"valueName\":\"search_term_string\"}}],\"inLanguage\":\"pl-PL\"}]}<\/script>\n<!-- \/ Yoast SEO plugin. -->","yoast_head_json":{"title":"Dojazd - lokalizacja wystawy - AGRO SHOW","description":"Sprawd\u017a lokalizacj\u0119 wystawy AGRO SHOW - najwi\u0119kszych targ\u00f3w rolniczych organizowanych w Polsce. \u0141atwy dojazd sprawdzisz dzi\u0119ki wsp\u00f3\u0142rz\u0119dnym GPS.","robots":{"index":"index","follow":"follow","max-snippet":"max-snippet:-1","max-image-preview":"max-image-preview:large","max-video-preview":"max-video-preview:-1"},"canonical":"https:\/\/agroshow.pl\/agroshow\/dla-wystawcow\/dojazd","og_locale":"pl_PL","og_type":"article","og_title":"Dojazd - lokalizacja wystawy - AGRO SHOW","og_description":"Sprawd\u017a lokalizacj\u0119 wystawy AGRO SHOW - najwi\u0119kszych targ\u00f3w rolniczych organizowanych w Polsce. \u0141atwy dojazd sprawdzisz dzi\u0119ki wsp\u00f3\u0142rz\u0119dnym GPS.","og_url":"https:\/\/agroshow.pl\/agroshow\/dla-wystawcow\/dojazd","og_site_name":"AGRO SHOW","article_modified_time":"2023-09-22T07:35:13+00:00","twitter_card":"summary_large_image","twitter_misc":{"Szacowany czas czytania":"1 minuta"},"schema":{"@context":"https:\/\/schema.org","@graph":[{"@type":"WebPage","@id":"https:\/\/agroshow.pl\/agroshow\/dla-wystawcow\/dojazd","url":"https:\/\/agroshow.pl\/agroshow\/dla-wystawcow\/dojazd","name":"Dojazd - lokalizacja wystawy - AGRO SHOW","isPartOf":{"@id":"http:\/\/agroshow.pl\/agroshow\/#website"},"datePublished":"2019-04-03T09:26:49+00:00","dateModified":"2023-09-22T07:35:13+00:00","description":"Sprawd\u017a lokalizacj\u0119 wystawy AGRO SHOW - najwi\u0119kszych targ\u00f3w rolniczych organizowanych w Polsce. \u0141atwy dojazd sprawdzisz dzi\u0119ki wsp\u00f3\u0142rz\u0119dnym GPS.","breadcrumb":{"@id":"https:\/\/agroshow.pl\/agroshow\/dla-wystawcow\/dojazd#breadcrumb"},"inLanguage":"pl-PL","potentialAction":[{"@type":"ReadAction","target":["https:\/\/agroshow.pl\/agroshow\/dla-wystawcow\/dojazd"]}]},{"@type":"BreadcrumbList","@id":"https:\/\/agroshow.pl\/agroshow\/dla-wystawcow\/dojazd#breadcrumb","itemListElement":[{"@type":"ListItem","position":1,"name":"Strona g\u0142\u00f3wna","item":"http:\/\/agroshow.pl\/agroshow"},{"@type":"ListItem","position":2,"name":"Dla wystawc\u00f3w","item":"https:\/\/agroshow.pl\/agroshow\/dla-wystawcow"},{"@type":"ListItem","position":3,"name":"Dojazd &#8211; lokalizacja wystawy"}]},{"@type":"WebSite","@id":"http:\/\/agroshow.pl\/agroshow\/#website","url":"http:\/\/agroshow.pl\/agroshow\/","name":"AGRO SHOW","description":"Mi\u0119dzynarodowa Wystawa Rolnicza AGRO SHOW organizowana jest przez Polsk\u0105 Izb\u0119 Gospodarcz\u0105 Maszyn i Urz\u0105dze\u0144 Rolniczych od 1999 roku. AGRO SHOW od lat postrzegane jest jako doskona\u0142e miejsce prezentacji najnowszych i najnowocze\u015bniejszych maszyn i urz\u0105dze\u0144 rolniczych.","potentialAction":[{"@type":"SearchAction","target":{"@type":"EntryPoint","urlTemplate":"http:\/\/agroshow.pl\/agroshow\/?s={search_term_string}"},"query-input":{"@type":"PropertyValueSpecification","valueRequired":true,"valueName":"search_term_string"}}],"inLanguage":"pl-PL"}]}},"_links":{"self":[{"href":"https:\/\/agroshow.pl\/agroshow\/wp-json\/wp\/v2\/pages\/28","targetHints":{"allow":["GET"]}}],"collection":[{"href":"https:\/\/agroshow.pl\/agroshow\/wp-json\/wp\/v2\/pages"}],"about":[{"href":"https:\/\/agroshow.pl\/agroshow\/wp-json\/wp\/v2\/types\/page"}],"author":[{"embeddable":true,"href":"https:\/\/agroshow.pl\/agroshow\/wp-json\/wp\/v2\/users\/2"}],"replies":[{"embeddable":true,"href":"https:\/\/agroshow.pl\/agroshow\/wp-json\/wp\/v2\/comments?post=28"}],"version-history":[{"count":22,"href":"https:\/\/agroshow.pl\/agroshow\/wp-json\/wp\/v2\/pages\/28\/revisions"}],"predecessor-version":[{"id":11130,"href":"https:\/\/agroshow.pl\/agroshow\/wp-json\/wp\/v2\/pages\/28\/revisions\/11130"}],"up":[{"embeddable":true,"href":"https:\/\/agroshow.pl\/agroshow\/wp-json\/wp\/v2\/pages\/115"}],"wp:attachment":[{"href":"https:\/\/agroshow.pl\/agroshow\/wp-json\/wp\/v2\/media?parent=28"}],"curies":[{"name":"wp","href":"https:\/\/api.w.org\/{rel}","templated":true}]}}