{"id":2,"date":"2017-09-25T09:31:52","date_gmt":"2017-09-25T07:31:52","guid":{"rendered":"http:\/\/agroshow.getid.com.pl\/?page_id=2"},"modified":"2026-02-24T12:33:48","modified_gmt":"2026-02-24T11:33:48","slug":"przykladowa-strona","status":"publish","type":"page","link":"https:\/\/agroshow.pl\/agroshow","title":{"rendered":"Strona g\u0142\u00f3wna"},"content":{"rendered":"","protected":false},"excerpt":{"rendered":"","protected":false},"author":2,"featured_media":0,"parent":0,"menu_order":0,"comment_status":"closed","ping_status":"open","template":"","meta":{"inline_featured_image":false,"footnotes":""},"class_list":["post-2","page","type-page","status-publish","hentry"],"acf":[],"yoast_head":"<!-- This site is optimized with the Yoast SEO plugin v26.2 - https:\/\/yoast.com\/wordpress\/plugins\/seo\/ -->\n<title>Pokaz urz\u0105dze\u0144 rolniczych AGRO SHOW \u2013 polowe pokazy rolnicze<\/title>\n<meta name=\"description\" content=\"Organizowany przez nas pokaz urz\u0105dze\u0144 rolniczych AGRO SHOW to miejsce, w kt\u00f3rym co roku najlepsi wystawcy prezentuj\u0105 wysokiej jako\u015bci maszyny. Zapraszamy!\" \/>\n<meta name=\"robots\" content=\"index, follow, max-snippet:-1, max-image-preview:large, max-video-preview:-1\" \/>\n<link rel=\"canonical\" href=\"https:\/\/agroshow.pl\/agroshow\" \/>\n<meta property=\"og:locale\" content=\"pl_PL\" \/>\n<meta property=\"og:type\" content=\"article\" \/>\n<meta property=\"og:title\" content=\"Pokaz urz\u0105dze\u0144 rolniczych AGRO SHOW \u2013 polowe pokazy rolnicze\" \/>\n<meta property=\"og:description\" content=\"Organizowany przez nas pokaz urz\u0105dze\u0144 rolniczych AGRO SHOW to miejsce, w kt\u00f3rym co roku najlepsi wystawcy prezentuj\u0105 wysokiej jako\u015bci maszyny. Zapraszamy!\" \/>\n<meta property=\"og:url\" content=\"https:\/\/agroshow.pl\/agroshow\/\" \/>\n<meta property=\"og:site_name\" content=\"AGRO SHOW\" \/>\n<meta property=\"article:modified_time\" content=\"2026-02-24T11:33:48+00:00\" \/>\n<meta name=\"twitter:card\" content=\"summary_large_image\" \/>\n<script type=\"application\/ld+json\" class=\"yoast-schema-graph\">{\"@context\":\"https:\/\/schema.org\",\"@graph\":[{\"@type\":\"WebPage\",\"@id\":\"https:\/\/agroshow.pl\/agroshow\",\"url\":\"https:\/\/agroshow.pl\/agroshow\/\",\"name\":\"Pokaz urz\u0105dze\u0144 rolniczych AGRO SHOW \u2013 polowe pokazy rolnicze\",\"isPartOf\":{\"@id\":\"https:\/\/agroshow.pl\/agroshow#website\"},\"datePublished\":\"2017-09-25T07:31:52+00:00\",\"dateModified\":\"2026-02-24T11:33:48+00:00\",\"description\":\"Organizowany przez nas pokaz urz\u0105dze\u0144 rolniczych AGRO SHOW to miejsce, w kt\u00f3rym co roku najlepsi wystawcy prezentuj\u0105 wysokiej jako\u015bci maszyny. Zapraszamy!\",\"breadcrumb\":{\"@id\":\"https:\/\/agroshow.pl\/agroshow\/#breadcrumb\"},\"inLanguage\":\"pl-PL\",\"potentialAction\":[{\"@type\":\"ReadAction\",\"target\":[\"https:\/\/agroshow.pl\/agroshow\/\"]}]},{\"@type\":\"BreadcrumbList\",\"@id\":\"https:\/\/agroshow.pl\/agroshow\/#breadcrumb\",\"itemListElement\":[{\"@type\":\"ListItem\",\"position\":1,\"name\":\"Strona g\u0142\u00f3wna\",\"item\":\"https:\/\/agroshow.pl\/agroshow\"},{\"@type\":\"ListItem\",\"position\":2,\"name\":\"Strona g\u0142\u00f3wna\"}]},{\"@type\":\"WebSite\",\"@id\":\"https:\/\/agroshow.pl\/agroshow#website\",\"url\":\"https:\/\/agroshow.pl\/agroshow\",\"name\":\"AGRO SHOW\",\"description\":\"Mi\u0119dzynarodowa Wystawa Rolnicza AGRO SHOW organizowana jest przez Polsk\u0105 Izb\u0119 Gospodarcz\u0105 Maszyn i Urz\u0105dze\u0144 Rolniczych od 1999 roku. AGRO SHOW od lat postrzegane jest jako doskona\u0142e miejsce prezentacji najnowszych i najnowocze\u015bniejszych maszyn i urz\u0105dze\u0144 rolniczych.\",\"potentialAction\":[{\"@type\":\"SearchAction\",\"target\":{\"@type\":\"EntryPoint\",\"urlTemplate\":\"https:\/\/agroshow.pl\/agroshow?s={search_term_string}\"},\"query-input\":{\"@type\":\"PropertyValueSpecification\",\"valueRequired\":true,\"valueName\":\"search_term_string\"}}],\"inLanguage\":\"pl-PL\"}]}<\/script>\n<!-- \/ Yoast SEO plugin. -->","yoast_head_json":{"title":"Pokaz urz\u0105dze\u0144 rolniczych AGRO SHOW \u2013 polowe pokazy rolnicze","description":"Organizowany przez nas pokaz urz\u0105dze\u0144 rolniczych AGRO SHOW to miejsce, w kt\u00f3rym co roku najlepsi wystawcy prezentuj\u0105 wysokiej jako\u015bci maszyny. Zapraszamy!","robots":{"index":"index","follow":"follow","max-snippet":"max-snippet:-1","max-image-preview":"max-image-preview:large","max-video-preview":"max-video-preview:-1"},"canonical":"https:\/\/agroshow.pl\/agroshow","og_locale":"pl_PL","og_type":"article","og_title":"Pokaz urz\u0105dze\u0144 rolniczych AGRO SHOW \u2013 polowe pokazy rolnicze","og_description":"Organizowany przez nas pokaz urz\u0105dze\u0144 rolniczych AGRO SHOW to miejsce, w kt\u00f3rym co roku najlepsi wystawcy prezentuj\u0105 wysokiej jako\u015bci maszyny. Zapraszamy!","og_url":"https:\/\/agroshow.pl\/agroshow\/","og_site_name":"AGRO SHOW","article_modified_time":"2026-02-24T11:33:48+00:00","twitter_card":"summary_large_image","schema":{"@context":"https:\/\/schema.org","@graph":[{"@type":"WebPage","@id":"https:\/\/agroshow.pl\/agroshow","url":"https:\/\/agroshow.pl\/agroshow\/","name":"Pokaz urz\u0105dze\u0144 rolniczych AGRO SHOW \u2013 polowe pokazy rolnicze","isPartOf":{"@id":"https:\/\/agroshow.pl\/agroshow#website"},"datePublished":"2017-09-25T07:31:52+00:00","dateModified":"2026-02-24T11:33:48+00:00","description":"Organizowany przez nas pokaz urz\u0105dze\u0144 rolniczych AGRO SHOW to miejsce, w kt\u00f3rym co roku najlepsi wystawcy prezentuj\u0105 wysokiej jako\u015bci maszyny. Zapraszamy!","breadcrumb":{"@id":"https:\/\/agroshow.pl\/agroshow\/#breadcrumb"},"inLanguage":"pl-PL","potentialAction":[{"@type":"ReadAction","target":["https:\/\/agroshow.pl\/agroshow\/"]}]},{"@type":"BreadcrumbList","@id":"https:\/\/agroshow.pl\/agroshow\/#breadcrumb","itemListElement":[{"@type":"ListItem","position":1,"name":"Strona g\u0142\u00f3wna","item":"https:\/\/agroshow.pl\/agroshow"},{"@type":"ListItem","position":2,"name":"Strona g\u0142\u00f3wna"}]},{"@type":"WebSite","@id":"https:\/\/agroshow.pl\/agroshow#website","url":"https:\/\/agroshow.pl\/agroshow","name":"AGRO SHOW","description":"Mi\u0119dzynarodowa Wystawa Rolnicza AGRO SHOW organizowana jest przez Polsk\u0105 Izb\u0119 Gospodarcz\u0105 Maszyn i Urz\u0105dze\u0144 Rolniczych od 1999 roku. AGRO SHOW od lat postrzegane jest jako doskona\u0142e miejsce prezentacji najnowszych i najnowocze\u015bniejszych maszyn i urz\u0105dze\u0144 rolniczych.","potentialAction":[{"@type":"SearchAction","target":{"@type":"EntryPoint","urlTemplate":"https:\/\/agroshow.pl\/agroshow?s={search_term_string}"},"query-input":{"@type":"PropertyValueSpecification","valueRequired":true,"valueName":"search_term_string"}}],"inLanguage":"pl-PL"}]}},"_links":{"self":[{"href":"https:\/\/agroshow.pl\/agroshow\/wp-json\/wp\/v2\/pages\/2","targetHints":{"allow":["GET"]}}],"collection":[{"href":"https:\/\/agroshow.pl\/agroshow\/wp-json\/wp\/v2\/pages"}],"about":[{"href":"https:\/\/agroshow.pl\/agroshow\/wp-json\/wp\/v2\/types\/page"}],"author":[{"embeddable":true,"href":"https:\/\/agroshow.pl\/agroshow\/wp-json\/wp\/v2\/users\/2"}],"replies":[{"embeddable":true,"href":"https:\/\/agroshow.pl\/agroshow\/wp-json\/wp\/v2\/comments?post=2"}],"version-history":[{"count":129,"href":"https:\/\/agroshow.pl\/agroshow\/wp-json\/wp\/v2\/pages\/2\/revisions"}],"predecessor-version":[{"id":16051,"href":"https:\/\/agroshow.pl\/agroshow\/wp-json\/wp\/v2\/pages\/2\/revisions\/16051"}],"wp:attachment":[{"href":"https:\/\/agroshow.pl\/agroshow\/wp-json\/wp\/v2\/media?parent=2"}],"curies":[{"name":"wp","href":"https:\/\/api.w.org\/{rel}","templated":true}]}}