{"id":177,"date":"2019-04-04T09:29:30","date_gmt":"2019-04-04T07:29:30","guid":{"rendered":"http:\/\/agroshow.getid.com.pl\/?page_id=177"},"modified":"2025-10-27T15:27:37","modified_gmt":"2025-10-27T14:27:37","slug":"plan-wystawy","status":"publish","type":"page","link":"https:\/\/agroshow.pl\/agroshow\/dla-zwiedzajacych\/plan-wystawy","title":{"rendered":"Plan wystawy 2025"},"content":{"rendered":"\n<p>Plan stoisk w hali wystawowej b\u0119dzie dost\u0119pny wkr\u00f3tce. <a target=\"_blank\" href=\"https:\/\/agroshow.pl\/agroshow\/wp-content\/uploads\/2025\/08\/Plan-hali-wystawowej-2025.pdf\" class=\"file\"><span>Plan hali wystawowej 2025<\/span><\/a><a target=\"_blank\" href=\"https:\/\/agroshow.pl\/agroshow\/wp-content\/uploads\/2025\/08\/Plan-AGRO-SHOW-2025-stan-na-12.08.2025.pdf\" class=\"file\"><span>Plan wystawy AGRO SHOW 2025<\/span><\/a><\/p>\n","protected":false},"excerpt":{"rendered":"<p>Plan stoisk w hali wystawowej b\u0119dzie dost\u0119pny wkr\u00f3tce.<\/p>\n","protected":false},"author":2,"featured_media":0,"parent":119,"menu_order":0,"comment_status":"closed","ping_status":"closed","template":"","meta":{"inline_featured_image":false,"footnotes":""},"class_list":["post-177","page","type-page","status-publish","hentry"],"acf":[],"yoast_head":"<!-- This site is optimized with the Yoast SEO plugin v26.2 - https:\/\/yoast.com\/wordpress\/plugins\/seo\/ -->\n<title>Plan wystawy 2025 - AGRO SHOW<\/title>\n<meta name=\"description\" content=\"Poznaj plan wystawy maszyn i urz\u0105dze\u0144 rolniczych AGRO SHOW 2019. Starannie przygotowana mapa pomaga w nawigacji podczas wydarzenia.\" \/>\n<meta name=\"robots\" content=\"index, follow, max-snippet:-1, max-image-preview:large, max-video-preview:-1\" \/>\n<link rel=\"canonical\" href=\"https:\/\/agroshow.pl\/agroshow\/dla-zwiedzajacych\/plan-wystawy\" \/>\n<meta property=\"og:locale\" content=\"pl_PL\" \/>\n<meta property=\"og:type\" content=\"article\" \/>\n<meta property=\"og:title\" content=\"Plan wystawy 2025 - AGRO SHOW\" \/>\n<meta property=\"og:description\" content=\"Poznaj plan wystawy maszyn i urz\u0105dze\u0144 rolniczych AGRO SHOW 2019. Starannie przygotowana mapa pomaga w nawigacji podczas wydarzenia.\" \/>\n<meta property=\"og:url\" content=\"https:\/\/agroshow.pl\/agroshow\/dla-zwiedzajacych\/plan-wystawy\" \/>\n<meta property=\"og:site_name\" content=\"AGRO SHOW\" \/>\n<meta property=\"article:modified_time\" content=\"2025-10-27T14:27:37+00:00\" \/>\n<meta name=\"twitter:card\" content=\"summary_large_image\" \/>\n<meta name=\"twitter:label1\" content=\"Szacowany czas czytania\" \/>\n\t<meta name=\"twitter:data1\" content=\"1 minuta\" \/>\n<script type=\"application\/ld+json\" class=\"yoast-schema-graph\">{\"@context\":\"https:\/\/schema.org\",\"@graph\":[{\"@type\":\"WebPage\",\"@id\":\"https:\/\/agroshow.pl\/agroshow\/dla-zwiedzajacych\/plan-wystawy\",\"url\":\"https:\/\/agroshow.pl\/agroshow\/dla-zwiedzajacych\/plan-wystawy\",\"name\":\"Plan wystawy 2025 - AGRO SHOW\",\"isPartOf\":{\"@id\":\"http:\/\/agroshow.pl\/agroshow\/#website\"},\"datePublished\":\"2019-04-04T07:29:30+00:00\",\"dateModified\":\"2025-10-27T14:27:37+00:00\",\"description\":\"Poznaj plan wystawy maszyn i urz\u0105dze\u0144 rolniczych AGRO SHOW 2019. Starannie przygotowana mapa pomaga w nawigacji podczas wydarzenia.\",\"breadcrumb\":{\"@id\":\"https:\/\/agroshow.pl\/agroshow\/dla-zwiedzajacych\/plan-wystawy#breadcrumb\"},\"inLanguage\":\"pl-PL\",\"potentialAction\":[{\"@type\":\"ReadAction\",\"target\":[\"https:\/\/agroshow.pl\/agroshow\/dla-zwiedzajacych\/plan-wystawy\"]}]},{\"@type\":\"BreadcrumbList\",\"@id\":\"https:\/\/agroshow.pl\/agroshow\/dla-zwiedzajacych\/plan-wystawy#breadcrumb\",\"itemListElement\":[{\"@type\":\"ListItem\",\"position\":1,\"name\":\"Strona g\u0142\u00f3wna\",\"item\":\"http:\/\/agroshow.pl\/agroshow\"},{\"@type\":\"ListItem\",\"position\":2,\"name\":\"Dla zwiedzaj\u0105cych\",\"item\":\"https:\/\/agroshow.pl\/agroshow\/dla-zwiedzajacych\"},{\"@type\":\"ListItem\",\"position\":3,\"name\":\"Plan wystawy 2025\"}]},{\"@type\":\"WebSite\",\"@id\":\"http:\/\/agroshow.pl\/agroshow\/#website\",\"url\":\"http:\/\/agroshow.pl\/agroshow\/\",\"name\":\"AGRO SHOW\",\"description\":\"Mi\u0119dzynarodowa Wystawa Rolnicza AGRO SHOW organizowana jest przez Polsk\u0105 Izb\u0119 Gospodarcz\u0105 Maszyn i Urz\u0105dze\u0144 Rolniczych od 1999 roku. AGRO SHOW od lat postrzegane jest jako doskona\u0142e miejsce prezentacji najnowszych i najnowocze\u015bniejszych maszyn i urz\u0105dze\u0144 rolniczych.\",\"potentialAction\":[{\"@type\":\"SearchAction\",\"target\":{\"@type\":\"EntryPoint\",\"urlTemplate\":\"http:\/\/agroshow.pl\/agroshow\/?s={search_term_string}\"},\"query-input\":{\"@type\":\"PropertyValueSpecification\",\"valueRequired\":true,\"valueName\":\"search_term_string\"}}],\"inLanguage\":\"pl-PL\"}]}<\/script>\n<!-- \/ Yoast SEO plugin. -->","yoast_head_json":{"title":"Plan wystawy 2025 - AGRO SHOW","description":"Poznaj plan wystawy maszyn i urz\u0105dze\u0144 rolniczych AGRO SHOW 2019. Starannie przygotowana mapa pomaga w nawigacji podczas wydarzenia.","robots":{"index":"index","follow":"follow","max-snippet":"max-snippet:-1","max-image-preview":"max-image-preview:large","max-video-preview":"max-video-preview:-1"},"canonical":"https:\/\/agroshow.pl\/agroshow\/dla-zwiedzajacych\/plan-wystawy","og_locale":"pl_PL","og_type":"article","og_title":"Plan wystawy 2025 - AGRO SHOW","og_description":"Poznaj plan wystawy maszyn i urz\u0105dze\u0144 rolniczych AGRO SHOW 2019. Starannie przygotowana mapa pomaga w nawigacji podczas wydarzenia.","og_url":"https:\/\/agroshow.pl\/agroshow\/dla-zwiedzajacych\/plan-wystawy","og_site_name":"AGRO SHOW","article_modified_time":"2025-10-27T14:27:37+00:00","twitter_card":"summary_large_image","twitter_misc":{"Szacowany czas czytania":"1 minuta"},"schema":{"@context":"https:\/\/schema.org","@graph":[{"@type":"WebPage","@id":"https:\/\/agroshow.pl\/agroshow\/dla-zwiedzajacych\/plan-wystawy","url":"https:\/\/agroshow.pl\/agroshow\/dla-zwiedzajacych\/plan-wystawy","name":"Plan wystawy 2025 - AGRO SHOW","isPartOf":{"@id":"http:\/\/agroshow.pl\/agroshow\/#website"},"datePublished":"2019-04-04T07:29:30+00:00","dateModified":"2025-10-27T14:27:37+00:00","description":"Poznaj plan wystawy maszyn i urz\u0105dze\u0144 rolniczych AGRO SHOW 2019. Starannie przygotowana mapa pomaga w nawigacji podczas wydarzenia.","breadcrumb":{"@id":"https:\/\/agroshow.pl\/agroshow\/dla-zwiedzajacych\/plan-wystawy#breadcrumb"},"inLanguage":"pl-PL","potentialAction":[{"@type":"ReadAction","target":["https:\/\/agroshow.pl\/agroshow\/dla-zwiedzajacych\/plan-wystawy"]}]},{"@type":"BreadcrumbList","@id":"https:\/\/agroshow.pl\/agroshow\/dla-zwiedzajacych\/plan-wystawy#breadcrumb","itemListElement":[{"@type":"ListItem","position":1,"name":"Strona g\u0142\u00f3wna","item":"http:\/\/agroshow.pl\/agroshow"},{"@type":"ListItem","position":2,"name":"Dla zwiedzaj\u0105cych","item":"https:\/\/agroshow.pl\/agroshow\/dla-zwiedzajacych"},{"@type":"ListItem","position":3,"name":"Plan wystawy 2025"}]},{"@type":"WebSite","@id":"http:\/\/agroshow.pl\/agroshow\/#website","url":"http:\/\/agroshow.pl\/agroshow\/","name":"AGRO SHOW","description":"Mi\u0119dzynarodowa Wystawa Rolnicza AGRO SHOW organizowana jest przez Polsk\u0105 Izb\u0119 Gospodarcz\u0105 Maszyn i Urz\u0105dze\u0144 Rolniczych od 1999 roku. AGRO SHOW od lat postrzegane jest jako doskona\u0142e miejsce prezentacji najnowszych i najnowocze\u015bniejszych maszyn i urz\u0105dze\u0144 rolniczych.","potentialAction":[{"@type":"SearchAction","target":{"@type":"EntryPoint","urlTemplate":"http:\/\/agroshow.pl\/agroshow\/?s={search_term_string}"},"query-input":{"@type":"PropertyValueSpecification","valueRequired":true,"valueName":"search_term_string"}}],"inLanguage":"pl-PL"}]}},"_links":{"self":[{"href":"https:\/\/agroshow.pl\/agroshow\/wp-json\/wp\/v2\/pages\/177","targetHints":{"allow":["GET"]}}],"collection":[{"href":"https:\/\/agroshow.pl\/agroshow\/wp-json\/wp\/v2\/pages"}],"about":[{"href":"https:\/\/agroshow.pl\/agroshow\/wp-json\/wp\/v2\/types\/page"}],"author":[{"embeddable":true,"href":"https:\/\/agroshow.pl\/agroshow\/wp-json\/wp\/v2\/users\/2"}],"replies":[{"embeddable":true,"href":"https:\/\/agroshow.pl\/agroshow\/wp-json\/wp\/v2\/comments?post=177"}],"version-history":[{"count":42,"href":"https:\/\/agroshow.pl\/agroshow\/wp-json\/wp\/v2\/pages\/177\/revisions"}],"predecessor-version":[{"id":15849,"href":"https:\/\/agroshow.pl\/agroshow\/wp-json\/wp\/v2\/pages\/177\/revisions\/15849"}],"up":[{"embeddable":true,"href":"https:\/\/agroshow.pl\/agroshow\/wp-json\/wp\/v2\/pages\/119"}],"wp:attachment":[{"href":"https:\/\/agroshow.pl\/agroshow\/wp-json\/wp\/v2\/media?parent=177"}],"curies":[{"name":"wp","href":"https:\/\/api.w.org\/{rel}","templated":true}]}}