{"id":175,"date":"2019-04-04T09:27:57","date_gmt":"2019-04-04T07:27:57","guid":{"rendered":"http:\/\/agroshow.getid.com.pl\/?page_id=175"},"modified":"2022-09-09T14:58:37","modified_gmt":"2022-09-09T12:58:37","slug":"program-wydarzen","status":"publish","type":"page","link":"https:\/\/agroshow.pl\/agroshow\/dla-zwiedzajacych\/program-wydarzen","title":{"rendered":"Program wydarze\u0144 AGRO SHOW 2022"},"content":{"rendered":"\n<h3 class=\"wp-block-heading\">Program wydarze\u0144 XXIII mi\u0119dzynarodowej wystawy rolniczej AGRO SHOW 2022<\/h3>\n","protected":false},"excerpt":{"rendered":"<p>Program wydarze\u0144 XXIII mi\u0119dzynarodowej wystawy rolniczej AGRO SHOW 2022<\/p>\n","protected":false},"author":2,"featured_media":0,"parent":119,"menu_order":0,"comment_status":"closed","ping_status":"closed","template":"program.php","meta":{"inline_featured_image":false,"footnotes":""},"class_list":["post-175","page","type-page","status-publish","hentry"],"acf":[],"yoast_head":"<!-- This site is optimized with the Yoast SEO plugin v26.2 - https:\/\/yoast.com\/wordpress\/plugins\/seo\/ -->\n<title>Program wydarze\u0144 AGRO SHOW 2022 - AGRO SHOW<\/title>\n<meta name=\"robots\" content=\"index, follow, max-snippet:-1, max-image-preview:large, max-video-preview:-1\" \/>\n<link rel=\"canonical\" href=\"https:\/\/agroshow.pl\/agroshow\/dla-zwiedzajacych\/program-wydarzen\" \/>\n<meta property=\"og:locale\" content=\"pl_PL\" \/>\n<meta property=\"og:type\" content=\"article\" \/>\n<meta property=\"og:title\" content=\"Program wydarze\u0144 AGRO SHOW 2022 - AGRO SHOW\" \/>\n<meta property=\"og:description\" content=\"Program wydarze\u0144 XXIII mi\u0119dzynarodowej wystawy rolniczej AGRO SHOW 2022\" \/>\n<meta property=\"og:url\" content=\"https:\/\/agroshow.pl\/agroshow\/dla-zwiedzajacych\/program-wydarzen\" \/>\n<meta property=\"og:site_name\" content=\"AGRO SHOW\" \/>\n<meta property=\"article:modified_time\" content=\"2022-09-09T12:58:37+00:00\" \/>\n<meta name=\"twitter:card\" content=\"summary_large_image\" \/>\n<script type=\"application\/ld+json\" class=\"yoast-schema-graph\">{\"@context\":\"https:\/\/schema.org\",\"@graph\":[{\"@type\":\"WebPage\",\"@id\":\"https:\/\/agroshow.pl\/agroshow\/dla-zwiedzajacych\/program-wydarzen\",\"url\":\"https:\/\/agroshow.pl\/agroshow\/dla-zwiedzajacych\/program-wydarzen\",\"name\":\"Program wydarze\u0144 AGRO SHOW 2022 - AGRO SHOW\",\"isPartOf\":{\"@id\":\"http:\/\/agroshow.pl\/agroshow\/#website\"},\"datePublished\":\"2019-04-04T07:27:57+00:00\",\"dateModified\":\"2022-09-09T12:58:37+00:00\",\"breadcrumb\":{\"@id\":\"https:\/\/agroshow.pl\/agroshow\/dla-zwiedzajacych\/program-wydarzen#breadcrumb\"},\"inLanguage\":\"pl-PL\",\"potentialAction\":[{\"@type\":\"ReadAction\",\"target\":[\"https:\/\/agroshow.pl\/agroshow\/dla-zwiedzajacych\/program-wydarzen\"]}]},{\"@type\":\"BreadcrumbList\",\"@id\":\"https:\/\/agroshow.pl\/agroshow\/dla-zwiedzajacych\/program-wydarzen#breadcrumb\",\"itemListElement\":[{\"@type\":\"ListItem\",\"position\":1,\"name\":\"Strona g\u0142\u00f3wna\",\"item\":\"http:\/\/agroshow.pl\/agroshow\"},{\"@type\":\"ListItem\",\"position\":2,\"name\":\"Dla zwiedzaj\u0105cych\",\"item\":\"https:\/\/agroshow.pl\/agroshow\/dla-zwiedzajacych\"},{\"@type\":\"ListItem\",\"position\":3,\"name\":\"Program wydarze\u0144 AGRO SHOW 2022\"}]},{\"@type\":\"WebSite\",\"@id\":\"http:\/\/agroshow.pl\/agroshow\/#website\",\"url\":\"http:\/\/agroshow.pl\/agroshow\/\",\"name\":\"AGRO SHOW\",\"description\":\"Mi\u0119dzynarodowa Wystawa Rolnicza AGRO SHOW organizowana jest przez Polsk\u0105 Izb\u0119 Gospodarcz\u0105 Maszyn i Urz\u0105dze\u0144 Rolniczych od 1999 roku. AGRO SHOW od lat postrzegane jest jako doskona\u0142e miejsce prezentacji najnowszych i najnowocze\u015bniejszych maszyn i urz\u0105dze\u0144 rolniczych.\",\"potentialAction\":[{\"@type\":\"SearchAction\",\"target\":{\"@type\":\"EntryPoint\",\"urlTemplate\":\"http:\/\/agroshow.pl\/agroshow\/?s={search_term_string}\"},\"query-input\":{\"@type\":\"PropertyValueSpecification\",\"valueRequired\":true,\"valueName\":\"search_term_string\"}}],\"inLanguage\":\"pl-PL\"}]}<\/script>\n<!-- \/ Yoast SEO plugin. -->","yoast_head_json":{"title":"Program wydarze\u0144 AGRO SHOW 2022 - AGRO SHOW","robots":{"index":"index","follow":"follow","max-snippet":"max-snippet:-1","max-image-preview":"max-image-preview:large","max-video-preview":"max-video-preview:-1"},"canonical":"https:\/\/agroshow.pl\/agroshow\/dla-zwiedzajacych\/program-wydarzen","og_locale":"pl_PL","og_type":"article","og_title":"Program wydarze\u0144 AGRO SHOW 2022 - AGRO SHOW","og_description":"Program wydarze\u0144 XXIII mi\u0119dzynarodowej wystawy rolniczej AGRO SHOW 2022","og_url":"https:\/\/agroshow.pl\/agroshow\/dla-zwiedzajacych\/program-wydarzen","og_site_name":"AGRO SHOW","article_modified_time":"2022-09-09T12:58:37+00:00","twitter_card":"summary_large_image","schema":{"@context":"https:\/\/schema.org","@graph":[{"@type":"WebPage","@id":"https:\/\/agroshow.pl\/agroshow\/dla-zwiedzajacych\/program-wydarzen","url":"https:\/\/agroshow.pl\/agroshow\/dla-zwiedzajacych\/program-wydarzen","name":"Program wydarze\u0144 AGRO SHOW 2022 - AGRO SHOW","isPartOf":{"@id":"http:\/\/agroshow.pl\/agroshow\/#website"},"datePublished":"2019-04-04T07:27:57+00:00","dateModified":"2022-09-09T12:58:37+00:00","breadcrumb":{"@id":"https:\/\/agroshow.pl\/agroshow\/dla-zwiedzajacych\/program-wydarzen#breadcrumb"},"inLanguage":"pl-PL","potentialAction":[{"@type":"ReadAction","target":["https:\/\/agroshow.pl\/agroshow\/dla-zwiedzajacych\/program-wydarzen"]}]},{"@type":"BreadcrumbList","@id":"https:\/\/agroshow.pl\/agroshow\/dla-zwiedzajacych\/program-wydarzen#breadcrumb","itemListElement":[{"@type":"ListItem","position":1,"name":"Strona g\u0142\u00f3wna","item":"http:\/\/agroshow.pl\/agroshow"},{"@type":"ListItem","position":2,"name":"Dla zwiedzaj\u0105cych","item":"https:\/\/agroshow.pl\/agroshow\/dla-zwiedzajacych"},{"@type":"ListItem","position":3,"name":"Program wydarze\u0144 AGRO SHOW 2022"}]},{"@type":"WebSite","@id":"http:\/\/agroshow.pl\/agroshow\/#website","url":"http:\/\/agroshow.pl\/agroshow\/","name":"AGRO SHOW","description":"Mi\u0119dzynarodowa Wystawa Rolnicza AGRO SHOW organizowana jest przez Polsk\u0105 Izb\u0119 Gospodarcz\u0105 Maszyn i Urz\u0105dze\u0144 Rolniczych od 1999 roku. AGRO SHOW od lat postrzegane jest jako doskona\u0142e miejsce prezentacji najnowszych i najnowocze\u015bniejszych maszyn i urz\u0105dze\u0144 rolniczych.","potentialAction":[{"@type":"SearchAction","target":{"@type":"EntryPoint","urlTemplate":"http:\/\/agroshow.pl\/agroshow\/?s={search_term_string}"},"query-input":{"@type":"PropertyValueSpecification","valueRequired":true,"valueName":"search_term_string"}}],"inLanguage":"pl-PL"}]}},"_links":{"self":[{"href":"https:\/\/agroshow.pl\/agroshow\/wp-json\/wp\/v2\/pages\/175","targetHints":{"allow":["GET"]}}],"collection":[{"href":"https:\/\/agroshow.pl\/agroshow\/wp-json\/wp\/v2\/pages"}],"about":[{"href":"https:\/\/agroshow.pl\/agroshow\/wp-json\/wp\/v2\/types\/page"}],"author":[{"embeddable":true,"href":"https:\/\/agroshow.pl\/agroshow\/wp-json\/wp\/v2\/users\/2"}],"replies":[{"embeddable":true,"href":"https:\/\/agroshow.pl\/agroshow\/wp-json\/wp\/v2\/comments?post=175"}],"version-history":[{"count":13,"href":"https:\/\/agroshow.pl\/agroshow\/wp-json\/wp\/v2\/pages\/175\/revisions"}],"predecessor-version":[{"id":9555,"href":"https:\/\/agroshow.pl\/agroshow\/wp-json\/wp\/v2\/pages\/175\/revisions\/9555"}],"up":[{"embeddable":true,"href":"https:\/\/agroshow.pl\/agroshow\/wp-json\/wp\/v2\/pages\/119"}],"wp:attachment":[{"href":"https:\/\/agroshow.pl\/agroshow\/wp-json\/wp\/v2\/media?parent=175"}],"curies":[{"name":"wp","href":"https:\/\/api.w.org\/{rel}","templated":true}]}}