{"id":13782,"date":"2025-08-28T12:20:40","date_gmt":"2025-08-28T10:20:40","guid":{"rendered":"https:\/\/agroshow.pl\/agroshow?page_id=13782"},"modified":"2025-08-28T22:03:26","modified_gmt":"2025-08-28T20:03:26","slug":"jak-usunac-konto-w-aplikacji","status":"publish","type":"page","link":"https:\/\/agroshow.pl\/agroshow\/jak-usunac-konto-w-aplikacji","title":{"rendered":"Jak usun\u0105\u0107 konto w aplikacji?"},"content":{"rendered":"\n<h2>Jak usun\u0105\u0107 konto w aplikacji?<\/h2>\n\n<p><b>1)<\/b> Wy\u015blij nam e\u2011mail na adres <a target=\"_blank\" title=\"biuro@pigmiur.pl\" href=\"mailto:biuro@pigmiur.pl\" rel=\"noopener\">biuro@pigmiur.pl<\/a><\/p>\n\n<p><b>2)<\/b> Do\u0142\u0105cz:<br>\n\n<b>a)<\/b> Tre\u015b\u0107 <i>\u201eProsz\u0119 usun\u0105\u0107 moje konto\u201d.<\/i><br>\n\n<b>b)<\/b> Adres e-mail powi\u0105zany z kontem w aplikacji, kt\u00f3ry chcesz usun\u0105\u0107. <\/p>\n\n<p><b>3)<\/b> Wszystkie Twoje dane zostan\u0105 usuni\u0119te w ci\u0105gu 14 dni kalendarzowych. Potwierdzimy to, odpowiadaj\u0105c na Twoj\u0105 wiadomo\u015b\u0107 e\u2011mail: <i>\u201eWszystkie Twoje dane z konta w aplikacji zosta\u0142y usuni\u0119te\u201d.<\/i><\/p>\n\n<style>\n.content-aside .content-aside__aside { display:none;}\n<\/style>\n","protected":false},"excerpt":{"rendered":"<p>Jak usun\u0105\u0107 konto w aplikacji? 1) Wy\u015blij nam e\u2011mail na adres biuro@pigmiur.pl 2) Do\u0142\u0105cz: a) Tre\u015b\u0107 \u201eProsz\u0119 usun\u0105\u0107 moje konto\u201d. b) Adres e-mail powi\u0105zany z kontem w aplikacji, kt\u00f3ry chcesz usun\u0105\u0107. 3) Wszystkie Twoje dane zostan\u0105 usuni\u0119te w ci\u0105gu 14 dni kalendarzowych. Potwierdzimy to, odpowiadaj\u0105c na Twoj\u0105 wiadomo\u015b\u0107 e\u2011mail: \u201eWszystkie Twoje dane z konta w [&hellip;]<\/p>\n","protected":false},"author":9,"featured_media":0,"parent":0,"menu_order":-200,"comment_status":"closed","ping_status":"closed","template":"","meta":{"inline_featured_image":false,"footnotes":""},"class_list":["post-13782","page","type-page","status-publish","hentry"],"acf":[],"yoast_head":"<!-- This site is optimized with the Yoast SEO plugin v26.2 - https:\/\/yoast.com\/wordpress\/plugins\/seo\/ -->\n<title>Jak usun\u0105\u0107 konto w aplikacji? - AGRO SHOW<\/title>\n<meta name=\"robots\" content=\"index, follow, max-snippet:-1, max-image-preview:large, max-video-preview:-1\" \/>\n<link rel=\"canonical\" href=\"https:\/\/agroshow.pl\/agroshow\/jak-usunac-konto-w-aplikacji\" \/>\n<meta property=\"og:locale\" content=\"pl_PL\" \/>\n<meta property=\"og:type\" content=\"article\" \/>\n<meta property=\"og:title\" content=\"Jak usun\u0105\u0107 konto w aplikacji? - AGRO SHOW\" \/>\n<meta property=\"og:description\" content=\"Jak usun\u0105\u0107 konto w aplikacji? 1) Wy\u015blij nam e\u2011mail na adres biuro@pigmiur.pl 2) Do\u0142\u0105cz: a) Tre\u015b\u0107 \u201eProsz\u0119 usun\u0105\u0107 moje konto\u201d. b) Adres e-mail powi\u0105zany z kontem w aplikacji, kt\u00f3ry chcesz usun\u0105\u0107. 3) Wszystkie Twoje dane zostan\u0105 usuni\u0119te w ci\u0105gu 14 dni kalendarzowych. Potwierdzimy to, odpowiadaj\u0105c na Twoj\u0105 wiadomo\u015b\u0107 e\u2011mail: \u201eWszystkie Twoje dane z konta w [&hellip;]\" \/>\n<meta property=\"og:url\" content=\"https:\/\/agroshow.pl\/agroshow\/jak-usunac-konto-w-aplikacji\" \/>\n<meta property=\"og:site_name\" content=\"AGRO SHOW\" \/>\n<meta property=\"article:modified_time\" content=\"2025-08-28T20:03:26+00:00\" \/>\n<meta name=\"twitter:card\" content=\"summary_large_image\" \/>\n<meta name=\"twitter:label1\" content=\"Szacowany czas czytania\" \/>\n\t<meta name=\"twitter:data1\" content=\"1 minuta\" \/>\n<script type=\"application\/ld+json\" class=\"yoast-schema-graph\">{\"@context\":\"https:\/\/schema.org\",\"@graph\":[{\"@type\":\"WebPage\",\"@id\":\"https:\/\/agroshow.pl\/agroshow\/jak-usunac-konto-w-aplikacji\",\"url\":\"https:\/\/agroshow.pl\/agroshow\/jak-usunac-konto-w-aplikacji\",\"name\":\"Jak usun\u0105\u0107 konto w aplikacji? - AGRO SHOW\",\"isPartOf\":{\"@id\":\"http:\/\/agroshow.pl\/agroshow\/#website\"},\"datePublished\":\"2025-08-28T10:20:40+00:00\",\"dateModified\":\"2025-08-28T20:03:26+00:00\",\"breadcrumb\":{\"@id\":\"https:\/\/agroshow.pl\/agroshow\/jak-usunac-konto-w-aplikacji#breadcrumb\"},\"inLanguage\":\"pl-PL\",\"potentialAction\":[{\"@type\":\"ReadAction\",\"target\":[\"https:\/\/agroshow.pl\/agroshow\/jak-usunac-konto-w-aplikacji\"]}]},{\"@type\":\"BreadcrumbList\",\"@id\":\"https:\/\/agroshow.pl\/agroshow\/jak-usunac-konto-w-aplikacji#breadcrumb\",\"itemListElement\":[{\"@type\":\"ListItem\",\"position\":1,\"name\":\"Strona g\u0142\u00f3wna\",\"item\":\"http:\/\/agroshow.pl\/agroshow\"},{\"@type\":\"ListItem\",\"position\":2,\"name\":\"Jak usun\u0105\u0107 konto w aplikacji?\"}]},{\"@type\":\"WebSite\",\"@id\":\"http:\/\/agroshow.pl\/agroshow\/#website\",\"url\":\"http:\/\/agroshow.pl\/agroshow\/\",\"name\":\"AGRO SHOW\",\"description\":\"Mi\u0119dzynarodowa Wystawa Rolnicza AGRO SHOW organizowana jest przez Polsk\u0105 Izb\u0119 Gospodarcz\u0105 Maszyn i Urz\u0105dze\u0144 Rolniczych od 1999 roku. AGRO SHOW od lat postrzegane jest jako doskona\u0142e miejsce prezentacji najnowszych i najnowocze\u015bniejszych maszyn i urz\u0105dze\u0144 rolniczych.\",\"potentialAction\":[{\"@type\":\"SearchAction\",\"target\":{\"@type\":\"EntryPoint\",\"urlTemplate\":\"http:\/\/agroshow.pl\/agroshow\/?s={search_term_string}\"},\"query-input\":{\"@type\":\"PropertyValueSpecification\",\"valueRequired\":true,\"valueName\":\"search_term_string\"}}],\"inLanguage\":\"pl-PL\"}]}<\/script>\n<!-- \/ Yoast SEO plugin. -->","yoast_head_json":{"title":"Jak usun\u0105\u0107 konto w aplikacji? - AGRO SHOW","robots":{"index":"index","follow":"follow","max-snippet":"max-snippet:-1","max-image-preview":"max-image-preview:large","max-video-preview":"max-video-preview:-1"},"canonical":"https:\/\/agroshow.pl\/agroshow\/jak-usunac-konto-w-aplikacji","og_locale":"pl_PL","og_type":"article","og_title":"Jak usun\u0105\u0107 konto w aplikacji? - AGRO SHOW","og_description":"Jak usun\u0105\u0107 konto w aplikacji? 1) Wy\u015blij nam e\u2011mail na adres biuro@pigmiur.pl 2) Do\u0142\u0105cz: a) Tre\u015b\u0107 \u201eProsz\u0119 usun\u0105\u0107 moje konto\u201d. b) Adres e-mail powi\u0105zany z kontem w aplikacji, kt\u00f3ry chcesz usun\u0105\u0107. 3) Wszystkie Twoje dane zostan\u0105 usuni\u0119te w ci\u0105gu 14 dni kalendarzowych. Potwierdzimy to, odpowiadaj\u0105c na Twoj\u0105 wiadomo\u015b\u0107 e\u2011mail: \u201eWszystkie Twoje dane z konta w [&hellip;]","og_url":"https:\/\/agroshow.pl\/agroshow\/jak-usunac-konto-w-aplikacji","og_site_name":"AGRO SHOW","article_modified_time":"2025-08-28T20:03:26+00:00","twitter_card":"summary_large_image","twitter_misc":{"Szacowany czas czytania":"1 minuta"},"schema":{"@context":"https:\/\/schema.org","@graph":[{"@type":"WebPage","@id":"https:\/\/agroshow.pl\/agroshow\/jak-usunac-konto-w-aplikacji","url":"https:\/\/agroshow.pl\/agroshow\/jak-usunac-konto-w-aplikacji","name":"Jak usun\u0105\u0107 konto w aplikacji? - AGRO SHOW","isPartOf":{"@id":"http:\/\/agroshow.pl\/agroshow\/#website"},"datePublished":"2025-08-28T10:20:40+00:00","dateModified":"2025-08-28T20:03:26+00:00","breadcrumb":{"@id":"https:\/\/agroshow.pl\/agroshow\/jak-usunac-konto-w-aplikacji#breadcrumb"},"inLanguage":"pl-PL","potentialAction":[{"@type":"ReadAction","target":["https:\/\/agroshow.pl\/agroshow\/jak-usunac-konto-w-aplikacji"]}]},{"@type":"BreadcrumbList","@id":"https:\/\/agroshow.pl\/agroshow\/jak-usunac-konto-w-aplikacji#breadcrumb","itemListElement":[{"@type":"ListItem","position":1,"name":"Strona g\u0142\u00f3wna","item":"http:\/\/agroshow.pl\/agroshow"},{"@type":"ListItem","position":2,"name":"Jak usun\u0105\u0107 konto w aplikacji?"}]},{"@type":"WebSite","@id":"http:\/\/agroshow.pl\/agroshow\/#website","url":"http:\/\/agroshow.pl\/agroshow\/","name":"AGRO SHOW","description":"Mi\u0119dzynarodowa Wystawa Rolnicza AGRO SHOW organizowana jest przez Polsk\u0105 Izb\u0119 Gospodarcz\u0105 Maszyn i Urz\u0105dze\u0144 Rolniczych od 1999 roku. AGRO SHOW od lat postrzegane jest jako doskona\u0142e miejsce prezentacji najnowszych i najnowocze\u015bniejszych maszyn i urz\u0105dze\u0144 rolniczych.","potentialAction":[{"@type":"SearchAction","target":{"@type":"EntryPoint","urlTemplate":"http:\/\/agroshow.pl\/agroshow\/?s={search_term_string}"},"query-input":{"@type":"PropertyValueSpecification","valueRequired":true,"valueName":"search_term_string"}}],"inLanguage":"pl-PL"}]}},"_links":{"self":[{"href":"https:\/\/agroshow.pl\/agroshow\/wp-json\/wp\/v2\/pages\/13782","targetHints":{"allow":["GET"]}}],"collection":[{"href":"https:\/\/agroshow.pl\/agroshow\/wp-json\/wp\/v2\/pages"}],"about":[{"href":"https:\/\/agroshow.pl\/agroshow\/wp-json\/wp\/v2\/types\/page"}],"author":[{"embeddable":true,"href":"https:\/\/agroshow.pl\/agroshow\/wp-json\/wp\/v2\/users\/9"}],"replies":[{"embeddable":true,"href":"https:\/\/agroshow.pl\/agroshow\/wp-json\/wp\/v2\/comments?post=13782"}],"version-history":[{"count":17,"href":"https:\/\/agroshow.pl\/agroshow\/wp-json\/wp\/v2\/pages\/13782\/revisions"}],"predecessor-version":[{"id":13811,"href":"https:\/\/agroshow.pl\/agroshow\/wp-json\/wp\/v2\/pages\/13782\/revisions\/13811"}],"wp:attachment":[{"href":"https:\/\/agroshow.pl\/agroshow\/wp-json\/wp\/v2\/media?parent=13782"}],"curies":[{"name":"wp","href":"https:\/\/api.w.org\/{rel}","templated":true}]}}