{"id":13691,"date":"2025-08-29T11:43:57","date_gmt":"2025-08-29T09:43:57","guid":{"rendered":"https:\/\/agroshow.pl\/agroshow?page_id=13691"},"modified":"2025-09-18T23:59:43","modified_gmt":"2025-09-18T21:59:43","slug":"strefa-influencera-2","status":"publish","type":"page","link":"https:\/\/agroshow.pl\/agroshow\/strefa-influencera-2","title":{"rendered":"Strefa Influencera"},"content":{"rendered":"\n<figure class=\"wp-block-image size-large is-resized\"><img loading=\"lazy\" decoding=\"async\" src=\"https:\/\/agroshow.pl\/agroshow\/wp-content\/uploads\/2025\/08\/Strefa-Influencera-AS-\u2013-Prezentacja-Zarzad-9.07.2024-1024x576.png\" alt=\"\" class=\"wp-image-13694\" width=\"840\" height=\"472\" srcset=\"https:\/\/agroshow.pl\/agroshow\/wp-content\/uploads\/2025\/08\/Strefa-Influencera-AS-\u2013-Prezentacja-Zarzad-9.07.2024-1024x576.png 1024w, https:\/\/agroshow.pl\/agroshow\/wp-content\/uploads\/2025\/08\/Strefa-Influencera-AS-\u2013-Prezentacja-Zarzad-9.07.2024-600x338.png 600w, https:\/\/agroshow.pl\/agroshow\/wp-content\/uploads\/2025\/08\/Strefa-Influencera-AS-\u2013-Prezentacja-Zarzad-9.07.2024-768x432.png 768w, https:\/\/agroshow.pl\/agroshow\/wp-content\/uploads\/2025\/08\/Strefa-Influencera-AS-\u2013-Prezentacja-Zarzad-9.07.2024-1536x864.png 1536w, https:\/\/agroshow.pl\/agroshow\/wp-content\/uploads\/2025\/08\/Strefa-Influencera-AS-\u2013-Prezentacja-Zarzad-9.07.2024-1360x765.png 1360w, https:\/\/agroshow.pl\/agroshow\/wp-content\/uploads\/2025\/08\/Strefa-Influencera-AS-\u2013-Prezentacja-Zarzad-9.07.2024.png 1920w\" sizes=\"auto, (max-width: 840px) 100vw, 840px\" \/><\/figure>\n\n\n\n<p class=\"has-text-align-center has-large-font-size\"><strong>Masz uko\u0144czone 18 lat<\/strong><\/p>\n\n\n\n<p class=\"has-text-align-center has-large-font-size\"><strong> i prowadzisz profil o tematyce rolniczej? <\/strong><\/p>\n\n\n\n<p class=\"has-text-align-center has-medium-font-size\">To idealna okazja dla Ciebie! <\/p>\n\n\n\n<p class=\"has-text-align-center has-medium-font-size\">Do\u0142\u0105cz do naszej Strefy Influencera na 26. edycji AGRO SHOW i poka\u017c, co potrafisz! Zg\u0142o\u015b si\u0119 po akredytacj\u0119 i b\u0105d\u017a cz\u0119\u015bci\u0105 najwi\u0119kszej rolniczej imprezy tego roku! Nie zwlekaj \u2013 czekamy w\u0142a\u015bnie na Ciebie!<\/p>\n\n\n\n<h2 class=\"wp-block-heading has-large-font-size\">Co zyskujesz dzi\u0119ki akredytacji?<\/h2>\n\n\n\n<ul class=\"wp-block-list\">\n<li>Bilet wst\u0119pu na 1 dzie\u0144 wystawy, <\/li>\n\n\n\n<li>Upominek przygotowany specjalnie dla influencer\u00f3w, <\/li>\n\n\n\n<li>Dedykowane miejsce do spotka\u0144 i wymiany do\u015bwiadcze\u0144 z innymi tw\u00f3rcami,<\/li>\n\n\n\n<li>Mini Studio &#8211; miejsce do tworzenia tre\u015bci, <\/li>\n\n\n\n<li>Dedykowany identyfikator, kt\u00f3ry umo\u017cliwia wej\u015bcie ka\u017cdego dnia wystawy. <\/li>\n<\/ul>\n\n\n\n<p>Nasza wystawa to doskona\u0142a okazja, aby spotka\u0107 wielu fan\u00f3w rolnictwa oraz rozbudowa\u0107 swoj\u0105 spo\u0142eczno\u015b\u0107.<\/p>\n\n\n\n<p><\/p>\n\n\n\n<p>Akredytacja online zosta\u0142a zako\u0144czona. Je\u015bli nadal chcesz wzi\u0105\u0107 udzia\u0142 w Strefie, zg\u0142o\u015b si\u0119 do naszego namiotu Strefy  Influencera, aby dowiedzie\u0107 si\u0119 wi\u0119cej!<\/p>\n\n\n\n<h2 class=\"wp-block-heading has-large-font-size\">Jak to dzia\u0142a?<\/h2>\n\n\n\n<ol class=\"wp-block-list\">\n<li>Sprawd\u017a, czy spe\u0142niasz kryteria uczestnictwa. <br><\/li>\n\n\n\n<li>Wype\u0142nij formularz zg\u0142oszeniowy.<br><\/li>\n\n\n\n<li> Opublikuj na swoim profilu zaproszenie na wystaw\u0119 oznaczaj\u0105c nasz oficjalny profil na Facebooku (AGRO SHOW &#8211; Polska Izba Gospodarcza Maszyn i Urz\u0105dze\u0144 Rolniczych), Instagramie (agro_show_pigmiur) lub Tiktoku (@agro.show.pigmiur). Jest to warunek do uzyskania akredytacji. <br><\/li>\n\n\n\n<li>Kiedy otrzymamy powiadomienie o oznaczeniu nas w zaproszeniu, wy\u015blemy maila potwierdzaj\u0105cego udzielenie akredytacji.<br><\/li>\n\n\n\n<li>Dostaniesz jednorazowy bilet drog\u0105 mailow\u0105, kt\u00f3ry pozwoli na wej\u015bcie na teren wystawy. Zach\u0119camy  do odwiedzenia naszej Strefy Influencera, aby odebra\u0107 identyfikator i upominek zwi\u0105zany z wystaw\u0105, a tak\u017ce spotka\u0107 sie z innymi influencerami oraz fanami rolniczego kontenu!<\/li>\n<\/ol>\n\n\n\n<p>W tym roku zako\u0144czyli\u015bmy ju\u017c akredytacj\u0119 do strefy Influencera. <\/p>\n\n\n\n<p>Zapraszamy r\u00f3wnie\u017c do dzielenia si\u0119 zdj\u0119ciami z wydarzenia na swoich profilach!<\/p>\n\n\n\n<a target=\"_blank\" href=\"https:\/\/agroshow.pl\/agroshow\/wp-content\/uploads\/2025\/08\/karta-informacji-o-prawach-osoby-przekazujacej-dane_intranet-1.pdf\" class=\"file\"><span>Karta informacji o prawach osobowych przekazuj\u0105cej dane <\/span><\/a>\n\n\n\n<p class=\"has-small-font-size\">Organizator nie ponosi odpowiedzialno\u015bci za rzeczy pozostawione w Strefie i zagubione na terenie Wystawy. &nbsp;Uczestnik ponosi pe\u0142n\u0105 odpowiedzialno\u015b\u0107 za szkody wyrz\u0105dzone Organizatorowi lub innym uczestnikom Strefy oraz Wystawy.<\/p>\n\n\n\n<p class=\"has-small-font-size\">Organizator zastrzega sobie prawo do wyboru uczestnik\u00f3w Strefy. W przypadku w\u0105tpliwo\u015bci co do wieku zastrzega sobie r\u00f3wnie\u017c mo\u017cliwo\u015b\u0107 weryfikacji tej informacji na podstawie dowodu to\u017csamo\u015bci podczas Wystawy.<\/p>\n","protected":false},"excerpt":{"rendered":"<p>Masz uko\u0144czone 18 lat i prowadzisz profil o tematyce rolniczej? To idealna okazja dla Ciebie! Do\u0142\u0105cz do naszej Strefy Influencera na 26. edycji AGRO SHOW i poka\u017c, co potrafisz! Zg\u0142o\u015b si\u0119 po akredytacj\u0119 i b\u0105d\u017a cz\u0119\u015bci\u0105 najwi\u0119kszej rolniczej imprezy tego roku! Nie zwlekaj \u2013 czekamy w\u0142a\u015bnie na Ciebie! Co zyskujesz dzi\u0119ki akredytacji? Nasza wystawa to [&hellip;]<\/p>\n","protected":false},"author":9,"featured_media":0,"parent":0,"menu_order":-80,"comment_status":"closed","ping_status":"closed","template":"","meta":{"inline_featured_image":false,"footnotes":""},"class_list":["post-13691","page","type-page","status-publish","hentry"],"acf":[],"yoast_head":"<!-- This site is optimized with the Yoast SEO plugin v26.2 - https:\/\/yoast.com\/wordpress\/plugins\/seo\/ -->\n<title>Strefa Influencera - AGRO SHOW<\/title>\n<meta name=\"robots\" content=\"index, follow, max-snippet:-1, max-image-preview:large, max-video-preview:-1\" \/>\n<link rel=\"canonical\" href=\"https:\/\/agroshow.pl\/agroshow\/strefa-influencera-2\" \/>\n<meta property=\"og:locale\" content=\"pl_PL\" \/>\n<meta property=\"og:type\" content=\"article\" \/>\n<meta property=\"og:title\" content=\"Strefa Influencera - AGRO SHOW\" \/>\n<meta property=\"og:description\" content=\"Masz uko\u0144czone 18 lat i prowadzisz profil o tematyce rolniczej? To idealna okazja dla Ciebie! Do\u0142\u0105cz do naszej Strefy Influencera na 26. edycji AGRO SHOW i poka\u017c, co potrafisz! Zg\u0142o\u015b si\u0119 po akredytacj\u0119 i b\u0105d\u017a cz\u0119\u015bci\u0105 najwi\u0119kszej rolniczej imprezy tego roku! Nie zwlekaj \u2013 czekamy w\u0142a\u015bnie na Ciebie! Co zyskujesz dzi\u0119ki akredytacji? Nasza wystawa to [&hellip;]\" \/>\n<meta property=\"og:url\" content=\"https:\/\/agroshow.pl\/agroshow\/strefa-influencera-2\" \/>\n<meta property=\"og:site_name\" content=\"AGRO SHOW\" \/>\n<meta property=\"article:modified_time\" content=\"2025-09-18T21:59:43+00:00\" \/>\n<meta name=\"twitter:card\" content=\"summary_large_image\" \/>\n<meta name=\"twitter:label1\" content=\"Szacowany czas czytania\" \/>\n\t<meta name=\"twitter:data1\" content=\"2 minuty\" \/>\n<script type=\"application\/ld+json\" class=\"yoast-schema-graph\">{\"@context\":\"https:\/\/schema.org\",\"@graph\":[{\"@type\":\"WebPage\",\"@id\":\"https:\/\/agroshow.pl\/agroshow\/strefa-influencera-2\",\"url\":\"https:\/\/agroshow.pl\/agroshow\/strefa-influencera-2\",\"name\":\"Strefa Influencera - AGRO SHOW\",\"isPartOf\":{\"@id\":\"http:\/\/agroshow.pl\/agroshow\/#website\"},\"datePublished\":\"2025-08-29T09:43:57+00:00\",\"dateModified\":\"2025-09-18T21:59:43+00:00\",\"breadcrumb\":{\"@id\":\"https:\/\/agroshow.pl\/agroshow\/strefa-influencera-2#breadcrumb\"},\"inLanguage\":\"pl-PL\",\"potentialAction\":[{\"@type\":\"ReadAction\",\"target\":[\"https:\/\/agroshow.pl\/agroshow\/strefa-influencera-2\"]}]},{\"@type\":\"BreadcrumbList\",\"@id\":\"https:\/\/agroshow.pl\/agroshow\/strefa-influencera-2#breadcrumb\",\"itemListElement\":[{\"@type\":\"ListItem\",\"position\":1,\"name\":\"Strona g\u0142\u00f3wna\",\"item\":\"http:\/\/agroshow.pl\/agroshow\"},{\"@type\":\"ListItem\",\"position\":2,\"name\":\"Strefa Influencera\"}]},{\"@type\":\"WebSite\",\"@id\":\"http:\/\/agroshow.pl\/agroshow\/#website\",\"url\":\"http:\/\/agroshow.pl\/agroshow\/\",\"name\":\"AGRO SHOW\",\"description\":\"Mi\u0119dzynarodowa Wystawa Rolnicza AGRO SHOW organizowana jest przez Polsk\u0105 Izb\u0119 Gospodarcz\u0105 Maszyn i Urz\u0105dze\u0144 Rolniczych od 1999 roku. AGRO SHOW od lat postrzegane jest jako doskona\u0142e miejsce prezentacji najnowszych i najnowocze\u015bniejszych maszyn i urz\u0105dze\u0144 rolniczych.\",\"potentialAction\":[{\"@type\":\"SearchAction\",\"target\":{\"@type\":\"EntryPoint\",\"urlTemplate\":\"http:\/\/agroshow.pl\/agroshow\/?s={search_term_string}\"},\"query-input\":{\"@type\":\"PropertyValueSpecification\",\"valueRequired\":true,\"valueName\":\"search_term_string\"}}],\"inLanguage\":\"pl-PL\"}]}<\/script>\n<!-- \/ Yoast SEO plugin. -->","yoast_head_json":{"title":"Strefa Influencera - AGRO SHOW","robots":{"index":"index","follow":"follow","max-snippet":"max-snippet:-1","max-image-preview":"max-image-preview:large","max-video-preview":"max-video-preview:-1"},"canonical":"https:\/\/agroshow.pl\/agroshow\/strefa-influencera-2","og_locale":"pl_PL","og_type":"article","og_title":"Strefa Influencera - AGRO SHOW","og_description":"Masz uko\u0144czone 18 lat i prowadzisz profil o tematyce rolniczej? To idealna okazja dla Ciebie! Do\u0142\u0105cz do naszej Strefy Influencera na 26. edycji AGRO SHOW i poka\u017c, co potrafisz! Zg\u0142o\u015b si\u0119 po akredytacj\u0119 i b\u0105d\u017a cz\u0119\u015bci\u0105 najwi\u0119kszej rolniczej imprezy tego roku! Nie zwlekaj \u2013 czekamy w\u0142a\u015bnie na Ciebie! Co zyskujesz dzi\u0119ki akredytacji? Nasza wystawa to [&hellip;]","og_url":"https:\/\/agroshow.pl\/agroshow\/strefa-influencera-2","og_site_name":"AGRO SHOW","article_modified_time":"2025-09-18T21:59:43+00:00","twitter_card":"summary_large_image","twitter_misc":{"Szacowany czas czytania":"2 minuty"},"schema":{"@context":"https:\/\/schema.org","@graph":[{"@type":"WebPage","@id":"https:\/\/agroshow.pl\/agroshow\/strefa-influencera-2","url":"https:\/\/agroshow.pl\/agroshow\/strefa-influencera-2","name":"Strefa Influencera - AGRO SHOW","isPartOf":{"@id":"http:\/\/agroshow.pl\/agroshow\/#website"},"datePublished":"2025-08-29T09:43:57+00:00","dateModified":"2025-09-18T21:59:43+00:00","breadcrumb":{"@id":"https:\/\/agroshow.pl\/agroshow\/strefa-influencera-2#breadcrumb"},"inLanguage":"pl-PL","potentialAction":[{"@type":"ReadAction","target":["https:\/\/agroshow.pl\/agroshow\/strefa-influencera-2"]}]},{"@type":"BreadcrumbList","@id":"https:\/\/agroshow.pl\/agroshow\/strefa-influencera-2#breadcrumb","itemListElement":[{"@type":"ListItem","position":1,"name":"Strona g\u0142\u00f3wna","item":"http:\/\/agroshow.pl\/agroshow"},{"@type":"ListItem","position":2,"name":"Strefa Influencera"}]},{"@type":"WebSite","@id":"http:\/\/agroshow.pl\/agroshow\/#website","url":"http:\/\/agroshow.pl\/agroshow\/","name":"AGRO SHOW","description":"Mi\u0119dzynarodowa Wystawa Rolnicza AGRO SHOW organizowana jest przez Polsk\u0105 Izb\u0119 Gospodarcz\u0105 Maszyn i Urz\u0105dze\u0144 Rolniczych od 1999 roku. AGRO SHOW od lat postrzegane jest jako doskona\u0142e miejsce prezentacji najnowszych i najnowocze\u015bniejszych maszyn i urz\u0105dze\u0144 rolniczych.","potentialAction":[{"@type":"SearchAction","target":{"@type":"EntryPoint","urlTemplate":"http:\/\/agroshow.pl\/agroshow\/?s={search_term_string}"},"query-input":{"@type":"PropertyValueSpecification","valueRequired":true,"valueName":"search_term_string"}}],"inLanguage":"pl-PL"}]}},"_links":{"self":[{"href":"https:\/\/agroshow.pl\/agroshow\/wp-json\/wp\/v2\/pages\/13691","targetHints":{"allow":["GET"]}}],"collection":[{"href":"https:\/\/agroshow.pl\/agroshow\/wp-json\/wp\/v2\/pages"}],"about":[{"href":"https:\/\/agroshow.pl\/agroshow\/wp-json\/wp\/v2\/types\/page"}],"author":[{"embeddable":true,"href":"https:\/\/agroshow.pl\/agroshow\/wp-json\/wp\/v2\/users\/9"}],"replies":[{"embeddable":true,"href":"https:\/\/agroshow.pl\/agroshow\/wp-json\/wp\/v2\/comments?post=13691"}],"version-history":[{"count":20,"href":"https:\/\/agroshow.pl\/agroshow\/wp-json\/wp\/v2\/pages\/13691\/revisions"}],"predecessor-version":[{"id":15774,"href":"https:\/\/agroshow.pl\/agroshow\/wp-json\/wp\/v2\/pages\/13691\/revisions\/15774"}],"wp:attachment":[{"href":"https:\/\/agroshow.pl\/agroshow\/wp-json\/wp\/v2\/media?parent=13691"}],"curies":[{"name":"wp","href":"https:\/\/api.w.org\/{rel}","templated":true}]}}