{"id":13636,"date":"2025-08-14T08:53:57","date_gmt":"2025-08-14T06:53:57","guid":{"rendered":"https:\/\/agroshow.pl\/agroshow?page_id=13636"},"modified":"2025-08-14T08:53:58","modified_gmt":"2025-08-14T06:53:58","slug":"maskotka-wystawy","status":"publish","type":"page","link":"https:\/\/agroshow.pl\/agroshow\/o-wystawie\/maskotka-wystawy","title":{"rendered":"Maskotka wystawy"},"content":{"rendered":"\n<p>Pewnie wiele os\u00f3b zastanawia si\u0119, dlaczego wybrali\u015bmy kangurka Lulusia na maskotk\u0119 polskiej wystawy AGRO SHOW. Jednak za tym pomys\u0142em kryje si\u0119 niezwyk\u0142a historia, kt\u00f3r\u0105 dzi\u015b chcemy przypomnie\u0107.<\/p>\n\n\n\n<figure class=\"wp-block-image size-large is-style-rounded\"><img loading=\"lazy\" decoding=\"async\" width=\"1024\" height=\"682\" src=\"https:\/\/agroshow.pl\/agroshow\/wp-content\/uploads\/2025\/08\/DSC_4330-1024x682.jpg\" alt=\"\" class=\"wp-image-13644\" srcset=\"https:\/\/agroshow.pl\/agroshow\/wp-content\/uploads\/2025\/08\/DSC_4330-1024x682.jpg 1024w, https:\/\/agroshow.pl\/agroshow\/wp-content\/uploads\/2025\/08\/DSC_4330-600x400.jpg 600w, https:\/\/agroshow.pl\/agroshow\/wp-content\/uploads\/2025\/08\/DSC_4330-768x512.jpg 768w, https:\/\/agroshow.pl\/agroshow\/wp-content\/uploads\/2025\/08\/DSC_4330-1536x1023.jpg 1536w, https:\/\/agroshow.pl\/agroshow\/wp-content\/uploads\/2025\/08\/DSC_4330-1148x765.jpg 1148w, https:\/\/agroshow.pl\/agroshow\/wp-content\/uploads\/2025\/08\/DSC_4330.jpg 1969w\" sizes=\"auto, (max-width: 1024px) 100vw, 1024px\" \/><\/figure>\n\n\n\n<p>Od lat we wrze\u015bniu w Bednarach odbywa si\u0119 najwi\u0119ksza plenerowa wystawa rolnicza w Europie &#8211; AGRO SHOW. W 2023 roku do ekipy przygotowuj\u0105cej targi do\u0142\u0105czy\u0142 wyj\u0105tkowy towarzysz \u2013 kangurek Lulu\u015b, kt\u00f3ry uciek\u0142 z jednej z okolicznych hodowli. Po kilku dniach poszukiwa\u0144 zwierz\u0119 znalaz\u0142o si\u0119 w samym centrum przygotowa\u0144 do AGRO SHOW w Bednarach. Ten uroczy \u201enowy cz\u0142onek zespo\u0142u\u201d wzbudzi\u0142 wiele emocji. Jak wida\u0107, nawet kangurki chcia\u0142y zobaczy\u0107, co si\u0119 u nas dzieje \ud83d\ude09.<\/p>\n\n\n\n<figure class=\"wp-block-image size-large is-style-rounded\"><img loading=\"lazy\" decoding=\"async\" width=\"1024\" height=\"576\" src=\"https:\/\/agroshow.pl\/agroshow\/wp-content\/uploads\/2025\/08\/DSC_3668-1024x576.jpg\" alt=\"\" class=\"wp-image-13651\" srcset=\"https:\/\/agroshow.pl\/agroshow\/wp-content\/uploads\/2025\/08\/DSC_3668-1024x576.jpg 1024w, https:\/\/agroshow.pl\/agroshow\/wp-content\/uploads\/2025\/08\/DSC_3668-600x337.jpg 600w, https:\/\/agroshow.pl\/agroshow\/wp-content\/uploads\/2025\/08\/DSC_3668-768x432.jpg 768w, https:\/\/agroshow.pl\/agroshow\/wp-content\/uploads\/2025\/08\/DSC_3668-1536x864.jpg 1536w, https:\/\/agroshow.pl\/agroshow\/wp-content\/uploads\/2025\/08\/DSC_3668-1361x765.jpg 1361w, https:\/\/agroshow.pl\/agroshow\/wp-content\/uploads\/2025\/08\/DSC_3668.jpg 1969w\" sizes=\"auto, (max-width: 1024px) 100vw, 1024px\" \/><\/figure>\n\n\n\n<p>Na pami\u0105tk\u0119 tej nieoczekiwanej wizyty postanowili\u015bmy wyr\u00f3\u017cni\u0107 tego wyj\u0105tkowego go\u015bcia i wybrali\u015bmy go na oficjaln\u0105 maskotk\u0119 AGRO SHOW! Od tamtej pory mo\u017cna spotka\u0107 naszego kangurka \u2013 a raczej jego sobowt\u00f3ra &#8211; co roku podczas wystawy w Bednarach.<\/p>\n\n\n\n<p>W tym roku b\u0119dzie podobnie, a co wi\u0119cej \u2013 b\u0119dziecie mogli zabra\u0107 pluszow\u0105 podobizn\u0119 naszego kangurka do domu! Serdecznie zapraszamy do odwiedzin &#8211; kto wie, mo\u017ce to w\u0142a\u015bnie Wy spotkacie nasz\u0105 niezwyk\u0142\u0105 maskotk\u0119 na \u017cywo!<\/p>\n\n\n\n<figure class=\"wp-block-image size-large is-style-rounded\"><img loading=\"lazy\" decoding=\"async\" width=\"1024\" height=\"576\" src=\"https:\/\/agroshow.pl\/agroshow\/wp-content\/uploads\/2025\/08\/DSC_4404-1024x576.jpg\" alt=\"\" class=\"wp-image-13658\" srcset=\"https:\/\/agroshow.pl\/agroshow\/wp-content\/uploads\/2025\/08\/DSC_4404-1024x576.jpg 1024w, https:\/\/agroshow.pl\/agroshow\/wp-content\/uploads\/2025\/08\/DSC_4404-600x337.jpg 600w, https:\/\/agroshow.pl\/agroshow\/wp-content\/uploads\/2025\/08\/DSC_4404-768x432.jpg 768w, https:\/\/agroshow.pl\/agroshow\/wp-content\/uploads\/2025\/08\/DSC_4404-1536x864.jpg 1536w, https:\/\/agroshow.pl\/agroshow\/wp-content\/uploads\/2025\/08\/DSC_4404-1361x765.jpg 1361w, https:\/\/agroshow.pl\/agroshow\/wp-content\/uploads\/2025\/08\/DSC_4404.jpg 1969w\" sizes=\"auto, (max-width: 1024px) 100vw, 1024px\" \/><\/figure>\n","protected":false},"excerpt":{"rendered":"<p>Pewnie wiele os\u00f3b zastanawia si\u0119, dlaczego wybrali\u015bmy kangurka Lulusia na maskotk\u0119 polskiej wystawy AGRO SHOW. Jednak za tym pomys\u0142em kryje si\u0119 niezwyk\u0142a historia, kt\u00f3r\u0105 dzi\u015b chcemy przypomnie\u0107. Od lat we wrze\u015bniu w Bednarach odbywa si\u0119 najwi\u0119ksza plenerowa wystawa rolnicza w Europie &#8211; AGRO SHOW. W 2023 roku do ekipy przygotowuj\u0105cej targi do\u0142\u0105czy\u0142 wyj\u0105tkowy towarzysz \u2013 [&hellip;]<\/p>\n","protected":false},"author":9,"featured_media":0,"parent":89,"menu_order":3,"comment_status":"closed","ping_status":"closed","template":"","meta":{"inline_featured_image":false,"footnotes":""},"class_list":["post-13636","page","type-page","status-publish","hentry"],"acf":[],"yoast_head":"<!-- This site is optimized with the Yoast SEO plugin v26.2 - https:\/\/yoast.com\/wordpress\/plugins\/seo\/ -->\n<title>Maskotka wystawy - AGRO SHOW<\/title>\n<meta name=\"robots\" content=\"index, follow, max-snippet:-1, max-image-preview:large, max-video-preview:-1\" \/>\n<link rel=\"canonical\" href=\"https:\/\/agroshow.pl\/agroshow\/o-wystawie\/maskotka-wystawy\" \/>\n<meta property=\"og:locale\" content=\"pl_PL\" \/>\n<meta property=\"og:type\" content=\"article\" \/>\n<meta property=\"og:title\" content=\"Maskotka wystawy - AGRO SHOW\" \/>\n<meta property=\"og:description\" content=\"Pewnie wiele os\u00f3b zastanawia si\u0119, dlaczego wybrali\u015bmy kangurka Lulusia na maskotk\u0119 polskiej wystawy AGRO SHOW. Jednak za tym pomys\u0142em kryje si\u0119 niezwyk\u0142a historia, kt\u00f3r\u0105 dzi\u015b chcemy przypomnie\u0107. Od lat we wrze\u015bniu w Bednarach odbywa si\u0119 najwi\u0119ksza plenerowa wystawa rolnicza w Europie &#8211; AGRO SHOW. W 2023 roku do ekipy przygotowuj\u0105cej targi do\u0142\u0105czy\u0142 wyj\u0105tkowy towarzysz \u2013 [&hellip;]\" \/>\n<meta property=\"og:url\" content=\"https:\/\/agroshow.pl\/agroshow\/o-wystawie\/maskotka-wystawy\" \/>\n<meta property=\"og:site_name\" content=\"AGRO SHOW\" \/>\n<meta property=\"article:modified_time\" content=\"2025-08-14T06:53:58+00:00\" \/>\n<meta property=\"og:image\" content=\"https:\/\/agroshow.pl\/agroshow\/wp-content\/uploads\/2025\/08\/DSC_4330-1024x682.jpg\" \/>\n<meta name=\"twitter:card\" content=\"summary_large_image\" \/>\n<meta name=\"twitter:label1\" content=\"Szacowany czas czytania\" \/>\n\t<meta name=\"twitter:data1\" content=\"2 minuty\" \/>\n<script type=\"application\/ld+json\" class=\"yoast-schema-graph\">{\"@context\":\"https:\/\/schema.org\",\"@graph\":[{\"@type\":\"WebPage\",\"@id\":\"https:\/\/agroshow.pl\/agroshow\/o-wystawie\/maskotka-wystawy\",\"url\":\"https:\/\/agroshow.pl\/agroshow\/o-wystawie\/maskotka-wystawy\",\"name\":\"Maskotka wystawy - AGRO SHOW\",\"isPartOf\":{\"@id\":\"http:\/\/agroshow.pl\/agroshow\/#website\"},\"primaryImageOfPage\":{\"@id\":\"https:\/\/agroshow.pl\/agroshow\/o-wystawie\/maskotka-wystawy#primaryimage\"},\"image\":{\"@id\":\"https:\/\/agroshow.pl\/agroshow\/o-wystawie\/maskotka-wystawy#primaryimage\"},\"thumbnailUrl\":\"https:\/\/agroshow.pl\/agroshow\/wp-content\/uploads\/2025\/08\/DSC_4330-1024x682.jpg\",\"datePublished\":\"2025-08-14T06:53:57+00:00\",\"dateModified\":\"2025-08-14T06:53:58+00:00\",\"breadcrumb\":{\"@id\":\"https:\/\/agroshow.pl\/agroshow\/o-wystawie\/maskotka-wystawy#breadcrumb\"},\"inLanguage\":\"pl-PL\",\"potentialAction\":[{\"@type\":\"ReadAction\",\"target\":[\"https:\/\/agroshow.pl\/agroshow\/o-wystawie\/maskotka-wystawy\"]}]},{\"@type\":\"ImageObject\",\"inLanguage\":\"pl-PL\",\"@id\":\"https:\/\/agroshow.pl\/agroshow\/o-wystawie\/maskotka-wystawy#primaryimage\",\"url\":\"https:\/\/agroshow.pl\/agroshow\/wp-content\/uploads\/2025\/08\/DSC_4330.jpg\",\"contentUrl\":\"https:\/\/agroshow.pl\/agroshow\/wp-content\/uploads\/2025\/08\/DSC_4330.jpg\",\"width\":1969,\"height\":1312},{\"@type\":\"BreadcrumbList\",\"@id\":\"https:\/\/agroshow.pl\/agroshow\/o-wystawie\/maskotka-wystawy#breadcrumb\",\"itemListElement\":[{\"@type\":\"ListItem\",\"position\":1,\"name\":\"Strona g\u0142\u00f3wna\",\"item\":\"http:\/\/agroshow.pl\/agroshow\"},{\"@type\":\"ListItem\",\"position\":2,\"name\":\"O wystawie\",\"item\":\"https:\/\/agroshow.pl\/agroshow\/o-wystawie\"},{\"@type\":\"ListItem\",\"position\":3,\"name\":\"Maskotka wystawy\"}]},{\"@type\":\"WebSite\",\"@id\":\"http:\/\/agroshow.pl\/agroshow\/#website\",\"url\":\"http:\/\/agroshow.pl\/agroshow\/\",\"name\":\"AGRO SHOW\",\"description\":\"Mi\u0119dzynarodowa Wystawa Rolnicza AGRO SHOW organizowana jest przez Polsk\u0105 Izb\u0119 Gospodarcz\u0105 Maszyn i Urz\u0105dze\u0144 Rolniczych od 1999 roku. AGRO SHOW od lat postrzegane jest jako doskona\u0142e miejsce prezentacji najnowszych i najnowocze\u015bniejszych maszyn i urz\u0105dze\u0144 rolniczych.\",\"potentialAction\":[{\"@type\":\"SearchAction\",\"target\":{\"@type\":\"EntryPoint\",\"urlTemplate\":\"http:\/\/agroshow.pl\/agroshow\/?s={search_term_string}\"},\"query-input\":{\"@type\":\"PropertyValueSpecification\",\"valueRequired\":true,\"valueName\":\"search_term_string\"}}],\"inLanguage\":\"pl-PL\"}]}<\/script>\n<!-- \/ Yoast SEO plugin. -->","yoast_head_json":{"title":"Maskotka wystawy - AGRO SHOW","robots":{"index":"index","follow":"follow","max-snippet":"max-snippet:-1","max-image-preview":"max-image-preview:large","max-video-preview":"max-video-preview:-1"},"canonical":"https:\/\/agroshow.pl\/agroshow\/o-wystawie\/maskotka-wystawy","og_locale":"pl_PL","og_type":"article","og_title":"Maskotka wystawy - AGRO SHOW","og_description":"Pewnie wiele os\u00f3b zastanawia si\u0119, dlaczego wybrali\u015bmy kangurka Lulusia na maskotk\u0119 polskiej wystawy AGRO SHOW. Jednak za tym pomys\u0142em kryje si\u0119 niezwyk\u0142a historia, kt\u00f3r\u0105 dzi\u015b chcemy przypomnie\u0107. Od lat we wrze\u015bniu w Bednarach odbywa si\u0119 najwi\u0119ksza plenerowa wystawa rolnicza w Europie &#8211; AGRO SHOW. W 2023 roku do ekipy przygotowuj\u0105cej targi do\u0142\u0105czy\u0142 wyj\u0105tkowy towarzysz \u2013 [&hellip;]","og_url":"https:\/\/agroshow.pl\/agroshow\/o-wystawie\/maskotka-wystawy","og_site_name":"AGRO SHOW","article_modified_time":"2025-08-14T06:53:58+00:00","og_image":[{"url":"https:\/\/agroshow.pl\/agroshow\/wp-content\/uploads\/2025\/08\/DSC_4330-1024x682.jpg","type":"","width":"","height":""}],"twitter_card":"summary_large_image","twitter_misc":{"Szacowany czas czytania":"2 minuty"},"schema":{"@context":"https:\/\/schema.org","@graph":[{"@type":"WebPage","@id":"https:\/\/agroshow.pl\/agroshow\/o-wystawie\/maskotka-wystawy","url":"https:\/\/agroshow.pl\/agroshow\/o-wystawie\/maskotka-wystawy","name":"Maskotka wystawy - AGRO SHOW","isPartOf":{"@id":"http:\/\/agroshow.pl\/agroshow\/#website"},"primaryImageOfPage":{"@id":"https:\/\/agroshow.pl\/agroshow\/o-wystawie\/maskotka-wystawy#primaryimage"},"image":{"@id":"https:\/\/agroshow.pl\/agroshow\/o-wystawie\/maskotka-wystawy#primaryimage"},"thumbnailUrl":"https:\/\/agroshow.pl\/agroshow\/wp-content\/uploads\/2025\/08\/DSC_4330-1024x682.jpg","datePublished":"2025-08-14T06:53:57+00:00","dateModified":"2025-08-14T06:53:58+00:00","breadcrumb":{"@id":"https:\/\/agroshow.pl\/agroshow\/o-wystawie\/maskotka-wystawy#breadcrumb"},"inLanguage":"pl-PL","potentialAction":[{"@type":"ReadAction","target":["https:\/\/agroshow.pl\/agroshow\/o-wystawie\/maskotka-wystawy"]}]},{"@type":"ImageObject","inLanguage":"pl-PL","@id":"https:\/\/agroshow.pl\/agroshow\/o-wystawie\/maskotka-wystawy#primaryimage","url":"https:\/\/agroshow.pl\/agroshow\/wp-content\/uploads\/2025\/08\/DSC_4330.jpg","contentUrl":"https:\/\/agroshow.pl\/agroshow\/wp-content\/uploads\/2025\/08\/DSC_4330.jpg","width":1969,"height":1312},{"@type":"BreadcrumbList","@id":"https:\/\/agroshow.pl\/agroshow\/o-wystawie\/maskotka-wystawy#breadcrumb","itemListElement":[{"@type":"ListItem","position":1,"name":"Strona g\u0142\u00f3wna","item":"http:\/\/agroshow.pl\/agroshow"},{"@type":"ListItem","position":2,"name":"O wystawie","item":"https:\/\/agroshow.pl\/agroshow\/o-wystawie"},{"@type":"ListItem","position":3,"name":"Maskotka wystawy"}]},{"@type":"WebSite","@id":"http:\/\/agroshow.pl\/agroshow\/#website","url":"http:\/\/agroshow.pl\/agroshow\/","name":"AGRO SHOW","description":"Mi\u0119dzynarodowa Wystawa Rolnicza AGRO SHOW organizowana jest przez Polsk\u0105 Izb\u0119 Gospodarcz\u0105 Maszyn i Urz\u0105dze\u0144 Rolniczych od 1999 roku. AGRO SHOW od lat postrzegane jest jako doskona\u0142e miejsce prezentacji najnowszych i najnowocze\u015bniejszych maszyn i urz\u0105dze\u0144 rolniczych.","potentialAction":[{"@type":"SearchAction","target":{"@type":"EntryPoint","urlTemplate":"http:\/\/agroshow.pl\/agroshow\/?s={search_term_string}"},"query-input":{"@type":"PropertyValueSpecification","valueRequired":true,"valueName":"search_term_string"}}],"inLanguage":"pl-PL"}]}},"_links":{"self":[{"href":"https:\/\/agroshow.pl\/agroshow\/wp-json\/wp\/v2\/pages\/13636","targetHints":{"allow":["GET"]}}],"collection":[{"href":"https:\/\/agroshow.pl\/agroshow\/wp-json\/wp\/v2\/pages"}],"about":[{"href":"https:\/\/agroshow.pl\/agroshow\/wp-json\/wp\/v2\/types\/page"}],"author":[{"embeddable":true,"href":"https:\/\/agroshow.pl\/agroshow\/wp-json\/wp\/v2\/users\/9"}],"replies":[{"embeddable":true,"href":"https:\/\/agroshow.pl\/agroshow\/wp-json\/wp\/v2\/comments?post=13636"}],"version-history":[{"count":2,"href":"https:\/\/agroshow.pl\/agroshow\/wp-json\/wp\/v2\/pages\/13636\/revisions"}],"predecessor-version":[{"id":13666,"href":"https:\/\/agroshow.pl\/agroshow\/wp-json\/wp\/v2\/pages\/13636\/revisions\/13666"}],"up":[{"embeddable":true,"href":"https:\/\/agroshow.pl\/agroshow\/wp-json\/wp\/v2\/pages\/89"}],"wp:attachment":[{"href":"https:\/\/agroshow.pl\/agroshow\/wp-json\/wp\/v2\/media?parent=13636"}],"curies":[{"name":"wp","href":"https:\/\/api.w.org\/{rel}","templated":true}]}}