{"id":12864,"date":"2024-10-04T12:48:27","date_gmt":"2024-10-04T10:48:27","guid":{"rendered":"https:\/\/agroshow.pl\/agroshow?page_id=12864"},"modified":"2024-10-04T14:01:45","modified_gmt":"2024-10-04T12:01:45","slug":"galeria","status":"publish","type":"page","link":"https:\/\/agroshow.pl\/agroshow\/galeria","title":{"rendered":"Galeria"},"content":{"rendered":"\n<div class=\"wp-block-cover is-light\"><span aria-hidden=\"true\" class=\"wp-block-cover__background has-background-dim\"><\/span><img loading=\"lazy\" decoding=\"async\" width=\"804\" height=\"533\" class=\"wp-block-cover__image-background wp-image-12816\" alt=\"\" src=\"https:\/\/agroshow.pl\/agroshow\/wp-content\/uploads\/2024\/09\/AGRO-SHOW-1.jpg\" data-object-fit=\"cover\" srcset=\"https:\/\/agroshow.pl\/agroshow\/wp-content\/uploads\/2024\/09\/AGRO-SHOW-1.jpg 804w, https:\/\/agroshow.pl\/agroshow\/wp-content\/uploads\/2024\/09\/AGRO-SHOW-1-600x398.jpg 600w, https:\/\/agroshow.pl\/agroshow\/wp-content\/uploads\/2024\/09\/AGRO-SHOW-1-768x509.jpg 768w\" sizes=\"auto, (max-width: 804px) 100vw, 804px\" \/><div class=\"wp-block-cover__inner-container is-layout-flow wp-block-cover-is-layout-flow\">\n<p class=\"has-text-align-center has-black-color has-white-background-color has-text-color has-background has-large-font-size\"><a href=\"https:\/\/agroshow.pl\/agroshow\/galeria-2024\">GALERIA 2024<\/a><\/p>\n<\/div><\/div>\n\n\n\n<p><\/p>\n\n\n\n<div class=\"wp-block-cover is-light\"><span aria-hidden=\"true\" class=\"wp-block-cover__background has-background-dim\"><\/span><img loading=\"lazy\" decoding=\"async\" width=\"1969\" height=\"1107\" class=\"wp-block-cover__image-background wp-image-12795\" alt=\"gg\" src=\"https:\/\/agroshow.pl\/agroshow\/wp-content\/uploads\/2024\/09\/DSC_5102.jpg\" data-object-fit=\"cover\" srcset=\"https:\/\/agroshow.pl\/agroshow\/wp-content\/uploads\/2024\/09\/DSC_5102.jpg 1969w, https:\/\/agroshow.pl\/agroshow\/wp-content\/uploads\/2024\/09\/DSC_5102-600x337.jpg 600w, https:\/\/agroshow.pl\/agroshow\/wp-content\/uploads\/2024\/09\/DSC_5102-1024x576.jpg 1024w, https:\/\/agroshow.pl\/agroshow\/wp-content\/uploads\/2024\/09\/DSC_5102-768x432.jpg 768w, https:\/\/agroshow.pl\/agroshow\/wp-content\/uploads\/2024\/09\/DSC_5102-1536x864.jpg 1536w, https:\/\/agroshow.pl\/agroshow\/wp-content\/uploads\/2024\/09\/DSC_5102-1361x765.jpg 1361w\" sizes=\"auto, (max-width: 1969px) 100vw, 1969px\" \/><div class=\"wp-block-cover__inner-container is-layout-flow wp-block-cover-is-layout-flow\">\n<p><\/p>\n\n\n\n<p class=\"has-text-align-center has-white-color has-white-background-color has-text-color has-background has-large-font-size\"><a href=\"https:\/\/agroshow.pl\/agroshow\/galeria-2023\">GALERIA 2023<\/a><\/p>\n<\/div><\/div>\n\n\n\n<p><\/p>\n\n\n\n<div class=\"wp-block-cover\"><span aria-hidden=\"true\" class=\"wp-block-cover__background has-background-dim\"><\/span><img loading=\"lazy\" decoding=\"async\" width=\"799\" height=\"533\" class=\"wp-block-cover__image-background wp-image-9773\" alt=\"AGRO SHOW Bednary\" src=\"https:\/\/agroshow.pl\/agroshow\/wp-content\/uploads\/2022\/09\/AGRO-SHOW-Bednary-2022-413.jpg\" data-object-fit=\"cover\" srcset=\"https:\/\/agroshow.pl\/agroshow\/wp-content\/uploads\/2022\/09\/AGRO-SHOW-Bednary-2022-413.jpg 799w, https:\/\/agroshow.pl\/agroshow\/wp-content\/uploads\/2022\/09\/AGRO-SHOW-Bednary-2022-413-600x400.jpg 600w, https:\/\/agroshow.pl\/agroshow\/wp-content\/uploads\/2022\/09\/AGRO-SHOW-Bednary-2022-413-768x512.jpg 768w\" sizes=\"auto, (max-width: 799px) 100vw, 799px\" \/><div class=\"wp-block-cover__inner-container is-layout-flow wp-block-cover-is-layout-flow\">\n<p class=\"has-text-align-center has-white-background-color has-background has-large-font-size\"><a href=\"https:\/\/agroshow.pl\/agroshow\/galeria-2022\">GALERIA 2022<\/a><\/p>\n<\/div><\/div>\n\n\n\n<p><\/p>\n","protected":false},"excerpt":{"rendered":"","protected":false},"author":8,"featured_media":0,"parent":0,"menu_order":0,"comment_status":"closed","ping_status":"closed","template":"","meta":{"inline_featured_image":false,"footnotes":""},"class_list":["post-12864","page","type-page","status-publish","hentry"],"acf":[],"yoast_head":"<!-- This site is optimized with the Yoast SEO plugin v26.2 - https:\/\/yoast.com\/wordpress\/plugins\/seo\/ -->\n<title>Galeria - AGRO SHOW<\/title>\n<meta name=\"robots\" content=\"index, follow, max-snippet:-1, max-image-preview:large, max-video-preview:-1\" \/>\n<link rel=\"canonical\" href=\"https:\/\/agroshow.pl\/agroshow\/galeria\" \/>\n<meta property=\"og:locale\" content=\"pl_PL\" \/>\n<meta property=\"og:type\" content=\"article\" \/>\n<meta property=\"og:title\" content=\"Galeria - AGRO SHOW\" \/>\n<meta property=\"og:url\" content=\"https:\/\/agroshow.pl\/agroshow\/galeria\" \/>\n<meta property=\"og:site_name\" content=\"AGRO SHOW\" \/>\n<meta property=\"article:modified_time\" content=\"2024-10-04T12:01:45+00:00\" \/>\n<meta property=\"og:image\" content=\"https:\/\/agroshow.pl\/agroshow\/wp-content\/uploads\/2024\/09\/AGRO-SHOW-1.jpg\" \/>\n<meta name=\"twitter:card\" content=\"summary_large_image\" \/>\n<meta name=\"twitter:label1\" content=\"Szacowany czas czytania\" \/>\n\t<meta name=\"twitter:data1\" content=\"1 minuta\" \/>\n<script type=\"application\/ld+json\" class=\"yoast-schema-graph\">{\"@context\":\"https:\/\/schema.org\",\"@graph\":[{\"@type\":\"WebPage\",\"@id\":\"https:\/\/agroshow.pl\/agroshow\/galeria\",\"url\":\"https:\/\/agroshow.pl\/agroshow\/galeria\",\"name\":\"Galeria - AGRO SHOW\",\"isPartOf\":{\"@id\":\"http:\/\/agroshow.pl\/agroshow\/#website\"},\"primaryImageOfPage\":{\"@id\":\"https:\/\/agroshow.pl\/agroshow\/galeria#primaryimage\"},\"image\":{\"@id\":\"https:\/\/agroshow.pl\/agroshow\/galeria#primaryimage\"},\"thumbnailUrl\":\"https:\/\/agroshow.pl\/agroshow\/wp-content\/uploads\/2024\/09\/AGRO-SHOW-1.jpg\",\"datePublished\":\"2024-10-04T10:48:27+00:00\",\"dateModified\":\"2024-10-04T12:01:45+00:00\",\"breadcrumb\":{\"@id\":\"https:\/\/agroshow.pl\/agroshow\/galeria#breadcrumb\"},\"inLanguage\":\"pl-PL\",\"potentialAction\":[{\"@type\":\"ReadAction\",\"target\":[\"https:\/\/agroshow.pl\/agroshow\/galeria\"]}]},{\"@type\":\"ImageObject\",\"inLanguage\":\"pl-PL\",\"@id\":\"https:\/\/agroshow.pl\/agroshow\/galeria#primaryimage\",\"url\":\"https:\/\/agroshow.pl\/agroshow\/wp-content\/uploads\/2024\/09\/AGRO-SHOW-1.jpg\",\"contentUrl\":\"https:\/\/agroshow.pl\/agroshow\/wp-content\/uploads\/2024\/09\/AGRO-SHOW-1.jpg\",\"width\":804,\"height\":533},{\"@type\":\"BreadcrumbList\",\"@id\":\"https:\/\/agroshow.pl\/agroshow\/galeria#breadcrumb\",\"itemListElement\":[{\"@type\":\"ListItem\",\"position\":1,\"name\":\"Strona g\u0142\u00f3wna\",\"item\":\"http:\/\/agroshow.pl\/agroshow\"},{\"@type\":\"ListItem\",\"position\":2,\"name\":\"Galeria\"}]},{\"@type\":\"WebSite\",\"@id\":\"http:\/\/agroshow.pl\/agroshow\/#website\",\"url\":\"http:\/\/agroshow.pl\/agroshow\/\",\"name\":\"AGRO SHOW\",\"description\":\"Mi\u0119dzynarodowa Wystawa Rolnicza AGRO SHOW organizowana jest przez Polsk\u0105 Izb\u0119 Gospodarcz\u0105 Maszyn i Urz\u0105dze\u0144 Rolniczych od 1999 roku. AGRO SHOW od lat postrzegane jest jako doskona\u0142e miejsce prezentacji najnowszych i najnowocze\u015bniejszych maszyn i urz\u0105dze\u0144 rolniczych.\",\"potentialAction\":[{\"@type\":\"SearchAction\",\"target\":{\"@type\":\"EntryPoint\",\"urlTemplate\":\"http:\/\/agroshow.pl\/agroshow\/?s={search_term_string}\"},\"query-input\":{\"@type\":\"PropertyValueSpecification\",\"valueRequired\":true,\"valueName\":\"search_term_string\"}}],\"inLanguage\":\"pl-PL\"}]}<\/script>\n<!-- \/ Yoast SEO plugin. -->","yoast_head_json":{"title":"Galeria - AGRO SHOW","robots":{"index":"index","follow":"follow","max-snippet":"max-snippet:-1","max-image-preview":"max-image-preview:large","max-video-preview":"max-video-preview:-1"},"canonical":"https:\/\/agroshow.pl\/agroshow\/galeria","og_locale":"pl_PL","og_type":"article","og_title":"Galeria - AGRO SHOW","og_url":"https:\/\/agroshow.pl\/agroshow\/galeria","og_site_name":"AGRO SHOW","article_modified_time":"2024-10-04T12:01:45+00:00","og_image":[{"url":"https:\/\/agroshow.pl\/agroshow\/wp-content\/uploads\/2024\/09\/AGRO-SHOW-1.jpg","type":"","width":"","height":""}],"twitter_card":"summary_large_image","twitter_misc":{"Szacowany czas czytania":"1 minuta"},"schema":{"@context":"https:\/\/schema.org","@graph":[{"@type":"WebPage","@id":"https:\/\/agroshow.pl\/agroshow\/galeria","url":"https:\/\/agroshow.pl\/agroshow\/galeria","name":"Galeria - AGRO SHOW","isPartOf":{"@id":"http:\/\/agroshow.pl\/agroshow\/#website"},"primaryImageOfPage":{"@id":"https:\/\/agroshow.pl\/agroshow\/galeria#primaryimage"},"image":{"@id":"https:\/\/agroshow.pl\/agroshow\/galeria#primaryimage"},"thumbnailUrl":"https:\/\/agroshow.pl\/agroshow\/wp-content\/uploads\/2024\/09\/AGRO-SHOW-1.jpg","datePublished":"2024-10-04T10:48:27+00:00","dateModified":"2024-10-04T12:01:45+00:00","breadcrumb":{"@id":"https:\/\/agroshow.pl\/agroshow\/galeria#breadcrumb"},"inLanguage":"pl-PL","potentialAction":[{"@type":"ReadAction","target":["https:\/\/agroshow.pl\/agroshow\/galeria"]}]},{"@type":"ImageObject","inLanguage":"pl-PL","@id":"https:\/\/agroshow.pl\/agroshow\/galeria#primaryimage","url":"https:\/\/agroshow.pl\/agroshow\/wp-content\/uploads\/2024\/09\/AGRO-SHOW-1.jpg","contentUrl":"https:\/\/agroshow.pl\/agroshow\/wp-content\/uploads\/2024\/09\/AGRO-SHOW-1.jpg","width":804,"height":533},{"@type":"BreadcrumbList","@id":"https:\/\/agroshow.pl\/agroshow\/galeria#breadcrumb","itemListElement":[{"@type":"ListItem","position":1,"name":"Strona g\u0142\u00f3wna","item":"http:\/\/agroshow.pl\/agroshow"},{"@type":"ListItem","position":2,"name":"Galeria"}]},{"@type":"WebSite","@id":"http:\/\/agroshow.pl\/agroshow\/#website","url":"http:\/\/agroshow.pl\/agroshow\/","name":"AGRO SHOW","description":"Mi\u0119dzynarodowa Wystawa Rolnicza AGRO SHOW organizowana jest przez Polsk\u0105 Izb\u0119 Gospodarcz\u0105 Maszyn i Urz\u0105dze\u0144 Rolniczych od 1999 roku. AGRO SHOW od lat postrzegane jest jako doskona\u0142e miejsce prezentacji najnowszych i najnowocze\u015bniejszych maszyn i urz\u0105dze\u0144 rolniczych.","potentialAction":[{"@type":"SearchAction","target":{"@type":"EntryPoint","urlTemplate":"http:\/\/agroshow.pl\/agroshow\/?s={search_term_string}"},"query-input":{"@type":"PropertyValueSpecification","valueRequired":true,"valueName":"search_term_string"}}],"inLanguage":"pl-PL"}]}},"_links":{"self":[{"href":"https:\/\/agroshow.pl\/agroshow\/wp-json\/wp\/v2\/pages\/12864","targetHints":{"allow":["GET"]}}],"collection":[{"href":"https:\/\/agroshow.pl\/agroshow\/wp-json\/wp\/v2\/pages"}],"about":[{"href":"https:\/\/agroshow.pl\/agroshow\/wp-json\/wp\/v2\/types\/page"}],"author":[{"embeddable":true,"href":"https:\/\/agroshow.pl\/agroshow\/wp-json\/wp\/v2\/users\/8"}],"replies":[{"embeddable":true,"href":"https:\/\/agroshow.pl\/agroshow\/wp-json\/wp\/v2\/comments?post=12864"}],"version-history":[{"count":24,"href":"https:\/\/agroshow.pl\/agroshow\/wp-json\/wp\/v2\/pages\/12864\/revisions"}],"predecessor-version":[{"id":12901,"href":"https:\/\/agroshow.pl\/agroshow\/wp-json\/wp\/v2\/pages\/12864\/revisions\/12901"}],"wp:attachment":[{"href":"https:\/\/agroshow.pl\/agroshow\/wp-json\/wp\/v2\/media?parent=12864"}],"curies":[{"name":"wp","href":"https:\/\/api.w.org\/{rel}","templated":true}]}}