{"id":11755,"date":"2024-07-19T13:34:39","date_gmt":"2024-07-19T11:34:39","guid":{"rendered":"https:\/\/agroshow.pl\/agroshow?page_id=11755"},"modified":"2024-08-13T13:19:37","modified_gmt":"2024-08-13T11:19:37","slug":"strefa-influencera","status":"publish","type":"page","link":"https:\/\/agroshow.pl\/agroshow\/strefa-influencera","title":{"rendered":"Wirtualny spacer"},"content":{"rendered":"\n<p><\/p>\n\n\n\n<figure class=\"wp-block-image size-large\"><img loading=\"lazy\" decoding=\"async\" width=\"1024\" height=\"696\" src=\"https:\/\/agroshow.pl\/agroshow\/wp-content\/uploads\/2024\/08\/wirtualny-spacer-1024x696.jpg\" alt=\"\" class=\"wp-image-12101\" srcset=\"https:\/\/agroshow.pl\/agroshow\/wp-content\/uploads\/2024\/08\/wirtualny-spacer-1024x696.jpg 1024w, https:\/\/agroshow.pl\/agroshow\/wp-content\/uploads\/2024\/08\/wirtualny-spacer-600x408.jpg 600w, https:\/\/agroshow.pl\/agroshow\/wp-content\/uploads\/2024\/08\/wirtualny-spacer-768x522.jpg 768w, https:\/\/agroshow.pl\/agroshow\/wp-content\/uploads\/2024\/08\/wirtualny-spacer-1125x765.jpg 1125w, https:\/\/agroshow.pl\/agroshow\/wp-content\/uploads\/2024\/08\/wirtualny-spacer.jpg 1440w\" sizes=\"auto, (max-width: 1024px) 100vw, 1024px\" \/><\/figure>\n\n\n\n<ol class=\"wp-block-list\"><\/ol>\n","protected":false},"excerpt":{"rendered":"","protected":false},"author":5,"featured_media":0,"parent":0,"menu_order":0,"comment_status":"closed","ping_status":"closed","template":"","meta":{"inline_featured_image":false,"footnotes":""},"class_list":["post-11755","page","type-page","status-publish","hentry"],"acf":[],"yoast_head":"<!-- This site is optimized with the Yoast SEO plugin v26.2 - https:\/\/yoast.com\/wordpress\/plugins\/seo\/ -->\n<title>Wirtualny spacer - AGRO SHOW<\/title>\n<meta name=\"robots\" content=\"index, follow, max-snippet:-1, max-image-preview:large, max-video-preview:-1\" \/>\n<link rel=\"canonical\" href=\"https:\/\/agroshow.pl\/agroshow\/strefa-influencera\" \/>\n<meta property=\"og:locale\" content=\"pl_PL\" \/>\n<meta property=\"og:type\" content=\"article\" \/>\n<meta property=\"og:title\" content=\"Wirtualny spacer - AGRO SHOW\" \/>\n<meta property=\"og:url\" content=\"https:\/\/agroshow.pl\/agroshow\/strefa-influencera\" \/>\n<meta property=\"og:site_name\" content=\"AGRO SHOW\" \/>\n<meta property=\"article:modified_time\" content=\"2024-08-13T11:19:37+00:00\" \/>\n<meta property=\"og:image\" content=\"https:\/\/agroshow.pl\/agroshow\/wp-content\/uploads\/2024\/08\/wirtualny-spacer-1024x696.jpg\" \/>\n<meta name=\"twitter:card\" content=\"summary_large_image\" \/>\n<meta name=\"twitter:label1\" content=\"Szacowany czas czytania\" \/>\n\t<meta name=\"twitter:data1\" content=\"1 minuta\" \/>\n<script type=\"application\/ld+json\" class=\"yoast-schema-graph\">{\"@context\":\"https:\/\/schema.org\",\"@graph\":[{\"@type\":\"WebPage\",\"@id\":\"https:\/\/agroshow.pl\/agroshow\/strefa-influencera\",\"url\":\"https:\/\/agroshow.pl\/agroshow\/strefa-influencera\",\"name\":\"Wirtualny spacer - AGRO SHOW\",\"isPartOf\":{\"@id\":\"https:\/\/agroshow.pl\/agroshow#website\"},\"primaryImageOfPage\":{\"@id\":\"https:\/\/agroshow.pl\/agroshow\/strefa-influencera#primaryimage\"},\"image\":{\"@id\":\"https:\/\/agroshow.pl\/agroshow\/strefa-influencera#primaryimage\"},\"thumbnailUrl\":\"https:\/\/agroshow.pl\/agroshow\/wp-content\/uploads\/2024\/08\/wirtualny-spacer-1024x696.jpg\",\"datePublished\":\"2024-07-19T11:34:39+00:00\",\"dateModified\":\"2024-08-13T11:19:37+00:00\",\"breadcrumb\":{\"@id\":\"https:\/\/agroshow.pl\/agroshow\/strefa-influencera#breadcrumb\"},\"inLanguage\":\"pl-PL\",\"potentialAction\":[{\"@type\":\"ReadAction\",\"target\":[\"https:\/\/agroshow.pl\/agroshow\/strefa-influencera\"]}]},{\"@type\":\"ImageObject\",\"inLanguage\":\"pl-PL\",\"@id\":\"https:\/\/agroshow.pl\/agroshow\/strefa-influencera#primaryimage\",\"url\":\"https:\/\/agroshow.pl\/agroshow\/wp-content\/uploads\/2024\/08\/wirtualny-spacer.jpg\",\"contentUrl\":\"https:\/\/agroshow.pl\/agroshow\/wp-content\/uploads\/2024\/08\/wirtualny-spacer.jpg\",\"width\":1440,\"height\":979},{\"@type\":\"BreadcrumbList\",\"@id\":\"https:\/\/agroshow.pl\/agroshow\/strefa-influencera#breadcrumb\",\"itemListElement\":[{\"@type\":\"ListItem\",\"position\":1,\"name\":\"Strona g\u0142\u00f3wna\",\"item\":\"https:\/\/agroshow.pl\/agroshow\"},{\"@type\":\"ListItem\",\"position\":2,\"name\":\"Wirtualny spacer\"}]},{\"@type\":\"WebSite\",\"@id\":\"https:\/\/agroshow.pl\/agroshow#website\",\"url\":\"https:\/\/agroshow.pl\/agroshow\",\"name\":\"AGRO SHOW\",\"description\":\"Mi\u0119dzynarodowa Wystawa Rolnicza AGRO SHOW organizowana jest przez Polsk\u0105 Izb\u0119 Gospodarcz\u0105 Maszyn i Urz\u0105dze\u0144 Rolniczych od 1999 roku. AGRO SHOW od lat postrzegane jest jako doskona\u0142e miejsce prezentacji najnowszych i najnowocze\u015bniejszych maszyn i urz\u0105dze\u0144 rolniczych.\",\"potentialAction\":[{\"@type\":\"SearchAction\",\"target\":{\"@type\":\"EntryPoint\",\"urlTemplate\":\"https:\/\/agroshow.pl\/agroshow?s={search_term_string}\"},\"query-input\":{\"@type\":\"PropertyValueSpecification\",\"valueRequired\":true,\"valueName\":\"search_term_string\"}}],\"inLanguage\":\"pl-PL\"}]}<\/script>\n<!-- \/ Yoast SEO plugin. -->","yoast_head_json":{"title":"Wirtualny spacer - AGRO SHOW","robots":{"index":"index","follow":"follow","max-snippet":"max-snippet:-1","max-image-preview":"max-image-preview:large","max-video-preview":"max-video-preview:-1"},"canonical":"https:\/\/agroshow.pl\/agroshow\/strefa-influencera","og_locale":"pl_PL","og_type":"article","og_title":"Wirtualny spacer - AGRO SHOW","og_url":"https:\/\/agroshow.pl\/agroshow\/strefa-influencera","og_site_name":"AGRO SHOW","article_modified_time":"2024-08-13T11:19:37+00:00","og_image":[{"url":"https:\/\/agroshow.pl\/agroshow\/wp-content\/uploads\/2024\/08\/wirtualny-spacer-1024x696.jpg","type":"","width":"","height":""}],"twitter_card":"summary_large_image","twitter_misc":{"Szacowany czas czytania":"1 minuta"},"schema":{"@context":"https:\/\/schema.org","@graph":[{"@type":"WebPage","@id":"https:\/\/agroshow.pl\/agroshow\/strefa-influencera","url":"https:\/\/agroshow.pl\/agroshow\/strefa-influencera","name":"Wirtualny spacer - AGRO SHOW","isPartOf":{"@id":"https:\/\/agroshow.pl\/agroshow#website"},"primaryImageOfPage":{"@id":"https:\/\/agroshow.pl\/agroshow\/strefa-influencera#primaryimage"},"image":{"@id":"https:\/\/agroshow.pl\/agroshow\/strefa-influencera#primaryimage"},"thumbnailUrl":"https:\/\/agroshow.pl\/agroshow\/wp-content\/uploads\/2024\/08\/wirtualny-spacer-1024x696.jpg","datePublished":"2024-07-19T11:34:39+00:00","dateModified":"2024-08-13T11:19:37+00:00","breadcrumb":{"@id":"https:\/\/agroshow.pl\/agroshow\/strefa-influencera#breadcrumb"},"inLanguage":"pl-PL","potentialAction":[{"@type":"ReadAction","target":["https:\/\/agroshow.pl\/agroshow\/strefa-influencera"]}]},{"@type":"ImageObject","inLanguage":"pl-PL","@id":"https:\/\/agroshow.pl\/agroshow\/strefa-influencera#primaryimage","url":"https:\/\/agroshow.pl\/agroshow\/wp-content\/uploads\/2024\/08\/wirtualny-spacer.jpg","contentUrl":"https:\/\/agroshow.pl\/agroshow\/wp-content\/uploads\/2024\/08\/wirtualny-spacer.jpg","width":1440,"height":979},{"@type":"BreadcrumbList","@id":"https:\/\/agroshow.pl\/agroshow\/strefa-influencera#breadcrumb","itemListElement":[{"@type":"ListItem","position":1,"name":"Strona g\u0142\u00f3wna","item":"https:\/\/agroshow.pl\/agroshow"},{"@type":"ListItem","position":2,"name":"Wirtualny spacer"}]},{"@type":"WebSite","@id":"https:\/\/agroshow.pl\/agroshow#website","url":"https:\/\/agroshow.pl\/agroshow","name":"AGRO SHOW","description":"Mi\u0119dzynarodowa Wystawa Rolnicza AGRO SHOW organizowana jest przez Polsk\u0105 Izb\u0119 Gospodarcz\u0105 Maszyn i Urz\u0105dze\u0144 Rolniczych od 1999 roku. AGRO SHOW od lat postrzegane jest jako doskona\u0142e miejsce prezentacji najnowszych i najnowocze\u015bniejszych maszyn i urz\u0105dze\u0144 rolniczych.","potentialAction":[{"@type":"SearchAction","target":{"@type":"EntryPoint","urlTemplate":"https:\/\/agroshow.pl\/agroshow?s={search_term_string}"},"query-input":{"@type":"PropertyValueSpecification","valueRequired":true,"valueName":"search_term_string"}}],"inLanguage":"pl-PL"}]}},"_links":{"self":[{"href":"https:\/\/agroshow.pl\/agroshow\/wp-json\/wp\/v2\/pages\/11755","targetHints":{"allow":["GET"]}}],"collection":[{"href":"https:\/\/agroshow.pl\/agroshow\/wp-json\/wp\/v2\/pages"}],"about":[{"href":"https:\/\/agroshow.pl\/agroshow\/wp-json\/wp\/v2\/types\/page"}],"author":[{"embeddable":true,"href":"https:\/\/agroshow.pl\/agroshow\/wp-json\/wp\/v2\/users\/5"}],"replies":[{"embeddable":true,"href":"https:\/\/agroshow.pl\/agroshow\/wp-json\/wp\/v2\/comments?post=11755"}],"version-history":[{"count":4,"href":"https:\/\/agroshow.pl\/agroshow\/wp-json\/wp\/v2\/pages\/11755\/revisions"}],"predecessor-version":[{"id":12108,"href":"https:\/\/agroshow.pl\/agroshow\/wp-json\/wp\/v2\/pages\/11755\/revisions\/12108"}],"wp:attachment":[{"href":"https:\/\/agroshow.pl\/agroshow\/wp-json\/wp\/v2\/media?parent=11755"}],"curies":[{"name":"wp","href":"https:\/\/api.w.org\/{rel}","templated":true}]}}