{"id":3287,"date":"2019-04-04T09:29:30","date_gmt":"2019-04-04T07:29:30","guid":{"rendered":"https:\/\/www.agroshow.eu\/agroshow\/visiteurs\/plan-wystawy\/"},"modified":"2019-06-21T13:49:05","modified_gmt":"2019-06-21T11:49:05","slug":"plan-de-lexposition","status":"publish","type":"page","link":"https:\/\/agroshow.pl\/agroshow\/fr\/visiteurs\/plan-de-lexposition","title":{"rendered":"Plan de l&rsquo;exposition"},"content":{"rendered":"\n<p>Chaque ann\u00e9e, le plan subit de l\u00e9g\u00e8res modifications. Pour consulter le  plan actuel, visitez la version anglaise du site &#8211; l&rsquo;onglet: <a href=\"https:\/\/agroshow.pl\/agroshow\/en\/for-exhibitors\/exhibition-floorplan-2018\/\">For exhibitors \/ Exhibition floorplan<\/a> <\/p>\n","protected":false},"excerpt":{"rendered":"<p>Chaque ann\u00e9e, le plan subit de l\u00e9g\u00e8res modifications. Pour consulter le plan actuel, visitez la version anglaise du site &#8211; l&rsquo;onglet: For exhibitors \/ Exhibition floorplan<\/p>\n","protected":false},"author":2,"featured_media":0,"parent":2839,"menu_order":0,"comment_status":"closed","ping_status":"closed","template":"","meta":{"inline_featured_image":false,"footnotes":""},"class_list":["post-3287","page","type-page","status-publish","hentry"],"acf":[],"yoast_head":"<!-- This site is optimized with the Yoast SEO plugin v26.2 - https:\/\/yoast.com\/wordpress\/plugins\/seo\/ -->\n<title>Plan de l&#039;exposition - AGRO SHOW<\/title>\n<meta name=\"robots\" content=\"index, follow, max-snippet:-1, max-image-preview:large, max-video-preview:-1\" \/>\n<link rel=\"canonical\" href=\"https:\/\/agroshow.pl\/agroshow\/fr\/visiteurs\/plan-de-lexposition\" \/>\n<meta property=\"og:locale\" content=\"fr_FR\" \/>\n<meta property=\"og:type\" content=\"article\" \/>\n<meta property=\"og:title\" content=\"Plan de l&#039;exposition - AGRO SHOW\" \/>\n<meta property=\"og:description\" content=\"Chaque ann\u00e9e, le plan subit de l\u00e9g\u00e8res modifications. Pour consulter le plan actuel, visitez la version anglaise du site &#8211; l&rsquo;onglet: For exhibitors \/ Exhibition floorplan\" \/>\n<meta property=\"og:url\" content=\"https:\/\/agroshow.pl\/agroshow\/fr\/visiteurs\/plan-de-lexposition\" \/>\n<meta property=\"og:site_name\" content=\"AGRO SHOW\" \/>\n<meta property=\"article:modified_time\" content=\"2019-06-21T11:49:05+00:00\" \/>\n<meta name=\"twitter:card\" content=\"summary_large_image\" \/>\n<script type=\"application\/ld+json\" class=\"yoast-schema-graph\">{\"@context\":\"https:\/\/schema.org\",\"@graph\":[{\"@type\":\"WebPage\",\"@id\":\"https:\/\/agroshow.pl\/agroshow\/fr\/visiteurs\/plan-de-lexposition\",\"url\":\"https:\/\/agroshow.pl\/agroshow\/fr\/visiteurs\/plan-de-lexposition\",\"name\":\"Plan de l'exposition - AGRO SHOW\",\"isPartOf\":{\"@id\":\"https:\/\/agroshow.pl\/agroshow\/fr#website\"},\"datePublished\":\"2019-04-04T07:29:30+00:00\",\"dateModified\":\"2019-06-21T11:49:05+00:00\",\"breadcrumb\":{\"@id\":\"https:\/\/agroshow.pl\/agroshow\/fr\/visiteurs\/plan-de-lexposition#breadcrumb\"},\"inLanguage\":\"fr-FR\",\"potentialAction\":[{\"@type\":\"ReadAction\",\"target\":[\"https:\/\/agroshow.pl\/agroshow\/fr\/visiteurs\/plan-de-lexposition\"]}]},{\"@type\":\"BreadcrumbList\",\"@id\":\"https:\/\/agroshow.pl\/agroshow\/fr\/visiteurs\/plan-de-lexposition#breadcrumb\",\"itemListElement\":[{\"@type\":\"ListItem\",\"position\":1,\"name\":\"Strona g\u0142\u00f3wna\",\"item\":\"https:\/\/agroshow.pl\/agroshow\/fr\"},{\"@type\":\"ListItem\",\"position\":2,\"name\":\"Visiteurs\",\"item\":\"https:\/\/agroshow.pl\/agroshow\/fr\/visiteurs\"},{\"@type\":\"ListItem\",\"position\":3,\"name\":\"Plan de l&#8217;exposition\"}]},{\"@type\":\"WebSite\",\"@id\":\"https:\/\/agroshow.pl\/agroshow\/fr#website\",\"url\":\"https:\/\/agroshow.pl\/agroshow\/fr\",\"name\":\"AGRO SHOW\",\"description\":\"Mi\u0119dzynarodowa Wystawa Rolnicza AGRO SHOW organizowana jest przez Polsk\u0105 Izb\u0119 Gospodarcz\u0105 Maszyn i Urz\u0105dze\u0144 Rolniczych od 1999 roku. AGRO SHOW od lat postrzegane jest jako doskona\u0142e miejsce prezentacji najnowszych i najnowocze\u015bniejszych maszyn i urz\u0105dze\u0144 rolniczych.\",\"potentialAction\":[{\"@type\":\"SearchAction\",\"target\":{\"@type\":\"EntryPoint\",\"urlTemplate\":\"https:\/\/agroshow.pl\/agroshow\/fr?s={search_term_string}\"},\"query-input\":{\"@type\":\"PropertyValueSpecification\",\"valueRequired\":true,\"valueName\":\"search_term_string\"}}],\"inLanguage\":\"fr-FR\"}]}<\/script>\n<!-- \/ Yoast SEO plugin. -->","yoast_head_json":{"title":"Plan de l'exposition - AGRO SHOW","robots":{"index":"index","follow":"follow","max-snippet":"max-snippet:-1","max-image-preview":"max-image-preview:large","max-video-preview":"max-video-preview:-1"},"canonical":"https:\/\/agroshow.pl\/agroshow\/fr\/visiteurs\/plan-de-lexposition","og_locale":"fr_FR","og_type":"article","og_title":"Plan de l'exposition - AGRO SHOW","og_description":"Chaque ann\u00e9e, le plan subit de l\u00e9g\u00e8res modifications. Pour consulter le plan actuel, visitez la version anglaise du site &#8211; l&rsquo;onglet: For exhibitors \/ Exhibition floorplan","og_url":"https:\/\/agroshow.pl\/agroshow\/fr\/visiteurs\/plan-de-lexposition","og_site_name":"AGRO SHOW","article_modified_time":"2019-06-21T11:49:05+00:00","twitter_card":"summary_large_image","schema":{"@context":"https:\/\/schema.org","@graph":[{"@type":"WebPage","@id":"https:\/\/agroshow.pl\/agroshow\/fr\/visiteurs\/plan-de-lexposition","url":"https:\/\/agroshow.pl\/agroshow\/fr\/visiteurs\/plan-de-lexposition","name":"Plan de l'exposition - AGRO SHOW","isPartOf":{"@id":"https:\/\/agroshow.pl\/agroshow\/fr#website"},"datePublished":"2019-04-04T07:29:30+00:00","dateModified":"2019-06-21T11:49:05+00:00","breadcrumb":{"@id":"https:\/\/agroshow.pl\/agroshow\/fr\/visiteurs\/plan-de-lexposition#breadcrumb"},"inLanguage":"fr-FR","potentialAction":[{"@type":"ReadAction","target":["https:\/\/agroshow.pl\/agroshow\/fr\/visiteurs\/plan-de-lexposition"]}]},{"@type":"BreadcrumbList","@id":"https:\/\/agroshow.pl\/agroshow\/fr\/visiteurs\/plan-de-lexposition#breadcrumb","itemListElement":[{"@type":"ListItem","position":1,"name":"Strona g\u0142\u00f3wna","item":"https:\/\/agroshow.pl\/agroshow\/fr"},{"@type":"ListItem","position":2,"name":"Visiteurs","item":"https:\/\/agroshow.pl\/agroshow\/fr\/visiteurs"},{"@type":"ListItem","position":3,"name":"Plan de l&#8217;exposition"}]},{"@type":"WebSite","@id":"https:\/\/agroshow.pl\/agroshow\/fr#website","url":"https:\/\/agroshow.pl\/agroshow\/fr","name":"AGRO SHOW","description":"Mi\u0119dzynarodowa Wystawa Rolnicza AGRO SHOW organizowana jest przez Polsk\u0105 Izb\u0119 Gospodarcz\u0105 Maszyn i Urz\u0105dze\u0144 Rolniczych od 1999 roku. AGRO SHOW od lat postrzegane jest jako doskona\u0142e miejsce prezentacji najnowszych i najnowocze\u015bniejszych maszyn i urz\u0105dze\u0144 rolniczych.","potentialAction":[{"@type":"SearchAction","target":{"@type":"EntryPoint","urlTemplate":"https:\/\/agroshow.pl\/agroshow\/fr?s={search_term_string}"},"query-input":{"@type":"PropertyValueSpecification","valueRequired":true,"valueName":"search_term_string"}}],"inLanguage":"fr-FR"}]}},"_links":{"self":[{"href":"https:\/\/agroshow.pl\/agroshow\/fr\/wp-json\/wp\/v2\/pages\/3287","targetHints":{"allow":["GET"]}}],"collection":[{"href":"https:\/\/agroshow.pl\/agroshow\/fr\/wp-json\/wp\/v2\/pages"}],"about":[{"href":"https:\/\/agroshow.pl\/agroshow\/fr\/wp-json\/wp\/v2\/types\/page"}],"author":[{"embeddable":true,"href":"https:\/\/agroshow.pl\/agroshow\/fr\/wp-json\/wp\/v2\/users\/2"}],"replies":[{"embeddable":true,"href":"https:\/\/agroshow.pl\/agroshow\/fr\/wp-json\/wp\/v2\/comments?post=3287"}],"version-history":[{"count":2,"href":"https:\/\/agroshow.pl\/agroshow\/fr\/wp-json\/wp\/v2\/pages\/3287\/revisions"}],"predecessor-version":[{"id":3289,"href":"https:\/\/agroshow.pl\/agroshow\/fr\/wp-json\/wp\/v2\/pages\/3287\/revisions\/3289"}],"up":[{"embeddable":true,"href":"https:\/\/agroshow.pl\/agroshow\/fr\/wp-json\/wp\/v2\/pages\/2839"}],"wp:attachment":[{"href":"https:\/\/agroshow.pl\/agroshow\/fr\/wp-json\/wp\/v2\/media?parent=3287"}],"curies":[{"name":"wp","href":"https:\/\/api.w.org\/{rel}","templated":true}]}}