{"id":3280,"date":"2019-04-03T13:26:34","date_gmt":"2019-04-03T11:26:34","guid":{"rendered":"https:\/\/www.agroshow.eu\/agroshow\/visiteurs\/dojazd\/"},"modified":"2023-09-22T09:54:41","modified_gmt":"2023-09-22T07:54:41","slug":"acces","status":"publish","type":"page","link":"https:\/\/agroshow.pl\/agroshow\/fr\/visiteurs\/acces","title":{"rendered":"Acc\u00e8s"},"content":{"rendered":"\n<p>Terrain de l&rsquo;a\u00e9rodrome de Bednary 62-010 Pobiedziska<br>Coordonn\u00e9es GPS: 52.52826, 17.21712<\/p>\n","protected":false},"excerpt":{"rendered":"<p>Terrain de l&rsquo;a\u00e9rodrome de Bednary 62-010 PobiedziskaCoordonn\u00e9es GPS: 52.52826, 17.21712<\/p>\n","protected":false},"author":2,"featured_media":0,"parent":2839,"menu_order":0,"comment_status":"closed","ping_status":"closed","template":"dojazd.php","meta":{"inline_featured_image":false,"footnotes":""},"class_list":["post-3280","page","type-page","status-publish","hentry"],"acf":[],"yoast_head":"<!-- This site is optimized with the Yoast SEO plugin v26.2 - https:\/\/yoast.com\/wordpress\/plugins\/seo\/ -->\n<title>Acc\u00e8s - AGRO SHOW<\/title>\n<meta name=\"robots\" content=\"index, follow, max-snippet:-1, max-image-preview:large, max-video-preview:-1\" \/>\n<link rel=\"canonical\" href=\"https:\/\/agroshow.pl\/agroshow\/fr\/visiteurs\/acces\" \/>\n<meta property=\"og:locale\" content=\"fr_FR\" \/>\n<meta property=\"og:type\" content=\"article\" \/>\n<meta property=\"og:title\" content=\"Acc\u00e8s - AGRO SHOW\" \/>\n<meta property=\"og:description\" content=\"Terrain de l&rsquo;a\u00e9rodrome de Bednary 62-010 PobiedziskaCoordonn\u00e9es GPS: 52.52826, 17.21712\" \/>\n<meta property=\"og:url\" content=\"https:\/\/agroshow.pl\/agroshow\/fr\/visiteurs\/acces\" \/>\n<meta property=\"og:site_name\" content=\"AGRO SHOW\" \/>\n<meta property=\"article:modified_time\" content=\"2023-09-22T07:54:41+00:00\" \/>\n<meta name=\"twitter:card\" content=\"summary_large_image\" \/>\n<meta name=\"twitter:label1\" content=\"Dur\u00e9e de lecture estim\u00e9e\" \/>\n\t<meta name=\"twitter:data1\" content=\"1 minute\" \/>\n<script type=\"application\/ld+json\" class=\"yoast-schema-graph\">{\"@context\":\"https:\/\/schema.org\",\"@graph\":[{\"@type\":\"WebPage\",\"@id\":\"https:\/\/agroshow.pl\/agroshow\/fr\/visiteurs\/acces\",\"url\":\"https:\/\/agroshow.pl\/agroshow\/fr\/visiteurs\/acces\",\"name\":\"Acc\u00e8s - AGRO SHOW\",\"isPartOf\":{\"@id\":\"https:\/\/agroshow.pl\/agroshow\/fr#website\"},\"datePublished\":\"2019-04-03T11:26:34+00:00\",\"dateModified\":\"2023-09-22T07:54:41+00:00\",\"breadcrumb\":{\"@id\":\"https:\/\/agroshow.pl\/agroshow\/fr\/visiteurs\/acces#breadcrumb\"},\"inLanguage\":\"fr-FR\",\"potentialAction\":[{\"@type\":\"ReadAction\",\"target\":[\"https:\/\/agroshow.pl\/agroshow\/fr\/visiteurs\/acces\"]}]},{\"@type\":\"BreadcrumbList\",\"@id\":\"https:\/\/agroshow.pl\/agroshow\/fr\/visiteurs\/acces#breadcrumb\",\"itemListElement\":[{\"@type\":\"ListItem\",\"position\":1,\"name\":\"Strona g\u0142\u00f3wna\",\"item\":\"https:\/\/agroshow.pl\/agroshow\/fr\"},{\"@type\":\"ListItem\",\"position\":2,\"name\":\"Visiteurs\",\"item\":\"https:\/\/agroshow.pl\/agroshow\/fr\/visiteurs\"},{\"@type\":\"ListItem\",\"position\":3,\"name\":\"Acc\u00e8s\"}]},{\"@type\":\"WebSite\",\"@id\":\"https:\/\/agroshow.pl\/agroshow\/fr#website\",\"url\":\"https:\/\/agroshow.pl\/agroshow\/fr\",\"name\":\"AGRO SHOW\",\"description\":\"Mi\u0119dzynarodowa Wystawa Rolnicza AGRO SHOW organizowana jest przez Polsk\u0105 Izb\u0119 Gospodarcz\u0105 Maszyn i Urz\u0105dze\u0144 Rolniczych od 1999 roku. AGRO SHOW od lat postrzegane jest jako doskona\u0142e miejsce prezentacji najnowszych i najnowocze\u015bniejszych maszyn i urz\u0105dze\u0144 rolniczych.\",\"potentialAction\":[{\"@type\":\"SearchAction\",\"target\":{\"@type\":\"EntryPoint\",\"urlTemplate\":\"https:\/\/agroshow.pl\/agroshow\/fr?s={search_term_string}\"},\"query-input\":{\"@type\":\"PropertyValueSpecification\",\"valueRequired\":true,\"valueName\":\"search_term_string\"}}],\"inLanguage\":\"fr-FR\"}]}<\/script>\n<!-- \/ Yoast SEO plugin. -->","yoast_head_json":{"title":"Acc\u00e8s - AGRO SHOW","robots":{"index":"index","follow":"follow","max-snippet":"max-snippet:-1","max-image-preview":"max-image-preview:large","max-video-preview":"max-video-preview:-1"},"canonical":"https:\/\/agroshow.pl\/agroshow\/fr\/visiteurs\/acces","og_locale":"fr_FR","og_type":"article","og_title":"Acc\u00e8s - AGRO SHOW","og_description":"Terrain de l&rsquo;a\u00e9rodrome de Bednary 62-010 PobiedziskaCoordonn\u00e9es GPS: 52.52826, 17.21712","og_url":"https:\/\/agroshow.pl\/agroshow\/fr\/visiteurs\/acces","og_site_name":"AGRO SHOW","article_modified_time":"2023-09-22T07:54:41+00:00","twitter_card":"summary_large_image","twitter_misc":{"Dur\u00e9e de lecture estim\u00e9e":"1 minute"},"schema":{"@context":"https:\/\/schema.org","@graph":[{"@type":"WebPage","@id":"https:\/\/agroshow.pl\/agroshow\/fr\/visiteurs\/acces","url":"https:\/\/agroshow.pl\/agroshow\/fr\/visiteurs\/acces","name":"Acc\u00e8s - AGRO SHOW","isPartOf":{"@id":"https:\/\/agroshow.pl\/agroshow\/fr#website"},"datePublished":"2019-04-03T11:26:34+00:00","dateModified":"2023-09-22T07:54:41+00:00","breadcrumb":{"@id":"https:\/\/agroshow.pl\/agroshow\/fr\/visiteurs\/acces#breadcrumb"},"inLanguage":"fr-FR","potentialAction":[{"@type":"ReadAction","target":["https:\/\/agroshow.pl\/agroshow\/fr\/visiteurs\/acces"]}]},{"@type":"BreadcrumbList","@id":"https:\/\/agroshow.pl\/agroshow\/fr\/visiteurs\/acces#breadcrumb","itemListElement":[{"@type":"ListItem","position":1,"name":"Strona g\u0142\u00f3wna","item":"https:\/\/agroshow.pl\/agroshow\/fr"},{"@type":"ListItem","position":2,"name":"Visiteurs","item":"https:\/\/agroshow.pl\/agroshow\/fr\/visiteurs"},{"@type":"ListItem","position":3,"name":"Acc\u00e8s"}]},{"@type":"WebSite","@id":"https:\/\/agroshow.pl\/agroshow\/fr#website","url":"https:\/\/agroshow.pl\/agroshow\/fr","name":"AGRO SHOW","description":"Mi\u0119dzynarodowa Wystawa Rolnicza AGRO SHOW organizowana jest przez Polsk\u0105 Izb\u0119 Gospodarcz\u0105 Maszyn i Urz\u0105dze\u0144 Rolniczych od 1999 roku. AGRO SHOW od lat postrzegane jest jako doskona\u0142e miejsce prezentacji najnowszych i najnowocze\u015bniejszych maszyn i urz\u0105dze\u0144 rolniczych.","potentialAction":[{"@type":"SearchAction","target":{"@type":"EntryPoint","urlTemplate":"https:\/\/agroshow.pl\/agroshow\/fr?s={search_term_string}"},"query-input":{"@type":"PropertyValueSpecification","valueRequired":true,"valueName":"search_term_string"}}],"inLanguage":"fr-FR"}]}},"_links":{"self":[{"href":"https:\/\/agroshow.pl\/agroshow\/fr\/wp-json\/wp\/v2\/pages\/3280","targetHints":{"allow":["GET"]}}],"collection":[{"href":"https:\/\/agroshow.pl\/agroshow\/fr\/wp-json\/wp\/v2\/pages"}],"about":[{"href":"https:\/\/agroshow.pl\/agroshow\/fr\/wp-json\/wp\/v2\/types\/page"}],"author":[{"embeddable":true,"href":"https:\/\/agroshow.pl\/agroshow\/fr\/wp-json\/wp\/v2\/users\/2"}],"replies":[{"embeddable":true,"href":"https:\/\/agroshow.pl\/agroshow\/fr\/wp-json\/wp\/v2\/comments?post=3280"}],"version-history":[{"count":10,"href":"https:\/\/agroshow.pl\/agroshow\/fr\/wp-json\/wp\/v2\/pages\/3280\/revisions"}],"predecessor-version":[{"id":11150,"href":"https:\/\/agroshow.pl\/agroshow\/fr\/wp-json\/wp\/v2\/pages\/3280\/revisions\/11150"}],"up":[{"embeddable":true,"href":"https:\/\/agroshow.pl\/agroshow\/fr\/wp-json\/wp\/v2\/pages\/2839"}],"wp:attachment":[{"href":"https:\/\/agroshow.pl\/agroshow\/fr\/wp-json\/wp\/v2\/media?parent=3280"}],"curies":[{"name":"wp","href":"https:\/\/api.w.org\/{rel}","templated":true}]}}