{"id":2908,"date":"2019-04-03T13:07:44","date_gmt":"2019-04-03T11:07:44","guid":{"rendered":"https:\/\/www.agroshow.eu\/agroshow\/para-expositores\/plan-wystawy\/"},"modified":"2019-06-17T10:43:11","modified_gmt":"2019-06-17T08:43:11","slug":"plan-de-la-exposicion","status":"publish","type":"page","link":"https:\/\/agroshow.pl\/agroshow\/es\/para-expositores\/plan-de-la-exposicion","title":{"rendered":"Plan de la exposici\u00f3n"},"content":{"rendered":"\n<p>Cada a\u00f1o el plan sufre ligeras modificaciones. Para conocer el plan actual, vaya a la versi\u00f3n en ingl\u00e9s de la p\u00e1gina web y haga clic en la pesta\u00f1a:\u00a0<a href=\"https:\/\/agroshow.pl\/agroshow\/en\/for-exhibitors\/exhibition-floorplan-2018\/\">For exhibitors \/ Exhibition floorplan<\/a><\/p>\n","protected":false},"excerpt":{"rendered":"<p>Cada a\u00f1o el plan sufre ligeras modificaciones. Para conocer el plan actual, vaya a la versi\u00f3n en ingl\u00e9s de la p\u00e1gina web y haga clic en la pesta\u00f1a:\u00a0For exhibitors \/ Exhibition floorplan<\/p>\n","protected":false},"author":2,"featured_media":0,"parent":2883,"menu_order":0,"comment_status":"closed","ping_status":"closed","template":"","meta":{"inline_featured_image":false,"footnotes":""},"class_list":["post-2908","page","type-page","status-publish","hentry"],"acf":[],"yoast_head":"<!-- This site is optimized with the Yoast SEO plugin v26.2 - https:\/\/yoast.com\/wordpress\/plugins\/seo\/ -->\n<title>Plan de la exposici\u00f3n - AGRO SHOW<\/title>\n<meta name=\"robots\" content=\"index, follow, max-snippet:-1, max-image-preview:large, max-video-preview:-1\" \/>\n<link rel=\"canonical\" href=\"https:\/\/agroshow.pl\/agroshow\/es\/para-expositores\/plan-de-la-exposicion\" \/>\n<meta property=\"og:locale\" content=\"es_ES\" \/>\n<meta property=\"og:type\" content=\"article\" \/>\n<meta property=\"og:title\" content=\"Plan de la exposici\u00f3n - AGRO SHOW\" \/>\n<meta property=\"og:description\" content=\"Cada a\u00f1o el plan sufre ligeras modificaciones. Para conocer el plan actual, vaya a la versi\u00f3n en ingl\u00e9s de la p\u00e1gina web y haga clic en la pesta\u00f1a:\u00a0For exhibitors \/ Exhibition floorplan\" \/>\n<meta property=\"og:url\" content=\"https:\/\/agroshow.pl\/agroshow\/es\/para-expositores\/plan-de-la-exposicion\" \/>\n<meta property=\"og:site_name\" content=\"AGRO SHOW\" \/>\n<meta property=\"article:modified_time\" content=\"2019-06-17T08:43:11+00:00\" \/>\n<meta name=\"twitter:card\" content=\"summary_large_image\" \/>\n<script type=\"application\/ld+json\" class=\"yoast-schema-graph\">{\"@context\":\"https:\/\/schema.org\",\"@graph\":[{\"@type\":\"WebPage\",\"@id\":\"https:\/\/agroshow.pl\/agroshow\/es\/para-expositores\/plan-de-la-exposicion\",\"url\":\"https:\/\/agroshow.pl\/agroshow\/es\/para-expositores\/plan-de-la-exposicion\",\"name\":\"Plan de la exposici\u00f3n - AGRO SHOW\",\"isPartOf\":{\"@id\":\"https:\/\/agroshow.pl\/agroshow\/es#website\"},\"datePublished\":\"2019-04-03T11:07:44+00:00\",\"dateModified\":\"2019-06-17T08:43:11+00:00\",\"breadcrumb\":{\"@id\":\"https:\/\/agroshow.pl\/agroshow\/es\/para-expositores\/plan-de-la-exposicion#breadcrumb\"},\"inLanguage\":\"es\",\"potentialAction\":[{\"@type\":\"ReadAction\",\"target\":[\"https:\/\/agroshow.pl\/agroshow\/es\/para-expositores\/plan-de-la-exposicion\"]}]},{\"@type\":\"BreadcrumbList\",\"@id\":\"https:\/\/agroshow.pl\/agroshow\/es\/para-expositores\/plan-de-la-exposicion#breadcrumb\",\"itemListElement\":[{\"@type\":\"ListItem\",\"position\":1,\"name\":\"Strona g\u0142\u00f3wna\",\"item\":\"http:\/\/agroshow.pl\/agroshow\/es\"},{\"@type\":\"ListItem\",\"position\":2,\"name\":\"Para expositores\",\"item\":\"https:\/\/agroshow.pl\/agroshow\/es\/para-expositores\"},{\"@type\":\"ListItem\",\"position\":3,\"name\":\"Plan de la exposici\u00f3n\"}]},{\"@type\":\"WebSite\",\"@id\":\"https:\/\/agroshow.pl\/agroshow\/es#website\",\"url\":\"https:\/\/agroshow.pl\/agroshow\/es\",\"name\":\"AGRO SHOW\",\"description\":\"Mi\u0119dzynarodowa Wystawa Rolnicza AGRO SHOW organizowana jest przez Polsk\u0105 Izb\u0119 Gospodarcz\u0105 Maszyn i Urz\u0105dze\u0144 Rolniczych od 1999 roku. AGRO SHOW od lat postrzegane jest jako doskona\u0142e miejsce prezentacji najnowszych i najnowocze\u015bniejszych maszyn i urz\u0105dze\u0144 rolniczych.\",\"potentialAction\":[{\"@type\":\"SearchAction\",\"target\":{\"@type\":\"EntryPoint\",\"urlTemplate\":\"https:\/\/agroshow.pl\/agroshow\/es?s={search_term_string}\"},\"query-input\":{\"@type\":\"PropertyValueSpecification\",\"valueRequired\":true,\"valueName\":\"search_term_string\"}}],\"inLanguage\":\"es\"}]}<\/script>\n<!-- \/ Yoast SEO plugin. -->","yoast_head_json":{"title":"Plan de la exposici\u00f3n - AGRO SHOW","robots":{"index":"index","follow":"follow","max-snippet":"max-snippet:-1","max-image-preview":"max-image-preview:large","max-video-preview":"max-video-preview:-1"},"canonical":"https:\/\/agroshow.pl\/agroshow\/es\/para-expositores\/plan-de-la-exposicion","og_locale":"es_ES","og_type":"article","og_title":"Plan de la exposici\u00f3n - AGRO SHOW","og_description":"Cada a\u00f1o el plan sufre ligeras modificaciones. Para conocer el plan actual, vaya a la versi\u00f3n en ingl\u00e9s de la p\u00e1gina web y haga clic en la pesta\u00f1a:\u00a0For exhibitors \/ Exhibition floorplan","og_url":"https:\/\/agroshow.pl\/agroshow\/es\/para-expositores\/plan-de-la-exposicion","og_site_name":"AGRO SHOW","article_modified_time":"2019-06-17T08:43:11+00:00","twitter_card":"summary_large_image","schema":{"@context":"https:\/\/schema.org","@graph":[{"@type":"WebPage","@id":"https:\/\/agroshow.pl\/agroshow\/es\/para-expositores\/plan-de-la-exposicion","url":"https:\/\/agroshow.pl\/agroshow\/es\/para-expositores\/plan-de-la-exposicion","name":"Plan de la exposici\u00f3n - AGRO SHOW","isPartOf":{"@id":"https:\/\/agroshow.pl\/agroshow\/es#website"},"datePublished":"2019-04-03T11:07:44+00:00","dateModified":"2019-06-17T08:43:11+00:00","breadcrumb":{"@id":"https:\/\/agroshow.pl\/agroshow\/es\/para-expositores\/plan-de-la-exposicion#breadcrumb"},"inLanguage":"es","potentialAction":[{"@type":"ReadAction","target":["https:\/\/agroshow.pl\/agroshow\/es\/para-expositores\/plan-de-la-exposicion"]}]},{"@type":"BreadcrumbList","@id":"https:\/\/agroshow.pl\/agroshow\/es\/para-expositores\/plan-de-la-exposicion#breadcrumb","itemListElement":[{"@type":"ListItem","position":1,"name":"Strona g\u0142\u00f3wna","item":"http:\/\/agroshow.pl\/agroshow\/es"},{"@type":"ListItem","position":2,"name":"Para expositores","item":"https:\/\/agroshow.pl\/agroshow\/es\/para-expositores"},{"@type":"ListItem","position":3,"name":"Plan de la exposici\u00f3n"}]},{"@type":"WebSite","@id":"https:\/\/agroshow.pl\/agroshow\/es#website","url":"https:\/\/agroshow.pl\/agroshow\/es","name":"AGRO SHOW","description":"Mi\u0119dzynarodowa Wystawa Rolnicza AGRO SHOW organizowana jest przez Polsk\u0105 Izb\u0119 Gospodarcz\u0105 Maszyn i Urz\u0105dze\u0144 Rolniczych od 1999 roku. AGRO SHOW od lat postrzegane jest jako doskona\u0142e miejsce prezentacji najnowszych i najnowocze\u015bniejszych maszyn i urz\u0105dze\u0144 rolniczych.","potentialAction":[{"@type":"SearchAction","target":{"@type":"EntryPoint","urlTemplate":"https:\/\/agroshow.pl\/agroshow\/es?s={search_term_string}"},"query-input":{"@type":"PropertyValueSpecification","valueRequired":true,"valueName":"search_term_string"}}],"inLanguage":"es"}]}},"_links":{"self":[{"href":"https:\/\/agroshow.pl\/agroshow\/es\/wp-json\/wp\/v2\/pages\/2908","targetHints":{"allow":["GET"]}}],"collection":[{"href":"https:\/\/agroshow.pl\/agroshow\/es\/wp-json\/wp\/v2\/pages"}],"about":[{"href":"https:\/\/agroshow.pl\/agroshow\/es\/wp-json\/wp\/v2\/types\/page"}],"author":[{"embeddable":true,"href":"https:\/\/agroshow.pl\/agroshow\/es\/wp-json\/wp\/v2\/users\/2"}],"replies":[{"embeddable":true,"href":"https:\/\/agroshow.pl\/agroshow\/es\/wp-json\/wp\/v2\/comments?post=2908"}],"version-history":[{"count":6,"href":"https:\/\/agroshow.pl\/agroshow\/es\/wp-json\/wp\/v2\/pages\/2908\/revisions"}],"predecessor-version":[{"id":2946,"href":"https:\/\/agroshow.pl\/agroshow\/es\/wp-json\/wp\/v2\/pages\/2908\/revisions\/2946"}],"up":[{"embeddable":true,"href":"https:\/\/agroshow.pl\/agroshow\/es\/wp-json\/wp\/v2\/pages\/2883"}],"wp:attachment":[{"href":"https:\/\/agroshow.pl\/agroshow\/es\/wp-json\/wp\/v2\/media?parent=2908"}],"curies":[{"name":"wp","href":"https:\/\/api.w.org\/{rel}","templated":true}]}}