{"id":2904,"date":"2019-04-03T11:27:14","date_gmt":"2019-04-03T09:27:14","guid":{"rendered":"https:\/\/www.agroshow.eu\/agroshow\/para-expositores\/hotele-noclegi\/"},"modified":"2019-06-17T10:01:33","modified_gmt":"2019-06-17T08:01:33","slug":"hoteles-alojamientos","status":"publish","type":"page","link":"https:\/\/agroshow.pl\/agroshow\/es\/para-expositores\/hoteles-alojamientos","title":{"rendered":"Hoteles, alojamientos"},"content":{"rendered":"","protected":false},"excerpt":{"rendered":"","protected":false},"author":2,"featured_media":0,"parent":2883,"menu_order":0,"comment_status":"closed","ping_status":"closed","template":"hotele.php","meta":{"inline_featured_image":false,"footnotes":""},"class_list":["post-2904","page","type-page","status-publish","hentry"],"acf":[],"yoast_head":"<!-- This site is optimized with the Yoast SEO plugin v26.2 - https:\/\/yoast.com\/wordpress\/plugins\/seo\/ -->\n<title>Hoteles, alojamientos - AGRO SHOW<\/title>\n<meta name=\"robots\" content=\"index, follow, max-snippet:-1, max-image-preview:large, max-video-preview:-1\" \/>\n<link rel=\"canonical\" href=\"https:\/\/agroshow.pl\/agroshow\/es\/para-expositores\/hoteles-alojamientos\" \/>\n<meta property=\"og:locale\" content=\"es_ES\" \/>\n<meta property=\"og:type\" content=\"article\" \/>\n<meta property=\"og:title\" content=\"Hoteles, alojamientos - AGRO SHOW\" \/>\n<meta property=\"og:url\" content=\"https:\/\/agroshow.pl\/agroshow\/es\/para-expositores\/hoteles-alojamientos\" \/>\n<meta property=\"og:site_name\" content=\"AGRO SHOW\" \/>\n<meta property=\"article:modified_time\" content=\"2019-06-17T08:01:33+00:00\" \/>\n<meta name=\"twitter:card\" content=\"summary_large_image\" \/>\n<script type=\"application\/ld+json\" class=\"yoast-schema-graph\">{\"@context\":\"https:\/\/schema.org\",\"@graph\":[{\"@type\":\"WebPage\",\"@id\":\"https:\/\/agroshow.pl\/agroshow\/es\/para-expositores\/hoteles-alojamientos\",\"url\":\"https:\/\/agroshow.pl\/agroshow\/es\/para-expositores\/hoteles-alojamientos\",\"name\":\"Hoteles, alojamientos - AGRO SHOW\",\"isPartOf\":{\"@id\":\"https:\/\/agroshow.pl\/agroshow\/es#website\"},\"datePublished\":\"2019-04-03T09:27:14+00:00\",\"dateModified\":\"2019-06-17T08:01:33+00:00\",\"breadcrumb\":{\"@id\":\"https:\/\/agroshow.pl\/agroshow\/es\/para-expositores\/hoteles-alojamientos#breadcrumb\"},\"inLanguage\":\"es\",\"potentialAction\":[{\"@type\":\"ReadAction\",\"target\":[\"https:\/\/agroshow.pl\/agroshow\/es\/para-expositores\/hoteles-alojamientos\"]}]},{\"@type\":\"BreadcrumbList\",\"@id\":\"https:\/\/agroshow.pl\/agroshow\/es\/para-expositores\/hoteles-alojamientos#breadcrumb\",\"itemListElement\":[{\"@type\":\"ListItem\",\"position\":1,\"name\":\"Strona g\u0142\u00f3wna\",\"item\":\"http:\/\/agroshow.pl\/agroshow\/es\"},{\"@type\":\"ListItem\",\"position\":2,\"name\":\"Para expositores\",\"item\":\"https:\/\/agroshow.pl\/agroshow\/es\/para-expositores\"},{\"@type\":\"ListItem\",\"position\":3,\"name\":\"Hoteles, alojamientos\"}]},{\"@type\":\"WebSite\",\"@id\":\"https:\/\/agroshow.pl\/agroshow\/es#website\",\"url\":\"https:\/\/agroshow.pl\/agroshow\/es\",\"name\":\"AGRO SHOW\",\"description\":\"Mi\u0119dzynarodowa Wystawa Rolnicza AGRO SHOW organizowana jest przez Polsk\u0105 Izb\u0119 Gospodarcz\u0105 Maszyn i Urz\u0105dze\u0144 Rolniczych od 1999 roku. AGRO SHOW od lat postrzegane jest jako doskona\u0142e miejsce prezentacji najnowszych i najnowocze\u015bniejszych maszyn i urz\u0105dze\u0144 rolniczych.\",\"potentialAction\":[{\"@type\":\"SearchAction\",\"target\":{\"@type\":\"EntryPoint\",\"urlTemplate\":\"https:\/\/agroshow.pl\/agroshow\/es?s={search_term_string}\"},\"query-input\":{\"@type\":\"PropertyValueSpecification\",\"valueRequired\":true,\"valueName\":\"search_term_string\"}}],\"inLanguage\":\"es\"}]}<\/script>\n<!-- \/ Yoast SEO plugin. -->","yoast_head_json":{"title":"Hoteles, alojamientos - AGRO SHOW","robots":{"index":"index","follow":"follow","max-snippet":"max-snippet:-1","max-image-preview":"max-image-preview:large","max-video-preview":"max-video-preview:-1"},"canonical":"https:\/\/agroshow.pl\/agroshow\/es\/para-expositores\/hoteles-alojamientos","og_locale":"es_ES","og_type":"article","og_title":"Hoteles, alojamientos - AGRO SHOW","og_url":"https:\/\/agroshow.pl\/agroshow\/es\/para-expositores\/hoteles-alojamientos","og_site_name":"AGRO SHOW","article_modified_time":"2019-06-17T08:01:33+00:00","twitter_card":"summary_large_image","schema":{"@context":"https:\/\/schema.org","@graph":[{"@type":"WebPage","@id":"https:\/\/agroshow.pl\/agroshow\/es\/para-expositores\/hoteles-alojamientos","url":"https:\/\/agroshow.pl\/agroshow\/es\/para-expositores\/hoteles-alojamientos","name":"Hoteles, alojamientos - AGRO SHOW","isPartOf":{"@id":"https:\/\/agroshow.pl\/agroshow\/es#website"},"datePublished":"2019-04-03T09:27:14+00:00","dateModified":"2019-06-17T08:01:33+00:00","breadcrumb":{"@id":"https:\/\/agroshow.pl\/agroshow\/es\/para-expositores\/hoteles-alojamientos#breadcrumb"},"inLanguage":"es","potentialAction":[{"@type":"ReadAction","target":["https:\/\/agroshow.pl\/agroshow\/es\/para-expositores\/hoteles-alojamientos"]}]},{"@type":"BreadcrumbList","@id":"https:\/\/agroshow.pl\/agroshow\/es\/para-expositores\/hoteles-alojamientos#breadcrumb","itemListElement":[{"@type":"ListItem","position":1,"name":"Strona g\u0142\u00f3wna","item":"http:\/\/agroshow.pl\/agroshow\/es"},{"@type":"ListItem","position":2,"name":"Para expositores","item":"https:\/\/agroshow.pl\/agroshow\/es\/para-expositores"},{"@type":"ListItem","position":3,"name":"Hoteles, alojamientos"}]},{"@type":"WebSite","@id":"https:\/\/agroshow.pl\/agroshow\/es#website","url":"https:\/\/agroshow.pl\/agroshow\/es","name":"AGRO SHOW","description":"Mi\u0119dzynarodowa Wystawa Rolnicza AGRO SHOW organizowana jest przez Polsk\u0105 Izb\u0119 Gospodarcz\u0105 Maszyn i Urz\u0105dze\u0144 Rolniczych od 1999 roku. AGRO SHOW od lat postrzegane jest jako doskona\u0142e miejsce prezentacji najnowszych i najnowocze\u015bniejszych maszyn i urz\u0105dze\u0144 rolniczych.","potentialAction":[{"@type":"SearchAction","target":{"@type":"EntryPoint","urlTemplate":"https:\/\/agroshow.pl\/agroshow\/es?s={search_term_string}"},"query-input":{"@type":"PropertyValueSpecification","valueRequired":true,"valueName":"search_term_string"}}],"inLanguage":"es"}]}},"_links":{"self":[{"href":"https:\/\/agroshow.pl\/agroshow\/es\/wp-json\/wp\/v2\/pages\/2904","targetHints":{"allow":["GET"]}}],"collection":[{"href":"https:\/\/agroshow.pl\/agroshow\/es\/wp-json\/wp\/v2\/pages"}],"about":[{"href":"https:\/\/agroshow.pl\/agroshow\/es\/wp-json\/wp\/v2\/types\/page"}],"author":[{"embeddable":true,"href":"https:\/\/agroshow.pl\/agroshow\/es\/wp-json\/wp\/v2\/users\/2"}],"replies":[{"embeddable":true,"href":"https:\/\/agroshow.pl\/agroshow\/es\/wp-json\/wp\/v2\/comments?post=2904"}],"version-history":[{"count":2,"href":"https:\/\/agroshow.pl\/agroshow\/es\/wp-json\/wp\/v2\/pages\/2904\/revisions"}],"predecessor-version":[{"id":2906,"href":"https:\/\/agroshow.pl\/agroshow\/es\/wp-json\/wp\/v2\/pages\/2904\/revisions\/2906"}],"up":[{"embeddable":true,"href":"https:\/\/agroshow.pl\/agroshow\/es\/wp-json\/wp\/v2\/pages\/2883"}],"wp:attachment":[{"href":"https:\/\/agroshow.pl\/agroshow\/es\/wp-json\/wp\/v2\/media?parent=2904"}],"curies":[{"name":"wp","href":"https:\/\/api.w.org\/{rel}","templated":true}]}}