{"id":7953,"date":"2021-09-08T11:49:45","date_gmt":"2021-09-08T09:49:45","guid":{"rendered":"https:\/\/agroshow.pl\/agroshow\/?page_id=7953"},"modified":"2026-02-19T12:14:46","modified_gmt":"2026-02-19T11:14:46","slug":"regulations-of-agro-show-exhibition-2021","status":"publish","type":"page","link":"https:\/\/agroshow.pl\/agroshow\/en\/for-exhibitors\/regulations-of-agro-show-exhibition-2021","title":{"rendered":"Regulations of AGRO SHOW exhibition 2026"},"content":{"rendered":"\n<p><strong>Available\u00a0soon<\/strong><br><a target=\"_blank\" href=\"\" class=\"file\"><span><\/span><\/a><\/p>\n\n\n\n<p><\/p>\n","protected":false},"excerpt":{"rendered":"<p>Available\u00a0soon<\/p>\n","protected":false},"author":5,"featured_media":0,"parent":1235,"menu_order":0,"comment_status":"closed","ping_status":"closed","template":"","meta":{"inline_featured_image":false,"footnotes":""},"class_list":["post-7953","page","type-page","status-publish","hentry"],"acf":[],"yoast_head":"<!-- This site is optimized with the Yoast SEO plugin v26.2 - https:\/\/yoast.com\/wordpress\/plugins\/seo\/ -->\n<title>Regulations of AGRO SHOW exhibition 2026 - AGRO SHOW<\/title>\n<meta name=\"robots\" content=\"index, follow, max-snippet:-1, max-image-preview:large, max-video-preview:-1\" \/>\n<link rel=\"canonical\" href=\"https:\/\/agroshow.pl\/agroshow\/en\/for-exhibitors\/regulations-of-agro-show-exhibition-2021\" \/>\n<meta property=\"og:locale\" content=\"en_US\" \/>\n<meta property=\"og:type\" content=\"article\" \/>\n<meta property=\"og:title\" content=\"Regulations of AGRO SHOW exhibition 2026 - AGRO SHOW\" \/>\n<meta property=\"og:description\" content=\"Available\u00a0soon\" \/>\n<meta property=\"og:url\" content=\"https:\/\/agroshow.pl\/agroshow\/en\/for-exhibitors\/regulations-of-agro-show-exhibition-2021\" \/>\n<meta property=\"og:site_name\" content=\"AGRO SHOW\" \/>\n<meta property=\"article:modified_time\" content=\"2026-02-19T11:14:46+00:00\" \/>\n<meta name=\"twitter:card\" content=\"summary_large_image\" \/>\n<meta name=\"twitter:label1\" content=\"Est. reading time\" \/>\n\t<meta name=\"twitter:data1\" content=\"1 minute\" \/>\n<script type=\"application\/ld+json\" class=\"yoast-schema-graph\">{\"@context\":\"https:\/\/schema.org\",\"@graph\":[{\"@type\":\"WebPage\",\"@id\":\"https:\/\/agroshow.pl\/agroshow\/en\/for-exhibitors\/regulations-of-agro-show-exhibition-2021\",\"url\":\"https:\/\/agroshow.pl\/agroshow\/en\/for-exhibitors\/regulations-of-agro-show-exhibition-2021\",\"name\":\"Regulations of AGRO SHOW exhibition 2026 - AGRO SHOW\",\"isPartOf\":{\"@id\":\"https:\/\/agroshow.pl\/agroshow\/en\/#website\"},\"datePublished\":\"2021-09-08T09:49:45+00:00\",\"dateModified\":\"2026-02-19T11:14:46+00:00\",\"breadcrumb\":{\"@id\":\"https:\/\/agroshow.pl\/agroshow\/en\/for-exhibitors\/regulations-of-agro-show-exhibition-2021#breadcrumb\"},\"inLanguage\":\"en-US\",\"potentialAction\":[{\"@type\":\"ReadAction\",\"target\":[\"https:\/\/agroshow.pl\/agroshow\/en\/for-exhibitors\/regulations-of-agro-show-exhibition-2021\"]}]},{\"@type\":\"BreadcrumbList\",\"@id\":\"https:\/\/agroshow.pl\/agroshow\/en\/for-exhibitors\/regulations-of-agro-show-exhibition-2021#breadcrumb\",\"itemListElement\":[{\"@type\":\"ListItem\",\"position\":1,\"name\":\"Strona g\u0142\u00f3wna\",\"item\":\"https:\/\/agroshow.pl\/agroshow\/en\"},{\"@type\":\"ListItem\",\"position\":2,\"name\":\"For exhibitors\",\"item\":\"https:\/\/agroshow.pl\/agroshow\/en\/for-exhibitors\"},{\"@type\":\"ListItem\",\"position\":3,\"name\":\"Regulations of AGRO SHOW exhibition 2026\"}]},{\"@type\":\"WebSite\",\"@id\":\"https:\/\/agroshow.pl\/agroshow\/en\/#website\",\"url\":\"https:\/\/agroshow.pl\/agroshow\/en\/\",\"name\":\"AGRO SHOW\",\"description\":\"Mi\u0119dzynarodowa Wystawa Rolnicza AGRO SHOW organizowana jest przez Polsk\u0105 Izb\u0119 Gospodarcz\u0105 Maszyn i Urz\u0105dze\u0144 Rolniczych od 1999 roku. AGRO SHOW od lat postrzegane jest jako doskona\u0142e miejsce prezentacji najnowszych i najnowocze\u015bniejszych maszyn i urz\u0105dze\u0144 rolniczych.\",\"potentialAction\":[{\"@type\":\"SearchAction\",\"target\":{\"@type\":\"EntryPoint\",\"urlTemplate\":\"https:\/\/agroshow.pl\/agroshow\/en\/?s={search_term_string}\"},\"query-input\":{\"@type\":\"PropertyValueSpecification\",\"valueRequired\":true,\"valueName\":\"search_term_string\"}}],\"inLanguage\":\"en-US\"}]}<\/script>\n<!-- \/ Yoast SEO plugin. -->","yoast_head_json":{"title":"Regulations of AGRO SHOW exhibition 2026 - AGRO SHOW","robots":{"index":"index","follow":"follow","max-snippet":"max-snippet:-1","max-image-preview":"max-image-preview:large","max-video-preview":"max-video-preview:-1"},"canonical":"https:\/\/agroshow.pl\/agroshow\/en\/for-exhibitors\/regulations-of-agro-show-exhibition-2021","og_locale":"en_US","og_type":"article","og_title":"Regulations of AGRO SHOW exhibition 2026 - AGRO SHOW","og_description":"Available\u00a0soon","og_url":"https:\/\/agroshow.pl\/agroshow\/en\/for-exhibitors\/regulations-of-agro-show-exhibition-2021","og_site_name":"AGRO SHOW","article_modified_time":"2026-02-19T11:14:46+00:00","twitter_card":"summary_large_image","twitter_misc":{"Est. reading time":"1 minute"},"schema":{"@context":"https:\/\/schema.org","@graph":[{"@type":"WebPage","@id":"https:\/\/agroshow.pl\/agroshow\/en\/for-exhibitors\/regulations-of-agro-show-exhibition-2021","url":"https:\/\/agroshow.pl\/agroshow\/en\/for-exhibitors\/regulations-of-agro-show-exhibition-2021","name":"Regulations of AGRO SHOW exhibition 2026 - AGRO SHOW","isPartOf":{"@id":"https:\/\/agroshow.pl\/agroshow\/en\/#website"},"datePublished":"2021-09-08T09:49:45+00:00","dateModified":"2026-02-19T11:14:46+00:00","breadcrumb":{"@id":"https:\/\/agroshow.pl\/agroshow\/en\/for-exhibitors\/regulations-of-agro-show-exhibition-2021#breadcrumb"},"inLanguage":"en-US","potentialAction":[{"@type":"ReadAction","target":["https:\/\/agroshow.pl\/agroshow\/en\/for-exhibitors\/regulations-of-agro-show-exhibition-2021"]}]},{"@type":"BreadcrumbList","@id":"https:\/\/agroshow.pl\/agroshow\/en\/for-exhibitors\/regulations-of-agro-show-exhibition-2021#breadcrumb","itemListElement":[{"@type":"ListItem","position":1,"name":"Strona g\u0142\u00f3wna","item":"https:\/\/agroshow.pl\/agroshow\/en"},{"@type":"ListItem","position":2,"name":"For exhibitors","item":"https:\/\/agroshow.pl\/agroshow\/en\/for-exhibitors"},{"@type":"ListItem","position":3,"name":"Regulations of AGRO SHOW exhibition 2026"}]},{"@type":"WebSite","@id":"https:\/\/agroshow.pl\/agroshow\/en\/#website","url":"https:\/\/agroshow.pl\/agroshow\/en\/","name":"AGRO SHOW","description":"Mi\u0119dzynarodowa Wystawa Rolnicza AGRO SHOW organizowana jest przez Polsk\u0105 Izb\u0119 Gospodarcz\u0105 Maszyn i Urz\u0105dze\u0144 Rolniczych od 1999 roku. AGRO SHOW od lat postrzegane jest jako doskona\u0142e miejsce prezentacji najnowszych i najnowocze\u015bniejszych maszyn i urz\u0105dze\u0144 rolniczych.","potentialAction":[{"@type":"SearchAction","target":{"@type":"EntryPoint","urlTemplate":"https:\/\/agroshow.pl\/agroshow\/en\/?s={search_term_string}"},"query-input":{"@type":"PropertyValueSpecification","valueRequired":true,"valueName":"search_term_string"}}],"inLanguage":"en-US"}]}},"_links":{"self":[{"href":"https:\/\/agroshow.pl\/agroshow\/en\/wp-json\/wp\/v2\/pages\/7953","targetHints":{"allow":["GET"]}}],"collection":[{"href":"https:\/\/agroshow.pl\/agroshow\/en\/wp-json\/wp\/v2\/pages"}],"about":[{"href":"https:\/\/agroshow.pl\/agroshow\/en\/wp-json\/wp\/v2\/types\/page"}],"author":[{"embeddable":true,"href":"https:\/\/agroshow.pl\/agroshow\/en\/wp-json\/wp\/v2\/users\/5"}],"replies":[{"embeddable":true,"href":"https:\/\/agroshow.pl\/agroshow\/en\/wp-json\/wp\/v2\/comments?post=7953"}],"version-history":[{"count":22,"href":"https:\/\/agroshow.pl\/agroshow\/en\/wp-json\/wp\/v2\/pages\/7953\/revisions"}],"predecessor-version":[{"id":16021,"href":"https:\/\/agroshow.pl\/agroshow\/en\/wp-json\/wp\/v2\/pages\/7953\/revisions\/16021"}],"up":[{"embeddable":true,"href":"https:\/\/agroshow.pl\/agroshow\/en\/wp-json\/wp\/v2\/pages\/1235"}],"wp:attachment":[{"href":"https:\/\/agroshow.pl\/agroshow\/en\/wp-json\/wp\/v2\/media?parent=7953"}],"curies":[{"name":"wp","href":"https:\/\/api.w.org\/{rel}","templated":true}]}}