{"id":500,"date":"2019-04-03T13:10:36","date_gmt":"2019-04-03T11:10:36","guid":{"rendered":"http:\/\/agroshow.getid.com.pl\/?page_id=500"},"modified":"2019-06-15T10:33:31","modified_gmt":"2019-06-15T08:33:31","slug":"organize-the-event","status":"publish","type":"page","link":"https:\/\/agroshow.pl\/agroshow\/en\/for-exhibitors\/organize-the-event","title":{"rendered":"Organize the event"},"content":{"rendered":"\n<p>Exhibitor! This is the place where you have the opportunity to enter the event you would like to show off and which will be visible in the official program of the exhibition. However, before it appears in it, it will have to be accepted by the organizers of the exhibition. Please remember that in the official program of the AGRO SHOW exhibition, only substantive events such as: conferences, presentations, demonstrations, etc. will be presented. <\/p>\n\n\n\n<p> To add an event to the plan, please fill in the fields below. <\/p>\n","protected":false},"excerpt":{"rendered":"<p>Exhibitor! This is the place where you have the opportunity to enter the event you would like to show off and which will be visible in the official program of the exhibition. However, before it appears in it, it will have to be accepted by the organizers of the exhibition. Please remember that in the [&hellip;]<\/p>\n","protected":false},"author":2,"featured_media":0,"parent":1235,"menu_order":0,"comment_status":"closed","ping_status":"closed","template":"zgloszenie.php","meta":{"inline_featured_image":false,"footnotes":""},"class_list":["post-500","page","type-page","status-publish","hentry"],"acf":[],"yoast_head":"<!-- This site is optimized with the Yoast SEO plugin v26.2 - https:\/\/yoast.com\/wordpress\/plugins\/seo\/ -->\n<title>Organize the event - AGRO SHOW<\/title>\n<meta name=\"robots\" content=\"index, follow, max-snippet:-1, max-image-preview:large, max-video-preview:-1\" \/>\n<link rel=\"canonical\" href=\"https:\/\/agroshow.pl\/agroshow\/en\/for-exhibitors\/organize-the-event\" \/>\n<meta property=\"og:locale\" content=\"en_US\" \/>\n<meta property=\"og:type\" content=\"article\" \/>\n<meta property=\"og:title\" content=\"Organize the event - AGRO SHOW\" \/>\n<meta property=\"og:description\" content=\"Exhibitor! This is the place where you have the opportunity to enter the event you would like to show off and which will be visible in the official program of the exhibition. However, before it appears in it, it will have to be accepted by the organizers of the exhibition. Please remember that in the [&hellip;]\" \/>\n<meta property=\"og:url\" content=\"https:\/\/agroshow.pl\/agroshow\/en\/for-exhibitors\/organize-the-event\" \/>\n<meta property=\"og:site_name\" content=\"AGRO SHOW\" \/>\n<meta property=\"article:modified_time\" content=\"2019-06-15T08:33:31+00:00\" \/>\n<meta name=\"twitter:card\" content=\"summary_large_image\" \/>\n<script type=\"application\/ld+json\" class=\"yoast-schema-graph\">{\"@context\":\"https:\/\/schema.org\",\"@graph\":[{\"@type\":\"WebPage\",\"@id\":\"https:\/\/agroshow.pl\/agroshow\/en\/for-exhibitors\/organize-the-event\",\"url\":\"https:\/\/agroshow.pl\/agroshow\/en\/for-exhibitors\/organize-the-event\",\"name\":\"Organize the event - AGRO SHOW\",\"isPartOf\":{\"@id\":\"https:\/\/agroshow.pl\/agroshow\/en\/#website\"},\"datePublished\":\"2019-04-03T11:10:36+00:00\",\"dateModified\":\"2019-06-15T08:33:31+00:00\",\"breadcrumb\":{\"@id\":\"https:\/\/agroshow.pl\/agroshow\/en\/for-exhibitors\/organize-the-event#breadcrumb\"},\"inLanguage\":\"en-US\",\"potentialAction\":[{\"@type\":\"ReadAction\",\"target\":[\"https:\/\/agroshow.pl\/agroshow\/en\/for-exhibitors\/organize-the-event\"]}]},{\"@type\":\"BreadcrumbList\",\"@id\":\"https:\/\/agroshow.pl\/agroshow\/en\/for-exhibitors\/organize-the-event#breadcrumb\",\"itemListElement\":[{\"@type\":\"ListItem\",\"position\":1,\"name\":\"Strona g\u0142\u00f3wna\",\"item\":\"https:\/\/agroshow.pl\/agroshow\/en\"},{\"@type\":\"ListItem\",\"position\":2,\"name\":\"For exhibitors\",\"item\":\"https:\/\/agroshow.pl\/agroshow\/en\/for-exhibitors\"},{\"@type\":\"ListItem\",\"position\":3,\"name\":\"Organize the event\"}]},{\"@type\":\"WebSite\",\"@id\":\"https:\/\/agroshow.pl\/agroshow\/en\/#website\",\"url\":\"https:\/\/agroshow.pl\/agroshow\/en\/\",\"name\":\"AGRO SHOW\",\"description\":\"Mi\u0119dzynarodowa Wystawa Rolnicza AGRO SHOW organizowana jest przez Polsk\u0105 Izb\u0119 Gospodarcz\u0105 Maszyn i Urz\u0105dze\u0144 Rolniczych od 1999 roku. AGRO SHOW od lat postrzegane jest jako doskona\u0142e miejsce prezentacji najnowszych i najnowocze\u015bniejszych maszyn i urz\u0105dze\u0144 rolniczych.\",\"potentialAction\":[{\"@type\":\"SearchAction\",\"target\":{\"@type\":\"EntryPoint\",\"urlTemplate\":\"https:\/\/agroshow.pl\/agroshow\/en\/?s={search_term_string}\"},\"query-input\":{\"@type\":\"PropertyValueSpecification\",\"valueRequired\":true,\"valueName\":\"search_term_string\"}}],\"inLanguage\":\"en-US\"}]}<\/script>\n<!-- \/ Yoast SEO plugin. -->","yoast_head_json":{"title":"Organize the event - AGRO SHOW","robots":{"index":"index","follow":"follow","max-snippet":"max-snippet:-1","max-image-preview":"max-image-preview:large","max-video-preview":"max-video-preview:-1"},"canonical":"https:\/\/agroshow.pl\/agroshow\/en\/for-exhibitors\/organize-the-event","og_locale":"en_US","og_type":"article","og_title":"Organize the event - AGRO SHOW","og_description":"Exhibitor! This is the place where you have the opportunity to enter the event you would like to show off and which will be visible in the official program of the exhibition. However, before it appears in it, it will have to be accepted by the organizers of the exhibition. Please remember that in the [&hellip;]","og_url":"https:\/\/agroshow.pl\/agroshow\/en\/for-exhibitors\/organize-the-event","og_site_name":"AGRO SHOW","article_modified_time":"2019-06-15T08:33:31+00:00","twitter_card":"summary_large_image","schema":{"@context":"https:\/\/schema.org","@graph":[{"@type":"WebPage","@id":"https:\/\/agroshow.pl\/agroshow\/en\/for-exhibitors\/organize-the-event","url":"https:\/\/agroshow.pl\/agroshow\/en\/for-exhibitors\/organize-the-event","name":"Organize the event - AGRO SHOW","isPartOf":{"@id":"https:\/\/agroshow.pl\/agroshow\/en\/#website"},"datePublished":"2019-04-03T11:10:36+00:00","dateModified":"2019-06-15T08:33:31+00:00","breadcrumb":{"@id":"https:\/\/agroshow.pl\/agroshow\/en\/for-exhibitors\/organize-the-event#breadcrumb"},"inLanguage":"en-US","potentialAction":[{"@type":"ReadAction","target":["https:\/\/agroshow.pl\/agroshow\/en\/for-exhibitors\/organize-the-event"]}]},{"@type":"BreadcrumbList","@id":"https:\/\/agroshow.pl\/agroshow\/en\/for-exhibitors\/organize-the-event#breadcrumb","itemListElement":[{"@type":"ListItem","position":1,"name":"Strona g\u0142\u00f3wna","item":"https:\/\/agroshow.pl\/agroshow\/en"},{"@type":"ListItem","position":2,"name":"For exhibitors","item":"https:\/\/agroshow.pl\/agroshow\/en\/for-exhibitors"},{"@type":"ListItem","position":3,"name":"Organize the event"}]},{"@type":"WebSite","@id":"https:\/\/agroshow.pl\/agroshow\/en\/#website","url":"https:\/\/agroshow.pl\/agroshow\/en\/","name":"AGRO SHOW","description":"Mi\u0119dzynarodowa Wystawa Rolnicza AGRO SHOW organizowana jest przez Polsk\u0105 Izb\u0119 Gospodarcz\u0105 Maszyn i Urz\u0105dze\u0144 Rolniczych od 1999 roku. AGRO SHOW od lat postrzegane jest jako doskona\u0142e miejsce prezentacji najnowszych i najnowocze\u015bniejszych maszyn i urz\u0105dze\u0144 rolniczych.","potentialAction":[{"@type":"SearchAction","target":{"@type":"EntryPoint","urlTemplate":"https:\/\/agroshow.pl\/agroshow\/en\/?s={search_term_string}"},"query-input":{"@type":"PropertyValueSpecification","valueRequired":true,"valueName":"search_term_string"}}],"inLanguage":"en-US"}]}},"_links":{"self":[{"href":"https:\/\/agroshow.pl\/agroshow\/en\/wp-json\/wp\/v2\/pages\/500","targetHints":{"allow":["GET"]}}],"collection":[{"href":"https:\/\/agroshow.pl\/agroshow\/en\/wp-json\/wp\/v2\/pages"}],"about":[{"href":"https:\/\/agroshow.pl\/agroshow\/en\/wp-json\/wp\/v2\/types\/page"}],"author":[{"embeddable":true,"href":"https:\/\/agroshow.pl\/agroshow\/en\/wp-json\/wp\/v2\/users\/2"}],"replies":[{"embeddable":true,"href":"https:\/\/agroshow.pl\/agroshow\/en\/wp-json\/wp\/v2\/comments?post=500"}],"version-history":[{"count":8,"href":"https:\/\/agroshow.pl\/agroshow\/en\/wp-json\/wp\/v2\/pages\/500\/revisions"}],"predecessor-version":[{"id":2742,"href":"https:\/\/agroshow.pl\/agroshow\/en\/wp-json\/wp\/v2\/pages\/500\/revisions\/2742"}],"up":[{"embeddable":true,"href":"https:\/\/agroshow.pl\/agroshow\/en\/wp-json\/wp\/v2\/pages\/1235"}],"wp:attachment":[{"href":"https:\/\/agroshow.pl\/agroshow\/en\/wp-json\/wp\/v2\/media?parent=500"}],"curies":[{"name":"wp","href":"https:\/\/api.w.org\/{rel}","templated":true}]}}