{"id":1543,"date":"2019-04-04T09:29:30","date_gmt":"2019-04-04T07:29:30","guid":{"rendered":"http:\/\/agroshow.getid.com.pl\/dla-zwiedzajacych\/plan-wystawy\/"},"modified":"2025-08-13T12:24:59","modified_gmt":"2025-08-13T10:24:59","slug":"exhibition-floorplan-2019","status":"publish","type":"page","link":"https:\/\/agroshow.pl\/agroshow\/en\/for-visitors\/exhibition-floorplan-2019","title":{"rendered":"Exhibition floorplan 2025"},"content":{"rendered":"\n<a target=\"_blank\" href=\"https:\/\/agroshow.pl\/agroshow\/wp-content\/uploads\/2025\/08\/Plan-AGRO-SHOW-2025-stan-na-12.08.2025.pdf\" class=\"file\"><span>Floor plan of AGRO SHOW 2025<\/span><\/a><a target=\"_blank\" href=\"https:\/\/agroshow.pl\/agroshow\/wp-content\/uploads\/2025\/08\/Plan-hali-wystawowej-2025.pdf\" class=\"file\"><span>Floor plan in the tent hall 2025<\/span><\/a>\n","protected":false},"excerpt":{"rendered":"","protected":false},"author":2,"featured_media":0,"parent":1528,"menu_order":0,"comment_status":"closed","ping_status":"closed","template":"","meta":{"inline_featured_image":false,"footnotes":""},"class_list":["post-1543","page","type-page","status-publish","hentry"],"acf":[],"yoast_head":"<!-- This site is optimized with the Yoast SEO plugin v26.2 - https:\/\/yoast.com\/wordpress\/plugins\/seo\/ -->\n<title>Exhibition floorplan 2025 - AGRO SHOW<\/title>\n<meta name=\"robots\" content=\"index, follow, max-snippet:-1, max-image-preview:large, max-video-preview:-1\" \/>\n<link rel=\"canonical\" href=\"https:\/\/agroshow.pl\/agroshow\/en\/for-visitors\/exhibition-floorplan-2019\" \/>\n<meta property=\"og:locale\" content=\"en_US\" \/>\n<meta property=\"og:type\" content=\"article\" \/>\n<meta property=\"og:title\" content=\"Exhibition floorplan 2025 - AGRO SHOW\" \/>\n<meta property=\"og:url\" content=\"https:\/\/agroshow.pl\/agroshow\/en\/for-visitors\/exhibition-floorplan-2019\" \/>\n<meta property=\"og:site_name\" content=\"AGRO SHOW\" \/>\n<meta property=\"article:modified_time\" content=\"2025-08-13T10:24:59+00:00\" \/>\n<meta name=\"twitter:card\" content=\"summary_large_image\" \/>\n<meta name=\"twitter:label1\" content=\"Est. reading time\" \/>\n\t<meta name=\"twitter:data1\" content=\"1 minute\" \/>\n<script type=\"application\/ld+json\" class=\"yoast-schema-graph\">{\"@context\":\"https:\/\/schema.org\",\"@graph\":[{\"@type\":\"WebPage\",\"@id\":\"https:\/\/agroshow.pl\/agroshow\/en\/for-visitors\/exhibition-floorplan-2019\",\"url\":\"https:\/\/agroshow.pl\/agroshow\/en\/for-visitors\/exhibition-floorplan-2019\",\"name\":\"Exhibition floorplan 2025 - AGRO SHOW\",\"isPartOf\":{\"@id\":\"https:\/\/agroshow.pl\/agroshow\/en\/#website\"},\"datePublished\":\"2019-04-04T07:29:30+00:00\",\"dateModified\":\"2025-08-13T10:24:59+00:00\",\"breadcrumb\":{\"@id\":\"https:\/\/agroshow.pl\/agroshow\/en\/for-visitors\/exhibition-floorplan-2019#breadcrumb\"},\"inLanguage\":\"en-US\",\"potentialAction\":[{\"@type\":\"ReadAction\",\"target\":[\"https:\/\/agroshow.pl\/agroshow\/en\/for-visitors\/exhibition-floorplan-2019\"]}]},{\"@type\":\"BreadcrumbList\",\"@id\":\"https:\/\/agroshow.pl\/agroshow\/en\/for-visitors\/exhibition-floorplan-2019#breadcrumb\",\"itemListElement\":[{\"@type\":\"ListItem\",\"position\":1,\"name\":\"Strona g\u0142\u00f3wna\",\"item\":\"https:\/\/agroshow.pl\/agroshow\/en\"},{\"@type\":\"ListItem\",\"position\":2,\"name\":\"For visitors\",\"item\":\"https:\/\/agroshow.pl\/agroshow\/en\/for-visitors\"},{\"@type\":\"ListItem\",\"position\":3,\"name\":\"Exhibition floorplan 2025\"}]},{\"@type\":\"WebSite\",\"@id\":\"https:\/\/agroshow.pl\/agroshow\/en\/#website\",\"url\":\"https:\/\/agroshow.pl\/agroshow\/en\/\",\"name\":\"AGRO SHOW\",\"description\":\"Mi\u0119dzynarodowa Wystawa Rolnicza AGRO SHOW organizowana jest przez Polsk\u0105 Izb\u0119 Gospodarcz\u0105 Maszyn i Urz\u0105dze\u0144 Rolniczych od 1999 roku. AGRO SHOW od lat postrzegane jest jako doskona\u0142e miejsce prezentacji najnowszych i najnowocze\u015bniejszych maszyn i urz\u0105dze\u0144 rolniczych.\",\"potentialAction\":[{\"@type\":\"SearchAction\",\"target\":{\"@type\":\"EntryPoint\",\"urlTemplate\":\"https:\/\/agroshow.pl\/agroshow\/en\/?s={search_term_string}\"},\"query-input\":{\"@type\":\"PropertyValueSpecification\",\"valueRequired\":true,\"valueName\":\"search_term_string\"}}],\"inLanguage\":\"en-US\"}]}<\/script>\n<!-- \/ Yoast SEO plugin. -->","yoast_head_json":{"title":"Exhibition floorplan 2025 - AGRO SHOW","robots":{"index":"index","follow":"follow","max-snippet":"max-snippet:-1","max-image-preview":"max-image-preview:large","max-video-preview":"max-video-preview:-1"},"canonical":"https:\/\/agroshow.pl\/agroshow\/en\/for-visitors\/exhibition-floorplan-2019","og_locale":"en_US","og_type":"article","og_title":"Exhibition floorplan 2025 - AGRO SHOW","og_url":"https:\/\/agroshow.pl\/agroshow\/en\/for-visitors\/exhibition-floorplan-2019","og_site_name":"AGRO SHOW","article_modified_time":"2025-08-13T10:24:59+00:00","twitter_card":"summary_large_image","twitter_misc":{"Est. reading time":"1 minute"},"schema":{"@context":"https:\/\/schema.org","@graph":[{"@type":"WebPage","@id":"https:\/\/agroshow.pl\/agroshow\/en\/for-visitors\/exhibition-floorplan-2019","url":"https:\/\/agroshow.pl\/agroshow\/en\/for-visitors\/exhibition-floorplan-2019","name":"Exhibition floorplan 2025 - AGRO SHOW","isPartOf":{"@id":"https:\/\/agroshow.pl\/agroshow\/en\/#website"},"datePublished":"2019-04-04T07:29:30+00:00","dateModified":"2025-08-13T10:24:59+00:00","breadcrumb":{"@id":"https:\/\/agroshow.pl\/agroshow\/en\/for-visitors\/exhibition-floorplan-2019#breadcrumb"},"inLanguage":"en-US","potentialAction":[{"@type":"ReadAction","target":["https:\/\/agroshow.pl\/agroshow\/en\/for-visitors\/exhibition-floorplan-2019"]}]},{"@type":"BreadcrumbList","@id":"https:\/\/agroshow.pl\/agroshow\/en\/for-visitors\/exhibition-floorplan-2019#breadcrumb","itemListElement":[{"@type":"ListItem","position":1,"name":"Strona g\u0142\u00f3wna","item":"https:\/\/agroshow.pl\/agroshow\/en"},{"@type":"ListItem","position":2,"name":"For visitors","item":"https:\/\/agroshow.pl\/agroshow\/en\/for-visitors"},{"@type":"ListItem","position":3,"name":"Exhibition floorplan 2025"}]},{"@type":"WebSite","@id":"https:\/\/agroshow.pl\/agroshow\/en\/#website","url":"https:\/\/agroshow.pl\/agroshow\/en\/","name":"AGRO SHOW","description":"Mi\u0119dzynarodowa Wystawa Rolnicza AGRO SHOW organizowana jest przez Polsk\u0105 Izb\u0119 Gospodarcz\u0105 Maszyn i Urz\u0105dze\u0144 Rolniczych od 1999 roku. AGRO SHOW od lat postrzegane jest jako doskona\u0142e miejsce prezentacji najnowszych i najnowocze\u015bniejszych maszyn i urz\u0105dze\u0144 rolniczych.","potentialAction":[{"@type":"SearchAction","target":{"@type":"EntryPoint","urlTemplate":"https:\/\/agroshow.pl\/agroshow\/en\/?s={search_term_string}"},"query-input":{"@type":"PropertyValueSpecification","valueRequired":true,"valueName":"search_term_string"}}],"inLanguage":"en-US"}]}},"_links":{"self":[{"href":"https:\/\/agroshow.pl\/agroshow\/en\/wp-json\/wp\/v2\/pages\/1543","targetHints":{"allow":["GET"]}}],"collection":[{"href":"https:\/\/agroshow.pl\/agroshow\/en\/wp-json\/wp\/v2\/pages"}],"about":[{"href":"https:\/\/agroshow.pl\/agroshow\/en\/wp-json\/wp\/v2\/types\/page"}],"author":[{"embeddable":true,"href":"https:\/\/agroshow.pl\/agroshow\/en\/wp-json\/wp\/v2\/users\/2"}],"replies":[{"embeddable":true,"href":"https:\/\/agroshow.pl\/agroshow\/en\/wp-json\/wp\/v2\/comments?post=1543"}],"version-history":[{"count":33,"href":"https:\/\/agroshow.pl\/agroshow\/en\/wp-json\/wp\/v2\/pages\/1543\/revisions"}],"predecessor-version":[{"id":13634,"href":"https:\/\/agroshow.pl\/agroshow\/en\/wp-json\/wp\/v2\/pages\/1543\/revisions\/13634"}],"up":[{"embeddable":true,"href":"https:\/\/agroshow.pl\/agroshow\/en\/wp-json\/wp\/v2\/pages\/1528"}],"wp:attachment":[{"href":"https:\/\/agroshow.pl\/agroshow\/en\/wp-json\/wp\/v2\/media?parent=1543"}],"curies":[{"name":"wp","href":"https:\/\/api.w.org\/{rel}","templated":true}]}}