{"id":1534,"date":"2019-04-03T13:26:34","date_gmt":"2019-04-03T11:26:34","guid":{"rendered":"http:\/\/agroshow.getid.com.pl\/dla-zwiedzajacych\/dojazd\/"},"modified":"2024-03-06T10:09:57","modified_gmt":"2024-03-06T09:09:57","slug":"travel","status":"publish","type":"page","link":"https:\/\/agroshow.pl\/agroshow\/en\/for-visitors\/travel","title":{"rendered":"Travel"},"content":{"rendered":"\n<p>Airport Area Bednary, 62-010 Pobiedziska<br>GPS Position: 52.52826, 17.21712<\/p>\n","protected":false},"excerpt":{"rendered":"<p>Airport Area Bednary, 62-010 PobiedziskaGPS Position: 52.52826, 17.21712<\/p>\n","protected":false},"author":2,"featured_media":0,"parent":1528,"menu_order":0,"comment_status":"closed","ping_status":"closed","template":"dojazd.php","meta":{"inline_featured_image":false,"footnotes":""},"class_list":["post-1534","page","type-page","status-publish","hentry"],"acf":[],"yoast_head":"<!-- This site is optimized with the Yoast SEO plugin v26.2 - https:\/\/yoast.com\/wordpress\/plugins\/seo\/ -->\n<title>Travel - AGRO SHOW<\/title>\n<meta name=\"robots\" content=\"index, follow, max-snippet:-1, max-image-preview:large, max-video-preview:-1\" \/>\n<link rel=\"canonical\" href=\"https:\/\/agroshow.pl\/agroshow\/en\/for-visitors\/travel\" \/>\n<meta property=\"og:locale\" content=\"en_US\" \/>\n<meta property=\"og:type\" content=\"article\" \/>\n<meta property=\"og:title\" content=\"Travel - AGRO SHOW\" \/>\n<meta property=\"og:description\" content=\"Airport Area Bednary, 62-010 PobiedziskaGPS Position: 52.52826, 17.21712\" \/>\n<meta property=\"og:url\" content=\"https:\/\/agroshow.pl\/agroshow\/en\/for-visitors\/travel\" \/>\n<meta property=\"og:site_name\" content=\"AGRO SHOW\" \/>\n<meta property=\"article:modified_time\" content=\"2024-03-06T09:09:57+00:00\" \/>\n<meta name=\"twitter:card\" content=\"summary_large_image\" \/>\n<meta name=\"twitter:label1\" content=\"Est. reading time\" \/>\n\t<meta name=\"twitter:data1\" content=\"1 minute\" \/>\n<script type=\"application\/ld+json\" class=\"yoast-schema-graph\">{\"@context\":\"https:\/\/schema.org\",\"@graph\":[{\"@type\":\"WebPage\",\"@id\":\"https:\/\/agroshow.pl\/agroshow\/en\/for-visitors\/travel\",\"url\":\"https:\/\/agroshow.pl\/agroshow\/en\/for-visitors\/travel\",\"name\":\"Travel - AGRO SHOW\",\"isPartOf\":{\"@id\":\"https:\/\/agroshow.pl\/agroshow\/en\/#website\"},\"datePublished\":\"2019-04-03T11:26:34+00:00\",\"dateModified\":\"2024-03-06T09:09:57+00:00\",\"breadcrumb\":{\"@id\":\"https:\/\/agroshow.pl\/agroshow\/en\/for-visitors\/travel#breadcrumb\"},\"inLanguage\":\"en-US\",\"potentialAction\":[{\"@type\":\"ReadAction\",\"target\":[\"https:\/\/agroshow.pl\/agroshow\/en\/for-visitors\/travel\"]}]},{\"@type\":\"BreadcrumbList\",\"@id\":\"https:\/\/agroshow.pl\/agroshow\/en\/for-visitors\/travel#breadcrumb\",\"itemListElement\":[{\"@type\":\"ListItem\",\"position\":1,\"name\":\"Strona g\u0142\u00f3wna\",\"item\":\"https:\/\/agroshow.pl\/agroshow\/en\"},{\"@type\":\"ListItem\",\"position\":2,\"name\":\"For visitors\",\"item\":\"https:\/\/agroshow.pl\/agroshow\/en\/for-visitors\"},{\"@type\":\"ListItem\",\"position\":3,\"name\":\"Travel\"}]},{\"@type\":\"WebSite\",\"@id\":\"https:\/\/agroshow.pl\/agroshow\/en\/#website\",\"url\":\"https:\/\/agroshow.pl\/agroshow\/en\/\",\"name\":\"AGRO SHOW\",\"description\":\"Mi\u0119dzynarodowa Wystawa Rolnicza AGRO SHOW organizowana jest przez Polsk\u0105 Izb\u0119 Gospodarcz\u0105 Maszyn i Urz\u0105dze\u0144 Rolniczych od 1999 roku. AGRO SHOW od lat postrzegane jest jako doskona\u0142e miejsce prezentacji najnowszych i najnowocze\u015bniejszych maszyn i urz\u0105dze\u0144 rolniczych.\",\"potentialAction\":[{\"@type\":\"SearchAction\",\"target\":{\"@type\":\"EntryPoint\",\"urlTemplate\":\"https:\/\/agroshow.pl\/agroshow\/en\/?s={search_term_string}\"},\"query-input\":{\"@type\":\"PropertyValueSpecification\",\"valueRequired\":true,\"valueName\":\"search_term_string\"}}],\"inLanguage\":\"en-US\"}]}<\/script>\n<!-- \/ Yoast SEO plugin. -->","yoast_head_json":{"title":"Travel - AGRO SHOW","robots":{"index":"index","follow":"follow","max-snippet":"max-snippet:-1","max-image-preview":"max-image-preview:large","max-video-preview":"max-video-preview:-1"},"canonical":"https:\/\/agroshow.pl\/agroshow\/en\/for-visitors\/travel","og_locale":"en_US","og_type":"article","og_title":"Travel - AGRO SHOW","og_description":"Airport Area Bednary, 62-010 PobiedziskaGPS Position: 52.52826, 17.21712","og_url":"https:\/\/agroshow.pl\/agroshow\/en\/for-visitors\/travel","og_site_name":"AGRO SHOW","article_modified_time":"2024-03-06T09:09:57+00:00","twitter_card":"summary_large_image","twitter_misc":{"Est. reading time":"1 minute"},"schema":{"@context":"https:\/\/schema.org","@graph":[{"@type":"WebPage","@id":"https:\/\/agroshow.pl\/agroshow\/en\/for-visitors\/travel","url":"https:\/\/agroshow.pl\/agroshow\/en\/for-visitors\/travel","name":"Travel - AGRO SHOW","isPartOf":{"@id":"https:\/\/agroshow.pl\/agroshow\/en\/#website"},"datePublished":"2019-04-03T11:26:34+00:00","dateModified":"2024-03-06T09:09:57+00:00","breadcrumb":{"@id":"https:\/\/agroshow.pl\/agroshow\/en\/for-visitors\/travel#breadcrumb"},"inLanguage":"en-US","potentialAction":[{"@type":"ReadAction","target":["https:\/\/agroshow.pl\/agroshow\/en\/for-visitors\/travel"]}]},{"@type":"BreadcrumbList","@id":"https:\/\/agroshow.pl\/agroshow\/en\/for-visitors\/travel#breadcrumb","itemListElement":[{"@type":"ListItem","position":1,"name":"Strona g\u0142\u00f3wna","item":"https:\/\/agroshow.pl\/agroshow\/en"},{"@type":"ListItem","position":2,"name":"For visitors","item":"https:\/\/agroshow.pl\/agroshow\/en\/for-visitors"},{"@type":"ListItem","position":3,"name":"Travel"}]},{"@type":"WebSite","@id":"https:\/\/agroshow.pl\/agroshow\/en\/#website","url":"https:\/\/agroshow.pl\/agroshow\/en\/","name":"AGRO SHOW","description":"Mi\u0119dzynarodowa Wystawa Rolnicza AGRO SHOW organizowana jest przez Polsk\u0105 Izb\u0119 Gospodarcz\u0105 Maszyn i Urz\u0105dze\u0144 Rolniczych od 1999 roku. AGRO SHOW od lat postrzegane jest jako doskona\u0142e miejsce prezentacji najnowszych i najnowocze\u015bniejszych maszyn i urz\u0105dze\u0144 rolniczych.","potentialAction":[{"@type":"SearchAction","target":{"@type":"EntryPoint","urlTemplate":"https:\/\/agroshow.pl\/agroshow\/en\/?s={search_term_string}"},"query-input":{"@type":"PropertyValueSpecification","valueRequired":true,"valueName":"search_term_string"}}],"inLanguage":"en-US"}]}},"_links":{"self":[{"href":"https:\/\/agroshow.pl\/agroshow\/en\/wp-json\/wp\/v2\/pages\/1534","targetHints":{"allow":["GET"]}}],"collection":[{"href":"https:\/\/agroshow.pl\/agroshow\/en\/wp-json\/wp\/v2\/pages"}],"about":[{"href":"https:\/\/agroshow.pl\/agroshow\/en\/wp-json\/wp\/v2\/types\/page"}],"author":[{"embeddable":true,"href":"https:\/\/agroshow.pl\/agroshow\/en\/wp-json\/wp\/v2\/users\/2"}],"replies":[{"embeddable":true,"href":"https:\/\/agroshow.pl\/agroshow\/en\/wp-json\/wp\/v2\/comments?post=1534"}],"version-history":[{"count":16,"href":"https:\/\/agroshow.pl\/agroshow\/en\/wp-json\/wp\/v2\/pages\/1534\/revisions"}],"predecessor-version":[{"id":11668,"href":"https:\/\/agroshow.pl\/agroshow\/en\/wp-json\/wp\/v2\/pages\/1534\/revisions\/11668"}],"up":[{"embeddable":true,"href":"https:\/\/agroshow.pl\/agroshow\/en\/wp-json\/wp\/v2\/pages\/1528"}],"wp:attachment":[{"href":"https:\/\/agroshow.pl\/agroshow\/en\/wp-json\/wp\/v2\/media?parent=1534"}],"curies":[{"name":"wp","href":"https:\/\/api.w.org\/{rel}","templated":true}]}}