{"id":10197,"date":"2019-04-03T13:08:46","date_gmt":"2019-04-03T11:08:46","guid":{"rendered":"https:\/\/agroshow.pl\/agroshow\/for-exhibitors\/formularze-zgloszeniowe\/"},"modified":"2026-02-19T12:11:59","modified_gmt":"2026-02-19T11:11:59","slug":"application-forms-for-agro-show-2023","status":"publish","type":"page","link":"https:\/\/agroshow.pl\/agroshow\/en\/for-exhibitors\/application-forms-for-agro-show-2023","title":{"rendered":"Application forms for AGRO SHOW 2026"},"content":{"rendered":"<p>Application forms for the AGRO SHOW exhibitions are avilable only in electronic version. Please download forms, fill out and print out editable PDF files.<\/p>\n<p><strong>APPLICATION WITH DISCOUNT \u2013 DEADLINE APRIL 24th, 2026!<\/strong><\/p>\n<p><strong>Conditions of participating in AGRO SHOW 2026 exhibition:<\/strong><br \/>\n1. Sending correctly filled out application forms together with copy of entry in the register of entrepreneurs <strong>till MAY 29th 2026.<\/strong><br \/>\n2. Payment of appropriate fees after receiving pro-forma from Organizer.<\/p>\n<p><strong>Each exhibitor has to sent filled out forms A page 1 &amp; 2; A2 page 1 &amp; 2; form with stand size (A3 or A4 or A5).<\/strong><\/p>\n<a target=\"_blank\" href=\"https:\/\/agroshow.pl\/agroshow\/wp-content\/uploads\/2026\/02\/AGRO-SHOW-2026-FORM-A-edyt.pdf\" class=\"file\"><span>Form A - Basic Application<\/span><\/a><a target=\"_blank\" href=\"https:\/\/agroshow.pl\/agroshow\/wp-content\/uploads\/2023\/06\/SPECYFIKACJA-OFEROWANYCH-PRODUKTOW.pdf\" class=\"file\"><span>Attachment to A2 form - Product groups<\/span><\/a><a target=\"_blank\" href=\"https:\/\/agroshow.pl\/agroshow\/wp-content\/uploads\/2026\/02\/AGRO-SHOW-2026-FORM-B-edyt.pdf\" class=\"file\"><span>Form B - Additional Apllication<\/span><\/a><a target=\"_blank\" href=\"https:\/\/agroshow.pl\/agroshow\/wp-content\/uploads\/2026\/02\/AGRO-SHOW-2026-FORM-C-edyt.pdf\" class=\"file\"><span>Form C1 - Application for exposition of machines at the airstrip<\/span><\/a><a target=\"_blank\" href=\"\" class=\"file\"><span>Form C2 - Application forms for machine shows avaiable soon<\/span><\/a><a target=\"_blank\" href=\"https:\/\/agroshow.pl\/agroshow\/wp-content\/uploads\/2026\/02\/AGRO-SHOW-2026-FORM-D-edyt.pdf\" class=\"file\"><span>Form D - order of shipping services; permition to work of crane<\/span><\/a><a target=\"_blank\" href=\"https:\/\/agroshow.pl\/agroshow\/wp-content\/uploads\/2026\/02\/AGRO-SHOW-2026-FORM-E-edyt.pdf\" class=\"file\"><span>Form E Order for earlier stand assembly<\/span><\/a><a target=\"_blank\" href=\"\" class=\"file\"><span><\/span><\/a>\n<p><strong>Application forms include:<\/strong><\/p>\n<h2>Form A<\/h2>\n<ul>\n<li><strong>Form A<\/strong> \u2013 information about Exhibitor,<\/li>\n<li><strong>Form A1<\/strong> \u2013 information on sub-exhibitor(s);<\/li>\n<li><strong>Form A2<\/strong> \u2013 obligatory entry into the electronic version catalogue; dealers at the Stand;<\/li>\n<li><strong>Form A3<\/strong> \u2013 order for the exhibtion area- location by the airstrip;<\/li>\n<li><strong>Form A4<\/strong> \u2013 order for the exhibition stand \u2013 location not by the airstrip;<\/li>\n<li><strong>Form A5<\/strong> \u2013 order for the exhibition stand area with structures in the tent hall; Form A6 \u2013 building the stand;<\/li>\n<\/ul>\n<h2>Form B<\/h2>\n<ul>\n<li>electric power,<\/li>\n<li>Exhibitor logos at electronic version exhibition plans,<\/li>\n<li>wireless internet access,<\/li>\n<li>stand cleaning,<\/li>\n<li>banners on free standing frames by the driveways,<\/li>\n<li>advertisement in the electronic version of Exhibition Catalogue,<\/li>\n<li>tickets to the banquet<\/li>\n<li>advertisement masts,<\/li>\n<li>portable water dispenser, bottles with water, disposable cups<\/li>\n<li>subscription car part (attended),<\/li>\n<li>car park for trucks,<\/li>\n<li>individual protection of a stand,<\/li>\n<li>additional accessories rental.<\/li>\n<\/ul>\n<h2>Form C1<\/h2>\n<p>Order of presentation of the machines at the airstrip<\/p>\n<h2>Form C2<\/h2>\n<p>Application form for presentations of machines- <strong><span class=\"gs_tkn\">available\u00a0<\/span><span class=\"gs_tkn\">soon<\/span><\/strong><\/p>\n<h2>Form D<\/h2>\n<ul>\n<li>unloading \/ loading<\/li>\n<li>permition for entry of crane<\/li>\n<\/ul>\n<h2>Form E<\/h2>\n<p>Order for earlier stand assembly- <strong><span class=\"gs_tkn\">available\u00a0<\/span><span class=\"gs_tkn\">soon<\/span><\/strong><\/p>\n<h2>Order of sanitary toilet cabin WC Tron<\/h2>\n","protected":false},"excerpt":{"rendered":"<p>Application forms for the AGRO SHOW exhibitions are avilable only in electronic version. Please download forms, fill out and print out editable PDF files. APPLICATION WITH DISCOUNT \u2013 DEADLINE APRIL 24th, 2026! Conditions of participating in AGRO SHOW 2026 exhibition: 1. Sending correctly filled out application forms together with copy of entry in the register [&hellip;]<\/p>\n","protected":false},"author":2,"featured_media":0,"parent":1235,"menu_order":0,"comment_status":"closed","ping_status":"closed","template":"","meta":{"inline_featured_image":false,"footnotes":""},"class_list":["post-10197","page","type-page","status-publish","hentry"],"acf":[],"yoast_head":"<!-- This site is optimized with the Yoast SEO plugin v26.2 - https:\/\/yoast.com\/wordpress\/plugins\/seo\/ -->\n<title>Application forms for AGRO SHOW 2026 - AGRO SHOW<\/title>\n<meta name=\"description\" content=\"Planujesz uczestnictwo w najwi\u0119kszej wystawie maszyn i urz\u0105dze\u0144 rolnicych w Polsce? Wype\u0142nij formularze zg\u0142oszeniowe AGRO SHOW 2020 ju\u017c dzi\u015b!\" \/>\n<meta name=\"robots\" content=\"index, follow, max-snippet:-1, max-image-preview:large, max-video-preview:-1\" \/>\n<link rel=\"canonical\" href=\"https:\/\/agroshow.pl\/agroshow\/en\/for-exhibitors\/application-forms-for-agro-show-2023\" \/>\n<meta property=\"og:locale\" content=\"en_US\" \/>\n<meta property=\"og:type\" content=\"article\" \/>\n<meta property=\"og:title\" content=\"Application forms for AGRO SHOW 2026 - AGRO SHOW\" \/>\n<meta property=\"og:description\" content=\"Planujesz uczestnictwo w najwi\u0119kszej wystawie maszyn i urz\u0105dze\u0144 rolnicych w Polsce? Wype\u0142nij formularze zg\u0142oszeniowe AGRO SHOW 2020 ju\u017c dzi\u015b!\" \/>\n<meta property=\"og:url\" content=\"https:\/\/agroshow.pl\/agroshow\/en\/for-exhibitors\/application-forms-for-agro-show-2023\" \/>\n<meta property=\"og:site_name\" content=\"AGRO SHOW\" \/>\n<meta property=\"article:modified_time\" content=\"2026-02-19T11:11:59+00:00\" \/>\n<meta name=\"twitter:card\" content=\"summary_large_image\" \/>\n<meta name=\"twitter:label1\" content=\"Est. reading time\" \/>\n\t<meta name=\"twitter:data1\" content=\"2 minutes\" \/>\n<script type=\"application\/ld+json\" class=\"yoast-schema-graph\">{\"@context\":\"https:\/\/schema.org\",\"@graph\":[{\"@type\":\"WebPage\",\"@id\":\"https:\/\/agroshow.pl\/agroshow\/en\/for-exhibitors\/application-forms-for-agro-show-2023\",\"url\":\"https:\/\/agroshow.pl\/agroshow\/en\/for-exhibitors\/application-forms-for-agro-show-2023\",\"name\":\"Application forms for AGRO SHOW 2026 - AGRO SHOW\",\"isPartOf\":{\"@id\":\"https:\/\/agroshow.pl\/agroshow\/en\/#website\"},\"datePublished\":\"2019-04-03T11:08:46+00:00\",\"dateModified\":\"2026-02-19T11:11:59+00:00\",\"description\":\"Planujesz uczestnictwo w najwi\u0119kszej wystawie maszyn i urz\u0105dze\u0144 rolnicych w Polsce? Wype\u0142nij formularze zg\u0142oszeniowe AGRO SHOW 2020 ju\u017c dzi\u015b!\",\"breadcrumb\":{\"@id\":\"https:\/\/agroshow.pl\/agroshow\/en\/for-exhibitors\/application-forms-for-agro-show-2023#breadcrumb\"},\"inLanguage\":\"en-US\",\"potentialAction\":[{\"@type\":\"ReadAction\",\"target\":[\"https:\/\/agroshow.pl\/agroshow\/en\/for-exhibitors\/application-forms-for-agro-show-2023\"]}]},{\"@type\":\"BreadcrumbList\",\"@id\":\"https:\/\/agroshow.pl\/agroshow\/en\/for-exhibitors\/application-forms-for-agro-show-2023#breadcrumb\",\"itemListElement\":[{\"@type\":\"ListItem\",\"position\":1,\"name\":\"Strona g\u0142\u00f3wna\",\"item\":\"https:\/\/agroshow.pl\/agroshow\/en\"},{\"@type\":\"ListItem\",\"position\":2,\"name\":\"For exhibitors\",\"item\":\"https:\/\/agroshow.pl\/agroshow\/en\/for-exhibitors\"},{\"@type\":\"ListItem\",\"position\":3,\"name\":\"Application forms for AGRO SHOW 2026\"}]},{\"@type\":\"WebSite\",\"@id\":\"https:\/\/agroshow.pl\/agroshow\/en\/#website\",\"url\":\"https:\/\/agroshow.pl\/agroshow\/en\/\",\"name\":\"AGRO SHOW\",\"description\":\"Mi\u0119dzynarodowa Wystawa Rolnicza AGRO SHOW organizowana jest przez Polsk\u0105 Izb\u0119 Gospodarcz\u0105 Maszyn i Urz\u0105dze\u0144 Rolniczych od 1999 roku. AGRO SHOW od lat postrzegane jest jako doskona\u0142e miejsce prezentacji najnowszych i najnowocze\u015bniejszych maszyn i urz\u0105dze\u0144 rolniczych.\",\"potentialAction\":[{\"@type\":\"SearchAction\",\"target\":{\"@type\":\"EntryPoint\",\"urlTemplate\":\"https:\/\/agroshow.pl\/agroshow\/en\/?s={search_term_string}\"},\"query-input\":{\"@type\":\"PropertyValueSpecification\",\"valueRequired\":true,\"valueName\":\"search_term_string\"}}],\"inLanguage\":\"en-US\"}]}<\/script>\n<!-- \/ Yoast SEO plugin. -->","yoast_head_json":{"title":"Application forms for AGRO SHOW 2026 - AGRO SHOW","description":"Planujesz uczestnictwo w najwi\u0119kszej wystawie maszyn i urz\u0105dze\u0144 rolnicych w Polsce? Wype\u0142nij formularze zg\u0142oszeniowe AGRO SHOW 2020 ju\u017c dzi\u015b!","robots":{"index":"index","follow":"follow","max-snippet":"max-snippet:-1","max-image-preview":"max-image-preview:large","max-video-preview":"max-video-preview:-1"},"canonical":"https:\/\/agroshow.pl\/agroshow\/en\/for-exhibitors\/application-forms-for-agro-show-2023","og_locale":"en_US","og_type":"article","og_title":"Application forms for AGRO SHOW 2026 - AGRO SHOW","og_description":"Planujesz uczestnictwo w najwi\u0119kszej wystawie maszyn i urz\u0105dze\u0144 rolnicych w Polsce? Wype\u0142nij formularze zg\u0142oszeniowe AGRO SHOW 2020 ju\u017c dzi\u015b!","og_url":"https:\/\/agroshow.pl\/agroshow\/en\/for-exhibitors\/application-forms-for-agro-show-2023","og_site_name":"AGRO SHOW","article_modified_time":"2026-02-19T11:11:59+00:00","twitter_card":"summary_large_image","twitter_misc":{"Est. reading time":"2 minutes"},"schema":{"@context":"https:\/\/schema.org","@graph":[{"@type":"WebPage","@id":"https:\/\/agroshow.pl\/agroshow\/en\/for-exhibitors\/application-forms-for-agro-show-2023","url":"https:\/\/agroshow.pl\/agroshow\/en\/for-exhibitors\/application-forms-for-agro-show-2023","name":"Application forms for AGRO SHOW 2026 - AGRO SHOW","isPartOf":{"@id":"https:\/\/agroshow.pl\/agroshow\/en\/#website"},"datePublished":"2019-04-03T11:08:46+00:00","dateModified":"2026-02-19T11:11:59+00:00","description":"Planujesz uczestnictwo w najwi\u0119kszej wystawie maszyn i urz\u0105dze\u0144 rolnicych w Polsce? Wype\u0142nij formularze zg\u0142oszeniowe AGRO SHOW 2020 ju\u017c dzi\u015b!","breadcrumb":{"@id":"https:\/\/agroshow.pl\/agroshow\/en\/for-exhibitors\/application-forms-for-agro-show-2023#breadcrumb"},"inLanguage":"en-US","potentialAction":[{"@type":"ReadAction","target":["https:\/\/agroshow.pl\/agroshow\/en\/for-exhibitors\/application-forms-for-agro-show-2023"]}]},{"@type":"BreadcrumbList","@id":"https:\/\/agroshow.pl\/agroshow\/en\/for-exhibitors\/application-forms-for-agro-show-2023#breadcrumb","itemListElement":[{"@type":"ListItem","position":1,"name":"Strona g\u0142\u00f3wna","item":"https:\/\/agroshow.pl\/agroshow\/en"},{"@type":"ListItem","position":2,"name":"For exhibitors","item":"https:\/\/agroshow.pl\/agroshow\/en\/for-exhibitors"},{"@type":"ListItem","position":3,"name":"Application forms for AGRO SHOW 2026"}]},{"@type":"WebSite","@id":"https:\/\/agroshow.pl\/agroshow\/en\/#website","url":"https:\/\/agroshow.pl\/agroshow\/en\/","name":"AGRO SHOW","description":"Mi\u0119dzynarodowa Wystawa Rolnicza AGRO SHOW organizowana jest przez Polsk\u0105 Izb\u0119 Gospodarcz\u0105 Maszyn i Urz\u0105dze\u0144 Rolniczych od 1999 roku. AGRO SHOW od lat postrzegane jest jako doskona\u0142e miejsce prezentacji najnowszych i najnowocze\u015bniejszych maszyn i urz\u0105dze\u0144 rolniczych.","potentialAction":[{"@type":"SearchAction","target":{"@type":"EntryPoint","urlTemplate":"https:\/\/agroshow.pl\/agroshow\/en\/?s={search_term_string}"},"query-input":{"@type":"PropertyValueSpecification","valueRequired":true,"valueName":"search_term_string"}}],"inLanguage":"en-US"}]}},"_links":{"self":[{"href":"https:\/\/agroshow.pl\/agroshow\/en\/wp-json\/wp\/v2\/pages\/10197","targetHints":{"allow":["GET"]}}],"collection":[{"href":"https:\/\/agroshow.pl\/agroshow\/en\/wp-json\/wp\/v2\/pages"}],"about":[{"href":"https:\/\/agroshow.pl\/agroshow\/en\/wp-json\/wp\/v2\/types\/page"}],"author":[{"embeddable":true,"href":"https:\/\/agroshow.pl\/agroshow\/en\/wp-json\/wp\/v2\/users\/2"}],"replies":[{"embeddable":true,"href":"https:\/\/agroshow.pl\/agroshow\/en\/wp-json\/wp\/v2\/comments?post=10197"}],"version-history":[{"count":29,"href":"https:\/\/agroshow.pl\/agroshow\/en\/wp-json\/wp\/v2\/pages\/10197\/revisions"}],"predecessor-version":[{"id":16019,"href":"https:\/\/agroshow.pl\/agroshow\/en\/wp-json\/wp\/v2\/pages\/10197\/revisions\/16019"}],"up":[{"embeddable":true,"href":"https:\/\/agroshow.pl\/agroshow\/en\/wp-json\/wp\/v2\/pages\/1235"}],"wp:attachment":[{"href":"https:\/\/agroshow.pl\/agroshow\/en\/wp-json\/wp\/v2\/media?parent=10197"}],"curies":[{"name":"wp","href":"https:\/\/api.w.org\/{rel}","templated":true}]}}