{"id":3294,"date":"2019-04-03T13:26:34","date_gmt":"2019-04-03T11:26:34","guid":{"rendered":"https:\/\/www.agroshow.eu\/agroshow\/fuer-besucher\/dojazd\/"},"modified":"2023-09-22T09:55:26","modified_gmt":"2023-09-22T07:55:26","slug":"zufahrt","status":"publish","type":"page","link":"https:\/\/agroshow.pl\/agroshow\/de\/fuer-besucher\/zufahrt","title":{"rendered":"Zufahrt"},"content":{"rendered":"\n<p>Gebiet des Flughafens in Bednary<br>62-010 Pobiedziska <br>GPS-Position: 52.52826, 17.21712 <\/p>\n","protected":false},"excerpt":{"rendered":"<p>Gebiet des Flughafens in Bednary62-010 Pobiedziska GPS-Position: 52.52826, 17.21712<\/p>\n","protected":false},"author":2,"featured_media":0,"parent":2349,"menu_order":0,"comment_status":"closed","ping_status":"closed","template":"dojazd.php","meta":{"inline_featured_image":false,"footnotes":""},"class_list":["post-3294","page","type-page","status-publish","hentry"],"acf":[],"yoast_head":"<!-- This site is optimized with the Yoast SEO plugin v26.2 - https:\/\/yoast.com\/wordpress\/plugins\/seo\/ -->\n<title>Zufahrt - AGRO SHOW<\/title>\n<meta name=\"robots\" content=\"index, follow, max-snippet:-1, max-image-preview:large, max-video-preview:-1\" \/>\n<link rel=\"canonical\" href=\"https:\/\/agroshow.pl\/agroshow\/de\/fuer-besucher\/zufahrt\" \/>\n<meta property=\"og:locale\" content=\"de_DE\" \/>\n<meta property=\"og:type\" content=\"article\" \/>\n<meta property=\"og:title\" content=\"Zufahrt - AGRO SHOW\" \/>\n<meta property=\"og:description\" content=\"Gebiet des Flughafens in Bednary62-010 Pobiedziska GPS-Position: 52.52826, 17.21712\" \/>\n<meta property=\"og:url\" content=\"https:\/\/agroshow.pl\/agroshow\/de\/fuer-besucher\/zufahrt\" \/>\n<meta property=\"og:site_name\" content=\"AGRO SHOW\" \/>\n<meta property=\"article:modified_time\" content=\"2023-09-22T07:55:26+00:00\" \/>\n<meta name=\"twitter:card\" content=\"summary_large_image\" \/>\n<meta name=\"twitter:label1\" content=\"Gesch\u00e4tzte Lesezeit\" \/>\n\t<meta name=\"twitter:data1\" content=\"1\u00a0Minute\" \/>\n<script type=\"application\/ld+json\" class=\"yoast-schema-graph\">{\"@context\":\"https:\/\/schema.org\",\"@graph\":[{\"@type\":\"WebPage\",\"@id\":\"https:\/\/agroshow.pl\/agroshow\/de\/fuer-besucher\/zufahrt\",\"url\":\"https:\/\/agroshow.pl\/agroshow\/de\/fuer-besucher\/zufahrt\",\"name\":\"Zufahrt - AGRO SHOW\",\"isPartOf\":{\"@id\":\"https:\/\/agroshow.pl\/agroshow\/de#website\"},\"datePublished\":\"2019-04-03T11:26:34+00:00\",\"dateModified\":\"2023-09-22T07:55:26+00:00\",\"breadcrumb\":{\"@id\":\"https:\/\/agroshow.pl\/agroshow\/de\/fuer-besucher\/zufahrt#breadcrumb\"},\"inLanguage\":\"de\",\"potentialAction\":[{\"@type\":\"ReadAction\",\"target\":[\"https:\/\/agroshow.pl\/agroshow\/de\/fuer-besucher\/zufahrt\"]}]},{\"@type\":\"BreadcrumbList\",\"@id\":\"https:\/\/agroshow.pl\/agroshow\/de\/fuer-besucher\/zufahrt#breadcrumb\",\"itemListElement\":[{\"@type\":\"ListItem\",\"position\":1,\"name\":\"Strona g\u0142\u00f3wna\",\"item\":\"https:\/\/agroshow.pl\/agroshow\/de\"},{\"@type\":\"ListItem\",\"position\":2,\"name\":\"F\u00fcr Besucher\",\"item\":\"https:\/\/agroshow.pl\/agroshow\/de\/fuer-besucher\"},{\"@type\":\"ListItem\",\"position\":3,\"name\":\"Zufahrt\"}]},{\"@type\":\"WebSite\",\"@id\":\"https:\/\/agroshow.pl\/agroshow\/de#website\",\"url\":\"https:\/\/agroshow.pl\/agroshow\/de\",\"name\":\"AGRO SHOW\",\"description\":\"Mi\u0119dzynarodowa Wystawa Rolnicza AGRO SHOW organizowana jest przez Polsk\u0105 Izb\u0119 Gospodarcz\u0105 Maszyn i Urz\u0105dze\u0144 Rolniczych od 1999 roku. AGRO SHOW od lat postrzegane jest jako doskona\u0142e miejsce prezentacji najnowszych i najnowocze\u015bniejszych maszyn i urz\u0105dze\u0144 rolniczych.\",\"potentialAction\":[{\"@type\":\"SearchAction\",\"target\":{\"@type\":\"EntryPoint\",\"urlTemplate\":\"https:\/\/agroshow.pl\/agroshow\/de?s={search_term_string}\"},\"query-input\":{\"@type\":\"PropertyValueSpecification\",\"valueRequired\":true,\"valueName\":\"search_term_string\"}}],\"inLanguage\":\"de\"}]}<\/script>\n<!-- \/ Yoast SEO plugin. -->","yoast_head_json":{"title":"Zufahrt - AGRO SHOW","robots":{"index":"index","follow":"follow","max-snippet":"max-snippet:-1","max-image-preview":"max-image-preview:large","max-video-preview":"max-video-preview:-1"},"canonical":"https:\/\/agroshow.pl\/agroshow\/de\/fuer-besucher\/zufahrt","og_locale":"de_DE","og_type":"article","og_title":"Zufahrt - AGRO SHOW","og_description":"Gebiet des Flughafens in Bednary62-010 Pobiedziska GPS-Position: 52.52826, 17.21712","og_url":"https:\/\/agroshow.pl\/agroshow\/de\/fuer-besucher\/zufahrt","og_site_name":"AGRO SHOW","article_modified_time":"2023-09-22T07:55:26+00:00","twitter_card":"summary_large_image","twitter_misc":{"Gesch\u00e4tzte Lesezeit":"1\u00a0Minute"},"schema":{"@context":"https:\/\/schema.org","@graph":[{"@type":"WebPage","@id":"https:\/\/agroshow.pl\/agroshow\/de\/fuer-besucher\/zufahrt","url":"https:\/\/agroshow.pl\/agroshow\/de\/fuer-besucher\/zufahrt","name":"Zufahrt - AGRO SHOW","isPartOf":{"@id":"https:\/\/agroshow.pl\/agroshow\/de#website"},"datePublished":"2019-04-03T11:26:34+00:00","dateModified":"2023-09-22T07:55:26+00:00","breadcrumb":{"@id":"https:\/\/agroshow.pl\/agroshow\/de\/fuer-besucher\/zufahrt#breadcrumb"},"inLanguage":"de","potentialAction":[{"@type":"ReadAction","target":["https:\/\/agroshow.pl\/agroshow\/de\/fuer-besucher\/zufahrt"]}]},{"@type":"BreadcrumbList","@id":"https:\/\/agroshow.pl\/agroshow\/de\/fuer-besucher\/zufahrt#breadcrumb","itemListElement":[{"@type":"ListItem","position":1,"name":"Strona g\u0142\u00f3wna","item":"https:\/\/agroshow.pl\/agroshow\/de"},{"@type":"ListItem","position":2,"name":"F\u00fcr Besucher","item":"https:\/\/agroshow.pl\/agroshow\/de\/fuer-besucher"},{"@type":"ListItem","position":3,"name":"Zufahrt"}]},{"@type":"WebSite","@id":"https:\/\/agroshow.pl\/agroshow\/de#website","url":"https:\/\/agroshow.pl\/agroshow\/de","name":"AGRO SHOW","description":"Mi\u0119dzynarodowa Wystawa Rolnicza AGRO SHOW organizowana jest przez Polsk\u0105 Izb\u0119 Gospodarcz\u0105 Maszyn i Urz\u0105dze\u0144 Rolniczych od 1999 roku. AGRO SHOW od lat postrzegane jest jako doskona\u0142e miejsce prezentacji najnowszych i najnowocze\u015bniejszych maszyn i urz\u0105dze\u0144 rolniczych.","potentialAction":[{"@type":"SearchAction","target":{"@type":"EntryPoint","urlTemplate":"https:\/\/agroshow.pl\/agroshow\/de?s={search_term_string}"},"query-input":{"@type":"PropertyValueSpecification","valueRequired":true,"valueName":"search_term_string"}}],"inLanguage":"de"}]}},"_links":{"self":[{"href":"https:\/\/agroshow.pl\/agroshow\/de\/wp-json\/wp\/v2\/pages\/3294","targetHints":{"allow":["GET"]}}],"collection":[{"href":"https:\/\/agroshow.pl\/agroshow\/de\/wp-json\/wp\/v2\/pages"}],"about":[{"href":"https:\/\/agroshow.pl\/agroshow\/de\/wp-json\/wp\/v2\/types\/page"}],"author":[{"embeddable":true,"href":"https:\/\/agroshow.pl\/agroshow\/de\/wp-json\/wp\/v2\/users\/2"}],"replies":[{"embeddable":true,"href":"https:\/\/agroshow.pl\/agroshow\/de\/wp-json\/wp\/v2\/comments?post=3294"}],"version-history":[{"count":5,"href":"https:\/\/agroshow.pl\/agroshow\/de\/wp-json\/wp\/v2\/pages\/3294\/revisions"}],"predecessor-version":[{"id":11152,"href":"https:\/\/agroshow.pl\/agroshow\/de\/wp-json\/wp\/v2\/pages\/3294\/revisions\/11152"}],"up":[{"embeddable":true,"href":"https:\/\/agroshow.pl\/agroshow\/de\/wp-json\/wp\/v2\/pages\/2349"}],"wp:attachment":[{"href":"https:\/\/agroshow.pl\/agroshow\/de\/wp-json\/wp\/v2\/media?parent=3294"}],"curies":[{"name":"wp","href":"https:\/\/api.w.org\/{rel}","templated":true}]}}