{"id":2767,"date":"2019-04-03T11:27:14","date_gmt":"2019-04-03T09:27:14","guid":{"rendered":"https:\/\/www.agroshow.eu\/agroshow\/dla-wystawcow\/hotele-noclegi\/"},"modified":"2019-06-15T14:51:40","modified_gmt":"2019-06-15T12:51:40","slug":"hotels-uebernachtungen","status":"publish","type":"page","link":"https:\/\/agroshow.pl\/agroshow\/de\/fuer-aussteller\/hotels-uebernachtungen","title":{"rendered":"Hotels, \u00dcbernachtungen"},"content":{"rendered":"\n<p>Unter befindet sich eine Liste von Hotels und \u00dcbernachtungsstellen in der N\u00e4he des Ortes, wo die Ausstellung stattfindet. Die gr\u00f6\u00dfte Stadt, lediglich 30 km entfernt, ist Posen, wo es die reichste \u00dcbernachtungsbasis gibt.<\/p>\n","protected":false},"excerpt":{"rendered":"<p>Unter befindet sich eine Liste von Hotels und \u00dcbernachtungsstellen in der N\u00e4he des Ortes, wo die Ausstellung stattfindet. Die gr\u00f6\u00dfte Stadt, lediglich 30 km entfernt, ist Posen, wo es die reichste \u00dcbernachtungsbasis gibt.<\/p>\n","protected":false},"author":2,"featured_media":0,"parent":2304,"menu_order":0,"comment_status":"closed","ping_status":"closed","template":"hotele.php","meta":{"inline_featured_image":false,"footnotes":""},"class_list":["post-2767","page","type-page","status-publish","hentry"],"acf":[],"yoast_head":"<!-- This site is optimized with the Yoast SEO plugin v26.2 - https:\/\/yoast.com\/wordpress\/plugins\/seo\/ -->\n<title>Hotels, \u00dcbernachtungen - AGRO SHOW<\/title>\n<meta name=\"robots\" content=\"index, follow, max-snippet:-1, max-image-preview:large, max-video-preview:-1\" \/>\n<link rel=\"canonical\" href=\"https:\/\/agroshow.pl\/agroshow\/de\/fuer-aussteller\/hotels-uebernachtungen\" \/>\n<meta property=\"og:locale\" content=\"de_DE\" \/>\n<meta property=\"og:type\" content=\"article\" \/>\n<meta property=\"og:title\" content=\"Hotels, \u00dcbernachtungen - AGRO SHOW\" \/>\n<meta property=\"og:description\" content=\"Unter befindet sich eine Liste von Hotels und \u00dcbernachtungsstellen in der N\u00e4he des Ortes, wo die Ausstellung stattfindet. Die gr\u00f6\u00dfte Stadt, lediglich 30 km entfernt, ist Posen, wo es die reichste \u00dcbernachtungsbasis gibt.\" \/>\n<meta property=\"og:url\" content=\"https:\/\/agroshow.pl\/agroshow\/de\/fuer-aussteller\/hotels-uebernachtungen\" \/>\n<meta property=\"og:site_name\" content=\"AGRO SHOW\" \/>\n<meta property=\"article:modified_time\" content=\"2019-06-15T12:51:40+00:00\" \/>\n<meta name=\"twitter:card\" content=\"summary_large_image\" \/>\n<script type=\"application\/ld+json\" class=\"yoast-schema-graph\">{\"@context\":\"https:\/\/schema.org\",\"@graph\":[{\"@type\":\"WebPage\",\"@id\":\"https:\/\/agroshow.pl\/agroshow\/de\/fuer-aussteller\/hotels-uebernachtungen\",\"url\":\"https:\/\/agroshow.pl\/agroshow\/de\/fuer-aussteller\/hotels-uebernachtungen\",\"name\":\"Hotels, \u00dcbernachtungen - AGRO SHOW\",\"isPartOf\":{\"@id\":\"https:\/\/agroshow.pl\/agroshow\/de#website\"},\"datePublished\":\"2019-04-03T09:27:14+00:00\",\"dateModified\":\"2019-06-15T12:51:40+00:00\",\"breadcrumb\":{\"@id\":\"https:\/\/agroshow.pl\/agroshow\/de\/fuer-aussteller\/hotels-uebernachtungen#breadcrumb\"},\"inLanguage\":\"de\",\"potentialAction\":[{\"@type\":\"ReadAction\",\"target\":[\"https:\/\/agroshow.pl\/agroshow\/de\/fuer-aussteller\/hotels-uebernachtungen\"]}]},{\"@type\":\"BreadcrumbList\",\"@id\":\"https:\/\/agroshow.pl\/agroshow\/de\/fuer-aussteller\/hotels-uebernachtungen#breadcrumb\",\"itemListElement\":[{\"@type\":\"ListItem\",\"position\":1,\"name\":\"Strona g\u0142\u00f3wna\",\"item\":\"https:\/\/agroshow.pl\/agroshow\/de\"},{\"@type\":\"ListItem\",\"position\":2,\"name\":\"F\u00fcr Aussteller\",\"item\":\"https:\/\/agroshow.pl\/agroshow\/de\/fuer-aussteller\"},{\"@type\":\"ListItem\",\"position\":3,\"name\":\"Hotels, \u00dcbernachtungen\"}]},{\"@type\":\"WebSite\",\"@id\":\"https:\/\/agroshow.pl\/agroshow\/de#website\",\"url\":\"https:\/\/agroshow.pl\/agroshow\/de\",\"name\":\"AGRO SHOW\",\"description\":\"Mi\u0119dzynarodowa Wystawa Rolnicza AGRO SHOW organizowana jest przez Polsk\u0105 Izb\u0119 Gospodarcz\u0105 Maszyn i Urz\u0105dze\u0144 Rolniczych od 1999 roku. AGRO SHOW od lat postrzegane jest jako doskona\u0142e miejsce prezentacji najnowszych i najnowocze\u015bniejszych maszyn i urz\u0105dze\u0144 rolniczych.\",\"potentialAction\":[{\"@type\":\"SearchAction\",\"target\":{\"@type\":\"EntryPoint\",\"urlTemplate\":\"https:\/\/agroshow.pl\/agroshow\/de?s={search_term_string}\"},\"query-input\":{\"@type\":\"PropertyValueSpecification\",\"valueRequired\":true,\"valueName\":\"search_term_string\"}}],\"inLanguage\":\"de\"}]}<\/script>\n<!-- \/ Yoast SEO plugin. -->","yoast_head_json":{"title":"Hotels, \u00dcbernachtungen - AGRO SHOW","robots":{"index":"index","follow":"follow","max-snippet":"max-snippet:-1","max-image-preview":"max-image-preview:large","max-video-preview":"max-video-preview:-1"},"canonical":"https:\/\/agroshow.pl\/agroshow\/de\/fuer-aussteller\/hotels-uebernachtungen","og_locale":"de_DE","og_type":"article","og_title":"Hotels, \u00dcbernachtungen - AGRO SHOW","og_description":"Unter befindet sich eine Liste von Hotels und \u00dcbernachtungsstellen in der N\u00e4he des Ortes, wo die Ausstellung stattfindet. Die gr\u00f6\u00dfte Stadt, lediglich 30 km entfernt, ist Posen, wo es die reichste \u00dcbernachtungsbasis gibt.","og_url":"https:\/\/agroshow.pl\/agroshow\/de\/fuer-aussteller\/hotels-uebernachtungen","og_site_name":"AGRO SHOW","article_modified_time":"2019-06-15T12:51:40+00:00","twitter_card":"summary_large_image","schema":{"@context":"https:\/\/schema.org","@graph":[{"@type":"WebPage","@id":"https:\/\/agroshow.pl\/agroshow\/de\/fuer-aussteller\/hotels-uebernachtungen","url":"https:\/\/agroshow.pl\/agroshow\/de\/fuer-aussteller\/hotels-uebernachtungen","name":"Hotels, \u00dcbernachtungen - AGRO SHOW","isPartOf":{"@id":"https:\/\/agroshow.pl\/agroshow\/de#website"},"datePublished":"2019-04-03T09:27:14+00:00","dateModified":"2019-06-15T12:51:40+00:00","breadcrumb":{"@id":"https:\/\/agroshow.pl\/agroshow\/de\/fuer-aussteller\/hotels-uebernachtungen#breadcrumb"},"inLanguage":"de","potentialAction":[{"@type":"ReadAction","target":["https:\/\/agroshow.pl\/agroshow\/de\/fuer-aussteller\/hotels-uebernachtungen"]}]},{"@type":"BreadcrumbList","@id":"https:\/\/agroshow.pl\/agroshow\/de\/fuer-aussteller\/hotels-uebernachtungen#breadcrumb","itemListElement":[{"@type":"ListItem","position":1,"name":"Strona g\u0142\u00f3wna","item":"https:\/\/agroshow.pl\/agroshow\/de"},{"@type":"ListItem","position":2,"name":"F\u00fcr Aussteller","item":"https:\/\/agroshow.pl\/agroshow\/de\/fuer-aussteller"},{"@type":"ListItem","position":3,"name":"Hotels, \u00dcbernachtungen"}]},{"@type":"WebSite","@id":"https:\/\/agroshow.pl\/agroshow\/de#website","url":"https:\/\/agroshow.pl\/agroshow\/de","name":"AGRO SHOW","description":"Mi\u0119dzynarodowa Wystawa Rolnicza AGRO SHOW organizowana jest przez Polsk\u0105 Izb\u0119 Gospodarcz\u0105 Maszyn i Urz\u0105dze\u0144 Rolniczych od 1999 roku. AGRO SHOW od lat postrzegane jest jako doskona\u0142e miejsce prezentacji najnowszych i najnowocze\u015bniejszych maszyn i urz\u0105dze\u0144 rolniczych.","potentialAction":[{"@type":"SearchAction","target":{"@type":"EntryPoint","urlTemplate":"https:\/\/agroshow.pl\/agroshow\/de?s={search_term_string}"},"query-input":{"@type":"PropertyValueSpecification","valueRequired":true,"valueName":"search_term_string"}}],"inLanguage":"de"}]}},"_links":{"self":[{"href":"https:\/\/agroshow.pl\/agroshow\/de\/wp-json\/wp\/v2\/pages\/2767","targetHints":{"allow":["GET"]}}],"collection":[{"href":"https:\/\/agroshow.pl\/agroshow\/de\/wp-json\/wp\/v2\/pages"}],"about":[{"href":"https:\/\/agroshow.pl\/agroshow\/de\/wp-json\/wp\/v2\/types\/page"}],"author":[{"embeddable":true,"href":"https:\/\/agroshow.pl\/agroshow\/de\/wp-json\/wp\/v2\/users\/2"}],"replies":[{"embeddable":true,"href":"https:\/\/agroshow.pl\/agroshow\/de\/wp-json\/wp\/v2\/comments?post=2767"}],"version-history":[{"count":5,"href":"https:\/\/agroshow.pl\/agroshow\/de\/wp-json\/wp\/v2\/pages\/2767\/revisions"}],"predecessor-version":[{"id":2812,"href":"https:\/\/agroshow.pl\/agroshow\/de\/wp-json\/wp\/v2\/pages\/2767\/revisions\/2812"}],"up":[{"embeddable":true,"href":"https:\/\/agroshow.pl\/agroshow\/de\/wp-json\/wp\/v2\/pages\/2304"}],"wp:attachment":[{"href":"https:\/\/agroshow.pl\/agroshow\/de\/wp-json\/wp\/v2\/media?parent=2767"}],"curies":[{"name":"wp","href":"https:\/\/api.w.org\/{rel}","templated":true}]}}