{"id":2764,"date":"2019-04-03T13:08:46","date_gmt":"2019-04-03T11:08:46","guid":{"rendered":"https:\/\/www.agroshow.eu\/agroshow\/dla-wystawcow\/formularze-zgloszeniowe\/"},"modified":"2019-06-15T12:09:35","modified_gmt":"2019-06-15T10:09:35","slug":"anmeldeformulare","status":"publish","type":"page","link":"https:\/\/agroshow.pl\/agroshow\/de\/fuer-aussteller\/anmeldeformulare","title":{"rendered":"Anmeldeformulare"},"content":{"rendered":"<p>Anmeldeformulare sind in der englischen und polnischen Sprachversion der Webseite unter dem Link: Aussteller vorhanden. Normalerweise werden aktuelle Formulare im M\u00e4rz\/April gesetzt.<\/p>\n<p>Um an der Ausstellung teilzunehmen, soll ein Anmeldeformular ausgef\u00fcllt und an uns geschickt werden. Anmeldeformulare sind auf der englischen Sprachversion der Webseite im M\u00e4rz\/April gesetzt. Die Anmeldungen werden \u00fcblich bis Ende Juni angenommen. Die genauen Daten und Regeln der Annahme von Anmeldungen befinden sich auf der ersten Seite der Formulare.<\/p>\n","protected":false},"excerpt":{"rendered":"<p>Anmeldeformulare sind in der englischen und polnischen Sprachversion der Webseite unter dem Link: Aussteller vorhanden. Normalerweise werden aktuelle Formulare im M\u00e4rz\/April gesetzt. Um an der Ausstellung teilzunehmen, soll ein Anmeldeformular ausgef\u00fcllt und an uns geschickt werden. Anmeldeformulare sind auf der englischen Sprachversion der Webseite im M\u00e4rz\/April gesetzt. Die Anmeldungen werden \u00fcblich bis Ende Juni angenommen. [&hellip;]<\/p>\n","protected":false},"author":2,"featured_media":0,"parent":2304,"menu_order":0,"comment_status":"closed","ping_status":"closed","template":"","meta":{"inline_featured_image":false,"footnotes":""},"class_list":["post-2764","page","type-page","status-publish","hentry"],"acf":[],"yoast_head":"<!-- This site is optimized with the Yoast SEO plugin v26.2 - https:\/\/yoast.com\/wordpress\/plugins\/seo\/ -->\n<title>Anmeldeformulare - AGRO SHOW<\/title>\n<meta name=\"robots\" content=\"index, follow, max-snippet:-1, max-image-preview:large, max-video-preview:-1\" \/>\n<link rel=\"canonical\" href=\"https:\/\/agroshow.pl\/agroshow\/de\/fuer-aussteller\/anmeldeformulare\" \/>\n<meta property=\"og:locale\" content=\"de_DE\" \/>\n<meta property=\"og:type\" content=\"article\" \/>\n<meta property=\"og:title\" content=\"Anmeldeformulare - AGRO SHOW\" \/>\n<meta property=\"og:description\" content=\"Anmeldeformulare sind in der englischen und polnischen Sprachversion der Webseite unter dem Link: Aussteller vorhanden. Normalerweise werden aktuelle Formulare im M\u00e4rz\/April gesetzt. Um an der Ausstellung teilzunehmen, soll ein Anmeldeformular ausgef\u00fcllt und an uns geschickt werden. Anmeldeformulare sind auf der englischen Sprachversion der Webseite im M\u00e4rz\/April gesetzt. Die Anmeldungen werden \u00fcblich bis Ende Juni angenommen. [&hellip;]\" \/>\n<meta property=\"og:url\" content=\"https:\/\/agroshow.pl\/agroshow\/de\/fuer-aussteller\/anmeldeformulare\" \/>\n<meta property=\"og:site_name\" content=\"AGRO SHOW\" \/>\n<meta property=\"article:modified_time\" content=\"2019-06-15T10:09:35+00:00\" \/>\n<meta name=\"twitter:card\" content=\"summary_large_image\" \/>\n<script type=\"application\/ld+json\" class=\"yoast-schema-graph\">{\"@context\":\"https:\/\/schema.org\",\"@graph\":[{\"@type\":\"WebPage\",\"@id\":\"https:\/\/agroshow.pl\/agroshow\/de\/fuer-aussteller\/anmeldeformulare\",\"url\":\"https:\/\/agroshow.pl\/agroshow\/de\/fuer-aussteller\/anmeldeformulare\",\"name\":\"Anmeldeformulare - AGRO SHOW\",\"isPartOf\":{\"@id\":\"https:\/\/agroshow.pl\/agroshow\/de#website\"},\"datePublished\":\"2019-04-03T11:08:46+00:00\",\"dateModified\":\"2019-06-15T10:09:35+00:00\",\"breadcrumb\":{\"@id\":\"https:\/\/agroshow.pl\/agroshow\/de\/fuer-aussteller\/anmeldeformulare#breadcrumb\"},\"inLanguage\":\"de\",\"potentialAction\":[{\"@type\":\"ReadAction\",\"target\":[\"https:\/\/agroshow.pl\/agroshow\/de\/fuer-aussteller\/anmeldeformulare\"]}]},{\"@type\":\"BreadcrumbList\",\"@id\":\"https:\/\/agroshow.pl\/agroshow\/de\/fuer-aussteller\/anmeldeformulare#breadcrumb\",\"itemListElement\":[{\"@type\":\"ListItem\",\"position\":1,\"name\":\"Strona g\u0142\u00f3wna\",\"item\":\"https:\/\/agroshow.pl\/agroshow\/de\"},{\"@type\":\"ListItem\",\"position\":2,\"name\":\"F\u00fcr Aussteller\",\"item\":\"https:\/\/agroshow.pl\/agroshow\/de\/fuer-aussteller\"},{\"@type\":\"ListItem\",\"position\":3,\"name\":\"Anmeldeformulare\"}]},{\"@type\":\"WebSite\",\"@id\":\"https:\/\/agroshow.pl\/agroshow\/de#website\",\"url\":\"https:\/\/agroshow.pl\/agroshow\/de\",\"name\":\"AGRO SHOW\",\"description\":\"Mi\u0119dzynarodowa Wystawa Rolnicza AGRO SHOW organizowana jest przez Polsk\u0105 Izb\u0119 Gospodarcz\u0105 Maszyn i Urz\u0105dze\u0144 Rolniczych od 1999 roku. AGRO SHOW od lat postrzegane jest jako doskona\u0142e miejsce prezentacji najnowszych i najnowocze\u015bniejszych maszyn i urz\u0105dze\u0144 rolniczych.\",\"potentialAction\":[{\"@type\":\"SearchAction\",\"target\":{\"@type\":\"EntryPoint\",\"urlTemplate\":\"https:\/\/agroshow.pl\/agroshow\/de?s={search_term_string}\"},\"query-input\":{\"@type\":\"PropertyValueSpecification\",\"valueRequired\":true,\"valueName\":\"search_term_string\"}}],\"inLanguage\":\"de\"}]}<\/script>\n<!-- \/ Yoast SEO plugin. -->","yoast_head_json":{"title":"Anmeldeformulare - AGRO SHOW","robots":{"index":"index","follow":"follow","max-snippet":"max-snippet:-1","max-image-preview":"max-image-preview:large","max-video-preview":"max-video-preview:-1"},"canonical":"https:\/\/agroshow.pl\/agroshow\/de\/fuer-aussteller\/anmeldeformulare","og_locale":"de_DE","og_type":"article","og_title":"Anmeldeformulare - AGRO SHOW","og_description":"Anmeldeformulare sind in der englischen und polnischen Sprachversion der Webseite unter dem Link: Aussteller vorhanden. Normalerweise werden aktuelle Formulare im M\u00e4rz\/April gesetzt. Um an der Ausstellung teilzunehmen, soll ein Anmeldeformular ausgef\u00fcllt und an uns geschickt werden. Anmeldeformulare sind auf der englischen Sprachversion der Webseite im M\u00e4rz\/April gesetzt. Die Anmeldungen werden \u00fcblich bis Ende Juni angenommen. [&hellip;]","og_url":"https:\/\/agroshow.pl\/agroshow\/de\/fuer-aussteller\/anmeldeformulare","og_site_name":"AGRO SHOW","article_modified_time":"2019-06-15T10:09:35+00:00","twitter_card":"summary_large_image","schema":{"@context":"https:\/\/schema.org","@graph":[{"@type":"WebPage","@id":"https:\/\/agroshow.pl\/agroshow\/de\/fuer-aussteller\/anmeldeformulare","url":"https:\/\/agroshow.pl\/agroshow\/de\/fuer-aussteller\/anmeldeformulare","name":"Anmeldeformulare - AGRO SHOW","isPartOf":{"@id":"https:\/\/agroshow.pl\/agroshow\/de#website"},"datePublished":"2019-04-03T11:08:46+00:00","dateModified":"2019-06-15T10:09:35+00:00","breadcrumb":{"@id":"https:\/\/agroshow.pl\/agroshow\/de\/fuer-aussteller\/anmeldeformulare#breadcrumb"},"inLanguage":"de","potentialAction":[{"@type":"ReadAction","target":["https:\/\/agroshow.pl\/agroshow\/de\/fuer-aussteller\/anmeldeformulare"]}]},{"@type":"BreadcrumbList","@id":"https:\/\/agroshow.pl\/agroshow\/de\/fuer-aussteller\/anmeldeformulare#breadcrumb","itemListElement":[{"@type":"ListItem","position":1,"name":"Strona g\u0142\u00f3wna","item":"https:\/\/agroshow.pl\/agroshow\/de"},{"@type":"ListItem","position":2,"name":"F\u00fcr Aussteller","item":"https:\/\/agroshow.pl\/agroshow\/de\/fuer-aussteller"},{"@type":"ListItem","position":3,"name":"Anmeldeformulare"}]},{"@type":"WebSite","@id":"https:\/\/agroshow.pl\/agroshow\/de#website","url":"https:\/\/agroshow.pl\/agroshow\/de","name":"AGRO SHOW","description":"Mi\u0119dzynarodowa Wystawa Rolnicza AGRO SHOW organizowana jest przez Polsk\u0105 Izb\u0119 Gospodarcz\u0105 Maszyn i Urz\u0105dze\u0144 Rolniczych od 1999 roku. AGRO SHOW od lat postrzegane jest jako doskona\u0142e miejsce prezentacji najnowszych i najnowocze\u015bniejszych maszyn i urz\u0105dze\u0144 rolniczych.","potentialAction":[{"@type":"SearchAction","target":{"@type":"EntryPoint","urlTemplate":"https:\/\/agroshow.pl\/agroshow\/de?s={search_term_string}"},"query-input":{"@type":"PropertyValueSpecification","valueRequired":true,"valueName":"search_term_string"}}],"inLanguage":"de"}]}},"_links":{"self":[{"href":"https:\/\/agroshow.pl\/agroshow\/de\/wp-json\/wp\/v2\/pages\/2764","targetHints":{"allow":["GET"]}}],"collection":[{"href":"https:\/\/agroshow.pl\/agroshow\/de\/wp-json\/wp\/v2\/pages"}],"about":[{"href":"https:\/\/agroshow.pl\/agroshow\/de\/wp-json\/wp\/v2\/types\/page"}],"author":[{"embeddable":true,"href":"https:\/\/agroshow.pl\/agroshow\/de\/wp-json\/wp\/v2\/users\/2"}],"replies":[{"embeddable":true,"href":"https:\/\/agroshow.pl\/agroshow\/de\/wp-json\/wp\/v2\/comments?post=2764"}],"version-history":[{"count":4,"href":"https:\/\/agroshow.pl\/agroshow\/de\/wp-json\/wp\/v2\/pages\/2764\/revisions"}],"predecessor-version":[{"id":2804,"href":"https:\/\/agroshow.pl\/agroshow\/de\/wp-json\/wp\/v2\/pages\/2764\/revisions\/2804"}],"up":[{"embeddable":true,"href":"https:\/\/agroshow.pl\/agroshow\/de\/wp-json\/wp\/v2\/pages\/2304"}],"wp:attachment":[{"href":"https:\/\/agroshow.pl\/agroshow\/de\/wp-json\/wp\/v2\/media?parent=2764"}],"curies":[{"name":"wp","href":"https:\/\/api.w.org\/{rel}","templated":true}]}}