{"id":2758,"date":"2019-04-03T13:11:59","date_gmt":"2019-04-03T11:11:59","guid":{"rendered":"https:\/\/www.agroshow.eu\/agroshow\/o-wystawie\/"},"modified":"2019-06-15T12:16:27","modified_gmt":"2019-06-15T10:16:27","slug":"ueber-ausstellung","status":"publish","type":"page","link":"https:\/\/agroshow.pl\/agroshow\/de\/ueber-ausstellung","title":{"rendered":"\u00dcber Ausstellung"},"content":{"rendered":"","protected":false},"excerpt":{"rendered":"","protected":false},"author":2,"featured_media":0,"parent":0,"menu_order":0,"comment_status":"closed","ping_status":"closed","template":"","meta":{"inline_featured_image":false,"footnotes":""},"class_list":["post-2758","page","type-page","status-publish","hentry"],"acf":[],"yoast_head":"<!-- This site is optimized with the Yoast SEO plugin v26.2 - https:\/\/yoast.com\/wordpress\/plugins\/seo\/ -->\n<title>\u00dcber Ausstellung - AGRO SHOW<\/title>\n<meta name=\"robots\" content=\"index, follow, max-snippet:-1, max-image-preview:large, max-video-preview:-1\" \/>\n<link rel=\"canonical\" href=\"https:\/\/agroshow.pl\/agroshow\/de\/ueber-ausstellung\" \/>\n<meta property=\"og:locale\" content=\"de_DE\" \/>\n<meta property=\"og:type\" content=\"article\" \/>\n<meta property=\"og:title\" content=\"\u00dcber Ausstellung - AGRO SHOW\" \/>\n<meta property=\"og:url\" content=\"https:\/\/agroshow.pl\/agroshow\/de\/ueber-ausstellung\" \/>\n<meta property=\"og:site_name\" content=\"AGRO SHOW\" \/>\n<meta property=\"article:modified_time\" content=\"2019-06-15T10:16:27+00:00\" \/>\n<meta name=\"twitter:card\" content=\"summary_large_image\" \/>\n<script type=\"application\/ld+json\" class=\"yoast-schema-graph\">{\"@context\":\"https:\/\/schema.org\",\"@graph\":[{\"@type\":\"WebPage\",\"@id\":\"https:\/\/agroshow.pl\/agroshow\/de\/ueber-ausstellung\",\"url\":\"https:\/\/agroshow.pl\/agroshow\/de\/ueber-ausstellung\",\"name\":\"\u00dcber Ausstellung - AGRO SHOW\",\"isPartOf\":{\"@id\":\"https:\/\/agroshow.pl\/agroshow\/de#website\"},\"datePublished\":\"2019-04-03T11:11:59+00:00\",\"dateModified\":\"2019-06-15T10:16:27+00:00\",\"breadcrumb\":{\"@id\":\"https:\/\/agroshow.pl\/agroshow\/de\/ueber-ausstellung#breadcrumb\"},\"inLanguage\":\"de\",\"potentialAction\":[{\"@type\":\"ReadAction\",\"target\":[\"https:\/\/agroshow.pl\/agroshow\/de\/ueber-ausstellung\"]}]},{\"@type\":\"BreadcrumbList\",\"@id\":\"https:\/\/agroshow.pl\/agroshow\/de\/ueber-ausstellung#breadcrumb\",\"itemListElement\":[{\"@type\":\"ListItem\",\"position\":1,\"name\":\"Strona g\u0142\u00f3wna\",\"item\":\"https:\/\/agroshow.pl\/agroshow\/de\"},{\"@type\":\"ListItem\",\"position\":2,\"name\":\"\u00dcber Ausstellung\"}]},{\"@type\":\"WebSite\",\"@id\":\"https:\/\/agroshow.pl\/agroshow\/de#website\",\"url\":\"https:\/\/agroshow.pl\/agroshow\/de\",\"name\":\"AGRO SHOW\",\"description\":\"Mi\u0119dzynarodowa Wystawa Rolnicza AGRO SHOW organizowana jest przez Polsk\u0105 Izb\u0119 Gospodarcz\u0105 Maszyn i Urz\u0105dze\u0144 Rolniczych od 1999 roku. AGRO SHOW od lat postrzegane jest jako doskona\u0142e miejsce prezentacji najnowszych i najnowocze\u015bniejszych maszyn i urz\u0105dze\u0144 rolniczych.\",\"potentialAction\":[{\"@type\":\"SearchAction\",\"target\":{\"@type\":\"EntryPoint\",\"urlTemplate\":\"https:\/\/agroshow.pl\/agroshow\/de?s={search_term_string}\"},\"query-input\":{\"@type\":\"PropertyValueSpecification\",\"valueRequired\":true,\"valueName\":\"search_term_string\"}}],\"inLanguage\":\"de\"}]}<\/script>\n<!-- \/ Yoast SEO plugin. -->","yoast_head_json":{"title":"\u00dcber Ausstellung - AGRO SHOW","robots":{"index":"index","follow":"follow","max-snippet":"max-snippet:-1","max-image-preview":"max-image-preview:large","max-video-preview":"max-video-preview:-1"},"canonical":"https:\/\/agroshow.pl\/agroshow\/de\/ueber-ausstellung","og_locale":"de_DE","og_type":"article","og_title":"\u00dcber Ausstellung - AGRO SHOW","og_url":"https:\/\/agroshow.pl\/agroshow\/de\/ueber-ausstellung","og_site_name":"AGRO SHOW","article_modified_time":"2019-06-15T10:16:27+00:00","twitter_card":"summary_large_image","schema":{"@context":"https:\/\/schema.org","@graph":[{"@type":"WebPage","@id":"https:\/\/agroshow.pl\/agroshow\/de\/ueber-ausstellung","url":"https:\/\/agroshow.pl\/agroshow\/de\/ueber-ausstellung","name":"\u00dcber Ausstellung - AGRO SHOW","isPartOf":{"@id":"https:\/\/agroshow.pl\/agroshow\/de#website"},"datePublished":"2019-04-03T11:11:59+00:00","dateModified":"2019-06-15T10:16:27+00:00","breadcrumb":{"@id":"https:\/\/agroshow.pl\/agroshow\/de\/ueber-ausstellung#breadcrumb"},"inLanguage":"de","potentialAction":[{"@type":"ReadAction","target":["https:\/\/agroshow.pl\/agroshow\/de\/ueber-ausstellung"]}]},{"@type":"BreadcrumbList","@id":"https:\/\/agroshow.pl\/agroshow\/de\/ueber-ausstellung#breadcrumb","itemListElement":[{"@type":"ListItem","position":1,"name":"Strona g\u0142\u00f3wna","item":"https:\/\/agroshow.pl\/agroshow\/de"},{"@type":"ListItem","position":2,"name":"\u00dcber Ausstellung"}]},{"@type":"WebSite","@id":"https:\/\/agroshow.pl\/agroshow\/de#website","url":"https:\/\/agroshow.pl\/agroshow\/de","name":"AGRO SHOW","description":"Mi\u0119dzynarodowa Wystawa Rolnicza AGRO SHOW organizowana jest przez Polsk\u0105 Izb\u0119 Gospodarcz\u0105 Maszyn i Urz\u0105dze\u0144 Rolniczych od 1999 roku. AGRO SHOW od lat postrzegane jest jako doskona\u0142e miejsce prezentacji najnowszych i najnowocze\u015bniejszych maszyn i urz\u0105dze\u0144 rolniczych.","potentialAction":[{"@type":"SearchAction","target":{"@type":"EntryPoint","urlTemplate":"https:\/\/agroshow.pl\/agroshow\/de?s={search_term_string}"},"query-input":{"@type":"PropertyValueSpecification","valueRequired":true,"valueName":"search_term_string"}}],"inLanguage":"de"}]}},"_links":{"self":[{"href":"https:\/\/agroshow.pl\/agroshow\/de\/wp-json\/wp\/v2\/pages\/2758","targetHints":{"allow":["GET"]}}],"collection":[{"href":"https:\/\/agroshow.pl\/agroshow\/de\/wp-json\/wp\/v2\/pages"}],"about":[{"href":"https:\/\/agroshow.pl\/agroshow\/de\/wp-json\/wp\/v2\/types\/page"}],"author":[{"embeddable":true,"href":"https:\/\/agroshow.pl\/agroshow\/de\/wp-json\/wp\/v2\/users\/2"}],"replies":[{"embeddable":true,"href":"https:\/\/agroshow.pl\/agroshow\/de\/wp-json\/wp\/v2\/comments?post=2758"}],"version-history":[{"count":2,"href":"https:\/\/agroshow.pl\/agroshow\/de\/wp-json\/wp\/v2\/pages\/2758\/revisions"}],"predecessor-version":[{"id":2789,"href":"https:\/\/agroshow.pl\/agroshow\/de\/wp-json\/wp\/v2\/pages\/2758\/revisions\/2789"}],"wp:attachment":[{"href":"https:\/\/agroshow.pl\/agroshow\/de\/wp-json\/wp\/v2\/media?parent=2758"}],"curies":[{"name":"wp","href":"https:\/\/api.w.org\/{rel}","templated":true}]}}