{"id":93,"date":"2019-04-03T13:12:28","date_gmt":"2019-04-03T11:12:28","guid":{"rendered":"http:\/\/agroshow.getid.com.pl\/?page_id=93"},"modified":"2025-10-27T15:27:56","modified_gmt":"2025-10-27T14:27:56","slug":"regulamin-wystawy","status":"publish","type":"page","link":"http:\/\/agroshow.pl\/agroshow\/dla-zwiedzajacych\/regulamin-wystawy","title":{"rendered":"Regulamin wystawy"},"content":{"rendered":"\n<p>Regulamin wystawy dost\u0119pny b\u0119dzie wkr\u00f3tce.<\/p>\n","protected":false},"excerpt":{"rendered":"<p>Regulamin wystawy dost\u0119pny b\u0119dzie wkr\u00f3tce.<\/p>\n","protected":false},"author":2,"featured_media":0,"parent":119,"menu_order":0,"comment_status":"closed","ping_status":"closed","template":"","meta":{"inline_featured_image":false,"footnotes":""},"class_list":["post-93","page","type-page","status-publish","hentry"],"acf":[],"yoast_head":"<!-- This site is optimized with the Yoast SEO plugin v26.2 - https:\/\/yoast.com\/wordpress\/plugins\/seo\/ -->\n<title>Regulamin wystawy - AGRO SHOW<\/title>\n<meta name=\"robots\" content=\"index, follow, max-snippet:-1, max-image-preview:large, max-video-preview:-1\" \/>\n<link rel=\"canonical\" href=\"http:\/\/agroshow.pl\/agroshow\/dla-zwiedzajacych\/regulamin-wystawy\" \/>\n<meta property=\"og:locale\" content=\"pl_PL\" \/>\n<meta property=\"og:type\" content=\"article\" \/>\n<meta property=\"og:title\" content=\"Regulamin wystawy - AGRO SHOW\" \/>\n<meta property=\"og:description\" content=\"Regulamin wystawy dost\u0119pny b\u0119dzie wkr\u00f3tce.\" \/>\n<meta property=\"og:url\" content=\"http:\/\/agroshow.pl\/agroshow\/dla-zwiedzajacych\/regulamin-wystawy\" \/>\n<meta property=\"og:site_name\" content=\"AGRO SHOW\" \/>\n<meta property=\"article:modified_time\" content=\"2025-10-27T14:27:56+00:00\" \/>\n<meta name=\"twitter:card\" content=\"summary_large_image\" \/>\n<meta name=\"twitter:label1\" content=\"Szacowany czas czytania\" \/>\n\t<meta name=\"twitter:data1\" content=\"1 minuta\" \/>\n<script type=\"application\/ld+json\" class=\"yoast-schema-graph\">{\"@context\":\"https:\/\/schema.org\",\"@graph\":[{\"@type\":\"WebPage\",\"@id\":\"http:\/\/agroshow.pl\/agroshow\/dla-zwiedzajacych\/regulamin-wystawy\",\"url\":\"http:\/\/agroshow.pl\/agroshow\/dla-zwiedzajacych\/regulamin-wystawy\",\"name\":\"Regulamin wystawy - AGRO SHOW\",\"isPartOf\":{\"@id\":\"https:\/\/agroshow.pl\/agroshow#website\"},\"datePublished\":\"2019-04-03T11:12:28+00:00\",\"dateModified\":\"2025-10-27T14:27:56+00:00\",\"breadcrumb\":{\"@id\":\"http:\/\/agroshow.pl\/agroshow\/dla-zwiedzajacych\/regulamin-wystawy#breadcrumb\"},\"inLanguage\":\"pl-PL\",\"potentialAction\":[{\"@type\":\"ReadAction\",\"target\":[\"http:\/\/agroshow.pl\/agroshow\/dla-zwiedzajacych\/regulamin-wystawy\"]}]},{\"@type\":\"BreadcrumbList\",\"@id\":\"http:\/\/agroshow.pl\/agroshow\/dla-zwiedzajacych\/regulamin-wystawy#breadcrumb\",\"itemListElement\":[{\"@type\":\"ListItem\",\"position\":1,\"name\":\"Strona g\u0142\u00f3wna\",\"item\":\"https:\/\/agroshow.pl\/agroshow\"},{\"@type\":\"ListItem\",\"position\":2,\"name\":\"Dla zwiedzaj\u0105cych\",\"item\":\"https:\/\/agroshow.pl\/agroshow\/dla-zwiedzajacych\"},{\"@type\":\"ListItem\",\"position\":3,\"name\":\"Regulamin wystawy\"}]},{\"@type\":\"WebSite\",\"@id\":\"https:\/\/agroshow.pl\/agroshow#website\",\"url\":\"https:\/\/agroshow.pl\/agroshow\",\"name\":\"AGRO SHOW\",\"description\":\"Mi\u0119dzynarodowa Wystawa Rolnicza AGRO SHOW organizowana jest przez Polsk\u0105 Izb\u0119 Gospodarcz\u0105 Maszyn i Urz\u0105dze\u0144 Rolniczych od 1999 roku. AGRO SHOW od lat postrzegane jest jako doskona\u0142e miejsce prezentacji najnowszych i najnowocze\u015bniejszych maszyn i urz\u0105dze\u0144 rolniczych.\",\"potentialAction\":[{\"@type\":\"SearchAction\",\"target\":{\"@type\":\"EntryPoint\",\"urlTemplate\":\"https:\/\/agroshow.pl\/agroshow?s={search_term_string}\"},\"query-input\":{\"@type\":\"PropertyValueSpecification\",\"valueRequired\":true,\"valueName\":\"search_term_string\"}}],\"inLanguage\":\"pl-PL\"}]}<\/script>\n<!-- \/ Yoast SEO plugin. -->","yoast_head_json":{"title":"Regulamin wystawy - AGRO SHOW","robots":{"index":"index","follow":"follow","max-snippet":"max-snippet:-1","max-image-preview":"max-image-preview:large","max-video-preview":"max-video-preview:-1"},"canonical":"http:\/\/agroshow.pl\/agroshow\/dla-zwiedzajacych\/regulamin-wystawy","og_locale":"pl_PL","og_type":"article","og_title":"Regulamin wystawy - AGRO SHOW","og_description":"Regulamin wystawy dost\u0119pny b\u0119dzie wkr\u00f3tce.","og_url":"http:\/\/agroshow.pl\/agroshow\/dla-zwiedzajacych\/regulamin-wystawy","og_site_name":"AGRO SHOW","article_modified_time":"2025-10-27T14:27:56+00:00","twitter_card":"summary_large_image","twitter_misc":{"Szacowany czas czytania":"1 minuta"},"schema":{"@context":"https:\/\/schema.org","@graph":[{"@type":"WebPage","@id":"http:\/\/agroshow.pl\/agroshow\/dla-zwiedzajacych\/regulamin-wystawy","url":"http:\/\/agroshow.pl\/agroshow\/dla-zwiedzajacych\/regulamin-wystawy","name":"Regulamin wystawy - AGRO SHOW","isPartOf":{"@id":"https:\/\/agroshow.pl\/agroshow#website"},"datePublished":"2019-04-03T11:12:28+00:00","dateModified":"2025-10-27T14:27:56+00:00","breadcrumb":{"@id":"http:\/\/agroshow.pl\/agroshow\/dla-zwiedzajacych\/regulamin-wystawy#breadcrumb"},"inLanguage":"pl-PL","potentialAction":[{"@type":"ReadAction","target":["http:\/\/agroshow.pl\/agroshow\/dla-zwiedzajacych\/regulamin-wystawy"]}]},{"@type":"BreadcrumbList","@id":"http:\/\/agroshow.pl\/agroshow\/dla-zwiedzajacych\/regulamin-wystawy#breadcrumb","itemListElement":[{"@type":"ListItem","position":1,"name":"Strona g\u0142\u00f3wna","item":"https:\/\/agroshow.pl\/agroshow"},{"@type":"ListItem","position":2,"name":"Dla zwiedzaj\u0105cych","item":"https:\/\/agroshow.pl\/agroshow\/dla-zwiedzajacych"},{"@type":"ListItem","position":3,"name":"Regulamin wystawy"}]},{"@type":"WebSite","@id":"https:\/\/agroshow.pl\/agroshow#website","url":"https:\/\/agroshow.pl\/agroshow","name":"AGRO SHOW","description":"Mi\u0119dzynarodowa Wystawa Rolnicza AGRO SHOW organizowana jest przez Polsk\u0105 Izb\u0119 Gospodarcz\u0105 Maszyn i Urz\u0105dze\u0144 Rolniczych od 1999 roku. AGRO SHOW od lat postrzegane jest jako doskona\u0142e miejsce prezentacji najnowszych i najnowocze\u015bniejszych maszyn i urz\u0105dze\u0144 rolniczych.","potentialAction":[{"@type":"SearchAction","target":{"@type":"EntryPoint","urlTemplate":"https:\/\/agroshow.pl\/agroshow?s={search_term_string}"},"query-input":{"@type":"PropertyValueSpecification","valueRequired":true,"valueName":"search_term_string"}}],"inLanguage":"pl-PL"}]}},"_links":{"self":[{"href":"http:\/\/agroshow.pl\/agroshow\/wp-json\/wp\/v2\/pages\/93","targetHints":{"allow":["GET"]}}],"collection":[{"href":"http:\/\/agroshow.pl\/agroshow\/wp-json\/wp\/v2\/pages"}],"about":[{"href":"http:\/\/agroshow.pl\/agroshow\/wp-json\/wp\/v2\/types\/page"}],"author":[{"embeddable":true,"href":"http:\/\/agroshow.pl\/agroshow\/wp-json\/wp\/v2\/users\/2"}],"replies":[{"embeddable":true,"href":"http:\/\/agroshow.pl\/agroshow\/wp-json\/wp\/v2\/comments?post=93"}],"version-history":[{"count":23,"href":"http:\/\/agroshow.pl\/agroshow\/wp-json\/wp\/v2\/pages\/93\/revisions"}],"predecessor-version":[{"id":15853,"href":"http:\/\/agroshow.pl\/agroshow\/wp-json\/wp\/v2\/pages\/93\/revisions\/15853"}],"up":[{"embeddable":true,"href":"http:\/\/agroshow.pl\/agroshow\/wp-json\/wp\/v2\/pages\/119"}],"wp:attachment":[{"href":"http:\/\/agroshow.pl\/agroshow\/wp-json\/wp\/v2\/media?parent=93"}],"curies":[{"name":"wp","href":"https:\/\/api.w.org\/{rel}","templated":true}]}}