{"id":82,"date":"2019-04-03T13:10:17","date_gmt":"2019-04-03T11:10:17","guid":{"rendered":"http:\/\/agroshow.getid.com.pl\/?page_id=82"},"modified":"2026-02-19T12:00:45","modified_gmt":"2026-02-19T11:00:45","slug":"program-wydarzen","status":"publish","type":"page","link":"http:\/\/agroshow.pl\/agroshow\/dla-wystawcow\/program-wydarzen","title":{"rendered":"Program wydarze\u0144 AGRO SHOW 2026"},"content":{"rendered":"\n<h3 class=\"wp-block-heading\">Program wydarze\u0144 XXVII mi\u0119dzynarodowej wystawy rolniczej AGRO SHOW 2026 dost\u0119pny ju\u017c wkr\u00f3tce!<\/h3>\n\n\n\n<p>Organizator zastrzega sobie prawo do zmian w programie, w tym odwo\u0142ania pokaz\u00f3w ze wzgl\u0119du na warunki atmosferyczne.<\/p>\n\n\n\n<p><\/p>\n","protected":false},"excerpt":{"rendered":"<p>Program wydarze\u0144 XXVII mi\u0119dzynarodowej wystawy rolniczej AGRO SHOW 2026 dost\u0119pny ju\u017c wkr\u00f3tce! Organizator zastrzega sobie prawo do zmian w programie, w tym odwo\u0142ania pokaz\u00f3w ze wzgl\u0119du na warunki atmosferyczne.<\/p>\n","protected":false},"author":2,"featured_media":0,"parent":115,"menu_order":0,"comment_status":"closed","ping_status":"closed","template":"program.php","meta":{"inline_featured_image":false,"footnotes":""},"class_list":["post-82","page","type-page","status-publish","hentry"],"acf":[],"yoast_head":"<!-- This site is optimized with the Yoast SEO plugin v26.2 - https:\/\/yoast.com\/wordpress\/plugins\/seo\/ -->\n<title>Program wydarze\u0144 AGRO SHOW 2026 - AGRO SHOW<\/title>\n<meta name=\"robots\" content=\"index, follow, max-snippet:-1, max-image-preview:large, max-video-preview:-1\" \/>\n<link rel=\"canonical\" href=\"http:\/\/agroshow.pl\/agroshow\/dla-wystawcow\/program-wydarzen\" \/>\n<meta property=\"og:locale\" content=\"pl_PL\" \/>\n<meta property=\"og:type\" content=\"article\" \/>\n<meta property=\"og:title\" content=\"Program wydarze\u0144 AGRO SHOW 2026 - AGRO SHOW\" \/>\n<meta property=\"og:description\" content=\"Program wydarze\u0144 XXVII mi\u0119dzynarodowej wystawy rolniczej AGRO SHOW 2026 dost\u0119pny ju\u017c wkr\u00f3tce! Organizator zastrzega sobie prawo do zmian w programie, w tym odwo\u0142ania pokaz\u00f3w ze wzgl\u0119du na warunki atmosferyczne.\" \/>\n<meta property=\"og:url\" content=\"http:\/\/agroshow.pl\/agroshow\/dla-wystawcow\/program-wydarzen\" \/>\n<meta property=\"og:site_name\" content=\"AGRO SHOW\" \/>\n<meta property=\"article:modified_time\" content=\"2026-02-19T11:00:45+00:00\" \/>\n<meta name=\"twitter:card\" content=\"summary_large_image\" \/>\n<meta name=\"twitter:label1\" content=\"Szacowany czas czytania\" \/>\n\t<meta name=\"twitter:data1\" content=\"1 minuta\" \/>\n<script type=\"application\/ld+json\" class=\"yoast-schema-graph\">{\"@context\":\"https:\/\/schema.org\",\"@graph\":[{\"@type\":\"WebPage\",\"@id\":\"http:\/\/agroshow.pl\/agroshow\/dla-wystawcow\/program-wydarzen\",\"url\":\"http:\/\/agroshow.pl\/agroshow\/dla-wystawcow\/program-wydarzen\",\"name\":\"Program wydarze\u0144 AGRO SHOW 2026 - AGRO SHOW\",\"isPartOf\":{\"@id\":\"https:\/\/agroshow.pl\/agroshow#website\"},\"datePublished\":\"2019-04-03T11:10:17+00:00\",\"dateModified\":\"2026-02-19T11:00:45+00:00\",\"breadcrumb\":{\"@id\":\"http:\/\/agroshow.pl\/agroshow\/dla-wystawcow\/program-wydarzen#breadcrumb\"},\"inLanguage\":\"pl-PL\",\"potentialAction\":[{\"@type\":\"ReadAction\",\"target\":[\"http:\/\/agroshow.pl\/agroshow\/dla-wystawcow\/program-wydarzen\"]}]},{\"@type\":\"BreadcrumbList\",\"@id\":\"http:\/\/agroshow.pl\/agroshow\/dla-wystawcow\/program-wydarzen#breadcrumb\",\"itemListElement\":[{\"@type\":\"ListItem\",\"position\":1,\"name\":\"Strona g\u0142\u00f3wna\",\"item\":\"https:\/\/agroshow.pl\/agroshow\"},{\"@type\":\"ListItem\",\"position\":2,\"name\":\"Dla wystawc\u00f3w\",\"item\":\"https:\/\/agroshow.pl\/agroshow\/dla-wystawcow\"},{\"@type\":\"ListItem\",\"position\":3,\"name\":\"Program wydarze\u0144 AGRO SHOW 2026\"}]},{\"@type\":\"WebSite\",\"@id\":\"https:\/\/agroshow.pl\/agroshow#website\",\"url\":\"https:\/\/agroshow.pl\/agroshow\",\"name\":\"AGRO SHOW\",\"description\":\"Mi\u0119dzynarodowa Wystawa Rolnicza AGRO SHOW organizowana jest przez Polsk\u0105 Izb\u0119 Gospodarcz\u0105 Maszyn i Urz\u0105dze\u0144 Rolniczych od 1999 roku. AGRO SHOW od lat postrzegane jest jako doskona\u0142e miejsce prezentacji najnowszych i najnowocze\u015bniejszych maszyn i urz\u0105dze\u0144 rolniczych.\",\"potentialAction\":[{\"@type\":\"SearchAction\",\"target\":{\"@type\":\"EntryPoint\",\"urlTemplate\":\"https:\/\/agroshow.pl\/agroshow?s={search_term_string}\"},\"query-input\":{\"@type\":\"PropertyValueSpecification\",\"valueRequired\":true,\"valueName\":\"search_term_string\"}}],\"inLanguage\":\"pl-PL\"}]}<\/script>\n<!-- \/ Yoast SEO plugin. -->","yoast_head_json":{"title":"Program wydarze\u0144 AGRO SHOW 2026 - AGRO SHOW","robots":{"index":"index","follow":"follow","max-snippet":"max-snippet:-1","max-image-preview":"max-image-preview:large","max-video-preview":"max-video-preview:-1"},"canonical":"http:\/\/agroshow.pl\/agroshow\/dla-wystawcow\/program-wydarzen","og_locale":"pl_PL","og_type":"article","og_title":"Program wydarze\u0144 AGRO SHOW 2026 - AGRO SHOW","og_description":"Program wydarze\u0144 XXVII mi\u0119dzynarodowej wystawy rolniczej AGRO SHOW 2026 dost\u0119pny ju\u017c wkr\u00f3tce! Organizator zastrzega sobie prawo do zmian w programie, w tym odwo\u0142ania pokaz\u00f3w ze wzgl\u0119du na warunki atmosferyczne.","og_url":"http:\/\/agroshow.pl\/agroshow\/dla-wystawcow\/program-wydarzen","og_site_name":"AGRO SHOW","article_modified_time":"2026-02-19T11:00:45+00:00","twitter_card":"summary_large_image","twitter_misc":{"Szacowany czas czytania":"1 minuta"},"schema":{"@context":"https:\/\/schema.org","@graph":[{"@type":"WebPage","@id":"http:\/\/agroshow.pl\/agroshow\/dla-wystawcow\/program-wydarzen","url":"http:\/\/agroshow.pl\/agroshow\/dla-wystawcow\/program-wydarzen","name":"Program wydarze\u0144 AGRO SHOW 2026 - AGRO SHOW","isPartOf":{"@id":"https:\/\/agroshow.pl\/agroshow#website"},"datePublished":"2019-04-03T11:10:17+00:00","dateModified":"2026-02-19T11:00:45+00:00","breadcrumb":{"@id":"http:\/\/agroshow.pl\/agroshow\/dla-wystawcow\/program-wydarzen#breadcrumb"},"inLanguage":"pl-PL","potentialAction":[{"@type":"ReadAction","target":["http:\/\/agroshow.pl\/agroshow\/dla-wystawcow\/program-wydarzen"]}]},{"@type":"BreadcrumbList","@id":"http:\/\/agroshow.pl\/agroshow\/dla-wystawcow\/program-wydarzen#breadcrumb","itemListElement":[{"@type":"ListItem","position":1,"name":"Strona g\u0142\u00f3wna","item":"https:\/\/agroshow.pl\/agroshow"},{"@type":"ListItem","position":2,"name":"Dla wystawc\u00f3w","item":"https:\/\/agroshow.pl\/agroshow\/dla-wystawcow"},{"@type":"ListItem","position":3,"name":"Program wydarze\u0144 AGRO SHOW 2026"}]},{"@type":"WebSite","@id":"https:\/\/agroshow.pl\/agroshow#website","url":"https:\/\/agroshow.pl\/agroshow","name":"AGRO SHOW","description":"Mi\u0119dzynarodowa Wystawa Rolnicza AGRO SHOW organizowana jest przez Polsk\u0105 Izb\u0119 Gospodarcz\u0105 Maszyn i Urz\u0105dze\u0144 Rolniczych od 1999 roku. AGRO SHOW od lat postrzegane jest jako doskona\u0142e miejsce prezentacji najnowszych i najnowocze\u015bniejszych maszyn i urz\u0105dze\u0144 rolniczych.","potentialAction":[{"@type":"SearchAction","target":{"@type":"EntryPoint","urlTemplate":"https:\/\/agroshow.pl\/agroshow?s={search_term_string}"},"query-input":{"@type":"PropertyValueSpecification","valueRequired":true,"valueName":"search_term_string"}}],"inLanguage":"pl-PL"}]}},"_links":{"self":[{"href":"http:\/\/agroshow.pl\/agroshow\/wp-json\/wp\/v2\/pages\/82","targetHints":{"allow":["GET"]}}],"collection":[{"href":"http:\/\/agroshow.pl\/agroshow\/wp-json\/wp\/v2\/pages"}],"about":[{"href":"http:\/\/agroshow.pl\/agroshow\/wp-json\/wp\/v2\/types\/page"}],"author":[{"embeddable":true,"href":"http:\/\/agroshow.pl\/agroshow\/wp-json\/wp\/v2\/users\/2"}],"replies":[{"embeddable":true,"href":"http:\/\/agroshow.pl\/agroshow\/wp-json\/wp\/v2\/comments?post=82"}],"version-history":[{"count":18,"href":"http:\/\/agroshow.pl\/agroshow\/wp-json\/wp\/v2\/pages\/82\/revisions"}],"predecessor-version":[{"id":16009,"href":"http:\/\/agroshow.pl\/agroshow\/wp-json\/wp\/v2\/pages\/82\/revisions\/16009"}],"up":[{"embeddable":true,"href":"http:\/\/agroshow.pl\/agroshow\/wp-json\/wp\/v2\/pages\/115"}],"wp:attachment":[{"href":"http:\/\/agroshow.pl\/agroshow\/wp-json\/wp\/v2\/media?parent=82"}],"curies":[{"name":"wp","href":"https:\/\/api.w.org\/{rel}","templated":true}]}}