{"id":7859,"date":"2021-09-07T11:47:03","date_gmt":"2021-09-07T09:47:03","guid":{"rendered":"https:\/\/agroshow.pl\/agroshow\/?page_id=7859"},"modified":"2025-10-27T15:22:35","modified_gmt":"2025-10-27T14:22:35","slug":"covid-19","status":"publish","type":"page","link":"http:\/\/agroshow.pl\/agroshow\/dla-zwiedzajacych\/covid-19","title":{"rendered":"COVID-19"},"content":{"rendered":"\n<p>Zach\u0119camy do zapoznania si\u0119 z najcz\u0119\u015bciej zadawanymi pytaniami dotycz\u0105cymi zachowania bezpiecze\u0144stwa, w zwi\u0105zku z pandemi\u0105 COVID-19 podczas wystawy AGRO SHOW 2021<\/p>\n\n\n\n<a target=\"_blank\" href=\"http:\/\/agroshow.pl\/agroshow\/wp-content\/uploads\/2021\/09\/COVID-pytania-i-odpowiedzi-na-www.pdf\" class=\"file\"><span>Najcz\u0119\u015bciej zadawane pytania zwi\u0105zane z epidemi\u0105 COVID-19<\/span><\/a>\n","protected":false},"excerpt":{"rendered":"<p>Zach\u0119camy do zapoznania si\u0119 z najcz\u0119\u015bciej zadawanymi pytaniami dotycz\u0105cymi zachowania bezpiecze\u0144stwa, w zwi\u0105zku z pandemi\u0105 COVID-19 podczas wystawy AGRO SHOW 2021<\/p>\n","protected":false},"author":5,"featured_media":0,"parent":119,"menu_order":0,"comment_status":"closed","ping_status":"closed","template":"","meta":{"inline_featured_image":false,"footnotes":""},"class_list":["post-7859","page","type-page","status-publish","hentry"],"acf":[],"yoast_head":"<!-- This site is optimized with the Yoast SEO plugin v26.2 - https:\/\/yoast.com\/wordpress\/plugins\/seo\/ -->\n<title>COVID-19 - AGRO SHOW<\/title>\n<meta name=\"robots\" content=\"index, follow, max-snippet:-1, max-image-preview:large, max-video-preview:-1\" \/>\n<link rel=\"canonical\" href=\"http:\/\/agroshow.pl\/agroshow\/dla-zwiedzajacych\/covid-19\" \/>\n<meta property=\"og:locale\" content=\"pl_PL\" \/>\n<meta property=\"og:type\" content=\"article\" \/>\n<meta property=\"og:title\" content=\"COVID-19 - AGRO SHOW\" \/>\n<meta property=\"og:description\" content=\"Zach\u0119camy do zapoznania si\u0119 z najcz\u0119\u015bciej zadawanymi pytaniami dotycz\u0105cymi zachowania bezpiecze\u0144stwa, w zwi\u0105zku z pandemi\u0105 COVID-19 podczas wystawy AGRO SHOW 2021\" \/>\n<meta property=\"og:url\" content=\"http:\/\/agroshow.pl\/agroshow\/dla-zwiedzajacych\/covid-19\" \/>\n<meta property=\"og:site_name\" content=\"AGRO SHOW\" \/>\n<meta property=\"article:modified_time\" content=\"2025-10-27T14:22:35+00:00\" \/>\n<meta name=\"twitter:card\" content=\"summary_large_image\" \/>\n<meta name=\"twitter:label1\" content=\"Szacowany czas czytania\" \/>\n\t<meta name=\"twitter:data1\" content=\"1 minuta\" \/>\n<script type=\"application\/ld+json\" class=\"yoast-schema-graph\">{\"@context\":\"https:\/\/schema.org\",\"@graph\":[{\"@type\":\"WebPage\",\"@id\":\"http:\/\/agroshow.pl\/agroshow\/dla-zwiedzajacych\/covid-19\",\"url\":\"http:\/\/agroshow.pl\/agroshow\/dla-zwiedzajacych\/covid-19\",\"name\":\"COVID-19 - AGRO SHOW\",\"isPartOf\":{\"@id\":\"http:\/\/agroshow.pl\/agroshow#website\"},\"datePublished\":\"2021-09-07T09:47:03+00:00\",\"dateModified\":\"2025-10-27T14:22:35+00:00\",\"breadcrumb\":{\"@id\":\"http:\/\/agroshow.pl\/agroshow\/dla-zwiedzajacych\/covid-19#breadcrumb\"},\"inLanguage\":\"pl-PL\",\"potentialAction\":[{\"@type\":\"ReadAction\",\"target\":[\"http:\/\/agroshow.pl\/agroshow\/dla-zwiedzajacych\/covid-19\"]}]},{\"@type\":\"BreadcrumbList\",\"@id\":\"http:\/\/agroshow.pl\/agroshow\/dla-zwiedzajacych\/covid-19#breadcrumb\",\"itemListElement\":[{\"@type\":\"ListItem\",\"position\":1,\"name\":\"Strona g\u0142\u00f3wna\",\"item\":\"https:\/\/agroshow.pl\/agroshow\"},{\"@type\":\"ListItem\",\"position\":2,\"name\":\"Dla zwiedzaj\u0105cych\",\"item\":\"https:\/\/agroshow.pl\/agroshow\/dla-zwiedzajacych\"},{\"@type\":\"ListItem\",\"position\":3,\"name\":\"COVID-19\"}]},{\"@type\":\"WebSite\",\"@id\":\"http:\/\/agroshow.pl\/agroshow#website\",\"url\":\"http:\/\/agroshow.pl\/agroshow\",\"name\":\"AGRO SHOW\",\"description\":\"Mi\u0119dzynarodowa Wystawa Rolnicza AGRO SHOW organizowana jest przez Polsk\u0105 Izb\u0119 Gospodarcz\u0105 Maszyn i Urz\u0105dze\u0144 Rolniczych od 1999 roku. AGRO SHOW od lat postrzegane jest jako doskona\u0142e miejsce prezentacji najnowszych i najnowocze\u015bniejszych maszyn i urz\u0105dze\u0144 rolniczych.\",\"potentialAction\":[{\"@type\":\"SearchAction\",\"target\":{\"@type\":\"EntryPoint\",\"urlTemplate\":\"http:\/\/agroshow.pl\/agroshow?s={search_term_string}\"},\"query-input\":{\"@type\":\"PropertyValueSpecification\",\"valueRequired\":true,\"valueName\":\"search_term_string\"}}],\"inLanguage\":\"pl-PL\"}]}<\/script>\n<!-- \/ Yoast SEO plugin. -->","yoast_head_json":{"title":"COVID-19 - AGRO SHOW","robots":{"index":"index","follow":"follow","max-snippet":"max-snippet:-1","max-image-preview":"max-image-preview:large","max-video-preview":"max-video-preview:-1"},"canonical":"http:\/\/agroshow.pl\/agroshow\/dla-zwiedzajacych\/covid-19","og_locale":"pl_PL","og_type":"article","og_title":"COVID-19 - AGRO SHOW","og_description":"Zach\u0119camy do zapoznania si\u0119 z najcz\u0119\u015bciej zadawanymi pytaniami dotycz\u0105cymi zachowania bezpiecze\u0144stwa, w zwi\u0105zku z pandemi\u0105 COVID-19 podczas wystawy AGRO SHOW 2021","og_url":"http:\/\/agroshow.pl\/agroshow\/dla-zwiedzajacych\/covid-19","og_site_name":"AGRO SHOW","article_modified_time":"2025-10-27T14:22:35+00:00","twitter_card":"summary_large_image","twitter_misc":{"Szacowany czas czytania":"1 minuta"},"schema":{"@context":"https:\/\/schema.org","@graph":[{"@type":"WebPage","@id":"http:\/\/agroshow.pl\/agroshow\/dla-zwiedzajacych\/covid-19","url":"http:\/\/agroshow.pl\/agroshow\/dla-zwiedzajacych\/covid-19","name":"COVID-19 - AGRO SHOW","isPartOf":{"@id":"http:\/\/agroshow.pl\/agroshow#website"},"datePublished":"2021-09-07T09:47:03+00:00","dateModified":"2025-10-27T14:22:35+00:00","breadcrumb":{"@id":"http:\/\/agroshow.pl\/agroshow\/dla-zwiedzajacych\/covid-19#breadcrumb"},"inLanguage":"pl-PL","potentialAction":[{"@type":"ReadAction","target":["http:\/\/agroshow.pl\/agroshow\/dla-zwiedzajacych\/covid-19"]}]},{"@type":"BreadcrumbList","@id":"http:\/\/agroshow.pl\/agroshow\/dla-zwiedzajacych\/covid-19#breadcrumb","itemListElement":[{"@type":"ListItem","position":1,"name":"Strona g\u0142\u00f3wna","item":"https:\/\/agroshow.pl\/agroshow"},{"@type":"ListItem","position":2,"name":"Dla zwiedzaj\u0105cych","item":"https:\/\/agroshow.pl\/agroshow\/dla-zwiedzajacych"},{"@type":"ListItem","position":3,"name":"COVID-19"}]},{"@type":"WebSite","@id":"http:\/\/agroshow.pl\/agroshow#website","url":"http:\/\/agroshow.pl\/agroshow","name":"AGRO SHOW","description":"Mi\u0119dzynarodowa Wystawa Rolnicza AGRO SHOW organizowana jest przez Polsk\u0105 Izb\u0119 Gospodarcz\u0105 Maszyn i Urz\u0105dze\u0144 Rolniczych od 1999 roku. AGRO SHOW od lat postrzegane jest jako doskona\u0142e miejsce prezentacji najnowszych i najnowocze\u015bniejszych maszyn i urz\u0105dze\u0144 rolniczych.","potentialAction":[{"@type":"SearchAction","target":{"@type":"EntryPoint","urlTemplate":"http:\/\/agroshow.pl\/agroshow?s={search_term_string}"},"query-input":{"@type":"PropertyValueSpecification","valueRequired":true,"valueName":"search_term_string"}}],"inLanguage":"pl-PL"}]}},"_links":{"self":[{"href":"http:\/\/agroshow.pl\/agroshow\/wp-json\/wp\/v2\/pages\/7859","targetHints":{"allow":["GET"]}}],"collection":[{"href":"http:\/\/agroshow.pl\/agroshow\/wp-json\/wp\/v2\/pages"}],"about":[{"href":"http:\/\/agroshow.pl\/agroshow\/wp-json\/wp\/v2\/types\/page"}],"author":[{"embeddable":true,"href":"http:\/\/agroshow.pl\/agroshow\/wp-json\/wp\/v2\/users\/5"}],"replies":[{"embeddable":true,"href":"http:\/\/agroshow.pl\/agroshow\/wp-json\/wp\/v2\/comments?post=7859"}],"version-history":[{"count":3,"href":"http:\/\/agroshow.pl\/agroshow\/wp-json\/wp\/v2\/pages\/7859\/revisions"}],"predecessor-version":[{"id":15844,"href":"http:\/\/agroshow.pl\/agroshow\/wp-json\/wp\/v2\/pages\/7859\/revisions\/15844"}],"up":[{"embeddable":true,"href":"http:\/\/agroshow.pl\/agroshow\/wp-json\/wp\/v2\/pages\/119"}],"wp:attachment":[{"href":"http:\/\/agroshow.pl\/agroshow\/wp-json\/wp\/v2\/media?parent=7859"}],"curies":[{"name":"wp","href":"https:\/\/api.w.org\/{rel}","templated":true}]}}