{"id":2008,"date":"2019-05-28T13:39:02","date_gmt":"2019-05-28T11:39:02","guid":{"rendered":"https:\/\/www.agroshow.eu\/agroshow\/?page_id=2008"},"modified":"2020-06-25T10:00:15","modified_gmt":"2020-06-25T08:00:15","slug":"regulamin-wystawy","status":"publish","type":"page","link":"http:\/\/agroshow.pl\/agroshow\/regulamin-wystawy","title":{"rendered":"Regulamin wystawy"},"content":{"rendered":"","protected":false},"excerpt":{"rendered":"","protected":false},"author":5,"featured_media":0,"parent":0,"menu_order":0,"comment_status":"closed","ping_status":"closed","template":"","meta":{"inline_featured_image":false,"footnotes":""},"class_list":["post-2008","page","type-page","status-publish","hentry"],"acf":[],"yoast_head":"<!-- This site is optimized with the Yoast SEO plugin v26.2 - https:\/\/yoast.com\/wordpress\/plugins\/seo\/ -->\n<title>Regulamin wystawy - AGRO SHOW<\/title>\n<meta name=\"description\" content=\"Sprawd\u017a warunki uczestniczenia w najwi\u0119kszych targach maszyn i urz\u0105dze\u0144 rolniczych w Polsce. Regulamin wystawy AGRO SHOW dost\u0119pny na stronie internetowej.\" \/>\n<meta name=\"robots\" content=\"index, follow, max-snippet:-1, max-image-preview:large, max-video-preview:-1\" \/>\n<link rel=\"canonical\" href=\"http:\/\/agroshow.pl\/agroshow\/regulamin-wystawy\" \/>\n<meta property=\"og:locale\" content=\"pl_PL\" \/>\n<meta property=\"og:type\" content=\"article\" \/>\n<meta property=\"og:title\" content=\"Regulamin wystawy - AGRO SHOW\" \/>\n<meta property=\"og:description\" content=\"Sprawd\u017a warunki uczestniczenia w najwi\u0119kszych targach maszyn i urz\u0105dze\u0144 rolniczych w Polsce. Regulamin wystawy AGRO SHOW dost\u0119pny na stronie internetowej.\" \/>\n<meta property=\"og:url\" content=\"http:\/\/agroshow.pl\/agroshow\/regulamin-wystawy\" \/>\n<meta property=\"og:site_name\" content=\"AGRO SHOW\" \/>\n<meta property=\"article:modified_time\" content=\"2020-06-25T08:00:15+00:00\" \/>\n<meta name=\"twitter:card\" content=\"summary_large_image\" \/>\n<script type=\"application\/ld+json\" class=\"yoast-schema-graph\">{\"@context\":\"https:\/\/schema.org\",\"@graph\":[{\"@type\":\"WebPage\",\"@id\":\"http:\/\/agroshow.pl\/agroshow\/regulamin-wystawy\",\"url\":\"http:\/\/agroshow.pl\/agroshow\/regulamin-wystawy\",\"name\":\"Regulamin wystawy - AGRO SHOW\",\"isPartOf\":{\"@id\":\"http:\/\/agroshow.pl\/agroshow\/#website\"},\"datePublished\":\"2019-05-28T11:39:02+00:00\",\"dateModified\":\"2020-06-25T08:00:15+00:00\",\"description\":\"Sprawd\u017a warunki uczestniczenia w najwi\u0119kszych targach maszyn i urz\u0105dze\u0144 rolniczych w Polsce. Regulamin wystawy AGRO SHOW dost\u0119pny na stronie internetowej.\",\"breadcrumb\":{\"@id\":\"http:\/\/agroshow.pl\/agroshow\/regulamin-wystawy#breadcrumb\"},\"inLanguage\":\"pl-PL\",\"potentialAction\":[{\"@type\":\"ReadAction\",\"target\":[\"http:\/\/agroshow.pl\/agroshow\/regulamin-wystawy\"]}]},{\"@type\":\"BreadcrumbList\",\"@id\":\"http:\/\/agroshow.pl\/agroshow\/regulamin-wystawy#breadcrumb\",\"itemListElement\":[{\"@type\":\"ListItem\",\"position\":1,\"name\":\"Strona g\u0142\u00f3wna\",\"item\":\"http:\/\/agroshow.pl\/agroshow\"},{\"@type\":\"ListItem\",\"position\":2,\"name\":\"Regulamin wystawy\"}]},{\"@type\":\"WebSite\",\"@id\":\"http:\/\/agroshow.pl\/agroshow\/#website\",\"url\":\"http:\/\/agroshow.pl\/agroshow\/\",\"name\":\"AGRO SHOW\",\"description\":\"Mi\u0119dzynarodowa Wystawa Rolnicza AGRO SHOW organizowana jest przez Polsk\u0105 Izb\u0119 Gospodarcz\u0105 Maszyn i Urz\u0105dze\u0144 Rolniczych od 1999 roku. AGRO SHOW od lat postrzegane jest jako doskona\u0142e miejsce prezentacji najnowszych i najnowocze\u015bniejszych maszyn i urz\u0105dze\u0144 rolniczych.\",\"potentialAction\":[{\"@type\":\"SearchAction\",\"target\":{\"@type\":\"EntryPoint\",\"urlTemplate\":\"http:\/\/agroshow.pl\/agroshow\/?s={search_term_string}\"},\"query-input\":{\"@type\":\"PropertyValueSpecification\",\"valueRequired\":true,\"valueName\":\"search_term_string\"}}],\"inLanguage\":\"pl-PL\"}]}<\/script>\n<!-- \/ Yoast SEO plugin. -->","yoast_head_json":{"title":"Regulamin wystawy - AGRO SHOW","description":"Sprawd\u017a warunki uczestniczenia w najwi\u0119kszych targach maszyn i urz\u0105dze\u0144 rolniczych w Polsce. Regulamin wystawy AGRO SHOW dost\u0119pny na stronie internetowej.","robots":{"index":"index","follow":"follow","max-snippet":"max-snippet:-1","max-image-preview":"max-image-preview:large","max-video-preview":"max-video-preview:-1"},"canonical":"http:\/\/agroshow.pl\/agroshow\/regulamin-wystawy","og_locale":"pl_PL","og_type":"article","og_title":"Regulamin wystawy - AGRO SHOW","og_description":"Sprawd\u017a warunki uczestniczenia w najwi\u0119kszych targach maszyn i urz\u0105dze\u0144 rolniczych w Polsce. Regulamin wystawy AGRO SHOW dost\u0119pny na stronie internetowej.","og_url":"http:\/\/agroshow.pl\/agroshow\/regulamin-wystawy","og_site_name":"AGRO SHOW","article_modified_time":"2020-06-25T08:00:15+00:00","twitter_card":"summary_large_image","schema":{"@context":"https:\/\/schema.org","@graph":[{"@type":"WebPage","@id":"http:\/\/agroshow.pl\/agroshow\/regulamin-wystawy","url":"http:\/\/agroshow.pl\/agroshow\/regulamin-wystawy","name":"Regulamin wystawy - AGRO SHOW","isPartOf":{"@id":"http:\/\/agroshow.pl\/agroshow\/#website"},"datePublished":"2019-05-28T11:39:02+00:00","dateModified":"2020-06-25T08:00:15+00:00","description":"Sprawd\u017a warunki uczestniczenia w najwi\u0119kszych targach maszyn i urz\u0105dze\u0144 rolniczych w Polsce. Regulamin wystawy AGRO SHOW dost\u0119pny na stronie internetowej.","breadcrumb":{"@id":"http:\/\/agroshow.pl\/agroshow\/regulamin-wystawy#breadcrumb"},"inLanguage":"pl-PL","potentialAction":[{"@type":"ReadAction","target":["http:\/\/agroshow.pl\/agroshow\/regulamin-wystawy"]}]},{"@type":"BreadcrumbList","@id":"http:\/\/agroshow.pl\/agroshow\/regulamin-wystawy#breadcrumb","itemListElement":[{"@type":"ListItem","position":1,"name":"Strona g\u0142\u00f3wna","item":"http:\/\/agroshow.pl\/agroshow"},{"@type":"ListItem","position":2,"name":"Regulamin wystawy"}]},{"@type":"WebSite","@id":"http:\/\/agroshow.pl\/agroshow\/#website","url":"http:\/\/agroshow.pl\/agroshow\/","name":"AGRO SHOW","description":"Mi\u0119dzynarodowa Wystawa Rolnicza AGRO SHOW organizowana jest przez Polsk\u0105 Izb\u0119 Gospodarcz\u0105 Maszyn i Urz\u0105dze\u0144 Rolniczych od 1999 roku. AGRO SHOW od lat postrzegane jest jako doskona\u0142e miejsce prezentacji najnowszych i najnowocze\u015bniejszych maszyn i urz\u0105dze\u0144 rolniczych.","potentialAction":[{"@type":"SearchAction","target":{"@type":"EntryPoint","urlTemplate":"http:\/\/agroshow.pl\/agroshow\/?s={search_term_string}"},"query-input":{"@type":"PropertyValueSpecification","valueRequired":true,"valueName":"search_term_string"}}],"inLanguage":"pl-PL"}]}},"_links":{"self":[{"href":"http:\/\/agroshow.pl\/agroshow\/wp-json\/wp\/v2\/pages\/2008","targetHints":{"allow":["GET"]}}],"collection":[{"href":"http:\/\/agroshow.pl\/agroshow\/wp-json\/wp\/v2\/pages"}],"about":[{"href":"http:\/\/agroshow.pl\/agroshow\/wp-json\/wp\/v2\/types\/page"}],"author":[{"embeddable":true,"href":"http:\/\/agroshow.pl\/agroshow\/wp-json\/wp\/v2\/users\/5"}],"replies":[{"embeddable":true,"href":"http:\/\/agroshow.pl\/agroshow\/wp-json\/wp\/v2\/comments?post=2008"}],"version-history":[{"count":1,"href":"http:\/\/agroshow.pl\/agroshow\/wp-json\/wp\/v2\/pages\/2008\/revisions"}],"predecessor-version":[{"id":2009,"href":"http:\/\/agroshow.pl\/agroshow\/wp-json\/wp\/v2\/pages\/2008\/revisions\/2009"}],"wp:attachment":[{"href":"http:\/\/agroshow.pl\/agroshow\/wp-json\/wp\/v2\/media?parent=2008"}],"curies":[{"name":"wp","href":"https:\/\/api.w.org\/{rel}","templated":true}]}}