{"id":10819,"date":"2023-09-07T14:13:58","date_gmt":"2023-09-07T12:13:58","guid":{"rendered":"https:\/\/agroshow.pl\/agroshow\/?page_id=10819"},"modified":"2023-09-07T14:29:24","modified_gmt":"2023-09-07T12:29:24","slug":"materialy-graficzne","status":"publish","type":"page","link":"http:\/\/agroshow.pl\/agroshow\/materialy-graficzne","title":{"rendered":"Materia\u0142y graficzne"},"content":{"rendered":"\n<p>Poni\u017cej udost\u0119pniamy materia\u0142y graficzne, kt\u00f3re mo\u017cna wykorzysta\u0107 w swojej komunikacji marketingowej przed wystaw\u0105 AGRO SHOW.<\/p>\n\n\n\n<p>Aby do za\u0142\u0105czonych materia\u0142\u00f3w cyfrowych doda\u0107 tekst (nazwy Pa\u0144stwa firmy\/ instytucji, albo numeru stoiska) zalecamy skorzystanie z serwis\u00f3w\/ oprogramowania typu Canva, Word, Microsoft Paint, albo narz\u0119dzi FB\/IG story.<\/p>\n\n\n\n<p>Nale\u017cy u\u017cy\u0107 grafiki jpg jako t\u0142a\/ zaimportowa\u0107 grafik\u0119, a nast\u0119pnie doda\u0107 wybrany tekst za pomoc\u0105 narz\u0119dzia Type Tool.<\/p>\n\n\n\n<p>Dla wygody\/ kompatybilno\u015bci udost\u0119pniamy r\u00f3wnie\u017c plik pdf, do kt\u00f3rego doda\u0107 mo\u017cecie Pa\u0144stwo tekst w Adobe Acrobat, b\u0105d\u017a innym wybranym programie do edycji pdf.<\/p>\n\n\n\n<p>Nast\u0119pnie nale\u017cy wyeksportowa\u0107 plik jako grafik\u0119 jpg i opublikowa\u0107 na wybranych serwisach internetowych.<\/p>\n\n\n<a target=\"_blank\" href=\"http:\/\/agroshow.pl\/agroshow\/wp-content\/uploads\/2023\/09\/AS2023-ZaproszenieDigital.zip\" class=\"file\"><span>Materia\u0142y graficzne AGRO SHOW<\/span><\/a>\n","protected":false},"excerpt":{"rendered":"<p>Poni\u017cej udost\u0119pniamy materia\u0142y graficzne, kt\u00f3re mo\u017cna wykorzysta\u0107 w swojej komunikacji marketingowej przed wystaw\u0105 AGRO SHOW. Aby do za\u0142\u0105czonych materia\u0142\u00f3w cyfrowych doda\u0107 tekst (nazwy Pa\u0144stwa firmy\/ instytucji, albo numeru stoiska) zalecamy skorzystanie z serwis\u00f3w\/ oprogramowania typu Canva, Word, Microsoft Paint, albo narz\u0119dzi FB\/IG story. Nale\u017cy u\u017cy\u0107 grafiki jpg jako t\u0142a\/ zaimportowa\u0107 grafik\u0119, a nast\u0119pnie doda\u0107 wybrany [&hellip;]<\/p>\n","protected":false},"author":5,"featured_media":0,"parent":0,"menu_order":0,"comment_status":"closed","ping_status":"closed","template":"","meta":{"inline_featured_image":false,"footnotes":""},"class_list":["post-10819","page","type-page","status-publish","hentry"],"acf":[],"yoast_head":"<!-- This site is optimized with the Yoast SEO plugin v26.2 - https:\/\/yoast.com\/wordpress\/plugins\/seo\/ -->\n<title>Materia\u0142y graficzne - AGRO SHOW<\/title>\n<meta name=\"robots\" content=\"index, follow, max-snippet:-1, max-image-preview:large, max-video-preview:-1\" \/>\n<link rel=\"canonical\" href=\"http:\/\/agroshow.pl\/agroshow\/materialy-graficzne\" \/>\n<meta property=\"og:locale\" content=\"pl_PL\" \/>\n<meta property=\"og:type\" content=\"article\" \/>\n<meta property=\"og:title\" content=\"Materia\u0142y graficzne - AGRO SHOW\" \/>\n<meta property=\"og:description\" content=\"Poni\u017cej udost\u0119pniamy materia\u0142y graficzne, kt\u00f3re mo\u017cna wykorzysta\u0107 w swojej komunikacji marketingowej przed wystaw\u0105 AGRO SHOW. Aby do za\u0142\u0105czonych materia\u0142\u00f3w cyfrowych doda\u0107 tekst (nazwy Pa\u0144stwa firmy\/ instytucji, albo numeru stoiska) zalecamy skorzystanie z serwis\u00f3w\/ oprogramowania typu Canva, Word, Microsoft Paint, albo narz\u0119dzi FB\/IG story. Nale\u017cy u\u017cy\u0107 grafiki jpg jako t\u0142a\/ zaimportowa\u0107 grafik\u0119, a nast\u0119pnie doda\u0107 wybrany [&hellip;]\" \/>\n<meta property=\"og:url\" content=\"http:\/\/agroshow.pl\/agroshow\/materialy-graficzne\" \/>\n<meta property=\"og:site_name\" content=\"AGRO SHOW\" \/>\n<meta property=\"article:modified_time\" content=\"2023-09-07T12:29:24+00:00\" \/>\n<meta name=\"twitter:card\" content=\"summary_large_image\" \/>\n<meta name=\"twitter:label1\" content=\"Szacowany czas czytania\" \/>\n\t<meta name=\"twitter:data1\" content=\"1 minuta\" \/>\n<script type=\"application\/ld+json\" class=\"yoast-schema-graph\">{\"@context\":\"https:\/\/schema.org\",\"@graph\":[{\"@type\":\"WebPage\",\"@id\":\"http:\/\/agroshow.pl\/agroshow\/materialy-graficzne\",\"url\":\"http:\/\/agroshow.pl\/agroshow\/materialy-graficzne\",\"name\":\"Materia\u0142y graficzne - AGRO SHOW\",\"isPartOf\":{\"@id\":\"http:\/\/agroshow.pl\/agroshow#website\"},\"datePublished\":\"2023-09-07T12:13:58+00:00\",\"dateModified\":\"2023-09-07T12:29:24+00:00\",\"breadcrumb\":{\"@id\":\"http:\/\/agroshow.pl\/agroshow\/materialy-graficzne#breadcrumb\"},\"inLanguage\":\"pl-PL\",\"potentialAction\":[{\"@type\":\"ReadAction\",\"target\":[\"http:\/\/agroshow.pl\/agroshow\/materialy-graficzne\"]}]},{\"@type\":\"BreadcrumbList\",\"@id\":\"http:\/\/agroshow.pl\/agroshow\/materialy-graficzne#breadcrumb\",\"itemListElement\":[{\"@type\":\"ListItem\",\"position\":1,\"name\":\"Strona g\u0142\u00f3wna\",\"item\":\"https:\/\/agroshow.pl\/agroshow\"},{\"@type\":\"ListItem\",\"position\":2,\"name\":\"Materia\u0142y graficzne\"}]},{\"@type\":\"WebSite\",\"@id\":\"http:\/\/agroshow.pl\/agroshow#website\",\"url\":\"http:\/\/agroshow.pl\/agroshow\",\"name\":\"AGRO SHOW\",\"description\":\"Mi\u0119dzynarodowa Wystawa Rolnicza AGRO SHOW organizowana jest przez Polsk\u0105 Izb\u0119 Gospodarcz\u0105 Maszyn i Urz\u0105dze\u0144 Rolniczych od 1999 roku. AGRO SHOW od lat postrzegane jest jako doskona\u0142e miejsce prezentacji najnowszych i najnowocze\u015bniejszych maszyn i urz\u0105dze\u0144 rolniczych.\",\"potentialAction\":[{\"@type\":\"SearchAction\",\"target\":{\"@type\":\"EntryPoint\",\"urlTemplate\":\"http:\/\/agroshow.pl\/agroshow?s={search_term_string}\"},\"query-input\":{\"@type\":\"PropertyValueSpecification\",\"valueRequired\":true,\"valueName\":\"search_term_string\"}}],\"inLanguage\":\"pl-PL\"}]}<\/script>\n<!-- \/ Yoast SEO plugin. -->","yoast_head_json":{"title":"Materia\u0142y graficzne - AGRO SHOW","robots":{"index":"index","follow":"follow","max-snippet":"max-snippet:-1","max-image-preview":"max-image-preview:large","max-video-preview":"max-video-preview:-1"},"canonical":"http:\/\/agroshow.pl\/agroshow\/materialy-graficzne","og_locale":"pl_PL","og_type":"article","og_title":"Materia\u0142y graficzne - AGRO SHOW","og_description":"Poni\u017cej udost\u0119pniamy materia\u0142y graficzne, kt\u00f3re mo\u017cna wykorzysta\u0107 w swojej komunikacji marketingowej przed wystaw\u0105 AGRO SHOW. Aby do za\u0142\u0105czonych materia\u0142\u00f3w cyfrowych doda\u0107 tekst (nazwy Pa\u0144stwa firmy\/ instytucji, albo numeru stoiska) zalecamy skorzystanie z serwis\u00f3w\/ oprogramowania typu Canva, Word, Microsoft Paint, albo narz\u0119dzi FB\/IG story. Nale\u017cy u\u017cy\u0107 grafiki jpg jako t\u0142a\/ zaimportowa\u0107 grafik\u0119, a nast\u0119pnie doda\u0107 wybrany [&hellip;]","og_url":"http:\/\/agroshow.pl\/agroshow\/materialy-graficzne","og_site_name":"AGRO SHOW","article_modified_time":"2023-09-07T12:29:24+00:00","twitter_card":"summary_large_image","twitter_misc":{"Szacowany czas czytania":"1 minuta"},"schema":{"@context":"https:\/\/schema.org","@graph":[{"@type":"WebPage","@id":"http:\/\/agroshow.pl\/agroshow\/materialy-graficzne","url":"http:\/\/agroshow.pl\/agroshow\/materialy-graficzne","name":"Materia\u0142y graficzne - AGRO SHOW","isPartOf":{"@id":"http:\/\/agroshow.pl\/agroshow#website"},"datePublished":"2023-09-07T12:13:58+00:00","dateModified":"2023-09-07T12:29:24+00:00","breadcrumb":{"@id":"http:\/\/agroshow.pl\/agroshow\/materialy-graficzne#breadcrumb"},"inLanguage":"pl-PL","potentialAction":[{"@type":"ReadAction","target":["http:\/\/agroshow.pl\/agroshow\/materialy-graficzne"]}]},{"@type":"BreadcrumbList","@id":"http:\/\/agroshow.pl\/agroshow\/materialy-graficzne#breadcrumb","itemListElement":[{"@type":"ListItem","position":1,"name":"Strona g\u0142\u00f3wna","item":"https:\/\/agroshow.pl\/agroshow"},{"@type":"ListItem","position":2,"name":"Materia\u0142y graficzne"}]},{"@type":"WebSite","@id":"http:\/\/agroshow.pl\/agroshow#website","url":"http:\/\/agroshow.pl\/agroshow","name":"AGRO SHOW","description":"Mi\u0119dzynarodowa Wystawa Rolnicza AGRO SHOW organizowana jest przez Polsk\u0105 Izb\u0119 Gospodarcz\u0105 Maszyn i Urz\u0105dze\u0144 Rolniczych od 1999 roku. AGRO SHOW od lat postrzegane jest jako doskona\u0142e miejsce prezentacji najnowszych i najnowocze\u015bniejszych maszyn i urz\u0105dze\u0144 rolniczych.","potentialAction":[{"@type":"SearchAction","target":{"@type":"EntryPoint","urlTemplate":"http:\/\/agroshow.pl\/agroshow?s={search_term_string}"},"query-input":{"@type":"PropertyValueSpecification","valueRequired":true,"valueName":"search_term_string"}}],"inLanguage":"pl-PL"}]}},"_links":{"self":[{"href":"http:\/\/agroshow.pl\/agroshow\/wp-json\/wp\/v2\/pages\/10819","targetHints":{"allow":["GET"]}}],"collection":[{"href":"http:\/\/agroshow.pl\/agroshow\/wp-json\/wp\/v2\/pages"}],"about":[{"href":"http:\/\/agroshow.pl\/agroshow\/wp-json\/wp\/v2\/types\/page"}],"author":[{"embeddable":true,"href":"http:\/\/agroshow.pl\/agroshow\/wp-json\/wp\/v2\/users\/5"}],"replies":[{"embeddable":true,"href":"http:\/\/agroshow.pl\/agroshow\/wp-json\/wp\/v2\/comments?post=10819"}],"version-history":[{"count":3,"href":"http:\/\/agroshow.pl\/agroshow\/wp-json\/wp\/v2\/pages\/10819\/revisions"}],"predecessor-version":[{"id":10831,"href":"http:\/\/agroshow.pl\/agroshow\/wp-json\/wp\/v2\/pages\/10819\/revisions\/10831"}],"wp:attachment":[{"href":"http:\/\/agroshow.pl\/agroshow\/wp-json\/wp\/v2\/media?parent=10819"}],"curies":[{"name":"wp","href":"https:\/\/api.w.org\/{rel}","templated":true}]}}