{"id":2815,"date":"2017-09-25T09:31:52","date_gmt":"2017-09-25T07:31:52","guid":{"rendered":"https:\/\/www.agroshow.eu\/agroshow\/przykladowa-strona\/"},"modified":"2019-10-23T09:58:39","modified_gmt":"2019-10-23T07:58:39","slug":"przykladowa-strona","status":"publish","type":"page","link":"http:\/\/agroshow.pl\/agroshow\/fr","title":{"rendered":"Strona g\u0142\u00f3wna"},"content":{"rendered":"","protected":false},"excerpt":{"rendered":"","protected":false},"author":2,"featured_media":0,"parent":0,"menu_order":0,"comment_status":"closed","ping_status":"open","template":"","meta":{"inline_featured_image":false,"footnotes":""},"class_list":["post-2815","page","type-page","status-publish","hentry"],"acf":[],"yoast_head":"<!-- This site is optimized with the Yoast SEO plugin v26.2 - https:\/\/yoast.com\/wordpress\/plugins\/seo\/ -->\n<title>AGRO SHOW<\/title>\n<meta name=\"robots\" content=\"index, follow, max-snippet:-1, max-image-preview:large, max-video-preview:-1\" \/>\n<link rel=\"canonical\" href=\"http:\/\/agroshow.pl\/agroshow\/fr\" \/>\n<meta property=\"og:locale\" content=\"fr_FR\" \/>\n<meta property=\"og:type\" content=\"article\" \/>\n<meta property=\"og:title\" content=\"AGRO SHOW\" \/>\n<meta property=\"og:url\" content=\"http:\/\/agroshow.pl\/agroshow\/fr\" \/>\n<meta property=\"og:site_name\" content=\"AGRO SHOW\" \/>\n<meta property=\"article:modified_time\" content=\"2019-10-23T07:58:39+00:00\" \/>\n<meta name=\"twitter:card\" content=\"summary_large_image\" \/>\n<script type=\"application\/ld+json\" class=\"yoast-schema-graph\">{\"@context\":\"https:\/\/schema.org\",\"@graph\":[{\"@type\":\"WebPage\",\"@id\":\"http:\/\/agroshow.pl\/agroshow\/fr\",\"url\":\"http:\/\/agroshow.pl\/agroshow\/fr\",\"name\":\"AGRO SHOW\",\"isPartOf\":{\"@id\":\"https:\/\/agroshow.pl\/agroshow\/fr#website\"},\"datePublished\":\"2017-09-25T07:31:52+00:00\",\"dateModified\":\"2019-10-23T07:58:39+00:00\",\"breadcrumb\":{\"@id\":\"http:\/\/agroshow.pl\/agroshow\/fr#breadcrumb\"},\"inLanguage\":\"fr-FR\",\"potentialAction\":[{\"@type\":\"ReadAction\",\"target\":[\"http:\/\/agroshow.pl\/agroshow\/fr\"]}]},{\"@type\":\"BreadcrumbList\",\"@id\":\"http:\/\/agroshow.pl\/agroshow\/fr#breadcrumb\",\"itemListElement\":[{\"@type\":\"ListItem\",\"position\":1,\"name\":\"Strona g\u0142\u00f3wna\",\"item\":\"https:\/\/agroshow.pl\/agroshow\/fr\"},{\"@type\":\"ListItem\",\"position\":2,\"name\":\"Strona g\u0142\u00f3wna\"}]},{\"@type\":\"WebSite\",\"@id\":\"https:\/\/agroshow.pl\/agroshow\/fr#website\",\"url\":\"https:\/\/agroshow.pl\/agroshow\/fr\",\"name\":\"AGRO SHOW\",\"description\":\"Mi\u0119dzynarodowa Wystawa Rolnicza AGRO SHOW organizowana jest przez Polsk\u0105 Izb\u0119 Gospodarcz\u0105 Maszyn i Urz\u0105dze\u0144 Rolniczych od 1999 roku. AGRO SHOW od lat postrzegane jest jako doskona\u0142e miejsce prezentacji najnowszych i najnowocze\u015bniejszych maszyn i urz\u0105dze\u0144 rolniczych.\",\"potentialAction\":[{\"@type\":\"SearchAction\",\"target\":{\"@type\":\"EntryPoint\",\"urlTemplate\":\"https:\/\/agroshow.pl\/agroshow\/fr?s={search_term_string}\"},\"query-input\":{\"@type\":\"PropertyValueSpecification\",\"valueRequired\":true,\"valueName\":\"search_term_string\"}}],\"inLanguage\":\"fr-FR\"}]}<\/script>\n<!-- \/ Yoast SEO plugin. -->","yoast_head_json":{"title":"AGRO SHOW","robots":{"index":"index","follow":"follow","max-snippet":"max-snippet:-1","max-image-preview":"max-image-preview:large","max-video-preview":"max-video-preview:-1"},"canonical":"http:\/\/agroshow.pl\/agroshow\/fr","og_locale":"fr_FR","og_type":"article","og_title":"AGRO SHOW","og_url":"http:\/\/agroshow.pl\/agroshow\/fr","og_site_name":"AGRO SHOW","article_modified_time":"2019-10-23T07:58:39+00:00","twitter_card":"summary_large_image","schema":{"@context":"https:\/\/schema.org","@graph":[{"@type":"WebPage","@id":"http:\/\/agroshow.pl\/agroshow\/fr","url":"http:\/\/agroshow.pl\/agroshow\/fr","name":"AGRO SHOW","isPartOf":{"@id":"https:\/\/agroshow.pl\/agroshow\/fr#website"},"datePublished":"2017-09-25T07:31:52+00:00","dateModified":"2019-10-23T07:58:39+00:00","breadcrumb":{"@id":"http:\/\/agroshow.pl\/agroshow\/fr#breadcrumb"},"inLanguage":"fr-FR","potentialAction":[{"@type":"ReadAction","target":["http:\/\/agroshow.pl\/agroshow\/fr"]}]},{"@type":"BreadcrumbList","@id":"http:\/\/agroshow.pl\/agroshow\/fr#breadcrumb","itemListElement":[{"@type":"ListItem","position":1,"name":"Strona g\u0142\u00f3wna","item":"https:\/\/agroshow.pl\/agroshow\/fr"},{"@type":"ListItem","position":2,"name":"Strona g\u0142\u00f3wna"}]},{"@type":"WebSite","@id":"https:\/\/agroshow.pl\/agroshow\/fr#website","url":"https:\/\/agroshow.pl\/agroshow\/fr","name":"AGRO SHOW","description":"Mi\u0119dzynarodowa Wystawa Rolnicza AGRO SHOW organizowana jest przez Polsk\u0105 Izb\u0119 Gospodarcz\u0105 Maszyn i Urz\u0105dze\u0144 Rolniczych od 1999 roku. AGRO SHOW od lat postrzegane jest jako doskona\u0142e miejsce prezentacji najnowszych i najnowocze\u015bniejszych maszyn i urz\u0105dze\u0144 rolniczych.","potentialAction":[{"@type":"SearchAction","target":{"@type":"EntryPoint","urlTemplate":"https:\/\/agroshow.pl\/agroshow\/fr?s={search_term_string}"},"query-input":{"@type":"PropertyValueSpecification","valueRequired":true,"valueName":"search_term_string"}}],"inLanguage":"fr-FR"}]}},"_links":{"self":[{"href":"http:\/\/agroshow.pl\/agroshow\/fr\/wp-json\/wp\/v2\/pages\/2815","targetHints":{"allow":["GET"]}}],"collection":[{"href":"http:\/\/agroshow.pl\/agroshow\/fr\/wp-json\/wp\/v2\/pages"}],"about":[{"href":"http:\/\/agroshow.pl\/agroshow\/fr\/wp-json\/wp\/v2\/types\/page"}],"author":[{"embeddable":true,"href":"http:\/\/agroshow.pl\/agroshow\/fr\/wp-json\/wp\/v2\/users\/2"}],"replies":[{"embeddable":true,"href":"http:\/\/agroshow.pl\/agroshow\/fr\/wp-json\/wp\/v2\/comments?post=2815"}],"version-history":[{"count":7,"href":"http:\/\/agroshow.pl\/agroshow\/fr\/wp-json\/wp\/v2\/pages\/2815\/revisions"}],"predecessor-version":[{"id":4937,"href":"http:\/\/agroshow.pl\/agroshow\/fr\/wp-json\/wp\/v2\/pages\/2815\/revisions\/4937"}],"wp:attachment":[{"href":"http:\/\/agroshow.pl\/agroshow\/fr\/wp-json\/wp\/v2\/media?parent=2815"}],"curies":[{"name":"wp","href":"https:\/\/api.w.org\/{rel}","templated":true}]}}