{"id":2899,"date":"2019-04-03T13:08:46","date_gmt":"2019-04-03T11:08:46","guid":{"rendered":"https:\/\/www.agroshow.eu\/agroshow\/para-expositores\/formularze-zgloszeniowe\/"},"modified":"2019-06-17T10:41:25","modified_gmt":"2019-06-17T08:41:25","slug":"formularios-de-inscripcion","status":"publish","type":"page","link":"http:\/\/agroshow.pl\/agroshow\/es\/para-expositores\/formularios-de-inscripcion","title":{"rendered":"Formularios de inscripci\u00f3n"},"content":{"rendered":"<p>Los formularios de solicitud est\u00e1n disponibles en las versiones en ingl\u00e9s y polaco de la p\u00e1gina web, en la pesta\u00f1a: expositores Normalmente, los actuales formularios est\u00e1n disponibles a finales de marzo y principios de abril.<\/p>\n<p>Para participar en la exposici\u00f3n es necesario cumplimentar y enviarnos el formulario de inscripci\u00f3n. Los formularios de inscripci\u00f3n est\u00e1n disponibles en la versi\u00f3n en ingl\u00e9s de la p\u00e1gina a finales de marzo y principios de abril. Por regla general se aceptan solicitudes hasta finales de junio. Las fechas exactas y las normas de recepci\u00f3n de las solicitudes figuran en la primera p\u00e1gina de los formularios.<\/p>\n","protected":false},"excerpt":{"rendered":"<p>Los formularios de solicitud est\u00e1n disponibles en las versiones en ingl\u00e9s y polaco de la p\u00e1gina web, en la pesta\u00f1a: expositores Normalmente, los actuales formularios est\u00e1n disponibles a finales de marzo y principios de abril. Para participar en la exposici\u00f3n es necesario cumplimentar y enviarnos el formulario de inscripci\u00f3n. Los formularios de inscripci\u00f3n est\u00e1n disponibles [&hellip;]<\/p>\n","protected":false},"author":2,"featured_media":0,"parent":2883,"menu_order":0,"comment_status":"closed","ping_status":"closed","template":"","meta":{"inline_featured_image":false,"footnotes":""},"class_list":["post-2899","page","type-page","status-publish","hentry"],"acf":[],"yoast_head":"<!-- This site is optimized with the Yoast SEO plugin v26.2 - https:\/\/yoast.com\/wordpress\/plugins\/seo\/ -->\n<title>Formularios de inscripci\u00f3n - AGRO SHOW<\/title>\n<meta name=\"robots\" content=\"index, follow, max-snippet:-1, max-image-preview:large, max-video-preview:-1\" \/>\n<link rel=\"canonical\" href=\"http:\/\/agroshow.pl\/agroshow\/es\/para-expositores\/formularios-de-inscripcion\" \/>\n<meta property=\"og:locale\" content=\"es_ES\" \/>\n<meta property=\"og:type\" content=\"article\" \/>\n<meta property=\"og:title\" content=\"Formularios de inscripci\u00f3n - AGRO SHOW\" \/>\n<meta property=\"og:description\" content=\"Los formularios de solicitud est\u00e1n disponibles en las versiones en ingl\u00e9s y polaco de la p\u00e1gina web, en la pesta\u00f1a: expositores Normalmente, los actuales formularios est\u00e1n disponibles a finales de marzo y principios de abril. Para participar en la exposici\u00f3n es necesario cumplimentar y enviarnos el formulario de inscripci\u00f3n. Los formularios de inscripci\u00f3n est\u00e1n disponibles [&hellip;]\" \/>\n<meta property=\"og:url\" content=\"http:\/\/agroshow.pl\/agroshow\/es\/para-expositores\/formularios-de-inscripcion\" \/>\n<meta property=\"og:site_name\" content=\"AGRO SHOW\" \/>\n<meta property=\"article:modified_time\" content=\"2019-06-17T08:41:25+00:00\" \/>\n<meta name=\"twitter:card\" content=\"summary_large_image\" \/>\n<meta name=\"twitter:label1\" content=\"Tiempo de lectura\" \/>\n\t<meta name=\"twitter:data1\" content=\"1 minuto\" \/>\n<script type=\"application\/ld+json\" class=\"yoast-schema-graph\">{\"@context\":\"https:\/\/schema.org\",\"@graph\":[{\"@type\":\"WebPage\",\"@id\":\"http:\/\/agroshow.pl\/agroshow\/es\/para-expositores\/formularios-de-inscripcion\",\"url\":\"http:\/\/agroshow.pl\/agroshow\/es\/para-expositores\/formularios-de-inscripcion\",\"name\":\"Formularios de inscripci\u00f3n - AGRO SHOW\",\"isPartOf\":{\"@id\":\"https:\/\/agroshow.pl\/agroshow\/es#website\"},\"datePublished\":\"2019-04-03T11:08:46+00:00\",\"dateModified\":\"2019-06-17T08:41:25+00:00\",\"breadcrumb\":{\"@id\":\"http:\/\/agroshow.pl\/agroshow\/es\/para-expositores\/formularios-de-inscripcion#breadcrumb\"},\"inLanguage\":\"es\",\"potentialAction\":[{\"@type\":\"ReadAction\",\"target\":[\"http:\/\/agroshow.pl\/agroshow\/es\/para-expositores\/formularios-de-inscripcion\"]}]},{\"@type\":\"BreadcrumbList\",\"@id\":\"http:\/\/agroshow.pl\/agroshow\/es\/para-expositores\/formularios-de-inscripcion#breadcrumb\",\"itemListElement\":[{\"@type\":\"ListItem\",\"position\":1,\"name\":\"Strona g\u0142\u00f3wna\",\"item\":\"http:\/\/agroshow.pl\/agroshow\/es\"},{\"@type\":\"ListItem\",\"position\":2,\"name\":\"Para expositores\",\"item\":\"https:\/\/agroshow.pl\/agroshow\/es\/para-expositores\"},{\"@type\":\"ListItem\",\"position\":3,\"name\":\"Formularios de inscripci\u00f3n\"}]},{\"@type\":\"WebSite\",\"@id\":\"https:\/\/agroshow.pl\/agroshow\/es#website\",\"url\":\"https:\/\/agroshow.pl\/agroshow\/es\",\"name\":\"AGRO SHOW\",\"description\":\"Mi\u0119dzynarodowa Wystawa Rolnicza AGRO SHOW organizowana jest przez Polsk\u0105 Izb\u0119 Gospodarcz\u0105 Maszyn i Urz\u0105dze\u0144 Rolniczych od 1999 roku. AGRO SHOW od lat postrzegane jest jako doskona\u0142e miejsce prezentacji najnowszych i najnowocze\u015bniejszych maszyn i urz\u0105dze\u0144 rolniczych.\",\"potentialAction\":[{\"@type\":\"SearchAction\",\"target\":{\"@type\":\"EntryPoint\",\"urlTemplate\":\"https:\/\/agroshow.pl\/agroshow\/es?s={search_term_string}\"},\"query-input\":{\"@type\":\"PropertyValueSpecification\",\"valueRequired\":true,\"valueName\":\"search_term_string\"}}],\"inLanguage\":\"es\"}]}<\/script>\n<!-- \/ Yoast SEO plugin. -->","yoast_head_json":{"title":"Formularios de inscripci\u00f3n - AGRO SHOW","robots":{"index":"index","follow":"follow","max-snippet":"max-snippet:-1","max-image-preview":"max-image-preview:large","max-video-preview":"max-video-preview:-1"},"canonical":"http:\/\/agroshow.pl\/agroshow\/es\/para-expositores\/formularios-de-inscripcion","og_locale":"es_ES","og_type":"article","og_title":"Formularios de inscripci\u00f3n - AGRO SHOW","og_description":"Los formularios de solicitud est\u00e1n disponibles en las versiones en ingl\u00e9s y polaco de la p\u00e1gina web, en la pesta\u00f1a: expositores Normalmente, los actuales formularios est\u00e1n disponibles a finales de marzo y principios de abril. Para participar en la exposici\u00f3n es necesario cumplimentar y enviarnos el formulario de inscripci\u00f3n. Los formularios de inscripci\u00f3n est\u00e1n disponibles [&hellip;]","og_url":"http:\/\/agroshow.pl\/agroshow\/es\/para-expositores\/formularios-de-inscripcion","og_site_name":"AGRO SHOW","article_modified_time":"2019-06-17T08:41:25+00:00","twitter_card":"summary_large_image","twitter_misc":{"Tiempo de lectura":"1 minuto"},"schema":{"@context":"https:\/\/schema.org","@graph":[{"@type":"WebPage","@id":"http:\/\/agroshow.pl\/agroshow\/es\/para-expositores\/formularios-de-inscripcion","url":"http:\/\/agroshow.pl\/agroshow\/es\/para-expositores\/formularios-de-inscripcion","name":"Formularios de inscripci\u00f3n - AGRO SHOW","isPartOf":{"@id":"https:\/\/agroshow.pl\/agroshow\/es#website"},"datePublished":"2019-04-03T11:08:46+00:00","dateModified":"2019-06-17T08:41:25+00:00","breadcrumb":{"@id":"http:\/\/agroshow.pl\/agroshow\/es\/para-expositores\/formularios-de-inscripcion#breadcrumb"},"inLanguage":"es","potentialAction":[{"@type":"ReadAction","target":["http:\/\/agroshow.pl\/agroshow\/es\/para-expositores\/formularios-de-inscripcion"]}]},{"@type":"BreadcrumbList","@id":"http:\/\/agroshow.pl\/agroshow\/es\/para-expositores\/formularios-de-inscripcion#breadcrumb","itemListElement":[{"@type":"ListItem","position":1,"name":"Strona g\u0142\u00f3wna","item":"http:\/\/agroshow.pl\/agroshow\/es"},{"@type":"ListItem","position":2,"name":"Para expositores","item":"https:\/\/agroshow.pl\/agroshow\/es\/para-expositores"},{"@type":"ListItem","position":3,"name":"Formularios de inscripci\u00f3n"}]},{"@type":"WebSite","@id":"https:\/\/agroshow.pl\/agroshow\/es#website","url":"https:\/\/agroshow.pl\/agroshow\/es","name":"AGRO SHOW","description":"Mi\u0119dzynarodowa Wystawa Rolnicza AGRO SHOW organizowana jest przez Polsk\u0105 Izb\u0119 Gospodarcz\u0105 Maszyn i Urz\u0105dze\u0144 Rolniczych od 1999 roku. AGRO SHOW od lat postrzegane jest jako doskona\u0142e miejsce prezentacji najnowszych i najnowocze\u015bniejszych maszyn i urz\u0105dze\u0144 rolniczych.","potentialAction":[{"@type":"SearchAction","target":{"@type":"EntryPoint","urlTemplate":"https:\/\/agroshow.pl\/agroshow\/es?s={search_term_string}"},"query-input":{"@type":"PropertyValueSpecification","valueRequired":true,"valueName":"search_term_string"}}],"inLanguage":"es"}]}},"_links":{"self":[{"href":"http:\/\/agroshow.pl\/agroshow\/es\/wp-json\/wp\/v2\/pages\/2899","targetHints":{"allow":["GET"]}}],"collection":[{"href":"http:\/\/agroshow.pl\/agroshow\/es\/wp-json\/wp\/v2\/pages"}],"about":[{"href":"http:\/\/agroshow.pl\/agroshow\/es\/wp-json\/wp\/v2\/types\/page"}],"author":[{"embeddable":true,"href":"http:\/\/agroshow.pl\/agroshow\/es\/wp-json\/wp\/v2\/users\/2"}],"replies":[{"embeddable":true,"href":"http:\/\/agroshow.pl\/agroshow\/es\/wp-json\/wp\/v2\/comments?post=2899"}],"version-history":[{"count":5,"href":"http:\/\/agroshow.pl\/agroshow\/es\/wp-json\/wp\/v2\/pages\/2899\/revisions"}],"predecessor-version":[{"id":2942,"href":"http:\/\/agroshow.pl\/agroshow\/es\/wp-json\/wp\/v2\/pages\/2899\/revisions\/2942"}],"up":[{"embeddable":true,"href":"http:\/\/agroshow.pl\/agroshow\/es\/wp-json\/wp\/v2\/pages\/2883"}],"wp:attachment":[{"href":"http:\/\/agroshow.pl\/agroshow\/es\/wp-json\/wp\/v2\/media?parent=2899"}],"curies":[{"name":"wp","href":"https:\/\/api.w.org\/{rel}","templated":true}]}}