{"id":69,"date":"2017-09-25T09:31:52","date_gmt":"2017-09-25T07:31:52","guid":{"rendered":"http:\/\/agroshow.getid.com.pl\/przykladowa-strona\/"},"modified":"2025-11-06T11:22:17","modified_gmt":"2025-11-06T10:22:17","slug":"przykladowa-strona","status":"publish","type":"page","link":"http:\/\/agroshow.pl\/agroshow\/en","title":{"rendered":"Home"},"content":{"rendered":"","protected":false},"excerpt":{"rendered":"","protected":false},"author":2,"featured_media":0,"parent":0,"menu_order":0,"comment_status":"closed","ping_status":"open","template":"","meta":{"inline_featured_image":false,"footnotes":""},"class_list":["post-69","page","type-page","status-publish","hentry"],"acf":[],"yoast_head":"<!-- This site is optimized with the Yoast SEO plugin v26.2 - https:\/\/yoast.com\/wordpress\/plugins\/seo\/ -->\n<title>AGRO SHOW<\/title>\n<meta name=\"robots\" content=\"index, follow, max-snippet:-1, max-image-preview:large, max-video-preview:-1\" \/>\n<link rel=\"canonical\" href=\"http:\/\/agroshow.pl\/agroshow\/en\" \/>\n<meta property=\"og:locale\" content=\"en_US\" \/>\n<meta property=\"og:type\" content=\"article\" \/>\n<meta property=\"og:title\" content=\"AGRO SHOW\" \/>\n<meta property=\"og:url\" content=\"http:\/\/agroshow.pl\/agroshow\/en\" \/>\n<meta property=\"og:site_name\" content=\"AGRO SHOW\" \/>\n<meta property=\"article:modified_time\" content=\"2025-11-06T10:22:17+00:00\" \/>\n<meta name=\"twitter:card\" content=\"summary_large_image\" \/>\n<script type=\"application\/ld+json\" class=\"yoast-schema-graph\">{\"@context\":\"https:\/\/schema.org\",\"@graph\":[{\"@type\":\"WebPage\",\"@id\":\"http:\/\/agroshow.pl\/agroshow\/en\",\"url\":\"http:\/\/agroshow.pl\/agroshow\/en\",\"name\":\"AGRO SHOW\",\"isPartOf\":{\"@id\":\"https:\/\/agroshow.pl\/agroshow\/en\/#website\"},\"datePublished\":\"2017-09-25T07:31:52+00:00\",\"dateModified\":\"2025-11-06T10:22:17+00:00\",\"breadcrumb\":{\"@id\":\"http:\/\/agroshow.pl\/agroshow\/en#breadcrumb\"},\"inLanguage\":\"en-US\",\"potentialAction\":[{\"@type\":\"ReadAction\",\"target\":[\"http:\/\/agroshow.pl\/agroshow\/en\"]}]},{\"@type\":\"BreadcrumbList\",\"@id\":\"http:\/\/agroshow.pl\/agroshow\/en#breadcrumb\",\"itemListElement\":[{\"@type\":\"ListItem\",\"position\":1,\"name\":\"Strona g\u0142\u00f3wna\",\"item\":\"https:\/\/agroshow.pl\/agroshow\/en\"},{\"@type\":\"ListItem\",\"position\":2,\"name\":\"Home\"}]},{\"@type\":\"WebSite\",\"@id\":\"https:\/\/agroshow.pl\/agroshow\/en\/#website\",\"url\":\"https:\/\/agroshow.pl\/agroshow\/en\/\",\"name\":\"AGRO SHOW\",\"description\":\"Mi\u0119dzynarodowa Wystawa Rolnicza AGRO SHOW organizowana jest przez Polsk\u0105 Izb\u0119 Gospodarcz\u0105 Maszyn i Urz\u0105dze\u0144 Rolniczych od 1999 roku. AGRO SHOW od lat postrzegane jest jako doskona\u0142e miejsce prezentacji najnowszych i najnowocze\u015bniejszych maszyn i urz\u0105dze\u0144 rolniczych.\",\"potentialAction\":[{\"@type\":\"SearchAction\",\"target\":{\"@type\":\"EntryPoint\",\"urlTemplate\":\"https:\/\/agroshow.pl\/agroshow\/en\/?s={search_term_string}\"},\"query-input\":{\"@type\":\"PropertyValueSpecification\",\"valueRequired\":true,\"valueName\":\"search_term_string\"}}],\"inLanguage\":\"en-US\"}]}<\/script>\n<!-- \/ Yoast SEO plugin. -->","yoast_head_json":{"title":"AGRO SHOW","robots":{"index":"index","follow":"follow","max-snippet":"max-snippet:-1","max-image-preview":"max-image-preview:large","max-video-preview":"max-video-preview:-1"},"canonical":"http:\/\/agroshow.pl\/agroshow\/en","og_locale":"en_US","og_type":"article","og_title":"AGRO SHOW","og_url":"http:\/\/agroshow.pl\/agroshow\/en","og_site_name":"AGRO SHOW","article_modified_time":"2025-11-06T10:22:17+00:00","twitter_card":"summary_large_image","schema":{"@context":"https:\/\/schema.org","@graph":[{"@type":"WebPage","@id":"http:\/\/agroshow.pl\/agroshow\/en","url":"http:\/\/agroshow.pl\/agroshow\/en","name":"AGRO SHOW","isPartOf":{"@id":"https:\/\/agroshow.pl\/agroshow\/en\/#website"},"datePublished":"2017-09-25T07:31:52+00:00","dateModified":"2025-11-06T10:22:17+00:00","breadcrumb":{"@id":"http:\/\/agroshow.pl\/agroshow\/en#breadcrumb"},"inLanguage":"en-US","potentialAction":[{"@type":"ReadAction","target":["http:\/\/agroshow.pl\/agroshow\/en"]}]},{"@type":"BreadcrumbList","@id":"http:\/\/agroshow.pl\/agroshow\/en#breadcrumb","itemListElement":[{"@type":"ListItem","position":1,"name":"Strona g\u0142\u00f3wna","item":"https:\/\/agroshow.pl\/agroshow\/en"},{"@type":"ListItem","position":2,"name":"Home"}]},{"@type":"WebSite","@id":"https:\/\/agroshow.pl\/agroshow\/en\/#website","url":"https:\/\/agroshow.pl\/agroshow\/en\/","name":"AGRO SHOW","description":"Mi\u0119dzynarodowa Wystawa Rolnicza AGRO SHOW organizowana jest przez Polsk\u0105 Izb\u0119 Gospodarcz\u0105 Maszyn i Urz\u0105dze\u0144 Rolniczych od 1999 roku. AGRO SHOW od lat postrzegane jest jako doskona\u0142e miejsce prezentacji najnowszych i najnowocze\u015bniejszych maszyn i urz\u0105dze\u0144 rolniczych.","potentialAction":[{"@type":"SearchAction","target":{"@type":"EntryPoint","urlTemplate":"https:\/\/agroshow.pl\/agroshow\/en\/?s={search_term_string}"},"query-input":{"@type":"PropertyValueSpecification","valueRequired":true,"valueName":"search_term_string"}}],"inLanguage":"en-US"}]}},"_links":{"self":[{"href":"http:\/\/agroshow.pl\/agroshow\/en\/wp-json\/wp\/v2\/pages\/69","targetHints":{"allow":["GET"]}}],"collection":[{"href":"http:\/\/agroshow.pl\/agroshow\/en\/wp-json\/wp\/v2\/pages"}],"about":[{"href":"http:\/\/agroshow.pl\/agroshow\/en\/wp-json\/wp\/v2\/types\/page"}],"author":[{"embeddable":true,"href":"http:\/\/agroshow.pl\/agroshow\/en\/wp-json\/wp\/v2\/users\/2"}],"replies":[{"embeddable":true,"href":"http:\/\/agroshow.pl\/agroshow\/en\/wp-json\/wp\/v2\/comments?post=69"}],"version-history":[{"count":22,"href":"http:\/\/agroshow.pl\/agroshow\/en\/wp-json\/wp\/v2\/pages\/69\/revisions"}],"predecessor-version":[{"id":15917,"href":"http:\/\/agroshow.pl\/agroshow\/en\/wp-json\/wp\/v2\/pages\/69\/revisions\/15917"}],"wp:attachment":[{"href":"http:\/\/agroshow.pl\/agroshow\/en\/wp-json\/wp\/v2\/media?parent=69"}],"curies":[{"name":"wp","href":"https:\/\/api.w.org\/{rel}","templated":true}]}}