{"id":2609,"date":"2019-06-11T14:02:32","date_gmt":"2019-06-11T12:02:32","guid":{"rendered":"https:\/\/www.agroshow.eu\/agroshow\/?page_id=2609"},"modified":"2026-02-03T10:57:04","modified_gmt":"2026-02-03T09:57:04","slug":"stand-construction-and-rental-of-tent-halls","status":"publish","type":"page","link":"http:\/\/agroshow.pl\/agroshow\/en\/for-exhibitors\/stand-construction-and-rental-of-tent-halls","title":{"rendered":"Stand construction and rental of tent halls"},"content":{"rendered":"\n<p> In the case of arrangement and development of the stand, we recommend contact with the company:<\/p>\n\n\n\n<p><strong>IDEA Expo <br>tel.  +48 603 59 04 78 <br>ideaexpo@grupamtp.pl<\/strong><\/p>\n\n\n\n<figure class=\"wp-block-image\"><img loading=\"lazy\" decoding=\"async\" width=\"824\" height=\"267\" src=\"https:\/\/agroshow.pl\/agroshow\/wp-content\/uploads\/2019\/06\/idea_www.jpg\" alt=\"\" class=\"wp-image-2211\" srcset=\"http:\/\/agroshow.pl\/agroshow\/wp-content\/uploads\/2019\/06\/idea_www.jpg 824w, http:\/\/agroshow.pl\/agroshow\/wp-content\/uploads\/2019\/06\/idea_www-600x194.jpg 600w, http:\/\/agroshow.pl\/agroshow\/wp-content\/uploads\/2019\/06\/idea_www-768x249.jpg 768w\" sizes=\"auto, (max-width: 824px) 100vw, 824px\" \/><\/figure>\n\n\n\n<p> In the case of rental of tent halls, we recommend contact with the company: <\/p>\n\n\n\n<p><strong>Elmark Hale Namiotowe Sp. z o.o. \u00a0<\/strong><br><strong>tel. +48 698 628 463<\/strong><\/p>\n\n\n\n<figure class=\"wp-block-image size-full\"><img loading=\"lazy\" decoding=\"async\" width=\"200\" height=\"200\" src=\"http:\/\/agroshow.pl\/agroshow\/wp-content\/uploads\/2026\/02\/logo.jpeg\" alt=\"\" class=\"wp-image-15951\"\/><\/figure>\n","protected":false},"excerpt":{"rendered":"<p>In the case of arrangement and development of the stand, we recommend contact with the company: IDEA Expo tel. +48 603 59 04 78 ideaexpo@grupamtp.pl In the case of rental of tent halls, we recommend contact with the company: Elmark Hale Namiotowe Sp. z o.o. \u00a0tel. +48 698 628 463<\/p>\n","protected":false},"author":5,"featured_media":0,"parent":1235,"menu_order":0,"comment_status":"closed","ping_status":"closed","template":"","meta":{"inline_featured_image":false,"footnotes":""},"class_list":["post-2609","page","type-page","status-publish","hentry"],"acf":[],"yoast_head":"<!-- This site is optimized with the Yoast SEO plugin v26.2 - https:\/\/yoast.com\/wordpress\/plugins\/seo\/ -->\n<title>Stand construction and rental of tent halls - AGRO SHOW<\/title>\n<meta name=\"robots\" content=\"index, follow, max-snippet:-1, max-image-preview:large, max-video-preview:-1\" \/>\n<link rel=\"canonical\" href=\"http:\/\/agroshow.pl\/agroshow\/en\/for-exhibitors\/stand-construction-and-rental-of-tent-halls\" \/>\n<meta property=\"og:locale\" content=\"en_US\" \/>\n<meta property=\"og:type\" content=\"article\" \/>\n<meta property=\"og:title\" content=\"Stand construction and rental of tent halls - AGRO SHOW\" \/>\n<meta property=\"og:description\" content=\"In the case of arrangement and development of the stand, we recommend contact with the company: IDEA Expo tel. +48 603 59 04 78 ideaexpo@grupamtp.pl In the case of rental of tent halls, we recommend contact with the company: Elmark Hale Namiotowe Sp. z o.o. \u00a0tel. +48 698 628 463\" \/>\n<meta property=\"og:url\" content=\"http:\/\/agroshow.pl\/agroshow\/en\/for-exhibitors\/stand-construction-and-rental-of-tent-halls\" \/>\n<meta property=\"og:site_name\" content=\"AGRO SHOW\" \/>\n<meta property=\"article:modified_time\" content=\"2026-02-03T09:57:04+00:00\" \/>\n<meta property=\"og:image\" content=\"https:\/\/agroshow.pl\/agroshow\/wp-content\/uploads\/2019\/06\/idea_www.jpg\" \/>\n<meta name=\"twitter:card\" content=\"summary_large_image\" \/>\n<meta name=\"twitter:label1\" content=\"Est. reading time\" \/>\n\t<meta name=\"twitter:data1\" content=\"1 minute\" \/>\n<script type=\"application\/ld+json\" class=\"yoast-schema-graph\">{\"@context\":\"https:\/\/schema.org\",\"@graph\":[{\"@type\":\"WebPage\",\"@id\":\"http:\/\/agroshow.pl\/agroshow\/en\/for-exhibitors\/stand-construction-and-rental-of-tent-halls\",\"url\":\"http:\/\/agroshow.pl\/agroshow\/en\/for-exhibitors\/stand-construction-and-rental-of-tent-halls\",\"name\":\"Stand construction and rental of tent halls - AGRO SHOW\",\"isPartOf\":{\"@id\":\"http:\/\/agroshow.pl\/agroshow\/en#website\"},\"primaryImageOfPage\":{\"@id\":\"http:\/\/agroshow.pl\/agroshow\/en\/for-exhibitors\/stand-construction-and-rental-of-tent-halls#primaryimage\"},\"image\":{\"@id\":\"http:\/\/agroshow.pl\/agroshow\/en\/for-exhibitors\/stand-construction-and-rental-of-tent-halls#primaryimage\"},\"thumbnailUrl\":\"https:\/\/agroshow.pl\/agroshow\/wp-content\/uploads\/2019\/06\/idea_www.jpg\",\"datePublished\":\"2019-06-11T12:02:32+00:00\",\"dateModified\":\"2026-02-03T09:57:04+00:00\",\"breadcrumb\":{\"@id\":\"http:\/\/agroshow.pl\/agroshow\/en\/for-exhibitors\/stand-construction-and-rental-of-tent-halls#breadcrumb\"},\"inLanguage\":\"en-US\",\"potentialAction\":[{\"@type\":\"ReadAction\",\"target\":[\"http:\/\/agroshow.pl\/agroshow\/en\/for-exhibitors\/stand-construction-and-rental-of-tent-halls\"]}]},{\"@type\":\"ImageObject\",\"inLanguage\":\"en-US\",\"@id\":\"http:\/\/agroshow.pl\/agroshow\/en\/for-exhibitors\/stand-construction-and-rental-of-tent-halls#primaryimage\",\"url\":\"https:\/\/agroshow.pl\/agroshow\/wp-content\/uploads\/2019\/06\/idea_www.jpg\",\"contentUrl\":\"https:\/\/agroshow.pl\/agroshow\/wp-content\/uploads\/2019\/06\/idea_www.jpg\"},{\"@type\":\"BreadcrumbList\",\"@id\":\"http:\/\/agroshow.pl\/agroshow\/en\/for-exhibitors\/stand-construction-and-rental-of-tent-halls#breadcrumb\",\"itemListElement\":[{\"@type\":\"ListItem\",\"position\":1,\"name\":\"Strona g\u0142\u00f3wna\",\"item\":\"http:\/\/agroshow.pl\/agroshow\/en\"},{\"@type\":\"ListItem\",\"position\":2,\"name\":\"For exhibitors\",\"item\":\"http:\/\/agroshow.pl\/agroshow\/en\/for-exhibitors\"},{\"@type\":\"ListItem\",\"position\":3,\"name\":\"Stand construction and rental of tent halls\"}]},{\"@type\":\"WebSite\",\"@id\":\"http:\/\/agroshow.pl\/agroshow\/en#website\",\"url\":\"http:\/\/agroshow.pl\/agroshow\/en\",\"name\":\"AGRO SHOW\",\"description\":\"Mi\u0119dzynarodowa Wystawa Rolnicza AGRO SHOW organizowana jest przez Polsk\u0105 Izb\u0119 Gospodarcz\u0105 Maszyn i Urz\u0105dze\u0144 Rolniczych od 1999 roku. AGRO SHOW od lat postrzegane jest jako doskona\u0142e miejsce prezentacji najnowszych i najnowocze\u015bniejszych maszyn i urz\u0105dze\u0144 rolniczych.\",\"potentialAction\":[{\"@type\":\"SearchAction\",\"target\":{\"@type\":\"EntryPoint\",\"urlTemplate\":\"http:\/\/agroshow.pl\/agroshow\/en?s={search_term_string}\"},\"query-input\":{\"@type\":\"PropertyValueSpecification\",\"valueRequired\":true,\"valueName\":\"search_term_string\"}}],\"inLanguage\":\"en-US\"}]}<\/script>\n<!-- \/ Yoast SEO plugin. -->","yoast_head_json":{"title":"Stand construction and rental of tent halls - AGRO SHOW","robots":{"index":"index","follow":"follow","max-snippet":"max-snippet:-1","max-image-preview":"max-image-preview:large","max-video-preview":"max-video-preview:-1"},"canonical":"http:\/\/agroshow.pl\/agroshow\/en\/for-exhibitors\/stand-construction-and-rental-of-tent-halls","og_locale":"en_US","og_type":"article","og_title":"Stand construction and rental of tent halls - AGRO SHOW","og_description":"In the case of arrangement and development of the stand, we recommend contact with the company: IDEA Expo tel. +48 603 59 04 78 ideaexpo@grupamtp.pl In the case of rental of tent halls, we recommend contact with the company: Elmark Hale Namiotowe Sp. z o.o. \u00a0tel. +48 698 628 463","og_url":"http:\/\/agroshow.pl\/agroshow\/en\/for-exhibitors\/stand-construction-and-rental-of-tent-halls","og_site_name":"AGRO SHOW","article_modified_time":"2026-02-03T09:57:04+00:00","og_image":[{"url":"https:\/\/agroshow.pl\/agroshow\/wp-content\/uploads\/2019\/06\/idea_www.jpg","type":"","width":"","height":""}],"twitter_card":"summary_large_image","twitter_misc":{"Est. reading time":"1 minute"},"schema":{"@context":"https:\/\/schema.org","@graph":[{"@type":"WebPage","@id":"http:\/\/agroshow.pl\/agroshow\/en\/for-exhibitors\/stand-construction-and-rental-of-tent-halls","url":"http:\/\/agroshow.pl\/agroshow\/en\/for-exhibitors\/stand-construction-and-rental-of-tent-halls","name":"Stand construction and rental of tent halls - AGRO SHOW","isPartOf":{"@id":"http:\/\/agroshow.pl\/agroshow\/en#website"},"primaryImageOfPage":{"@id":"http:\/\/agroshow.pl\/agroshow\/en\/for-exhibitors\/stand-construction-and-rental-of-tent-halls#primaryimage"},"image":{"@id":"http:\/\/agroshow.pl\/agroshow\/en\/for-exhibitors\/stand-construction-and-rental-of-tent-halls#primaryimage"},"thumbnailUrl":"https:\/\/agroshow.pl\/agroshow\/wp-content\/uploads\/2019\/06\/idea_www.jpg","datePublished":"2019-06-11T12:02:32+00:00","dateModified":"2026-02-03T09:57:04+00:00","breadcrumb":{"@id":"http:\/\/agroshow.pl\/agroshow\/en\/for-exhibitors\/stand-construction-and-rental-of-tent-halls#breadcrumb"},"inLanguage":"en-US","potentialAction":[{"@type":"ReadAction","target":["http:\/\/agroshow.pl\/agroshow\/en\/for-exhibitors\/stand-construction-and-rental-of-tent-halls"]}]},{"@type":"ImageObject","inLanguage":"en-US","@id":"http:\/\/agroshow.pl\/agroshow\/en\/for-exhibitors\/stand-construction-and-rental-of-tent-halls#primaryimage","url":"https:\/\/agroshow.pl\/agroshow\/wp-content\/uploads\/2019\/06\/idea_www.jpg","contentUrl":"https:\/\/agroshow.pl\/agroshow\/wp-content\/uploads\/2019\/06\/idea_www.jpg"},{"@type":"BreadcrumbList","@id":"http:\/\/agroshow.pl\/agroshow\/en\/for-exhibitors\/stand-construction-and-rental-of-tent-halls#breadcrumb","itemListElement":[{"@type":"ListItem","position":1,"name":"Strona g\u0142\u00f3wna","item":"http:\/\/agroshow.pl\/agroshow\/en"},{"@type":"ListItem","position":2,"name":"For exhibitors","item":"http:\/\/agroshow.pl\/agroshow\/en\/for-exhibitors"},{"@type":"ListItem","position":3,"name":"Stand construction and rental of tent halls"}]},{"@type":"WebSite","@id":"http:\/\/agroshow.pl\/agroshow\/en#website","url":"http:\/\/agroshow.pl\/agroshow\/en","name":"AGRO SHOW","description":"Mi\u0119dzynarodowa Wystawa Rolnicza AGRO SHOW organizowana jest przez Polsk\u0105 Izb\u0119 Gospodarcz\u0105 Maszyn i Urz\u0105dze\u0144 Rolniczych od 1999 roku. AGRO SHOW od lat postrzegane jest jako doskona\u0142e miejsce prezentacji najnowszych i najnowocze\u015bniejszych maszyn i urz\u0105dze\u0144 rolniczych.","potentialAction":[{"@type":"SearchAction","target":{"@type":"EntryPoint","urlTemplate":"http:\/\/agroshow.pl\/agroshow\/en?s={search_term_string}"},"query-input":{"@type":"PropertyValueSpecification","valueRequired":true,"valueName":"search_term_string"}}],"inLanguage":"en-US"}]}},"_links":{"self":[{"href":"http:\/\/agroshow.pl\/agroshow\/en\/wp-json\/wp\/v2\/pages\/2609","targetHints":{"allow":["GET"]}}],"collection":[{"href":"http:\/\/agroshow.pl\/agroshow\/en\/wp-json\/wp\/v2\/pages"}],"about":[{"href":"http:\/\/agroshow.pl\/agroshow\/en\/wp-json\/wp\/v2\/types\/page"}],"author":[{"embeddable":true,"href":"http:\/\/agroshow.pl\/agroshow\/en\/wp-json\/wp\/v2\/users\/5"}],"replies":[{"embeddable":true,"href":"http:\/\/agroshow.pl\/agroshow\/en\/wp-json\/wp\/v2\/comments?post=2609"}],"version-history":[{"count":7,"href":"http:\/\/agroshow.pl\/agroshow\/en\/wp-json\/wp\/v2\/pages\/2609\/revisions"}],"predecessor-version":[{"id":15957,"href":"http:\/\/agroshow.pl\/agroshow\/en\/wp-json\/wp\/v2\/pages\/2609\/revisions\/15957"}],"up":[{"embeddable":true,"href":"http:\/\/agroshow.pl\/agroshow\/en\/wp-json\/wp\/v2\/pages\/1235"}],"wp:attachment":[{"href":"http:\/\/agroshow.pl\/agroshow\/en\/wp-json\/wp\/v2\/media?parent=2609"}],"curies":[{"name":"wp","href":"https:\/\/api.w.org\/{rel}","templated":true}]}}