{"id":1510,"date":"2019-05-15T14:53:30","date_gmt":"2019-05-15T12:53:30","guid":{"rendered":"http:\/\/agroshow.getid.com.pl\/dla-wystawcow\/regulamin-wystawy-2\/"},"modified":"2021-09-08T11:37:02","modified_gmt":"2021-09-08T09:37:02","slug":"agro-show-2019-statute","status":"publish","type":"page","link":"http:\/\/agroshow.pl\/agroshow\/en\/for-exhibitors\/agro-show-2019-statute","title":{"rendered":"AGRO SHOW 2019 Statute"},"content":{"rendered":"\n<a target=\"_blank\" href=\"http:\/\/agroshow.pl\/agroshow\/wp-content\/uploads\/2021\/09\/REGULATIONS-OF-AGRO-SHOW-EXHIBITION-2021-2.pdf\" class=\"file\"><span>  REGULATIONS OF AGRO SHOW EXHIBITION 2021 <\/span><\/a><a target=\"_blank\" href=\"http:\/\/agroshow.pl\/agroshow\/wp-content\/uploads\/2021\/09\/OHS-FIRE-PREVENTION-AND-TECHNICAL-REGULATIONS-FOR-THE-AGRO-SHOW-EXHIBITION.pdf\" class=\"file\"><span>OHAS, FIRE PREVENTION AND TECHNICAL REGULATIONS <\/span><\/a>\n","protected":false},"excerpt":{"rendered":"","protected":false},"author":5,"featured_media":0,"parent":1235,"menu_order":0,"comment_status":"closed","ping_status":"closed","template":"","meta":{"inline_featured_image":false,"footnotes":""},"class_list":["post-1510","page","type-page","status-publish","hentry"],"acf":[],"yoast_head":"<!-- This site is optimized with the Yoast SEO plugin v26.2 - https:\/\/yoast.com\/wordpress\/plugins\/seo\/ -->\n<title>AGRO SHOW 2019 Statute - AGRO SHOW<\/title>\n<meta name=\"robots\" content=\"index, follow, max-snippet:-1, max-image-preview:large, max-video-preview:-1\" \/>\n<link rel=\"canonical\" href=\"http:\/\/agroshow.pl\/agroshow\/en\/for-exhibitors\/agro-show-2019-statute\" \/>\n<meta property=\"og:locale\" content=\"en_US\" \/>\n<meta property=\"og:type\" content=\"article\" \/>\n<meta property=\"og:title\" content=\"AGRO SHOW 2019 Statute - AGRO SHOW\" \/>\n<meta property=\"og:url\" content=\"http:\/\/agroshow.pl\/agroshow\/en\/for-exhibitors\/agro-show-2019-statute\" \/>\n<meta property=\"og:site_name\" content=\"AGRO SHOW\" \/>\n<meta property=\"article:modified_time\" content=\"2021-09-08T09:37:02+00:00\" \/>\n<meta name=\"twitter:card\" content=\"summary_large_image\" \/>\n<script type=\"application\/ld+json\" class=\"yoast-schema-graph\">{\"@context\":\"https:\/\/schema.org\",\"@graph\":[{\"@type\":\"WebPage\",\"@id\":\"http:\/\/agroshow.pl\/agroshow\/en\/for-exhibitors\/agro-show-2019-statute\",\"url\":\"http:\/\/agroshow.pl\/agroshow\/en\/for-exhibitors\/agro-show-2019-statute\",\"name\":\"AGRO SHOW 2019 Statute - AGRO SHOW\",\"isPartOf\":{\"@id\":\"https:\/\/agroshow.pl\/agroshow\/en\/#website\"},\"datePublished\":\"2019-05-15T12:53:30+00:00\",\"dateModified\":\"2021-09-08T09:37:02+00:00\",\"breadcrumb\":{\"@id\":\"http:\/\/agroshow.pl\/agroshow\/en\/for-exhibitors\/agro-show-2019-statute#breadcrumb\"},\"inLanguage\":\"en-US\",\"potentialAction\":[{\"@type\":\"ReadAction\",\"target\":[\"http:\/\/agroshow.pl\/agroshow\/en\/for-exhibitors\/agro-show-2019-statute\"]}]},{\"@type\":\"BreadcrumbList\",\"@id\":\"http:\/\/agroshow.pl\/agroshow\/en\/for-exhibitors\/agro-show-2019-statute#breadcrumb\",\"itemListElement\":[{\"@type\":\"ListItem\",\"position\":1,\"name\":\"Strona g\u0142\u00f3wna\",\"item\":\"https:\/\/agroshow.pl\/agroshow\/en\"},{\"@type\":\"ListItem\",\"position\":2,\"name\":\"For exhibitors\",\"item\":\"https:\/\/agroshow.pl\/agroshow\/en\/for-exhibitors\"},{\"@type\":\"ListItem\",\"position\":3,\"name\":\"AGRO SHOW 2019 Statute\"}]},{\"@type\":\"WebSite\",\"@id\":\"https:\/\/agroshow.pl\/agroshow\/en\/#website\",\"url\":\"https:\/\/agroshow.pl\/agroshow\/en\/\",\"name\":\"AGRO SHOW\",\"description\":\"Mi\u0119dzynarodowa Wystawa Rolnicza AGRO SHOW organizowana jest przez Polsk\u0105 Izb\u0119 Gospodarcz\u0105 Maszyn i Urz\u0105dze\u0144 Rolniczych od 1999 roku. AGRO SHOW od lat postrzegane jest jako doskona\u0142e miejsce prezentacji najnowszych i najnowocze\u015bniejszych maszyn i urz\u0105dze\u0144 rolniczych.\",\"potentialAction\":[{\"@type\":\"SearchAction\",\"target\":{\"@type\":\"EntryPoint\",\"urlTemplate\":\"https:\/\/agroshow.pl\/agroshow\/en\/?s={search_term_string}\"},\"query-input\":{\"@type\":\"PropertyValueSpecification\",\"valueRequired\":true,\"valueName\":\"search_term_string\"}}],\"inLanguage\":\"en-US\"}]}<\/script>\n<!-- \/ Yoast SEO plugin. -->","yoast_head_json":{"title":"AGRO SHOW 2019 Statute - AGRO SHOW","robots":{"index":"index","follow":"follow","max-snippet":"max-snippet:-1","max-image-preview":"max-image-preview:large","max-video-preview":"max-video-preview:-1"},"canonical":"http:\/\/agroshow.pl\/agroshow\/en\/for-exhibitors\/agro-show-2019-statute","og_locale":"en_US","og_type":"article","og_title":"AGRO SHOW 2019 Statute - AGRO SHOW","og_url":"http:\/\/agroshow.pl\/agroshow\/en\/for-exhibitors\/agro-show-2019-statute","og_site_name":"AGRO SHOW","article_modified_time":"2021-09-08T09:37:02+00:00","twitter_card":"summary_large_image","schema":{"@context":"https:\/\/schema.org","@graph":[{"@type":"WebPage","@id":"http:\/\/agroshow.pl\/agroshow\/en\/for-exhibitors\/agro-show-2019-statute","url":"http:\/\/agroshow.pl\/agroshow\/en\/for-exhibitors\/agro-show-2019-statute","name":"AGRO SHOW 2019 Statute - AGRO SHOW","isPartOf":{"@id":"https:\/\/agroshow.pl\/agroshow\/en\/#website"},"datePublished":"2019-05-15T12:53:30+00:00","dateModified":"2021-09-08T09:37:02+00:00","breadcrumb":{"@id":"http:\/\/agroshow.pl\/agroshow\/en\/for-exhibitors\/agro-show-2019-statute#breadcrumb"},"inLanguage":"en-US","potentialAction":[{"@type":"ReadAction","target":["http:\/\/agroshow.pl\/agroshow\/en\/for-exhibitors\/agro-show-2019-statute"]}]},{"@type":"BreadcrumbList","@id":"http:\/\/agroshow.pl\/agroshow\/en\/for-exhibitors\/agro-show-2019-statute#breadcrumb","itemListElement":[{"@type":"ListItem","position":1,"name":"Strona g\u0142\u00f3wna","item":"https:\/\/agroshow.pl\/agroshow\/en"},{"@type":"ListItem","position":2,"name":"For exhibitors","item":"https:\/\/agroshow.pl\/agroshow\/en\/for-exhibitors"},{"@type":"ListItem","position":3,"name":"AGRO SHOW 2019 Statute"}]},{"@type":"WebSite","@id":"https:\/\/agroshow.pl\/agroshow\/en\/#website","url":"https:\/\/agroshow.pl\/agroshow\/en\/","name":"AGRO SHOW","description":"Mi\u0119dzynarodowa Wystawa Rolnicza AGRO SHOW organizowana jest przez Polsk\u0105 Izb\u0119 Gospodarcz\u0105 Maszyn i Urz\u0105dze\u0144 Rolniczych od 1999 roku. AGRO SHOW od lat postrzegane jest jako doskona\u0142e miejsce prezentacji najnowszych i najnowocze\u015bniejszych maszyn i urz\u0105dze\u0144 rolniczych.","potentialAction":[{"@type":"SearchAction","target":{"@type":"EntryPoint","urlTemplate":"https:\/\/agroshow.pl\/agroshow\/en\/?s={search_term_string}"},"query-input":{"@type":"PropertyValueSpecification","valueRequired":true,"valueName":"search_term_string"}}],"inLanguage":"en-US"}]}},"_links":{"self":[{"href":"http:\/\/agroshow.pl\/agroshow\/en\/wp-json\/wp\/v2\/pages\/1510","targetHints":{"allow":["GET"]}}],"collection":[{"href":"http:\/\/agroshow.pl\/agroshow\/en\/wp-json\/wp\/v2\/pages"}],"about":[{"href":"http:\/\/agroshow.pl\/agroshow\/en\/wp-json\/wp\/v2\/types\/page"}],"author":[{"embeddable":true,"href":"http:\/\/agroshow.pl\/agroshow\/en\/wp-json\/wp\/v2\/users\/5"}],"replies":[{"embeddable":true,"href":"http:\/\/agroshow.pl\/agroshow\/en\/wp-json\/wp\/v2\/comments?post=1510"}],"version-history":[{"count":29,"href":"http:\/\/agroshow.pl\/agroshow\/en\/wp-json\/wp\/v2\/pages\/1510\/revisions"}],"predecessor-version":[{"id":7949,"href":"http:\/\/agroshow.pl\/agroshow\/en\/wp-json\/wp\/v2\/pages\/1510\/revisions\/7949"}],"up":[{"embeddable":true,"href":"http:\/\/agroshow.pl\/agroshow\/en\/wp-json\/wp\/v2\/pages\/1235"}],"wp:attachment":[{"href":"http:\/\/agroshow.pl\/agroshow\/en\/wp-json\/wp\/v2\/media?parent=1510"}],"curies":[{"name":"wp","href":"https:\/\/api.w.org\/{rel}","templated":true}]}}