{"id":1505,"date":"2019-04-03T13:10:17","date_gmt":"2019-04-03T11:10:17","guid":{"rendered":"http:\/\/agroshow.getid.com.pl\/dla-wystawcow\/program-wydarzen\/"},"modified":"2022-09-09T13:55:03","modified_gmt":"2022-09-09T11:55:03","slug":"program-of-events-2019","status":"publish","type":"page","link":"http:\/\/agroshow.pl\/agroshow\/en\/for-exhibitors\/program-of-events-2019","title":{"rendered":"Program of events &#8211; AGRO SHOW 2022"},"content":{"rendered":"\n<h3 class=\"wp-block-heading\"><strong>23st INTERNATIONAL AGRICULTURAL EXHIBITION AGRO SHOW 20<\/strong>22<\/h3>\n","protected":false},"excerpt":{"rendered":"<p>23st INTERNATIONAL AGRICULTURAL EXHIBITION AGRO SHOW 2022<\/p>\n","protected":false},"author":2,"featured_media":0,"parent":1235,"menu_order":0,"comment_status":"closed","ping_status":"closed","template":"program.php","meta":{"inline_featured_image":false,"footnotes":""},"class_list":["post-1505","page","type-page","status-publish","hentry"],"acf":[],"yoast_head":"<!-- This site is optimized with the Yoast SEO plugin v26.2 - https:\/\/yoast.com\/wordpress\/plugins\/seo\/ -->\n<title>Program of events - AGRO SHOW 2022 - AGRO SHOW<\/title>\n<meta name=\"robots\" content=\"index, follow, max-snippet:-1, max-image-preview:large, max-video-preview:-1\" \/>\n<link rel=\"canonical\" href=\"http:\/\/agroshow.pl\/agroshow\/en\/for-exhibitors\/program-of-events-2019\" \/>\n<meta property=\"og:locale\" content=\"en_US\" \/>\n<meta property=\"og:type\" content=\"article\" \/>\n<meta property=\"og:title\" content=\"Program of events - AGRO SHOW 2022 - AGRO SHOW\" \/>\n<meta property=\"og:description\" content=\"23st INTERNATIONAL AGRICULTURAL EXHIBITION AGRO SHOW 2022\" \/>\n<meta property=\"og:url\" content=\"http:\/\/agroshow.pl\/agroshow\/en\/for-exhibitors\/program-of-events-2019\" \/>\n<meta property=\"og:site_name\" content=\"AGRO SHOW\" \/>\n<meta property=\"article:modified_time\" content=\"2022-09-09T11:55:03+00:00\" \/>\n<meta name=\"twitter:card\" content=\"summary_large_image\" \/>\n<script type=\"application\/ld+json\" class=\"yoast-schema-graph\">{\"@context\":\"https:\/\/schema.org\",\"@graph\":[{\"@type\":\"WebPage\",\"@id\":\"http:\/\/agroshow.pl\/agroshow\/en\/for-exhibitors\/program-of-events-2019\",\"url\":\"http:\/\/agroshow.pl\/agroshow\/en\/for-exhibitors\/program-of-events-2019\",\"name\":\"Program of events - AGRO SHOW 2022 - AGRO SHOW\",\"isPartOf\":{\"@id\":\"https:\/\/agroshow.pl\/agroshow\/en\/#website\"},\"datePublished\":\"2019-04-03T11:10:17+00:00\",\"dateModified\":\"2022-09-09T11:55:03+00:00\",\"breadcrumb\":{\"@id\":\"http:\/\/agroshow.pl\/agroshow\/en\/for-exhibitors\/program-of-events-2019#breadcrumb\"},\"inLanguage\":\"en-US\",\"potentialAction\":[{\"@type\":\"ReadAction\",\"target\":[\"http:\/\/agroshow.pl\/agroshow\/en\/for-exhibitors\/program-of-events-2019\"]}]},{\"@type\":\"BreadcrumbList\",\"@id\":\"http:\/\/agroshow.pl\/agroshow\/en\/for-exhibitors\/program-of-events-2019#breadcrumb\",\"itemListElement\":[{\"@type\":\"ListItem\",\"position\":1,\"name\":\"Strona g\u0142\u00f3wna\",\"item\":\"https:\/\/agroshow.pl\/agroshow\/en\"},{\"@type\":\"ListItem\",\"position\":2,\"name\":\"For exhibitors\",\"item\":\"https:\/\/agroshow.pl\/agroshow\/en\/for-exhibitors\"},{\"@type\":\"ListItem\",\"position\":3,\"name\":\"Program of events &#8211; AGRO SHOW 2022\"}]},{\"@type\":\"WebSite\",\"@id\":\"https:\/\/agroshow.pl\/agroshow\/en\/#website\",\"url\":\"https:\/\/agroshow.pl\/agroshow\/en\/\",\"name\":\"AGRO SHOW\",\"description\":\"Mi\u0119dzynarodowa Wystawa Rolnicza AGRO SHOW organizowana jest przez Polsk\u0105 Izb\u0119 Gospodarcz\u0105 Maszyn i Urz\u0105dze\u0144 Rolniczych od 1999 roku. AGRO SHOW od lat postrzegane jest jako doskona\u0142e miejsce prezentacji najnowszych i najnowocze\u015bniejszych maszyn i urz\u0105dze\u0144 rolniczych.\",\"potentialAction\":[{\"@type\":\"SearchAction\",\"target\":{\"@type\":\"EntryPoint\",\"urlTemplate\":\"https:\/\/agroshow.pl\/agroshow\/en\/?s={search_term_string}\"},\"query-input\":{\"@type\":\"PropertyValueSpecification\",\"valueRequired\":true,\"valueName\":\"search_term_string\"}}],\"inLanguage\":\"en-US\"}]}<\/script>\n<!-- \/ Yoast SEO plugin. -->","yoast_head_json":{"title":"Program of events - AGRO SHOW 2022 - AGRO SHOW","robots":{"index":"index","follow":"follow","max-snippet":"max-snippet:-1","max-image-preview":"max-image-preview:large","max-video-preview":"max-video-preview:-1"},"canonical":"http:\/\/agroshow.pl\/agroshow\/en\/for-exhibitors\/program-of-events-2019","og_locale":"en_US","og_type":"article","og_title":"Program of events - AGRO SHOW 2022 - AGRO SHOW","og_description":"23st INTERNATIONAL AGRICULTURAL EXHIBITION AGRO SHOW 2022","og_url":"http:\/\/agroshow.pl\/agroshow\/en\/for-exhibitors\/program-of-events-2019","og_site_name":"AGRO SHOW","article_modified_time":"2022-09-09T11:55:03+00:00","twitter_card":"summary_large_image","schema":{"@context":"https:\/\/schema.org","@graph":[{"@type":"WebPage","@id":"http:\/\/agroshow.pl\/agroshow\/en\/for-exhibitors\/program-of-events-2019","url":"http:\/\/agroshow.pl\/agroshow\/en\/for-exhibitors\/program-of-events-2019","name":"Program of events - AGRO SHOW 2022 - AGRO SHOW","isPartOf":{"@id":"https:\/\/agroshow.pl\/agroshow\/en\/#website"},"datePublished":"2019-04-03T11:10:17+00:00","dateModified":"2022-09-09T11:55:03+00:00","breadcrumb":{"@id":"http:\/\/agroshow.pl\/agroshow\/en\/for-exhibitors\/program-of-events-2019#breadcrumb"},"inLanguage":"en-US","potentialAction":[{"@type":"ReadAction","target":["http:\/\/agroshow.pl\/agroshow\/en\/for-exhibitors\/program-of-events-2019"]}]},{"@type":"BreadcrumbList","@id":"http:\/\/agroshow.pl\/agroshow\/en\/for-exhibitors\/program-of-events-2019#breadcrumb","itemListElement":[{"@type":"ListItem","position":1,"name":"Strona g\u0142\u00f3wna","item":"https:\/\/agroshow.pl\/agroshow\/en"},{"@type":"ListItem","position":2,"name":"For exhibitors","item":"https:\/\/agroshow.pl\/agroshow\/en\/for-exhibitors"},{"@type":"ListItem","position":3,"name":"Program of events &#8211; AGRO SHOW 2022"}]},{"@type":"WebSite","@id":"https:\/\/agroshow.pl\/agroshow\/en\/#website","url":"https:\/\/agroshow.pl\/agroshow\/en\/","name":"AGRO SHOW","description":"Mi\u0119dzynarodowa Wystawa Rolnicza AGRO SHOW organizowana jest przez Polsk\u0105 Izb\u0119 Gospodarcz\u0105 Maszyn i Urz\u0105dze\u0144 Rolniczych od 1999 roku. AGRO SHOW od lat postrzegane jest jako doskona\u0142e miejsce prezentacji najnowszych i najnowocze\u015bniejszych maszyn i urz\u0105dze\u0144 rolniczych.","potentialAction":[{"@type":"SearchAction","target":{"@type":"EntryPoint","urlTemplate":"https:\/\/agroshow.pl\/agroshow\/en\/?s={search_term_string}"},"query-input":{"@type":"PropertyValueSpecification","valueRequired":true,"valueName":"search_term_string"}}],"inLanguage":"en-US"}]}},"_links":{"self":[{"href":"http:\/\/agroshow.pl\/agroshow\/en\/wp-json\/wp\/v2\/pages\/1505","targetHints":{"allow":["GET"]}}],"collection":[{"href":"http:\/\/agroshow.pl\/agroshow\/en\/wp-json\/wp\/v2\/pages"}],"about":[{"href":"http:\/\/agroshow.pl\/agroshow\/en\/wp-json\/wp\/v2\/types\/page"}],"author":[{"embeddable":true,"href":"http:\/\/agroshow.pl\/agroshow\/en\/wp-json\/wp\/v2\/users\/2"}],"replies":[{"embeddable":true,"href":"http:\/\/agroshow.pl\/agroshow\/en\/wp-json\/wp\/v2\/comments?post=1505"}],"version-history":[{"count":7,"href":"http:\/\/agroshow.pl\/agroshow\/en\/wp-json\/wp\/v2\/pages\/1505\/revisions"}],"predecessor-version":[{"id":9551,"href":"http:\/\/agroshow.pl\/agroshow\/en\/wp-json\/wp\/v2\/pages\/1505\/revisions\/9551"}],"up":[{"embeddable":true,"href":"http:\/\/agroshow.pl\/agroshow\/en\/wp-json\/wp\/v2\/pages\/1235"}],"wp:attachment":[{"href":"http:\/\/agroshow.pl\/agroshow\/en\/wp-json\/wp\/v2\/media?parent=1505"}],"curies":[{"name":"wp","href":"https:\/\/api.w.org\/{rel}","templated":true}]}}