{"id":1438,"date":"2019-04-03T11:32:31","date_gmt":"2019-04-03T09:32:31","guid":{"rendered":"http:\/\/agroshow.getid.com.pl\/dla-mediow\/"},"modified":"2019-05-16T14:28:36","modified_gmt":"2019-05-16T12:28:36","slug":"for-media","status":"publish","type":"page","link":"http:\/\/agroshow.pl\/agroshow\/en\/for-media","title":{"rendered":"For press"},"content":{"rendered":"\n<p>Please contact with spokesman:<br><br><strong>Karolina Matuszewska<\/strong><br>tel. +48 509 711 577<br>e-mail: <a href=\"mailto:k.matuszewska@pigmiur.pl\">k.matuszewska@pigmiur.pl<\/a> <\/p>\n\n\n\n<h3 class=\"wp-block-heading\"> Press information <\/h3>\n\n\n\n<a target=\"_blank\" https:\/\/agroshow.pl\/agroshow\/wp-content\/uploads\/2019\/05\/Press_information_-_AGRO_SHOW_2017_conclusion.docx\" class=\"file\" rel=\"noopener noreferrer\"><span>Press information &#8211; AGRO SHOW 2017 conclusion [DOCX]<\/span><\/a>\n\n\n\n<h3 class=\"wp-block-heading\">Graphics material to download <\/h3>\n\n\n\n<a target=\"_blank\" href=\"https:\/\/agroshow.pl\/agroshow\/wp-content\/uploads\/2019\/04\/Logo_AGRO_SHOW_20_lat.jpg\" class=\"file\" rel=\"noopener noreferrer\"><span>AGRO SHOW Logo 20 years [JPG]<\/span><\/a>\n<a target=\"_blank\" href=\"https:\/\/agroshow.pl\/agroshow\/wp-content\/uploads\/2019\/04\/Logo_AGRO_SHOW_ogolne.jpg\" class=\"file\" rel=\"noopener noreferrer\"><span>AGRO SHOW Logo [JPG]<\/span><\/a>\n","protected":false},"excerpt":{"rendered":"<p>Please contact with spokesman: Karolina Matuszewskatel. +48 509 711 577e-mail: k.matuszewska@pigmiur.pl Press information<\/p>\n","protected":false},"author":2,"featured_media":0,"parent":0,"menu_order":0,"comment_status":"closed","ping_status":"closed","template":"","meta":{"inline_featured_image":false,"footnotes":""},"class_list":["post-1438","page","type-page","status-publish","hentry"],"acf":[],"yoast_head":"<!-- This site is optimized with the Yoast SEO plugin v26.2 - https:\/\/yoast.com\/wordpress\/plugins\/seo\/ -->\n<title>For press - AGRO SHOW<\/title>\n<meta name=\"robots\" content=\"index, follow, max-snippet:-1, max-image-preview:large, max-video-preview:-1\" \/>\n<link rel=\"canonical\" href=\"http:\/\/agroshow.pl\/agroshow\/en\/for-media\" \/>\n<meta property=\"og:locale\" content=\"en_US\" \/>\n<meta property=\"og:type\" content=\"article\" \/>\n<meta property=\"og:title\" content=\"For press - AGRO SHOW\" \/>\n<meta property=\"og:description\" content=\"Please contact with spokesman: Karolina Matuszewskatel. +48 509 711 577e-mail: k.matuszewska@pigmiur.pl Press information\" \/>\n<meta property=\"og:url\" content=\"http:\/\/agroshow.pl\/agroshow\/en\/for-media\" \/>\n<meta property=\"og:site_name\" content=\"AGRO SHOW\" \/>\n<meta property=\"article:modified_time\" content=\"2019-05-16T12:28:36+00:00\" \/>\n<meta name=\"twitter:card\" content=\"summary_large_image\" \/>\n<script type=\"application\/ld+json\" class=\"yoast-schema-graph\">{\"@context\":\"https:\/\/schema.org\",\"@graph\":[{\"@type\":\"WebPage\",\"@id\":\"http:\/\/agroshow.pl\/agroshow\/en\/for-media\",\"url\":\"http:\/\/agroshow.pl\/agroshow\/en\/for-media\",\"name\":\"For press - AGRO SHOW\",\"isPartOf\":{\"@id\":\"https:\/\/agroshow.pl\/agroshow\/en\/#website\"},\"datePublished\":\"2019-04-03T09:32:31+00:00\",\"dateModified\":\"2019-05-16T12:28:36+00:00\",\"breadcrumb\":{\"@id\":\"http:\/\/agroshow.pl\/agroshow\/en\/for-media#breadcrumb\"},\"inLanguage\":\"en-US\",\"potentialAction\":[{\"@type\":\"ReadAction\",\"target\":[\"http:\/\/agroshow.pl\/agroshow\/en\/for-media\"]}]},{\"@type\":\"BreadcrumbList\",\"@id\":\"http:\/\/agroshow.pl\/agroshow\/en\/for-media#breadcrumb\",\"itemListElement\":[{\"@type\":\"ListItem\",\"position\":1,\"name\":\"Strona g\u0142\u00f3wna\",\"item\":\"https:\/\/agroshow.pl\/agroshow\/en\"},{\"@type\":\"ListItem\",\"position\":2,\"name\":\"For press\"}]},{\"@type\":\"WebSite\",\"@id\":\"https:\/\/agroshow.pl\/agroshow\/en\/#website\",\"url\":\"https:\/\/agroshow.pl\/agroshow\/en\/\",\"name\":\"AGRO SHOW\",\"description\":\"Mi\u0119dzynarodowa Wystawa Rolnicza AGRO SHOW organizowana jest przez Polsk\u0105 Izb\u0119 Gospodarcz\u0105 Maszyn i Urz\u0105dze\u0144 Rolniczych od 1999 roku. AGRO SHOW od lat postrzegane jest jako doskona\u0142e miejsce prezentacji najnowszych i najnowocze\u015bniejszych maszyn i urz\u0105dze\u0144 rolniczych.\",\"potentialAction\":[{\"@type\":\"SearchAction\",\"target\":{\"@type\":\"EntryPoint\",\"urlTemplate\":\"https:\/\/agroshow.pl\/agroshow\/en\/?s={search_term_string}\"},\"query-input\":{\"@type\":\"PropertyValueSpecification\",\"valueRequired\":true,\"valueName\":\"search_term_string\"}}],\"inLanguage\":\"en-US\"}]}<\/script>\n<!-- \/ Yoast SEO plugin. -->","yoast_head_json":{"title":"For press - AGRO SHOW","robots":{"index":"index","follow":"follow","max-snippet":"max-snippet:-1","max-image-preview":"max-image-preview:large","max-video-preview":"max-video-preview:-1"},"canonical":"http:\/\/agroshow.pl\/agroshow\/en\/for-media","og_locale":"en_US","og_type":"article","og_title":"For press - AGRO SHOW","og_description":"Please contact with spokesman: Karolina Matuszewskatel. +48 509 711 577e-mail: k.matuszewska@pigmiur.pl Press information","og_url":"http:\/\/agroshow.pl\/agroshow\/en\/for-media","og_site_name":"AGRO SHOW","article_modified_time":"2019-05-16T12:28:36+00:00","twitter_card":"summary_large_image","schema":{"@context":"https:\/\/schema.org","@graph":[{"@type":"WebPage","@id":"http:\/\/agroshow.pl\/agroshow\/en\/for-media","url":"http:\/\/agroshow.pl\/agroshow\/en\/for-media","name":"For press - AGRO SHOW","isPartOf":{"@id":"https:\/\/agroshow.pl\/agroshow\/en\/#website"},"datePublished":"2019-04-03T09:32:31+00:00","dateModified":"2019-05-16T12:28:36+00:00","breadcrumb":{"@id":"http:\/\/agroshow.pl\/agroshow\/en\/for-media#breadcrumb"},"inLanguage":"en-US","potentialAction":[{"@type":"ReadAction","target":["http:\/\/agroshow.pl\/agroshow\/en\/for-media"]}]},{"@type":"BreadcrumbList","@id":"http:\/\/agroshow.pl\/agroshow\/en\/for-media#breadcrumb","itemListElement":[{"@type":"ListItem","position":1,"name":"Strona g\u0142\u00f3wna","item":"https:\/\/agroshow.pl\/agroshow\/en"},{"@type":"ListItem","position":2,"name":"For press"}]},{"@type":"WebSite","@id":"https:\/\/agroshow.pl\/agroshow\/en\/#website","url":"https:\/\/agroshow.pl\/agroshow\/en\/","name":"AGRO SHOW","description":"Mi\u0119dzynarodowa Wystawa Rolnicza AGRO SHOW organizowana jest przez Polsk\u0105 Izb\u0119 Gospodarcz\u0105 Maszyn i Urz\u0105dze\u0144 Rolniczych od 1999 roku. AGRO SHOW od lat postrzegane jest jako doskona\u0142e miejsce prezentacji najnowszych i najnowocze\u015bniejszych maszyn i urz\u0105dze\u0144 rolniczych.","potentialAction":[{"@type":"SearchAction","target":{"@type":"EntryPoint","urlTemplate":"https:\/\/agroshow.pl\/agroshow\/en\/?s={search_term_string}"},"query-input":{"@type":"PropertyValueSpecification","valueRequired":true,"valueName":"search_term_string"}}],"inLanguage":"en-US"}]}},"_links":{"self":[{"href":"http:\/\/agroshow.pl\/agroshow\/en\/wp-json\/wp\/v2\/pages\/1438","targetHints":{"allow":["GET"]}}],"collection":[{"href":"http:\/\/agroshow.pl\/agroshow\/en\/wp-json\/wp\/v2\/pages"}],"about":[{"href":"http:\/\/agroshow.pl\/agroshow\/en\/wp-json\/wp\/v2\/types\/page"}],"author":[{"embeddable":true,"href":"http:\/\/agroshow.pl\/agroshow\/en\/wp-json\/wp\/v2\/users\/2"}],"replies":[{"embeddable":true,"href":"http:\/\/agroshow.pl\/agroshow\/en\/wp-json\/wp\/v2\/comments?post=1438"}],"version-history":[{"count":2,"href":"http:\/\/agroshow.pl\/agroshow\/en\/wp-json\/wp\/v2\/pages\/1438\/revisions"}],"predecessor-version":[{"id":1448,"href":"http:\/\/agroshow.pl\/agroshow\/en\/wp-json\/wp\/v2\/pages\/1438\/revisions\/1448"}],"wp:attachment":[{"href":"http:\/\/agroshow.pl\/agroshow\/en\/wp-json\/wp\/v2\/media?parent=1438"}],"curies":[{"name":"wp","href":"https:\/\/api.w.org\/{rel}","templated":true}]}}